{"id":10132,"date":"2022-05-11T15:59:36","date_gmt":"2022-05-11T13:59:36","guid":{"rendered":"https:\/\/cottonedshop.com\/?post_type=product&#038;p=10132"},"modified":"2025-09-05T12:27:34","modified_gmt":"2025-09-05T09:27:34","slug":"cojin-cabecero-curvo-empenachado","status":"publish","type":"product","link":"https:\/\/cottonedshop.com\/es\/shop\/tufted-curved-headboard-cushion\/","title":{"rendered":"Coj\u00edn de cabecero curvado de algod\u00f3n org\u00e1nico personalizado"},"content":{"rendered":"<div class=\"wpb-content-wrapper\"><div  class=\"sec_row container\"><div class=\"vc_row wpb_row vc_row-fluid\"><div class=\"wpb_column vc_column_container vc_col-sm-12 et-dark-column\"><div class=\"vc_column-inner\"><div class=\"wpb_wrapper\"><div class=\"vc_empty_space\"   style=\"height: 20px\"><span class=\"vc_empty_space_inner\"><\/span><\/div>\n\t<div class=\"wpb_text_column wpb_content_element\" >\n\t\t<div class=\"wpb_wrapper\">\n\t\t\t<p style=\"text-align: left;\"><strong>CARACTER\u00cdSTICAS:<\/strong><\/p>\n<p>Cremallera en la parte inferior.<br \/>\nEl mech\u00f3n atraviesa todo el coj\u00edn y mantiene el relleno de algod\u00f3n 100% en su sitio.<br \/>\nBotones forrados de tela.<br \/>\nSin ribetes en los bordes.<\/p>\n<p style=\"text-align: left;\"><strong>INSTRUCCIONES DE CUIDADO<\/strong><\/p>\n<p style=\"text-align: left;\">Limpiar s\u00f3lo con un pa\u00f1o.<\/p>\n<p style=\"text-align: left;\"><strong>IMPORTANTE<\/strong><\/p>\n<p style=\"text-align: left;\">* Este anuncio es s\u00f3lo para un coj\u00edn.<br \/>\n* Los art\u00edculos rellenos de algod\u00f3n est\u00e1n sujetos a cierto grado de compresi\u00f3n.<br \/>\n* Art\u00edculo hecho a mano, es posible una peque\u00f1a desviaci\u00f3n en las dimensiones.<\/p>\n\n\t\t<\/div>\n\t<\/div>\n\n\t<div class=\"wpb_raw_code wpb_raw_html wpb_content_element\" >\n\t\t<div class=\"wpb_wrapper\">\n\t\t\t<div class=\"klaviyo-form-SVRq2G\"><\/div>\n\t\t<\/div>\n\t<\/div>\n<\/div><\/div><\/div><\/div><\/div>\n<\/div>","protected":false},"excerpt":{"rendered":"<p style=\"text-align: left;\">Whether you are reading a book, watching your favorite show, going through your daily planner, or simply unwinding after a long day, our\u00a0<strong>cotton-filled headboard cushion<\/strong>\u00a0delivers supreme comfort and unmatched coziness.<\/p>\n<p style=\"text-align: left;\">Crafted from\u00a0<strong>high-quality, durable materials<\/strong>\u00a0and\u00a0<strong>the purest cotton filling<\/strong>, the headboard cushions are\u00a0<strong>hypoallergenic, extremely breathable, eco-friendly<\/strong>, and\u00a0<strong>toxic-free<\/strong>.<\/p>\n<p style=\"text-align: left;\">Choose from a\u00a0<strong>wide variety of fabrics, colors<\/strong>, sizes, shapes, and finishes to create the headboard that complements your home design and reflects your unique taste.<\/p>\n<ul>\n<li style=\"text-align: left;\">100%\u00a0<strong>organic cotton<\/strong>\u00a0filling inside.<\/li>\n<li style=\"text-align: left;\"><strong>Made-to-order<\/strong>\u00a0to fit your preferences.<\/li>\n<li style=\"text-align: left;\"><strong>Natural alternative<\/strong>\u00a0to foam cushions.<\/li>\n<li style=\"text-align: left;\"><strong>Limit<\/strong>\u00a0exposure to\u00a0<strong>dangerous VOCs<\/strong>\u00a0in your home.<\/li>\n<li style=\"text-align: left;\">Complimentary\u00a0<strong>mending kit<\/strong>\u00a0included.<\/li>\n<li style=\"text-align: left;\">All\u00a0<strong>taxes<\/strong>\u00a0and\u00a0<strong>duties<\/strong>\u00a0are\u00a0<strong>included<\/strong>.<\/li>\n<\/ul>\n<p style=\"text-align: left;\">[et_button title=\"REQUEST CUSTOMIZATION\" style=\"solid rounded\" color=\"custom\" align=\"center\" color_custom=\"#3bd4ae\" text_color_custom=\"#ffffff\" link=\"url:https%3A%2F%2Fcottonedshop.com%2Fcontact%2F\"]<\/p>\n","protected":false},"featured_media":10183,"comment_status":"open","ping_status":"closed","template":"","meta":[],"product_brand":[],"product_cat":[402],"product_tag":[172,165,166,141,167,168,169,170,173,174],"class_list":{"0":"post-10132","1":"product","2":"type-product","3":"status-publish","4":"has-post-thumbnail","6":"product_cat-headboards","7":"product_tag-bed-headboard","8":"product_tag-bed-headrest-pillow","9":"product_tag-cushions-for-headboards","10":"product_tag-hand-tufted-cushion","11":"product_tag-headboard-cover","12":"product_tag-headboard-cushion-design","13":"product_tag-headboard-cushion-wall-pillow","14":"product_tag-headboard-cushion-with-ties","15":"product_tag-natural-bedroom","16":"product_tag-non-tufted-headboard-cushion","18":"first","19":"instock","20":"shipping-taxable","21":"purchasable","22":"product-type-variable"},"yoast_head":"<!-- This site is optimized with the Yoast SEO plugin v27.3 - https:\/\/yoast.com\/product\/yoast-seo-wordpress\/ -->\n<title>Custom Curved Tufted Headboard Cushion | Premium Home D\u00e9cor<\/title>\n<meta name=\"description\" content=\"Curved tufted headboard cushion filled with organic cotton. Customizable to your preferred size and shape, offering both comfort and sustainable style.\" \/>\n<meta name=\"robots\" content=\"index, follow, max-snippet:-1, max-image-preview:large, max-video-preview:-1\" \/>\n<link rel=\"canonical\" href=\"https:\/\/cottonedshop.com\/es\/tienda\/cojin-cabecero-curvo-empenachado\/\" \/>\n<meta property=\"og:locale\" content=\"es_ES\" \/>\n<meta property=\"og:type\" content=\"article\" \/>\n<meta property=\"og:title\" content=\"Custom Curved Tufted Headboard Cushion | Premium Home D\u00e9cor\" \/>\n<meta property=\"og:description\" content=\"Curved tufted headboard cushion filled with organic cotton. Customizable to your preferred size and shape, offering both comfort and sustainable style.\" \/>\n<meta property=\"og:url\" content=\"https:\/\/cottonedshop.com\/es\/tienda\/cojin-cabecero-curvo-empenachado\/\" \/>\n<meta property=\"og:site_name\" content=\"Cottoned Shop\" \/>\n<meta property=\"article:modified_time\" content=\"2025-09-05T09:27:34+00:00\" \/>\n<meta property=\"og:image\" content=\"https:\/\/cottonedshop.com\/wp-content\/uploads\/2022\/05\/Cottoned-Curved-Tufted-Headboard-Cushion.jpg\" \/>\n\t<meta property=\"og:image:width\" content=\"1300\" \/>\n\t<meta property=\"og:image:height\" content=\"1040\" \/>\n\t<meta property=\"og:image:type\" content=\"image\/jpeg\" \/>\n<meta name=\"twitter:card\" content=\"summary_large_image\" \/>\n<meta name=\"twitter:label1\" content=\"Tiempo de lectura\" \/>\n\t<meta name=\"twitter:data1\" content=\"1 minuto\" \/>\n<script type=\"application\/ld+json\" class=\"yoast-schema-graph\">{\"@context\":\"https:\\\/\\\/schema.org\",\"@graph\":[{\"@type\":\"WebPage\",\"@id\":\"https:\\\/\\\/cottonedshop.com\\\/shop\\\/tufted-curved-headboard-cushion\\\/\",\"url\":\"https:\\\/\\\/cottonedshop.com\\\/shop\\\/tufted-curved-headboard-cushion\\\/\",\"name\":\"Custom Curved Tufted Headboard Cushion | Premium Home D\u00e9cor\",\"isPartOf\":{\"@id\":\"https:\\\/\\\/cottonedshop.com\\\/#website\"},\"primaryImageOfPage\":{\"@id\":\"https:\\\/\\\/cottonedshop.com\\\/shop\\\/tufted-curved-headboard-cushion\\\/#primaryimage\"},\"image\":{\"@id\":\"https:\\\/\\\/cottonedshop.com\\\/shop\\\/tufted-curved-headboard-cushion\\\/#primaryimage\"},\"thumbnailUrl\":\"https:\\\/\\\/cottonedshop.com\\\/wp-content\\\/uploads\\\/2022\\\/05\\\/Cottoned-Curved-Tufted-Headboard-Cushion.jpg\",\"datePublished\":\"2022-05-11T13:59:36+00:00\",\"dateModified\":\"2025-09-05T09:27:34+00:00\",\"description\":\"Curved tufted headboard cushion filled with organic cotton. Customizable to your preferred size and shape, offering both comfort and sustainable style.\",\"breadcrumb\":{\"@id\":\"https:\\\/\\\/cottonedshop.com\\\/shop\\\/tufted-curved-headboard-cushion\\\/#breadcrumb\"},\"inLanguage\":\"es\",\"potentialAction\":[{\"@type\":\"ReadAction\",\"target\":[\"https:\\\/\\\/cottonedshop.com\\\/shop\\\/tufted-curved-headboard-cushion\\\/\"]}]},{\"@type\":\"ImageObject\",\"inLanguage\":\"es\",\"@id\":\"https:\\\/\\\/cottonedshop.com\\\/shop\\\/tufted-curved-headboard-cushion\\\/#primaryimage\",\"url\":\"https:\\\/\\\/cottonedshop.com\\\/wp-content\\\/uploads\\\/2022\\\/05\\\/Cottoned-Curved-Tufted-Headboard-Cushion.jpg\",\"contentUrl\":\"https:\\\/\\\/cottonedshop.com\\\/wp-content\\\/uploads\\\/2022\\\/05\\\/Cottoned-Curved-Tufted-Headboard-Cushion.jpg\",\"width\":1300,\"height\":1040,\"caption\":\"Cottoned Curved Tufted Headboard Cushion\"},{\"@type\":\"BreadcrumbList\",\"@id\":\"https:\\\/\\\/cottonedshop.com\\\/shop\\\/tufted-curved-headboard-cushion\\\/#breadcrumb\",\"itemListElement\":[{\"@type\":\"ListItem\",\"position\":1,\"name\":\"Home\",\"item\":\"https:\\\/\\\/cottonedshop.com\\\/\"},{\"@type\":\"ListItem\",\"position\":2,\"name\":\"Shop\",\"item\":\"https:\\\/\\\/cottonedshop.com\\\/shop\\\/\"},{\"@type\":\"ListItem\",\"position\":3,\"name\":\"Custom Organic Cotton Curved Tufted Headboard Cushion\"}]},{\"@type\":\"WebSite\",\"@id\":\"https:\\\/\\\/cottonedshop.com\\\/#website\",\"url\":\"https:\\\/\\\/cottonedshop.com\\\/\",\"name\":\"Cottoned Shop\",\"description\":\"\",\"publisher\":{\"@id\":\"https:\\\/\\\/cottonedshop.com\\\/#organization\"},\"potentialAction\":[{\"@type\":\"SearchAction\",\"target\":{\"@type\":\"EntryPoint\",\"urlTemplate\":\"https:\\\/\\\/cottonedshop.com\\\/?s={search_term_string}\"},\"query-input\":{\"@type\":\"PropertyValueSpecification\",\"valueRequired\":true,\"valueName\":\"search_term_string\"}}],\"inLanguage\":\"es\"},{\"@type\":\"Organization\",\"@id\":\"https:\\\/\\\/cottonedshop.com\\\/#organization\",\"name\":\"Cottoned\",\"url\":\"https:\\\/\\\/cottonedshop.com\\\/\",\"logo\":{\"@type\":\"ImageObject\",\"inLanguage\":\"es\",\"@id\":\"https:\\\/\\\/cottonedshop.com\\\/#\\\/schema\\\/logo\\\/image\\\/\",\"url\":\"https:\\\/\\\/cottonedshop.com\\\/wp-content\\\/uploads\\\/2021\\\/02\\\/cottoned-logo-large.png\",\"contentUrl\":\"https:\\\/\\\/cottonedshop.com\\\/wp-content\\\/uploads\\\/2021\\\/02\\\/cottoned-logo-large.png\",\"width\":1548,\"height\":1548,\"caption\":\"Cottoned\"},\"image\":{\"@id\":\"https:\\\/\\\/cottonedshop.com\\\/#\\\/schema\\\/logo\\\/image\\\/\"}}]}<\/script>\n<!-- \/ Yoast SEO plugin. -->","yoast_head_json":{"title":"Custom Curved Tufted Headboard Cushion | Premium Home D\u00e9cor","description":"Curved tufted headboard cushion filled with organic cotton. Customizable to your preferred size and shape, offering both comfort and sustainable style.","robots":{"index":"index","follow":"follow","max-snippet":"max-snippet:-1","max-image-preview":"max-image-preview:large","max-video-preview":"max-video-preview:-1"},"canonical":"https:\/\/cottonedshop.com\/es\/tienda\/cojin-cabecero-curvo-empenachado\/","og_locale":"es_ES","og_type":"article","og_title":"Custom Curved Tufted Headboard Cushion | Premium Home D\u00e9cor","og_description":"Curved tufted headboard cushion filled with organic cotton. Customizable to your preferred size and shape, offering both comfort and sustainable style.","og_url":"https:\/\/cottonedshop.com\/es\/tienda\/cojin-cabecero-curvo-empenachado\/","og_site_name":"Cottoned Shop","article_modified_time":"2025-09-05T09:27:34+00:00","og_image":[{"width":1300,"height":1040,"url":"https:\/\/cottonedshop.com\/wp-content\/uploads\/2022\/05\/Cottoned-Curved-Tufted-Headboard-Cushion.jpg","type":"image\/jpeg"}],"twitter_card":"summary_large_image","twitter_misc":{"Tiempo de lectura":"1 minuto"},"schema":{"@context":"https:\/\/schema.org","@graph":[{"@type":"WebPage","@id":"https:\/\/cottonedshop.com\/shop\/tufted-curved-headboard-cushion\/","url":"https:\/\/cottonedshop.com\/shop\/tufted-curved-headboard-cushion\/","name":"Custom Curved Tufted Headboard Cushion | Premium Home D\u00e9cor","isPartOf":{"@id":"https:\/\/cottonedshop.com\/#website"},"primaryImageOfPage":{"@id":"https:\/\/cottonedshop.com\/shop\/tufted-curved-headboard-cushion\/#primaryimage"},"image":{"@id":"https:\/\/cottonedshop.com\/shop\/tufted-curved-headboard-cushion\/#primaryimage"},"thumbnailUrl":"https:\/\/cottonedshop.com\/wp-content\/uploads\/2022\/05\/Cottoned-Curved-Tufted-Headboard-Cushion.jpg","datePublished":"2022-05-11T13:59:36+00:00","dateModified":"2025-09-05T09:27:34+00:00","description":"Curved tufted headboard cushion filled with organic cotton. Customizable to your preferred size and shape, offering both comfort and sustainable style.","breadcrumb":{"@id":"https:\/\/cottonedshop.com\/shop\/tufted-curved-headboard-cushion\/#breadcrumb"},"inLanguage":"es","potentialAction":[{"@type":"ReadAction","target":["https:\/\/cottonedshop.com\/shop\/tufted-curved-headboard-cushion\/"]}]},{"@type":"ImageObject","inLanguage":"es","@id":"https:\/\/cottonedshop.com\/shop\/tufted-curved-headboard-cushion\/#primaryimage","url":"https:\/\/cottonedshop.com\/wp-content\/uploads\/2022\/05\/Cottoned-Curved-Tufted-Headboard-Cushion.jpg","contentUrl":"https:\/\/cottonedshop.com\/wp-content\/uploads\/2022\/05\/Cottoned-Curved-Tufted-Headboard-Cushion.jpg","width":1300,"height":1040,"caption":"Cottoned Curved Tufted Headboard Cushion"},{"@type":"BreadcrumbList","@id":"https:\/\/cottonedshop.com\/shop\/tufted-curved-headboard-cushion\/#breadcrumb","itemListElement":[{"@type":"ListItem","position":1,"name":"Home","item":"https:\/\/cottonedshop.com\/"},{"@type":"ListItem","position":2,"name":"Shop","item":"https:\/\/cottonedshop.com\/shop\/"},{"@type":"ListItem","position":3,"name":"Custom Organic Cotton Curved Tufted Headboard Cushion"}]},{"@type":"WebSite","@id":"https:\/\/cottonedshop.com\/#website","url":"https:\/\/cottonedshop.com\/","name":"Tienda Cottoned","description":"","publisher":{"@id":"https:\/\/cottonedshop.com\/#organization"},"potentialAction":[{"@type":"SearchAction","target":{"@type":"EntryPoint","urlTemplate":"https:\/\/cottonedshop.com\/?s={search_term_string}"},"query-input":{"@type":"PropertyValueSpecification","valueRequired":true,"valueName":"search_term_string"}}],"inLanguage":"es"},{"@type":"Organization","@id":"https:\/\/cottonedshop.com\/#organization","name":"Algod\u00f3n","url":"https:\/\/cottonedshop.com\/","logo":{"@type":"ImageObject","inLanguage":"es","@id":"https:\/\/cottonedshop.com\/#\/schema\/logo\/image\/","url":"https:\/\/cottonedshop.com\/wp-content\/uploads\/2021\/02\/cottoned-logo-large.png","contentUrl":"https:\/\/cottonedshop.com\/wp-content\/uploads\/2021\/02\/cottoned-logo-large.png","width":1548,"height":1548,"caption":"Cottoned"},"image":{"@id":"https:\/\/cottonedshop.com\/#\/schema\/logo\/image\/"}}]}},"_links":{"self":[{"href":"https:\/\/cottonedshop.com\/es\/wp-json\/wp\/v2\/product\/10132","targetHints":{"allow":["GET"]}}],"collection":[{"href":"https:\/\/cottonedshop.com\/es\/wp-json\/wp\/v2\/product"}],"about":[{"href":"https:\/\/cottonedshop.com\/es\/wp-json\/wp\/v2\/types\/product"}],"replies":[{"embeddable":true,"href":"https:\/\/cottonedshop.com\/es\/wp-json\/wp\/v2\/comments?post=10132"}],"wp:featuredmedia":[{"embeddable":true,"href":"https:\/\/cottonedshop.com\/es\/wp-json\/wp\/v2\/media\/10183"}],"wp:attachment":[{"href":"https:\/\/cottonedshop.com\/es\/wp-json\/wp\/v2\/media?parent=10132"}],"wp:term":[{"taxonomy":"product_brand","embeddable":true,"href":"https:\/\/cottonedshop.com\/es\/wp-json\/wp\/v2\/product_brand?post=10132"},{"taxonomy":"product_cat","embeddable":true,"href":"https:\/\/cottonedshop.com\/es\/wp-json\/wp\/v2\/product_cat?post=10132"},{"taxonomy":"product_tag","embeddable":true,"href":"https:\/\/cottonedshop.com\/es\/wp-json\/wp\/v2\/product_tag?post=10132"}],"curies":[{"name":"wp","href":"https:\/\/api.w.org\/{rel}","templated":true}]}}