{"id":535,"date":"2018-04-16T09:57:36","date_gmt":"2018-04-16T09:57:36","guid":{"rendered":"https:\/\/cottonedshop.com\/?page_id=535"},"modified":"2021-03-12T14:28:14","modified_gmt":"2021-03-12T12:28:14","slug":"condiciones","status":"publish","type":"page","link":"https:\/\/cottonedshop.com\/es\/terms-conditions\/","title":{"rendered":"Condiciones generales"},"content":{"rendered":"<div class=\"wpb-content-wrapper\"><div  class=\"sec_row container\"><div class=\"vc_row wpb_row vc_row-fluid\"><div class=\"wpb_column vc_column_container vc_col-sm-12 et-dark-column\"><div class=\"vc_column-inner\"><div class=\"wpb_wrapper\">\n\t<div class=\"wpb_text_column wpb_content_element\" >\n\t\t<div class=\"wpb_wrapper\">\n\t\t\t<header class=\"entry-header\">\n<p class=\"entry-title\">En el texto que sigue, utilizamos las referencias del siguiente modo:<\/p>\n<\/header>\n<div class=\"entry-content\">\n<p><strong>USUARIO<\/strong> - cada persona que navega por www.cottonedshop.com<\/p>\n<p><strong>CLIENTE<\/strong> - cada persona que haya realizado una compra en www.cottonedshop.com<\/p>\n<p><strong>SITIO<\/strong> - www.cottonedshop.com<\/p>\n<div>\n<div><strong>PEDIR<\/strong> - el acto de comprar y pagar un bien a trav\u00e9s de www.cottonedshop.com<\/div>\n<div><\/div>\n<\/div>\n<p>Al registrarse en el SITIO \/ hacer un pedido y rellenar los formularios de datos personales, los CLIENTES declaran que est\u00e1n de acuerdo en que todos sus datos personales sean incluidos en la base de datos de Cottoned LTD y dan su consentimiento expl\u00edcito e inequ\u00edvoco, que sus datos personales pueden ser almacenados y utilizados por Cottoned LTD para:<\/p>\n<ul>\n<li>Referencias futuras en casos de reclamaciones, devoluciones y reembolsos;<\/li>\n<li>Razones contables;<\/li>\n<li>Estad\u00edsticas internas necesarias para mejorar el rendimiento del servicio y la imagen del SITIO y para crear nuevas funciones, caracter\u00edsticas, promociones, operaciones y nuevos servicios.<\/li>\n<\/ul>\n<h2><strong>QUI\u00c9NES SOMOS<\/strong><\/h2>\n<p>Las p\u00e1ginas de este sitio web (el SITIO) son publicadas por Cottoned LTD, una empresa registrada en Bulgaria con n\u00famero de IVA: BG BG204843110, cuyo domicilio social se encuentra en Sliven, Bulgaria, Kv. Industrialen Bulgaria.<\/p>\n<h2><strong>CONFIDENCIALIDAD DE LOS DATOS<\/strong><\/h2>\n<p>Cottoned LTD no recopila informaci\u00f3n personal de USUARIOS \/ CLIENTES sobre\u00a0<a href=\"https:\/\/cottonedshop.com\/\">www.cottonedshop.com<\/a>\u00a0a menos que la faciliten voluntariamente.<\/p>\n<p>La informaci\u00f3n personal del USUARIO \/ CLIENTE ser\u00e1 utilizada \u00fanicamente por Cottoned LTD precisamente para el fin para el que nos la ha facilitado. Cualquier informaci\u00f3n que un USUARIO \/ CLIENTE comparta a trav\u00e9s de los formularios de contacto del SITIO, por correo electr\u00f3nico o por tel\u00e9fono, no ser\u00e1 distribuida a 3<sup>rd<\/sup>\u00a0partes, adem\u00e1s del proveedor log\u00edstico de la entrega. Por defecto, utilizamos National Posts como socio de entrega, a menos que el CLIENTE solicite lo contrario.<\/p>\n<p>Cottoned LTD puede revelar informaci\u00f3n personal del CLIENTE si as\u00ed lo requiere la ley aplicable, un organismo gubernamental o una agencia de aplicaci\u00f3n de la ley.<\/p>\n<div>\n<div>Si un USUARIO \/ CLIENTE opta por la suscripci\u00f3n a nuestro bolet\u00edn de noticias, da su consentimiento para que utilicemos la informaci\u00f3n facilitada en una aplicaci\u00f3n de terceros (MailChimp).<\/div>\n<div><\/div>\n<div>Almacenamos la informaci\u00f3n de CLIENTES y PEDIDOS durante 1 a\u00f1o por motivos contables y por posibles reclamaciones.<\/div>\n<div><\/div>\n<\/div>\n<div>\n<div>Si un CLIENTE desea que la informaci\u00f3n que tenemos almacenada sobre \u00e9l\/ella en nuestra base de datos sea eliminada en un momento dado, h\u00e1ganoslo saber simplemente envi\u00e1ndonos un mensaje a\u00a0<a href=\"mailto:hello@cottonedshop.com\">hello@cottonedshop.com<\/a>. Atendemos estas solicitudes lo antes posible.<\/div>\n<div><\/div>\n<\/div>\n<div>\n<div>El CLIENTE puede presentar una solicitud de acceso por escrito (para ver una copia de la informaci\u00f3n que tenemos sobre \u00e9l) a la siguiente direcci\u00f3n\u00a0<a href=\"mailto:hello@cottonedshop.com\">hello@cottonedshop.com<\/a>. La tasa para estas solicitudes es de $10.<\/div>\n<div><\/div>\n<\/div>\n<div>Como la mayor parte de la informaci\u00f3n personal es proporcionada por el CLIENTE, el CLIENTE es responsable de la exactitud de la informaci\u00f3n. Cottoned LTD registra con precisi\u00f3n la informaci\u00f3n proporcionada por el USUARIO \/ CLIENTE.<\/div>\n<\/div>\n<div><\/div>\n<div><\/div>\n<h2><strong>SITIOS DE TERCEROS<\/strong><\/h2>\n<div class=\"entry-content\">\n<div>\n<p>El SITIO contiene enlaces a otros sitios web operados por terceros. Tenga en cuenta que esta pol\u00edtica de privacidad se aplica \u00fanicamente a la informaci\u00f3n personal que Cottoned LTD recopila a trav\u00e9s del SITIO y no puede hacerse responsable de la informaci\u00f3n personal que terceros puedan recopilar, almacenar y utilizar a trav\u00e9s de su sitio web. Le recomendamos que lea siempre atentamente la pol\u00edtica de privacidad de cada sitio web que visite.<\/p>\n<p>Aceptamos pagos a trav\u00e9s de PayPal, por lo que los datos del CLIENTE se transmitir\u00e1n al tercero, incluida la informaci\u00f3n necesaria para procesar o respaldar el pago, como el total de la compra y los datos de facturaci\u00f3n del cliente. No somos responsables de la informaci\u00f3n personal que PayPal almacena y utiliza a trav\u00e9s de su sitio web.<\/p>\n<h2><strong>\u00bfC\u00d3MO PROTEGEMOS SUS DATOS PERSONALES?<\/strong><\/h2>\n<p>Mantenemos medidas de seguridad t\u00e9cnicas, f\u00edsicas y administrativas dise\u00f1adas para proporcionar una protecci\u00f3n razonable de los Datos Personales del CLIENTE frente a p\u00e9rdidas, uso indebido, acceso no autorizado, divulgaci\u00f3n y alteraci\u00f3n.  Las medidas de seguridad incluyen cortafuegos, encriptaci\u00f3n de datos. No somos responsables de proteger ning\u00fan Dato Personal que compartamos con un tercero en base a una conexi\u00f3n de cuenta que el CLIENTE haya autorizado.<\/p>\n<h2><strong>COOKIES<\/strong><\/h2>\n<p>Utilizamos cookies para ofrecer a los USUARIOS \/ CLIENTES una mejor experiencia de navegaci\u00f3n, analizar el tr\u00e1fico del sitio, personalizar el contenido y servir anuncios dirigidos. (Utilizamos Google Analytics para este servicio.) Sin embargo, la informaci\u00f3n no es personalmente identificable. Si los USUARIOS \/ CLIENTES contin\u00faan utilizando este sitio, los USUARIOS \/ CLIENTES consienten nuestro uso de cookies.<\/p>\n<h2><strong>DERECHOS DE AUTOR<\/strong><\/h2>\n<p>El acceso \/ uso de este SITIO no otorga al USUARIO \/ CLIENTE el derecho a reproducir, duplicar, copiar, vender, revender, visitar o utilizar para cualquier fin comercial este SITIO y cualquier parte del mismo sin el consentimiento expreso y por escrito de Cottoned LTD.<\/p>\n<p>Los USUARIOS \/ CLIENTES no podr\u00e1n utilizar el logotipo, marca u otros gr\u00e1ficos \/ dibujos del SITIO sin el consentimiento expreso y por escrito de Cottoned LTD.<\/p>\n<h2><strong>CONDICIONES E INFORMACI\u00d3N CON ARREGLO A LA LEY DE COMERCIO ELECTR\u00d3NICO<\/strong><\/h2>\n<p>El contrato de venta celebrado a trav\u00e9s de Internet es un contrato de venta a distancia. El contrato de venta a distancia se concluye sobre la base de una propuesta hecha por la Cottoned LTD a cada CLIENTE del SITIO en el marco del sistema de venta de mercanc\u00edas. El contrato a distancia entre Cottoned LTD y el CLIENTE se considera concluido desde el momento de la confirmaci\u00f3n del pedido espec\u00edfico por parte de Cottoned LTD.<\/p>\n<h2><strong>PEDIR<\/strong><\/h2>\n<p>En el sitio se aceptan pedidos las 24 horas del d\u00eda, incluidos los fines de semana y los d\u00edas festivos. Al finalizar un pedido, el USUARIO \/ CLIENTE tiene la oportunidad de ver informaci\u00f3n sobre los productos que compra y sus precios, sus nombres, correo electr\u00f3nico, tel\u00e9fono, direcci\u00f3n, forma de entrega y forma de pago.<\/p>\n<p>-<\/p>\n<p>Cottoned LTD se reserva el derecho de modificar las Condiciones Generales en cualquier momento.<\/p>\n<div>\n<div>Animamos a los USUARIOS a que visiten peri\u00f3dicamente la p\u00e1gina de Condiciones del servicio para familiarizarse con las condiciones vigentes, ya que son vinculantes para los USUARIOS.<\/div>\n<\/div>\n<\/div>\n<\/div>\n\n\t\t<\/div>\n\t<\/div>\n<\/div><\/div><\/div><\/div><\/div>\n<\/div>","protected":false},"excerpt":{"rendered":"In the text below, we use referrals\u00a0as follows: USER \u2013 every person browsing www.cottonedshop.com CUSTOMER \u2013 every person who has made a purchase from www.cottonedshop.com SITE \u2013 www.cottonedshop.com ORDER \u2013 the act of purchasing and paying for a good through www.cottonedshop.com By registering on the SITE \/ making an order [...]","protected":false},"author":1,"featured_media":0,"parent":0,"menu_order":0,"comment_status":"closed","ping_status":"closed","template":"","meta":{"footnotes":""},"class_list":["post-535","page","type-page","status-publish","hentry"],"yoast_head":"<!-- This site is optimized with the Yoast SEO plugin v27.3 - https:\/\/yoast.com\/product\/yoast-seo-wordpress\/ -->\n<title>Terms &amp; Conditions | Cottoned Shop<\/title>\n<meta name=\"robots\" content=\"index, follow, max-snippet:-1, max-image-preview:large, max-video-preview:-1\" \/>\n<link rel=\"canonical\" href=\"https:\/\/cottonedshop.com\/es\/condiciones\/\" \/>\n<meta property=\"og:locale\" content=\"es_ES\" \/>\n<meta property=\"og:type\" content=\"article\" \/>\n<meta property=\"og:title\" content=\"Terms &amp; Conditions | Cottoned Shop\" \/>\n<meta property=\"og:url\" content=\"https:\/\/cottonedshop.com\/es\/condiciones\/\" \/>\n<meta property=\"og:site_name\" content=\"Cottoned Shop\" \/>\n<meta property=\"article:modified_time\" content=\"2021-03-12T12:28:14+00:00\" \/>\n<meta name=\"twitter:card\" content=\"summary_large_image\" \/>\n<meta name=\"twitter:label1\" content=\"Tiempo de lectura\" \/>\n\t<meta name=\"twitter:data1\" content=\"4 minutos\" \/>\n<script type=\"application\/ld+json\" class=\"yoast-schema-graph\">{\"@context\":\"https:\\\/\\\/schema.org\",\"@graph\":[{\"@type\":\"WebPage\",\"@id\":\"https:\\\/\\\/cottonedshop.com\\\/terms-conditions\\\/\",\"url\":\"https:\\\/\\\/cottonedshop.com\\\/terms-conditions\\\/\",\"name\":\"Terms & Conditions | Cottoned Shop\",\"isPartOf\":{\"@id\":\"https:\\\/\\\/cottonedshop.com\\\/#website\"},\"datePublished\":\"2018-04-16T09:57:36+00:00\",\"dateModified\":\"2021-03-12T12:28:14+00:00\",\"breadcrumb\":{\"@id\":\"https:\\\/\\\/cottonedshop.com\\\/terms-conditions\\\/#breadcrumb\"},\"inLanguage\":\"es\",\"potentialAction\":[{\"@type\":\"ReadAction\",\"target\":[\"https:\\\/\\\/cottonedshop.com\\\/terms-conditions\\\/\"]}]},{\"@type\":\"BreadcrumbList\",\"@id\":\"https:\\\/\\\/cottonedshop.com\\\/terms-conditions\\\/#breadcrumb\",\"itemListElement\":[{\"@type\":\"ListItem\",\"position\":1,\"name\":\"Home\",\"item\":\"https:\\\/\\\/cottonedshop.com\\\/\"},{\"@type\":\"ListItem\",\"position\":2,\"name\":\"Terms &#038; Conditions\"}]},{\"@type\":\"WebSite\",\"@id\":\"https:\\\/\\\/cottonedshop.com\\\/#website\",\"url\":\"https:\\\/\\\/cottonedshop.com\\\/\",\"name\":\"Cottoned Shop\",\"description\":\"\",\"publisher\":{\"@id\":\"https:\\\/\\\/cottonedshop.com\\\/#organization\"},\"potentialAction\":[{\"@type\":\"SearchAction\",\"target\":{\"@type\":\"EntryPoint\",\"urlTemplate\":\"https:\\\/\\\/cottonedshop.com\\\/?s={search_term_string}\"},\"query-input\":{\"@type\":\"PropertyValueSpecification\",\"valueRequired\":true,\"valueName\":\"search_term_string\"}}],\"inLanguage\":\"es\"},{\"@type\":\"Organization\",\"@id\":\"https:\\\/\\\/cottonedshop.com\\\/#organization\",\"name\":\"Cottoned\",\"url\":\"https:\\\/\\\/cottonedshop.com\\\/\",\"logo\":{\"@type\":\"ImageObject\",\"inLanguage\":\"es\",\"@id\":\"https:\\\/\\\/cottonedshop.com\\\/#\\\/schema\\\/logo\\\/image\\\/\",\"url\":\"https:\\\/\\\/cottonedshop.com\\\/wp-content\\\/uploads\\\/2021\\\/02\\\/cottoned-logo-large.png\",\"contentUrl\":\"https:\\\/\\\/cottonedshop.com\\\/wp-content\\\/uploads\\\/2021\\\/02\\\/cottoned-logo-large.png\",\"width\":1548,\"height\":1548,\"caption\":\"Cottoned\"},\"image\":{\"@id\":\"https:\\\/\\\/cottonedshop.com\\\/#\\\/schema\\\/logo\\\/image\\\/\"}}]}<\/script>\n<!-- \/ Yoast SEO plugin. -->","yoast_head_json":{"title":"T\u00e9rminos y Condiciones | Cottoned Shop","robots":{"index":"index","follow":"follow","max-snippet":"max-snippet:-1","max-image-preview":"max-image-preview:large","max-video-preview":"max-video-preview:-1"},"canonical":"https:\/\/cottonedshop.com\/es\/condiciones\/","og_locale":"es_ES","og_type":"article","og_title":"Terms & Conditions | Cottoned Shop","og_url":"https:\/\/cottonedshop.com\/es\/condiciones\/","og_site_name":"Cottoned Shop","article_modified_time":"2021-03-12T12:28:14+00:00","twitter_card":"summary_large_image","twitter_misc":{"Tiempo de lectura":"4 minutos"},"schema":{"@context":"https:\/\/schema.org","@graph":[{"@type":"WebPage","@id":"https:\/\/cottonedshop.com\/terms-conditions\/","url":"https:\/\/cottonedshop.com\/terms-conditions\/","name":"T\u00e9rminos y Condiciones | Cottoned Shop","isPartOf":{"@id":"https:\/\/cottonedshop.com\/#website"},"datePublished":"2018-04-16T09:57:36+00:00","dateModified":"2021-03-12T12:28:14+00:00","breadcrumb":{"@id":"https:\/\/cottonedshop.com\/terms-conditions\/#breadcrumb"},"inLanguage":"es","potentialAction":[{"@type":"ReadAction","target":["https:\/\/cottonedshop.com\/terms-conditions\/"]}]},{"@type":"BreadcrumbList","@id":"https:\/\/cottonedshop.com\/terms-conditions\/#breadcrumb","itemListElement":[{"@type":"ListItem","position":1,"name":"Home","item":"https:\/\/cottonedshop.com\/"},{"@type":"ListItem","position":2,"name":"Terms &#038; Conditions"}]},{"@type":"WebSite","@id":"https:\/\/cottonedshop.com\/#website","url":"https:\/\/cottonedshop.com\/","name":"Tienda Cottoned","description":"","publisher":{"@id":"https:\/\/cottonedshop.com\/#organization"},"potentialAction":[{"@type":"SearchAction","target":{"@type":"EntryPoint","urlTemplate":"https:\/\/cottonedshop.com\/?s={search_term_string}"},"query-input":{"@type":"PropertyValueSpecification","valueRequired":true,"valueName":"search_term_string"}}],"inLanguage":"es"},{"@type":"Organization","@id":"https:\/\/cottonedshop.com\/#organization","name":"Algod\u00f3n","url":"https:\/\/cottonedshop.com\/","logo":{"@type":"ImageObject","inLanguage":"es","@id":"https:\/\/cottonedshop.com\/#\/schema\/logo\/image\/","url":"https:\/\/cottonedshop.com\/wp-content\/uploads\/2021\/02\/cottoned-logo-large.png","contentUrl":"https:\/\/cottonedshop.com\/wp-content\/uploads\/2021\/02\/cottoned-logo-large.png","width":1548,"height":1548,"caption":"Cottoned"},"image":{"@id":"https:\/\/cottonedshop.com\/#\/schema\/logo\/image\/"}}]}},"_links":{"self":[{"href":"https:\/\/cottonedshop.com\/es\/wp-json\/wp\/v2\/pages\/535","targetHints":{"allow":["GET"]}}],"collection":[{"href":"https:\/\/cottonedshop.com\/es\/wp-json\/wp\/v2\/pages"}],"about":[{"href":"https:\/\/cottonedshop.com\/es\/wp-json\/wp\/v2\/types\/page"}],"author":[{"embeddable":true,"href":"https:\/\/cottonedshop.com\/es\/wp-json\/wp\/v2\/users\/1"}],"replies":[{"embeddable":true,"href":"https:\/\/cottonedshop.com\/es\/wp-json\/wp\/v2\/comments?post=535"}],"version-history":[{"count":0,"href":"https:\/\/cottonedshop.com\/es\/wp-json\/wp\/v2\/pages\/535\/revisions"}],"wp:attachment":[{"href":"https:\/\/cottonedshop.com\/es\/wp-json\/wp\/v2\/media?parent=535"}],"curies":[{"name":"wp","href":"https:\/\/api.w.org\/{rel}","templated":true}]}}