{"id":531,"date":"2018-04-16T09:56:47","date_gmt":"2018-04-16T09:56:47","guid":{"rendered":"https:\/\/cottonedshop.com\/?page_id=531"},"modified":"2023-12-12T12:43:46","modified_gmt":"2023-12-12T10:43:46","slug":"entrega","status":"publish","type":"page","link":"https:\/\/cottonedshop.com\/es\/delivery\/","title":{"rendered":"Delivery"},"content":{"rendered":"<h4>Shipping method<\/h4>\n<p>All orders will be shipped via the Bulgarian postal service (unless otherwise requested) in cooperation with the national posts in your country. We use registered mail and packages require a signature upon delivery.<br \/>\nTodos los pa\u00edses se env\u00edan en base DDP (entrega derechos pagados), por lo que los impuestos y aranceles est\u00e1n incluidos en el precio final y usted recibir\u00e1 el paquete en la puerta de su casa, no tendr\u00e1 que despacharlo de aduana.<\/p>\n<h4>Shipping time<\/h4>\n<p>SHIPPING TIMES ARE NOT GUARANTEED. If you need your items before a certain date, we will need to quote an additional amount for services like UPS, DHL, FedEx, etc. Please be patient, delays are possible, but National Posts are very reliable and we\u2019ve never had a lost package out of the thousands we\u2019ve sent.<\/p>\n<p>El plazo de entrega est\u00e1ndar para paquetes internacionales es de 2-4 semanas, dependiendo de su ubicaci\u00f3n. El env\u00edo prioritario tiene un coste adicional.<\/p>\n<p>Algunos plazos de entrega aproximados:<br \/>\n\u2013 USA mainland (carrier is USPS) \u2013 3 weeks<br \/>\n\u2013 USA (Hawaii) \u2013 4-5 weeks<br \/>\n\u2013 Canada (Canada post) \u2013 3 weeks<br \/>\n\u2013 Australia (Australian post) \u2013 3 weeks<br \/>\n\u2013 European Union \u2013 2 weeks<br \/>\nBad weather conditions (especially in winter) and National Holidays may lead to some delays.<\/p>\n<h4>Seguimiento del paquete<\/h4>\n<p>You can track any package at www.track-trace.com<\/p>\n<p>In the first few days to a week, you will see one of the following updates on the tracking \u2013 \u201cPreparing order for shipment\u201d, \u201cProcessed Through Facility\u201d, \u201cInsert item into bag\u201d, \u201cReceive item at office of exchange\u201d.<\/p>\n<p>Todas estas actualizaciones significan que su paquete ha SALIDO de Bulgaria en la fecha indicada.<\/p>\n<p>La pr\u00f3xima actualizaci\u00f3n s\u00f3lo estar\u00e1 disponible una vez que el paquete entre en su pa\u00eds, no habr\u00e1 actualizaciones mientras tanto (de 5 a 15 d\u00edas, dependiendo de su pa\u00eds y del tama\u00f1o del pedido).<\/p>\n<p>Puede ponerse en contacto con nosotros si su paquete no ha entrado en su pa\u00eds en 25-30 d\u00edas. No podemos acelerar la entrega, pero podemos emitir una consulta oficial a Correos para intentar localizar el paquete.<\/p>\n<p>La p\u00e9rdida de paquetes es extremadamente rara.<\/p>\n<p>&nbsp;<\/p>","protected":false},"excerpt":{"rendered":"<p>Shipping method All orders will be shipped via the Bulgarian postal service (unless otherwise requested) in cooperation with the national posts in your country. We use registered mail and packages require a signature upon delivery. All countries are shipped on DDP (delivery duty paid) basis, so taxes and duties are [&hellip;]<\/p>\n","protected":false},"author":1,"featured_media":0,"parent":0,"menu_order":0,"comment_status":"closed","ping_status":"closed","template":"","meta":{"footnotes":""},"class_list":["post-531","page","type-page","status-publish","hentry"],"yoast_head":"<!-- This site is optimized with the Yoast SEO plugin v27.4 - https:\/\/yoast.com\/product\/yoast-seo-wordpress\/ -->\n<title>Delivery | Cottoned Shop<\/title>\n<meta name=\"description\" content=\"Find out more information about the delivery methods we offer at Cottoned - the shipping method, shipping times and tracking.\" \/>\n<meta name=\"robots\" content=\"index, follow, max-snippet:-1, max-image-preview:large, max-video-preview:-1\" \/>\n<link rel=\"canonical\" href=\"https:\/\/cottonedshop.com\/es\/entrega\/\" \/>\n<meta property=\"og:locale\" content=\"es_ES\" \/>\n<meta property=\"og:type\" content=\"article\" \/>\n<meta property=\"og:title\" content=\"Delivery | Cottoned Shop\" \/>\n<meta property=\"og:description\" content=\"Find out more information about the delivery methods we offer at Cottoned - the shipping method, shipping times and tracking.\" \/>\n<meta property=\"og:url\" content=\"https:\/\/cottonedshop.com\/es\/entrega\/\" \/>\n<meta property=\"og:site_name\" content=\"Cottoned Shop\" \/>\n<meta property=\"article:modified_time\" content=\"2023-12-12T10:43:46+00:00\" \/>\n<meta name=\"twitter:card\" content=\"summary_large_image\" \/>\n<meta name=\"twitter:label1\" content=\"Tiempo de lectura\" \/>\n\t<meta name=\"twitter:data1\" content=\"2 minutos\" \/>\n<script type=\"application\/ld+json\" class=\"yoast-schema-graph\">{\"@context\":\"https:\\\/\\\/schema.org\",\"@graph\":[{\"@type\":\"WebPage\",\"@id\":\"https:\\\/\\\/cottonedshop.com\\\/delivery\\\/\",\"url\":\"https:\\\/\\\/cottonedshop.com\\\/delivery\\\/\",\"name\":\"Delivery | Cottoned Shop\",\"isPartOf\":{\"@id\":\"https:\\\/\\\/cottonedshop.com\\\/#website\"},\"datePublished\":\"2018-04-16T09:56:47+00:00\",\"dateModified\":\"2023-12-12T10:43:46+00:00\",\"description\":\"Find out more information about the delivery methods we offer at Cottoned - the shipping method, shipping times and tracking.\",\"breadcrumb\":{\"@id\":\"https:\\\/\\\/cottonedshop.com\\\/delivery\\\/#breadcrumb\"},\"inLanguage\":\"es\",\"potentialAction\":[{\"@type\":\"ReadAction\",\"target\":[\"https:\\\/\\\/cottonedshop.com\\\/delivery\\\/\"]}]},{\"@type\":\"BreadcrumbList\",\"@id\":\"https:\\\/\\\/cottonedshop.com\\\/delivery\\\/#breadcrumb\",\"itemListElement\":[{\"@type\":\"ListItem\",\"position\":1,\"name\":\"Home\",\"item\":\"https:\\\/\\\/cottonedshop.com\\\/\"},{\"@type\":\"ListItem\",\"position\":2,\"name\":\"Delivery\"}]},{\"@type\":\"WebSite\",\"@id\":\"https:\\\/\\\/cottonedshop.com\\\/#website\",\"url\":\"https:\\\/\\\/cottonedshop.com\\\/\",\"name\":\"Cottoned Shop\",\"description\":\"\",\"publisher\":{\"@id\":\"https:\\\/\\\/cottonedshop.com\\\/#organization\"},\"potentialAction\":[{\"@type\":\"SearchAction\",\"target\":{\"@type\":\"EntryPoint\",\"urlTemplate\":\"https:\\\/\\\/cottonedshop.com\\\/?s={search_term_string}\"},\"query-input\":{\"@type\":\"PropertyValueSpecification\",\"valueRequired\":true,\"valueName\":\"search_term_string\"}}],\"inLanguage\":\"es\"},{\"@type\":\"Organization\",\"@id\":\"https:\\\/\\\/cottonedshop.com\\\/#organization\",\"name\":\"Cottoned\",\"url\":\"https:\\\/\\\/cottonedshop.com\\\/\",\"logo\":{\"@type\":\"ImageObject\",\"inLanguage\":\"es\",\"@id\":\"https:\\\/\\\/cottonedshop.com\\\/#\\\/schema\\\/logo\\\/image\\\/\",\"url\":\"https:\\\/\\\/cottonedshop.com\\\/wp-content\\\/uploads\\\/2021\\\/02\\\/cottoned-logo-large.png\",\"contentUrl\":\"https:\\\/\\\/cottonedshop.com\\\/wp-content\\\/uploads\\\/2021\\\/02\\\/cottoned-logo-large.png\",\"width\":1548,\"height\":1548,\"caption\":\"Cottoned\"},\"image\":{\"@id\":\"https:\\\/\\\/cottonedshop.com\\\/#\\\/schema\\\/logo\\\/image\\\/\"}}]}<\/script>\n<!-- \/ Yoast SEO plugin. -->","yoast_head_json":{"title":"Delivery | Cottoned Shop","description":"Find out more information about the delivery methods we offer at Cottoned - the shipping method, shipping times and tracking.","robots":{"index":"index","follow":"follow","max-snippet":"max-snippet:-1","max-image-preview":"max-image-preview:large","max-video-preview":"max-video-preview:-1"},"canonical":"https:\/\/cottonedshop.com\/es\/entrega\/","og_locale":"es_ES","og_type":"article","og_title":"Delivery | Cottoned Shop","og_description":"Find out more information about the delivery methods we offer at Cottoned - the shipping method, shipping times and tracking.","og_url":"https:\/\/cottonedshop.com\/es\/entrega\/","og_site_name":"Cottoned Shop","article_modified_time":"2023-12-12T10:43:46+00:00","twitter_card":"summary_large_image","twitter_misc":{"Tiempo de lectura":"2 minutos"},"schema":{"@context":"https:\/\/schema.org","@graph":[{"@type":"WebPage","@id":"https:\/\/cottonedshop.com\/delivery\/","url":"https:\/\/cottonedshop.com\/delivery\/","name":"Delivery | Cottoned Shop","isPartOf":{"@id":"https:\/\/cottonedshop.com\/#website"},"datePublished":"2018-04-16T09:56:47+00:00","dateModified":"2023-12-12T10:43:46+00:00","description":"Find out more information about the delivery methods we offer at Cottoned - the shipping method, shipping times and tracking.","breadcrumb":{"@id":"https:\/\/cottonedshop.com\/delivery\/#breadcrumb"},"inLanguage":"es","potentialAction":[{"@type":"ReadAction","target":["https:\/\/cottonedshop.com\/delivery\/"]}]},{"@type":"BreadcrumbList","@id":"https:\/\/cottonedshop.com\/delivery\/#breadcrumb","itemListElement":[{"@type":"ListItem","position":1,"name":"Home","item":"https:\/\/cottonedshop.com\/"},{"@type":"ListItem","position":2,"name":"Delivery"}]},{"@type":"WebSite","@id":"https:\/\/cottonedshop.com\/#website","url":"https:\/\/cottonedshop.com\/","name":"Tienda Cottoned","description":"","publisher":{"@id":"https:\/\/cottonedshop.com\/#organization"},"potentialAction":[{"@type":"SearchAction","target":{"@type":"EntryPoint","urlTemplate":"https:\/\/cottonedshop.com\/?s={search_term_string}"},"query-input":{"@type":"PropertyValueSpecification","valueRequired":true,"valueName":"search_term_string"}}],"inLanguage":"es"},{"@type":"Organization","@id":"https:\/\/cottonedshop.com\/#organization","name":"Algod\u00f3n","url":"https:\/\/cottonedshop.com\/","logo":{"@type":"ImageObject","inLanguage":"es","@id":"https:\/\/cottonedshop.com\/#\/schema\/logo\/image\/","url":"https:\/\/cottonedshop.com\/wp-content\/uploads\/2021\/02\/cottoned-logo-large.png","contentUrl":"https:\/\/cottonedshop.com\/wp-content\/uploads\/2021\/02\/cottoned-logo-large.png","width":1548,"height":1548,"caption":"Cottoned"},"image":{"@id":"https:\/\/cottonedshop.com\/#\/schema\/logo\/image\/"}}]}},"_links":{"self":[{"href":"https:\/\/cottonedshop.com\/es\/wp-json\/wp\/v2\/pages\/531","targetHints":{"allow":["GET"]}}],"collection":[{"href":"https:\/\/cottonedshop.com\/es\/wp-json\/wp\/v2\/pages"}],"about":[{"href":"https:\/\/cottonedshop.com\/es\/wp-json\/wp\/v2\/types\/page"}],"author":[{"embeddable":true,"href":"https:\/\/cottonedshop.com\/es\/wp-json\/wp\/v2\/users\/1"}],"replies":[{"embeddable":true,"href":"https:\/\/cottonedshop.com\/es\/wp-json\/wp\/v2\/comments?post=531"}],"version-history":[{"count":0,"href":"https:\/\/cottonedshop.com\/es\/wp-json\/wp\/v2\/pages\/531\/revisions"}],"wp:attachment":[{"href":"https:\/\/cottonedshop.com\/es\/wp-json\/wp\/v2\/media?parent=531"}],"curies":[{"name":"wp","href":"https:\/\/api.w.org\/{rel}","templated":true}]}}