{"id":1262,"date":"2018-06-12T06:50:08","date_gmt":"2018-06-12T04:50:08","guid":{"rendered":"http:\/\/demo3.drfuri.com\/supro\/?page_id=726"},"modified":"2023-04-11T10:30:09","modified_gmt":"2023-04-11T07:30:09","slug":"politicas","status":"publish","type":"page","link":"https:\/\/cottonedshop.com\/es\/policies\/","title":{"rendered":"Pol\u00edticas"},"content":{"rendered":"<div class=\"wpb-content-wrapper\"><div  class=\"sec_row container\"><div class=\"vc_row wpb_row vc_row-fluid\"><div class=\"wpb_column vc_column_container vc_col-sm-2 et-dark-column\"><div class=\"vc_column-inner\"><div class=\"wpb_wrapper\"><\/div><\/div><\/div><div class=\"wpb_column vc_column_container vc_col-sm-8 et-dark-column\"><div class=\"vc_column-inner\"><div class=\"wpb_wrapper\"><div class=\"vc_tta-container\" data-vc-action=\"collapseAll\"><div class=\"vc_general vc_tta vc_tta-accordion vc_tta-o-shape-group vc_tta-controls-align-default vc_tta-o-all-clickable\"><div class=\"vc_tta-panels-container\"><div class=\"vc_tta-panels\"><div class=\"vc_tta-panel\" id=\"1581670454165-4e5a4abe-0233\" data-vc-content=\".vc_tta-panel-body\"><div class=\"vc_tta-panel-heading\"><h4 class=\"vc_tta-panel-title vc_tta-controls-icon-position-left\"><a href=\"#1581670454165-4e5a4abe-0233\" data-vc-accordion data-vc-container=\".vc_tta-container\"><span class=\"vc_tta-title-text\">Standard Make Time<\/span><i class=\"vc_tta-controls-icon vc_tta-controls-icon-chevron\"><\/i><\/a><\/h4><\/div><div class=\"vc_tta-panel-body\">\n\t<div class=\"wpb_text_column wpb_content_element\" >\n\t\t<div class=\"wpb_wrapper\">\n\t\t\t<p>Smaller items take us 4-6 business days to create and larger items 7-10 business days.<\/p>\n<p>Depending on the current workload, make time could vary by a few days.<\/p>\n\n\t\t<\/div>\n\t<\/div>\n<\/div><\/div><div class=\"vc_tta-panel\" id=\"1581670454230-1bf35751-245d\" data-vc-content=\".vc_tta-panel-body\"><div class=\"vc_tta-panel-heading\"><h4 class=\"vc_tta-panel-title vc_tta-controls-icon-position-left\"><a href=\"#1581670454230-1bf35751-245d\" data-vc-accordion data-vc-container=\".vc_tta-container\"><span class=\"vc_tta-title-text\">Rush Order Make Time<\/span><i class=\"vc_tta-controls-icon vc_tta-controls-icon-chevron\"><\/i><\/a><\/h4><\/div><div class=\"vc_tta-panel-body\">\n\t<div class=\"wpb_text_column wpb_content_element\" >\n\t\t<div class=\"wpb_wrapper\">\n\t\t\t<p>We can prioritize your order for completion within 3 business days.<\/p>\n<p>Please contact us and we will send you a link to place your rush order.<\/p>\n<p>Rush fee: 25% of the product price.<\/p>\n\n\t\t<\/div>\n\t<\/div>\n<\/div><\/div><div class=\"vc_tta-panel\" id=\"1581670513639-a7e48cfc-52f4\" data-vc-content=\".vc_tta-panel-body\"><div class=\"vc_tta-panel-heading\"><h4 class=\"vc_tta-panel-title vc_tta-controls-icon-position-left\"><a href=\"#1581670513639-a7e48cfc-52f4\" data-vc-accordion data-vc-container=\".vc_tta-container\"><span class=\"vc_tta-title-text\">Payments<\/span><i class=\"vc_tta-controls-icon vc_tta-controls-icon-chevron\"><\/i><\/a><\/h4><\/div><div class=\"vc_tta-panel-body\">\n\t<div class=\"wpb_text_column wpb_content_element\" >\n\t\t<div class=\"wpb_wrapper\">\n\t\t\t<p>We accept payments via bank cards.<\/p>\n\n\t\t<\/div>\n\t<\/div>\n<\/div><\/div><div class=\"vc_tta-panel\" id=\"1581670514893-1bc352ad-3c9e\" data-vc-content=\".vc_tta-panel-body\"><div class=\"vc_tta-panel-heading\"><h4 class=\"vc_tta-panel-title vc_tta-controls-icon-position-left\"><a href=\"#1581670514893-1bc352ad-3c9e\" data-vc-accordion data-vc-container=\".vc_tta-container\"><span class=\"vc_tta-title-text\">Env\u00edo<\/span><i class=\"vc_tta-controls-icon vc_tta-controls-icon-chevron\"><\/i><\/a><\/h4><\/div><div class=\"vc_tta-panel-body\">\n\t<div class=\"wpb_text_column wpb_content_element\" >\n\t\t<div class=\"wpb_wrapper\">\n\t\t\t<p>We ship globally and offer Free Worldwide Shipping on all orders, to your door.\u00a0Paid shipping options are also available, see below.<\/p>\n<p>Todos los pa\u00edses se env\u00edan en base DDP (entrega derechos pagados), por lo que los impuestos y aranceles est\u00e1n incluidos en el precio final y usted recibir\u00e1 el paquete en la puerta de su casa, no tendr\u00e1 que despacharlo de aduana.<\/p>\n<p>For UAE: packages from foreign origin must be picked up in person from the central post office.<\/p>\n<p>We can also deliver to PO boxes, but please make sure your PO box can accept packages of this size, otherwise, your package may be returned.<\/p>\n<p>We strongly advise you to follow your online tracking information for detailed updates, so you will know when your package arrives at your post office.<\/p>\n<p>All items are packaged in recyclable plastic, that protects from dirt, water, and punctures.<\/p>\n<p>Please inspect your package upon arrival and do not accept it if damaged. This way the package will be returned to us and we will make and send you a new one. If you accept a package that is damaged, we won\u2019t be able to compensate you.<\/p>\n\n\t\t<\/div>\n\t<\/div>\n<\/div><\/div><div class=\"vc_tta-panel\" id=\"1581670515603-ccb6a2a5-538b\" data-vc-content=\".vc_tta-panel-body\"><div class=\"vc_tta-panel-heading\"><h4 class=\"vc_tta-panel-title vc_tta-controls-icon-position-left\"><a href=\"#1581670515603-ccb6a2a5-538b\" data-vc-accordion data-vc-container=\".vc_tta-container\"><span class=\"vc_tta-title-text\">Env\u00edo gratuito<\/span><i class=\"vc_tta-controls-icon vc_tta-controls-icon-chevron\"><\/i><\/a><\/h4><\/div><div class=\"vc_tta-panel-body\">\n\t<div class=\"wpb_text_column wpb_content_element\" >\n\t\t<div class=\"wpb_wrapper\">\n\t\t\t<p><strong>Price<\/strong>:\u00a0Free to any part of the world<\/p>\n<p><strong>Carrier<\/strong>:<br \/>\nBulgarian Post in cooperation with the national posts in your country, i.e. USPS in the USA, Canada Post, Parcel Force in the UK, Australia Post, etc. \u2013 all of them are 100% reliable with no lost packages out of the thousands we have sent so far using them.<\/p>\n<p><strong>Terms of delivery:<\/strong><br \/>\nRegistered mail, a signature is required upon delivery. If you are not home at the time of delivery, the package will be treated per your national post\u2019s policies. In most cases, such as USA, Canada, Australia, UK, you will be left a note to pick up your package from your local post office or call them to re-schedule delivery in a suitable time.<\/p>\n<p><strong>Transit times<\/strong>\u00a0(approximate, not guaranteed):<\/p>\n<ul>\n<li>USA mainland \u2013 3 weeks<\/li>\n<li>USA (Hawaii, AK) \u2013 4 weeks<\/li>\n<li>Canada \u2013 3 weeks<\/li>\n<li>Australia \u2013 3 weeks<\/li>\n<li>Asia \u2013 3 weeks<\/li>\n<li>South America \u2013 3-4 weeks<\/li>\n<li>European Union \u2013 2 weeks<\/li>\n<\/ul>\n\n\t\t<\/div>\n\t<\/div>\n<\/div><\/div><div class=\"vc_tta-panel\" id=\"1581670517060-012be81b-b7ff\" data-vc-content=\".vc_tta-panel-body\"><div class=\"vc_tta-panel-heading\"><h4 class=\"vc_tta-panel-title vc_tta-controls-icon-position-left\"><a href=\"#1581670517060-012be81b-b7ff\" data-vc-accordion data-vc-container=\".vc_tta-container\"><span class=\"vc_tta-title-text\">Express 3-day Shipping<\/span><i class=\"vc_tta-controls-icon vc_tta-controls-icon-chevron\"><\/i><\/a><\/h4><\/div><div class=\"vc_tta-panel-body\">\n\t<div class=\"wpb_text_column wpb_content_element\" >\n\t\t<div class=\"wpb_wrapper\">\n\t\t\t<p><strong>Price<\/strong>: Please use the designated\u00a0<a href=\"https:\/\/homeofwool.com\/shop\/express-delivery-upgrade\/\">Express Delivery Upgrade<\/a>\u00a0listing in our shop or Send us a message for an estimation of the shipping cost.<\/p>\n<p><strong>Carrier<\/strong>: DHL<\/p>\n<p><strong>Terms of delivery:<\/strong><br \/>\nPhone number is required to ship. Packages are delivered to your door and a signature is required to accept them.<\/p>\n<p><strong>Transit times<\/strong>\u00a0(guaranteed):<\/p>\n<ul>\n<li>Worldwide \u2013 3 Business days<\/li>\n<\/ul>\n\n\t\t<\/div>\n\t<\/div>\n<\/div><\/div><div class=\"vc_tta-panel\" id=\"1581670797733-81b25390-6810\" data-vc-content=\".vc_tta-panel-body\"><div class=\"vc_tta-panel-heading\"><h4 class=\"vc_tta-panel-title vc_tta-controls-icon-position-left\"><a href=\"#1581670797733-81b25390-6810\" data-vc-accordion data-vc-container=\".vc_tta-container\"><span class=\"vc_tta-title-text\">Tracking<\/span><i class=\"vc_tta-controls-icon vc_tta-controls-icon-chevron\"><\/i><\/a><\/h4><\/div><div class=\"vc_tta-panel-body\">\n\t<div class=\"wpb_text_column wpb_content_element\" >\n\t\t<div class=\"wpb_wrapper\">\n\t\t\t<p>We will send you a tracking number as soon as we dispatch your order. Please keep an eye on the tracking link using\u00a0<a href=\"https:\/\/www.track-trace.com\/\">www.track-trace.com<\/a>\u00a0or at your national post\u2019s website:<\/p>\n<p>USA:\u00a0<a href=\"https:\/\/www.usps.com\/\">www.usps.com<\/a><br \/>\nCanada:\u00a0<a href=\"https:\/\/www.canadapost.ca\/cpc\/en\/home.page\">www.canadapost.ca<\/a><br \/>\nAustralia:\u00a0<a href=\"https:\/\/auspost.com.au\/\">https:\/\/auspost.com.au\/<\/a><br \/>\nUK:\u00a0<a href=\"https:\/\/www.parcelforce.com\/\">www.parcelforce.com<\/a><\/p>\n<p>Status updates for Free and Priority shipping are only available once the package enters customs in your country.<\/p>\n<p>All orders can be tracked\u00a0<strong><a href=\"https:\/\/cottonedshop.aftership.com\/\">aqu\u00ed<\/a>.<\/strong><\/p>\n\n\t\t<\/div>\n\t<\/div>\n<\/div><\/div><div class=\"vc_tta-panel\" id=\"1581670799010-066a0518-4005\" data-vc-content=\".vc_tta-panel-body\"><div class=\"vc_tta-panel-heading\"><h4 class=\"vc_tta-panel-title vc_tta-controls-icon-position-left\"><a href=\"#1581670799010-066a0518-4005\" data-vc-accordion data-vc-container=\".vc_tta-container\"><span class=\"vc_tta-title-text\">Lost or Delayed Packages<\/span><i class=\"vc_tta-controls-icon vc_tta-controls-icon-chevron\"><\/i><\/a><\/h4><\/div><div class=\"vc_tta-panel-body\">\n\t<div class=\"wpb_text_column wpb_content_element\" >\n\t\t<div class=\"wpb_wrapper\">\n\t\t\t<p>National postal service is very reliable in all parts of the world and lost packages are extremely rare, in our experience of sending thousands of packages to over 40 countries, including USA, Canada, Australia, UK, EU.<br \/>\nIf a package is lost, we will send a replacement for free.<br \/>\nYou may contact us if your package has not entered your country in more than 1 month. We cannot speed up the delivery, but we can issue an official query to the post to try to locate the package.<\/p>\n\n\t\t<\/div>\n\t<\/div>\n<\/div><\/div><div class=\"vc_tta-panel\" id=\"1581670857687-790eeb08-d6b6\" data-vc-content=\".vc_tta-panel-body\"><div class=\"vc_tta-panel-heading\"><h4 class=\"vc_tta-panel-title vc_tta-controls-icon-position-left\"><a href=\"#1581670857687-790eeb08-d6b6\" data-vc-accordion data-vc-container=\".vc_tta-container\"><span class=\"vc_tta-title-text\">Cancellations<\/span><i class=\"vc_tta-controls-icon vc_tta-controls-icon-chevron\"><\/i><\/a><\/h4><\/div><div class=\"vc_tta-panel-body\">\n\t<div class=\"wpb_text_column wpb_content_element\" >\n\t\t<div class=\"wpb_wrapper\">\n\t\t\t<p>If you\u2019d like to cancel your order or part of it, please contact us. We will be able to cancel the items we haven\u2019t already started creating.<\/p>\n\n\t\t<\/div>\n\t<\/div>\n<\/div><\/div><div class=\"vc_tta-panel\" id=\"1581670874602-80d6a8a8-8ca2\" data-vc-content=\".vc_tta-panel-body\"><div class=\"vc_tta-panel-heading\"><h4 class=\"vc_tta-panel-title vc_tta-controls-icon-position-left\"><a href=\"#1581670874602-80d6a8a8-8ca2\" data-vc-accordion data-vc-container=\".vc_tta-container\"><span class=\"vc_tta-title-text\">Returns &amp; Refunds<\/span><i class=\"vc_tta-controls-icon vc_tta-controls-icon-chevron\"><\/i><\/a><\/h4><\/div><div class=\"vc_tta-panel-body\">\n\t<div class=\"wpb_text_column wpb_content_element\" >\n\t\t<div class=\"wpb_wrapper\">\n\t\t\t<ul>\n<li>If you are not completely satisfied with your purchase or wish to return an item, please, contact us. All returns must be pre-approved by Cottoned. <strong>Custom and used items are not returnable.<\/strong><\/li>\n<li>If your item arrived as described and without manufacturing defects or mistakes (Different fabric was used, Wrong design was implemented, More than 5% deviation in length or width), you may request a return for a non-custom item within the first 2 weeks after delivery. Items must be shipped back within 30 days of delivery. Refunds exclude platform and payment fees, and thus can be up to 82% of the order value.<\/li>\n<li>If your item arrives with a manufacturing defect or mistake (Different fabric was used, Wrong design was implemented, More than 5% deviation in length or width), we will make and send a new item or issue a full refund for the affected item.<\/li>\n<li>Si el art\u00edculo no se entrega debido a que la direcci\u00f3n est\u00e1 incompleta, es ilegible o incorrecta, el destinatario no se encuentra en la direcci\u00f3n (desconocido, trasladado o fallecido) o el correo no ha sido reclamado o ha sido rechazado, el art\u00edculo se puede volver a enviar a su cargo, emitiendo una factura por los gastos de env\u00edo de la devoluci\u00f3n. Si no desea que le volvamos a enviar un art\u00edculo no personalizado, podemos emitir un reembolso parcial, excluyendo los gastos de plataforma y de pago y los gastos de env\u00edo de la devoluci\u00f3n, por lo que el reembolso puede ser de hasta 82% del valor del art\u00edculo. Los art\u00edculos personalizados no son reembolsables y s\u00f3lo pueden ser reenviados.<\/li>\n<li>If your item is approved for return, please declare the value at under $15 otherwise customs taxes apply even though this is not a purchase but a return. If import fees are charged, they will be deducted from your refund amount. Returned items must be in their initial condition. Refunds are issued after we receive the items back and inspect them.<\/li>\n<li>Rendimientos europeos<br \/>\nLos clientes europeos pueden utilizar la empresa de mensajer\u00eda DPD para devolver paquetes, incluidos colchones, a un precio muy bajo, que suele rondar los 30-40 euros. Solicite la recogida en la puerta de su casa, detalles en www.dpd.com<\/li>\n<li>All refunds will be issued to the same card used to make the payment. Transfer can take up to 3 working days after issue of refund.<\/li>\n<\/ul>\n\n\t\t<\/div>\n\t<\/div>\n<\/div><\/div><\/div><\/div><\/div><\/div><\/div><\/div><\/div><div class=\"wpb_column vc_column_container vc_col-sm-2 et-dark-column\"><div class=\"vc_column-inner\"><div class=\"wpb_wrapper\"><\/div><\/div><\/div><\/div><\/div>\n<\/div>","protected":false},"excerpt":{"rendered":"Standard Make Time Smaller items take us 4-6 business days to create and larger items 7-10 business days. Depending on the current workload, make time could vary by a few days. Rush Order Make Time We can prioritize your order for completion within 3 business days. Please contact us and [...]","protected":false},"author":1,"featured_media":0,"parent":0,"menu_order":0,"comment_status":"closed","ping_status":"closed","template":"","meta":{"footnotes":""},"class_list":["post-1262","page","type-page","status-publish","hentry"],"yoast_head":"<!-- This site is optimized with the Yoast SEO plugin v27.3 - https:\/\/yoast.com\/product\/yoast-seo-wordpress\/ -->\n<title>Policies | Cottoned Shop<\/title>\n<meta name=\"description\" content=\"Lean more about our policies - standard and express make time, delivery and returns, shipping, tracking and cancellations.\" \/>\n<meta name=\"robots\" content=\"index, follow, max-snippet:-1, max-image-preview:large, max-video-preview:-1\" \/>\n<link rel=\"canonical\" href=\"https:\/\/cottonedshop.com\/es\/politicas\/\" \/>\n<meta property=\"og:locale\" content=\"es_ES\" \/>\n<meta property=\"og:type\" content=\"article\" \/>\n<meta property=\"og:title\" content=\"Policies | Cottoned Shop\" \/>\n<meta property=\"og:description\" content=\"Lean more about our policies - standard and express make time, delivery and returns, shipping, tracking and cancellations.\" \/>\n<meta property=\"og:url\" content=\"https:\/\/cottonedshop.com\/es\/politicas\/\" \/>\n<meta property=\"og:site_name\" content=\"Cottoned Shop\" \/>\n<meta property=\"article:modified_time\" content=\"2023-04-11T07:30:09+00:00\" \/>\n<meta name=\"twitter:card\" content=\"summary_large_image\" \/>\n<meta name=\"twitter:label1\" content=\"Tiempo de lectura\" \/>\n\t<meta name=\"twitter:data1\" content=\"5 minutos\" \/>\n<script type=\"application\/ld+json\" class=\"yoast-schema-graph\">{\"@context\":\"https:\\\/\\\/schema.org\",\"@graph\":[{\"@type\":\"WebPage\",\"@id\":\"https:\\\/\\\/cottonedshop.com\\\/policies\\\/\",\"url\":\"https:\\\/\\\/cottonedshop.com\\\/policies\\\/\",\"name\":\"Policies | Cottoned Shop\",\"isPartOf\":{\"@id\":\"https:\\\/\\\/cottonedshop.com\\\/#website\"},\"datePublished\":\"2018-06-12T04:50:08+00:00\",\"dateModified\":\"2023-04-11T07:30:09+00:00\",\"description\":\"Lean more about our policies - standard and express make time, delivery and returns, shipping, tracking and cancellations.\",\"breadcrumb\":{\"@id\":\"https:\\\/\\\/cottonedshop.com\\\/policies\\\/#breadcrumb\"},\"inLanguage\":\"es\",\"potentialAction\":[{\"@type\":\"ReadAction\",\"target\":[\"https:\\\/\\\/cottonedshop.com\\\/policies\\\/\"]}]},{\"@type\":\"BreadcrumbList\",\"@id\":\"https:\\\/\\\/cottonedshop.com\\\/policies\\\/#breadcrumb\",\"itemListElement\":[{\"@type\":\"ListItem\",\"position\":1,\"name\":\"Home\",\"item\":\"https:\\\/\\\/cottonedshop.com\\\/\"},{\"@type\":\"ListItem\",\"position\":2,\"name\":\"Policies\"}]},{\"@type\":\"WebSite\",\"@id\":\"https:\\\/\\\/cottonedshop.com\\\/#website\",\"url\":\"https:\\\/\\\/cottonedshop.com\\\/\",\"name\":\"Cottoned Shop\",\"description\":\"\",\"publisher\":{\"@id\":\"https:\\\/\\\/cottonedshop.com\\\/#organization\"},\"potentialAction\":[{\"@type\":\"SearchAction\",\"target\":{\"@type\":\"EntryPoint\",\"urlTemplate\":\"https:\\\/\\\/cottonedshop.com\\\/?s={search_term_string}\"},\"query-input\":{\"@type\":\"PropertyValueSpecification\",\"valueRequired\":true,\"valueName\":\"search_term_string\"}}],\"inLanguage\":\"es\"},{\"@type\":\"Organization\",\"@id\":\"https:\\\/\\\/cottonedshop.com\\\/#organization\",\"name\":\"Cottoned\",\"url\":\"https:\\\/\\\/cottonedshop.com\\\/\",\"logo\":{\"@type\":\"ImageObject\",\"inLanguage\":\"es\",\"@id\":\"https:\\\/\\\/cottonedshop.com\\\/#\\\/schema\\\/logo\\\/image\\\/\",\"url\":\"https:\\\/\\\/cottonedshop.com\\\/wp-content\\\/uploads\\\/2021\\\/02\\\/cottoned-logo-large.png\",\"contentUrl\":\"https:\\\/\\\/cottonedshop.com\\\/wp-content\\\/uploads\\\/2021\\\/02\\\/cottoned-logo-large.png\",\"width\":1548,\"height\":1548,\"caption\":\"Cottoned\"},\"image\":{\"@id\":\"https:\\\/\\\/cottonedshop.com\\\/#\\\/schema\\\/logo\\\/image\\\/\"}}]}<\/script>\n<!-- \/ Yoast SEO plugin. -->","yoast_head_json":{"title":"Policies | Cottoned Shop","description":"Lean more about our policies - standard and express make time, delivery and returns, shipping, tracking and cancellations.","robots":{"index":"index","follow":"follow","max-snippet":"max-snippet:-1","max-image-preview":"max-image-preview:large","max-video-preview":"max-video-preview:-1"},"canonical":"https:\/\/cottonedshop.com\/es\/politicas\/","og_locale":"es_ES","og_type":"article","og_title":"Policies | Cottoned Shop","og_description":"Lean more about our policies - standard and express make time, delivery and returns, shipping, tracking and cancellations.","og_url":"https:\/\/cottonedshop.com\/es\/politicas\/","og_site_name":"Cottoned Shop","article_modified_time":"2023-04-11T07:30:09+00:00","twitter_card":"summary_large_image","twitter_misc":{"Tiempo de lectura":"5 minutos"},"schema":{"@context":"https:\/\/schema.org","@graph":[{"@type":"WebPage","@id":"https:\/\/cottonedshop.com\/policies\/","url":"https:\/\/cottonedshop.com\/policies\/","name":"Policies | Cottoned Shop","isPartOf":{"@id":"https:\/\/cottonedshop.com\/#website"},"datePublished":"2018-06-12T04:50:08+00:00","dateModified":"2023-04-11T07:30:09+00:00","description":"Lean more about our policies - standard and express make time, delivery and returns, shipping, tracking and cancellations.","breadcrumb":{"@id":"https:\/\/cottonedshop.com\/policies\/#breadcrumb"},"inLanguage":"es","potentialAction":[{"@type":"ReadAction","target":["https:\/\/cottonedshop.com\/policies\/"]}]},{"@type":"BreadcrumbList","@id":"https:\/\/cottonedshop.com\/policies\/#breadcrumb","itemListElement":[{"@type":"ListItem","position":1,"name":"Home","item":"https:\/\/cottonedshop.com\/"},{"@type":"ListItem","position":2,"name":"Policies"}]},{"@type":"WebSite","@id":"https:\/\/cottonedshop.com\/#website","url":"https:\/\/cottonedshop.com\/","name":"Tienda Cottoned","description":"","publisher":{"@id":"https:\/\/cottonedshop.com\/#organization"},"potentialAction":[{"@type":"SearchAction","target":{"@type":"EntryPoint","urlTemplate":"https:\/\/cottonedshop.com\/?s={search_term_string}"},"query-input":{"@type":"PropertyValueSpecification","valueRequired":true,"valueName":"search_term_string"}}],"inLanguage":"es"},{"@type":"Organization","@id":"https:\/\/cottonedshop.com\/#organization","name":"Algod\u00f3n","url":"https:\/\/cottonedshop.com\/","logo":{"@type":"ImageObject","inLanguage":"es","@id":"https:\/\/cottonedshop.com\/#\/schema\/logo\/image\/","url":"https:\/\/cottonedshop.com\/wp-content\/uploads\/2021\/02\/cottoned-logo-large.png","contentUrl":"https:\/\/cottonedshop.com\/wp-content\/uploads\/2021\/02\/cottoned-logo-large.png","width":1548,"height":1548,"caption":"Cottoned"},"image":{"@id":"https:\/\/cottonedshop.com\/#\/schema\/logo\/image\/"}}]}},"_links":{"self":[{"href":"https:\/\/cottonedshop.com\/es\/wp-json\/wp\/v2\/pages\/1262","targetHints":{"allow":["GET"]}}],"collection":[{"href":"https:\/\/cottonedshop.com\/es\/wp-json\/wp\/v2\/pages"}],"about":[{"href":"https:\/\/cottonedshop.com\/es\/wp-json\/wp\/v2\/types\/page"}],"author":[{"embeddable":true,"href":"https:\/\/cottonedshop.com\/es\/wp-json\/wp\/v2\/users\/1"}],"replies":[{"embeddable":true,"href":"https:\/\/cottonedshop.com\/es\/wp-json\/wp\/v2\/comments?post=1262"}],"version-history":[{"count":0,"href":"https:\/\/cottonedshop.com\/es\/wp-json\/wp\/v2\/pages\/1262\/revisions"}],"wp:attachment":[{"href":"https:\/\/cottonedshop.com\/es\/wp-json\/wp\/v2\/media?parent=1262"}],"curies":[{"name":"wp","href":"https:\/\/api.w.org\/{rel}","templated":true}]}}