{"id":10387,"date":"2022-10-18T16:20:02","date_gmt":"2022-10-18T13:20:02","guid":{"rendered":"https:\/\/cottonedshop.com\/?page_id=10387"},"modified":"2023-12-12T12:34:55","modified_gmt":"2023-12-12T10:34:55","slug":"afiliado","status":"publish","type":"page","link":"https:\/\/cottonedshop.com\/es\/affiliate\/","title":{"rendered":"Afiliado"},"content":{"rendered":"<div class=\"wpb-content-wrapper\"><div  class=\"sec_row container\"><div class=\"vc_row wpb_row vc_row-fluid\"><div class=\"wpb_column vc_column_container vc_col-sm-12 et-dark-column\"><div class=\"vc_column-inner\"><div class=\"wpb_wrapper\">\n\t<div class=\"wpb_text_column wpb_content_element\" >\n\t\t<div class=\"wpb_wrapper\">\n\t\t\t<p>\u00danase a nuestro programa de afiliados y proporcione valor a sus seguidores ofreci\u00e9ndoles un descuento en nuestros productos.<\/p>\n<p>Primer paso<br \/>\nReg\u00edstrese a continuaci\u00f3n y espere a recibir el correo electr\u00f3nico de confirmaci\u00f3n de que ha sido aprobado.<\/p>\n<p>Paso 2<br \/>\nAcceda a su cuenta y copie su enlace personal para compartir. Cada vez que alguien utilice tu enlace y realice una compra en un plazo de 60 d\u00edas, obtendr\u00e1s \u0430 comisi\u00f3n de su compra.<\/p>\n<p>Paso 3<br \/>\nRecibir\u00e1s un correo electr\u00f3nico con tu c\u00f3digo de descuento para que se lo des a tus seguidores.<\/p>\n\n\t\t<\/div>\n\t<\/div>\n\t\t<div id=\"et-button-69e94d57d8a8d\" class=\"et_btn_align_left\">\n\t\t\t<a href=\"https:\/\/cottonedshop.com\/affiliate-area\" class=\"et_btn button et_btn_md solid color-accent\"  role=\"button\" title=\"\" ><span>Reg\u00edstrese aqu\u00ed<\/span><\/a>\n\t\t<\/div>\n\t\t\n\t<div class=\"vc_empty_space\"   style=\"height: 62px\"><span class=\"vc_empty_space_inner\"><\/span><\/div>\n\t<div class=\"wpb_text_column wpb_content_element\" >\n\t\t<div class=\"wpb_wrapper\">\n\t\t\t<p>Para gestionar tu cuenta de afiliado despu\u00e9s de registrarte, inicia sesi\u00f3n en el siguiente enlace. All\u00ed podr\u00e1 hacer un seguimiento de cu\u00e1ntas personas han hecho clic en su enlace de referencia, cu\u00e1ntas han comprado y cu\u00e1l es el importe. Tambi\u00e9n puede crear enlaces individuales compartibles a productos espec\u00edficos o categor\u00edas de productos que pueda necesitar para sus publicaciones y campa\u00f1as en las redes sociales.<\/p>\n\n<form id=\"affwp-login-form-7873\" class=\"affwp-form affwp-login-form\" action=\"\" method=\"post\" data-trp-original-action=\"\">\n\t\n\t<fieldset>\n\t\t<legend>Accede a tu cuenta<\/legend>\n\n\t\t\n\t\t<p>\n\t\t\t<label for=\"affwp-login-user-login\">Nombre de usuario<\/label>\n\t\t\t<input id=\"affwp-login-user-login\" class=\"required\" type=\"text\" name=\"affwp_user_login\" title=\"Nombre de usuario\" \/>\n\t\t<\/p>\n\n\t\t<p>\n\t\t\t<label for=\"affwp-login-user-pass\">Contrase\u00f1a<\/label>\n\t\t\t<input id=\"affwp-login-user-pass\" class=\"password required\" type=\"password\" name=\"affwp_user_pass\" \/>\n\t\t<\/p>\n\n\t\t<p>\n\t\t\t<label class=\"affwp-user-remember\" for=\"affwp-user-remember\">\n\t\t\t\t<input id=\"affwp-user-remember\" type=\"checkbox\" name=\"affwp_user_remember\" value=\"1\" \/> Recordarme\t\t\t<\/label>\n\t\t<\/p>\n\n\n\t\t<p>\n\t\t\t<input type=\"hidden\" name=\"affwp_redirect\" value=\"https:\/\/cottonedshop.com\/es\/affiliate-area\/\"\/>\n\t\t\t<input type=\"hidden\" name=\"affwp_login_nonce\" value=\"5b8dc0e1e8\" \/>\n\t\t\t<input type=\"hidden\" name=\"affwp_action\" value=\"user_login\" \/>\n\n\t\t\t<input type=\"submit\" class=\"button\" value=\"Acceder\" \/>\t\t<\/p>\n\n\t\t<p class=\"affwp-lost-password\">\n\t\t\t<a href=\"https:\/\/cottonedshop.com\/es\/my-account\/lost-password\/\">\u00bfOlvidaste tu contrase\u00f1a?<\/a>\n\t\t<\/p>\n\n\t\t\t<\/fieldset>\n\n\t<input type=\"hidden\" name=\"trp-form-language\" value=\"es\"\/><\/form>\n\n\n\t\t<\/div>\n\t<\/div>\n\n\t<div class=\"wpb_text_column wpb_content_element\" >\n\t\t<div class=\"wpb_wrapper\">\n\t\t\t<p>Estamos aqu\u00ed si necesitas ayuda para configurarlo.<\/p>\n\n\t\t<\/div>\n\t<\/div>\n<\/div><\/div><\/div><\/div><\/div>\n<\/div>","protected":false},"excerpt":{"rendered":"Join our affiliate program and provide value to your followers by giving them a discount on our products! Step 1 Register below and wait for the confirmation email that you are approved. Step 2 Log into your account and copy your personal shareable link. Every time someone uses your link [...]","protected":false},"author":1,"featured_media":0,"parent":0,"menu_order":0,"comment_status":"closed","ping_status":"closed","template":"","meta":{"footnotes":""},"class_list":["post-10387","page","type-page","status-publish","hentry"],"yoast_head":"<!-- This site is optimized with the Yoast SEO plugin v27.4 - https:\/\/yoast.com\/product\/yoast-seo-wordpress\/ -->\n<title>Affiliate | Cottoned Shop<\/title>\n<meta name=\"description\" content=\"Join Cottoned&#039;s affiliate program and provide value to your followers by giving them a discount on our products!\" \/>\n<meta name=\"robots\" content=\"index, follow, max-snippet:-1, max-image-preview:large, max-video-preview:-1\" \/>\n<link rel=\"canonical\" href=\"https:\/\/cottonedshop.com\/es\/afiliado\/\" \/>\n<meta property=\"og:locale\" content=\"es_ES\" \/>\n<meta property=\"og:type\" content=\"article\" \/>\n<meta property=\"og:title\" content=\"Affiliate | Cottoned Shop\" \/>\n<meta property=\"og:description\" content=\"Join Cottoned&#039;s affiliate program and provide value to your followers by giving them a discount on our products!\" \/>\n<meta property=\"og:url\" content=\"https:\/\/cottonedshop.com\/es\/afiliado\/\" \/>\n<meta property=\"og:site_name\" content=\"Cottoned Shop\" \/>\n<meta property=\"article:modified_time\" content=\"2023-12-12T10:34:55+00:00\" \/>\n<meta name=\"twitter:card\" content=\"summary_large_image\" \/>\n<meta name=\"twitter:label1\" content=\"Tiempo de lectura\" \/>\n\t<meta name=\"twitter:data1\" content=\"1 minuto\" \/>\n<script type=\"application\/ld+json\" class=\"yoast-schema-graph\">{\"@context\":\"https:\\\/\\\/schema.org\",\"@graph\":[{\"@type\":\"WebPage\",\"@id\":\"https:\\\/\\\/cottonedshop.com\\\/affiliate\\\/\",\"url\":\"https:\\\/\\\/cottonedshop.com\\\/affiliate\\\/\",\"name\":\"Affiliate | Cottoned Shop\",\"isPartOf\":{\"@id\":\"https:\\\/\\\/cottonedshop.com\\\/#website\"},\"datePublished\":\"2022-10-18T13:20:02+00:00\",\"dateModified\":\"2023-12-12T10:34:55+00:00\",\"description\":\"Join Cottoned's affiliate program and provide value to your followers by giving them a discount on our products!\",\"breadcrumb\":{\"@id\":\"https:\\\/\\\/cottonedshop.com\\\/affiliate\\\/#breadcrumb\"},\"inLanguage\":\"es\",\"potentialAction\":[{\"@type\":\"ReadAction\",\"target\":[\"https:\\\/\\\/cottonedshop.com\\\/affiliate\\\/\"]}]},{\"@type\":\"BreadcrumbList\",\"@id\":\"https:\\\/\\\/cottonedshop.com\\\/affiliate\\\/#breadcrumb\",\"itemListElement\":[{\"@type\":\"ListItem\",\"position\":1,\"name\":\"Home\",\"item\":\"https:\\\/\\\/cottonedshop.com\\\/\"},{\"@type\":\"ListItem\",\"position\":2,\"name\":\"Affiliate\"}]},{\"@type\":\"WebSite\",\"@id\":\"https:\\\/\\\/cottonedshop.com\\\/#website\",\"url\":\"https:\\\/\\\/cottonedshop.com\\\/\",\"name\":\"Cottoned Shop\",\"description\":\"\",\"publisher\":{\"@id\":\"https:\\\/\\\/cottonedshop.com\\\/#organization\"},\"potentialAction\":[{\"@type\":\"SearchAction\",\"target\":{\"@type\":\"EntryPoint\",\"urlTemplate\":\"https:\\\/\\\/cottonedshop.com\\\/?s={search_term_string}\"},\"query-input\":{\"@type\":\"PropertyValueSpecification\",\"valueRequired\":true,\"valueName\":\"search_term_string\"}}],\"inLanguage\":\"es\"},{\"@type\":\"Organization\",\"@id\":\"https:\\\/\\\/cottonedshop.com\\\/#organization\",\"name\":\"Cottoned\",\"url\":\"https:\\\/\\\/cottonedshop.com\\\/\",\"logo\":{\"@type\":\"ImageObject\",\"inLanguage\":\"es\",\"@id\":\"https:\\\/\\\/cottonedshop.com\\\/#\\\/schema\\\/logo\\\/image\\\/\",\"url\":\"https:\\\/\\\/cottonedshop.com\\\/wp-content\\\/uploads\\\/2021\\\/02\\\/cottoned-logo-large.png\",\"contentUrl\":\"https:\\\/\\\/cottonedshop.com\\\/wp-content\\\/uploads\\\/2021\\\/02\\\/cottoned-logo-large.png\",\"width\":1548,\"height\":1548,\"caption\":\"Cottoned\"},\"image\":{\"@id\":\"https:\\\/\\\/cottonedshop.com\\\/#\\\/schema\\\/logo\\\/image\\\/\"}}]}<\/script>\n<!-- \/ Yoast SEO plugin. -->","yoast_head_json":{"title":"Afiliado | Cottoned Shop","description":"\u00danete al programa de afiliados de Cottoned y proporciona valor a tus seguidores ofreci\u00e9ndoles un descuento en nuestros productos.","robots":{"index":"index","follow":"follow","max-snippet":"max-snippet:-1","max-image-preview":"max-image-preview:large","max-video-preview":"max-video-preview:-1"},"canonical":"https:\/\/cottonedshop.com\/es\/afiliado\/","og_locale":"es_ES","og_type":"article","og_title":"Affiliate | Cottoned Shop","og_description":"Join Cottoned's affiliate program and provide value to your followers by giving them a discount on our products!","og_url":"https:\/\/cottonedshop.com\/es\/afiliado\/","og_site_name":"Cottoned Shop","article_modified_time":"2023-12-12T10:34:55+00:00","twitter_card":"summary_large_image","twitter_misc":{"Tiempo de lectura":"1 minuto"},"schema":{"@context":"https:\/\/schema.org","@graph":[{"@type":"WebPage","@id":"https:\/\/cottonedshop.com\/affiliate\/","url":"https:\/\/cottonedshop.com\/affiliate\/","name":"Afiliado | Cottoned Shop","isPartOf":{"@id":"https:\/\/cottonedshop.com\/#website"},"datePublished":"2022-10-18T13:20:02+00:00","dateModified":"2023-12-12T10:34:55+00:00","description":"\u00danete al programa de afiliados de Cottoned y proporciona valor a tus seguidores ofreci\u00e9ndoles un descuento en nuestros productos.","breadcrumb":{"@id":"https:\/\/cottonedshop.com\/affiliate\/#breadcrumb"},"inLanguage":"es","potentialAction":[{"@type":"ReadAction","target":["https:\/\/cottonedshop.com\/affiliate\/"]}]},{"@type":"BreadcrumbList","@id":"https:\/\/cottonedshop.com\/affiliate\/#breadcrumb","itemListElement":[{"@type":"ListItem","position":1,"name":"Home","item":"https:\/\/cottonedshop.com\/"},{"@type":"ListItem","position":2,"name":"Affiliate"}]},{"@type":"WebSite","@id":"https:\/\/cottonedshop.com\/#website","url":"https:\/\/cottonedshop.com\/","name":"Tienda Cottoned","description":"","publisher":{"@id":"https:\/\/cottonedshop.com\/#organization"},"potentialAction":[{"@type":"SearchAction","target":{"@type":"EntryPoint","urlTemplate":"https:\/\/cottonedshop.com\/?s={search_term_string}"},"query-input":{"@type":"PropertyValueSpecification","valueRequired":true,"valueName":"search_term_string"}}],"inLanguage":"es"},{"@type":"Organization","@id":"https:\/\/cottonedshop.com\/#organization","name":"Algod\u00f3n","url":"https:\/\/cottonedshop.com\/","logo":{"@type":"ImageObject","inLanguage":"es","@id":"https:\/\/cottonedshop.com\/#\/schema\/logo\/image\/","url":"https:\/\/cottonedshop.com\/wp-content\/uploads\/2021\/02\/cottoned-logo-large.png","contentUrl":"https:\/\/cottonedshop.com\/wp-content\/uploads\/2021\/02\/cottoned-logo-large.png","width":1548,"height":1548,"caption":"Cottoned"},"image":{"@id":"https:\/\/cottonedshop.com\/#\/schema\/logo\/image\/"}}]}},"_links":{"self":[{"href":"https:\/\/cottonedshop.com\/es\/wp-json\/wp\/v2\/pages\/10387","targetHints":{"allow":["GET"]}}],"collection":[{"href":"https:\/\/cottonedshop.com\/es\/wp-json\/wp\/v2\/pages"}],"about":[{"href":"https:\/\/cottonedshop.com\/es\/wp-json\/wp\/v2\/types\/page"}],"author":[{"embeddable":true,"href":"https:\/\/cottonedshop.com\/es\/wp-json\/wp\/v2\/users\/1"}],"replies":[{"embeddable":true,"href":"https:\/\/cottonedshop.com\/es\/wp-json\/wp\/v2\/comments?post=10387"}],"version-history":[{"count":0,"href":"https:\/\/cottonedshop.com\/es\/wp-json\/wp\/v2\/pages\/10387\/revisions"}],"wp:attachment":[{"href":"https:\/\/cottonedshop.com\/es\/wp-json\/wp\/v2\/media?parent=10387"}],"curies":[{"name":"wp","href":"https:\/\/api.w.org\/{rel}","templated":true}]}}