{"id":9991,"date":"2022-03-26T20:40:55","date_gmt":"2022-03-26T18:40:55","guid":{"rendered":"https:\/\/cottonedshop.com\/?post_type=product&#038;p=9991"},"modified":"2024-06-27T19:00:16","modified_gmt":"2024-06-27T16:00:16","slug":"getuftetes-kopfteilkissen-kleine-laschen","status":"publish","type":"product","link":"https:\/\/cottonedshop.com\/de\/shop\/tufted-headboard-cushion-small-tabs\/","title":{"rendered":"Custom Organic Cotton Tufted Kopfteil Kissen"},"content":{"rendered":"<div class=\"wpb-content-wrapper\"><p>Egal, ob Sie ein Buch lesen, Ihre Lieblingssendung sehen, Ihren Tagesplaner durchgehen oder einfach nur nach einem langen Tag entspannen wollen, unsere\u00a0<strong>Kopfteilkissen mit Baumwollf\u00fcllung<\/strong>\u00a0bietet h\u00f6chsten Komfort und un\u00fcbertroffene Gem\u00fctlichkeit.<\/p>\n<p>Gefertigt aus\u00a0<strong>hochwertige, langlebige Materialien<\/strong>\u00a0und\u00a0<strong>die reinste Baumwollf\u00fcllung<\/strong>sind die Kopfteilkissen\u00a0<strong>hypoallergen, extrem atmungsaktiv, umweltfreundlich<\/strong>und\u00a0<strong>giftfrei<\/strong>.<\/p>\n<p>W\u00e4hlen Sie aus einer\u00a0<strong>gro\u00dfe Auswahl an Stoffen, Farben<\/strong>Sie haben die Wahl zwischen verschiedenen Gr\u00f6\u00dfen, Formen und Ausf\u00fchrungen, um das Kopfteil zu kreieren, das zu Ihrem Wohndesign passt und Ihren einzigartigen Geschmack widerspiegelt.<\/p>\n<p>100%\u00a0<strong>Bio-Baumwolle<\/strong>\u00a0F\u00fcllung innen.<br \/>\n<strong>Ma\u00dfgeschneidert<\/strong>\u00a0an Ihre Vorlieben anpassen.<br \/>\n<strong>Nat\u00fcrliche Alternative<\/strong>\u00a0zu Schaumstoffkissen.<br \/>\n<strong>Grenze<\/strong>\u00a0Exposition gegen\u00fcber\u00a0<strong>gef\u00e4hrliche VOCs<\/strong>\u00a0bei Ihnen zu Hause.<br \/>\nKostenloses\u00a0<strong>Flickzeug<\/strong>\u00a0enthalten.<br \/>\nAlle\u00a0<strong>Steuern<\/strong>\u00a0und\u00a0<strong>Aufgaben<\/strong>\u00a0sind\u00a0<strong>inklusive<\/strong>.<\/p>\n<div  class=\"sec_row container\"><div class=\"vc_row wpb_row vc_row-fluid\"><div class=\"wpb_column vc_column_container vc_col-sm-12 et-dark-column\"><div class=\"vc_column-inner\"><div class=\"wpb_wrapper\">\t\t<div id=\"et-button-69d98fff6cef0\" class=\"et_btn_align_center\">\n\t\t\t<a href=\"https:\/\/cottonedshop.com\/shop\/custom-tufted-headboard-cushion\/\" class=\"et_btn button et_btn_md solid rounded color-custom\"  role=\"button\" title=\"\" ><span>Anpassen<\/span><\/a>\n\t\t<\/div>\n\t\t\n\t<div class=\"vc_empty_space\"   style=\"height: 20px\"><span class=\"vc_empty_space_inner\"><\/span><\/div>\n\t<div class=\"wpb_text_column wpb_content_element\" >\n\t\t<div class=\"wpb_wrapper\">\n\t\t\t<p style=\"text-align: left;\"><strong>FEATURES:<\/strong><\/p>\n<ul>\n<li style=\"text-align: left;\">Rei\u00dfverschluss an der Unterseite, damit Sie die Watte leicht anpassen und bei Bedarf Watte hinzuf\u00fcgen oder entfernen k\u00f6nnen.<\/li>\n<li style=\"text-align: left;\">F\u00fcr jeden mit Baumwolle gef\u00fcllten Artikel gibt es ein kostenloses Flickzeug.<\/li>\n<\/ul>\n<p>&nbsp;<\/p>\n<p><strong>F\u00dcLLUNG:<\/strong> <a href=\"https:\/\/cottonedshop.com\/product\/cotton-filling\/\">100% GOTS-zertifizierte Baumwolle<\/a><\/p>\n<p>&nbsp;<\/p>\n<p style=\"text-align: left;\"><strong>ABZIPPBARER, WASCHBARER BEZUG M\u00d6GLICH:<\/strong><\/p>\n<ul style=\"text-align: left;\">\n<li>100% Bio-Baumwolle, schwer, ungebleicht (GOTS zertifiziert)<\/li>\n<li>Max Cotton (100% Cotton), \u00d6ko-Tex zertifiziert<\/li>\n<li>Canal (60% Baumwolle\/40% Polyester), \u00d6ko-Tex zertifiziert<\/li>\n<li>Mimos (50 % Baumwolle\/50% Polyester), \u00d6ko-Tex zertifiziert<\/li>\n<li>Bella (67% Baumwolle\/33% Leinen), \u00d6ko-Tex zertifiziert<\/li>\n<li>Samt (65% Baumwolle\/35% Polyester), \u00d6ko-Tex zertifiziert<\/li>\n<li>Wasser- und schmutzabweisendes Gewebe (60% Baumwolle\/40% Polyester)<\/li>\n<li>Gef\u00e4rbtes Leinen (100% Leinen), \u00d6ko-Tex zertifiziert<\/li>\n<\/ul>\n<p>&nbsp;<\/p>\n<p style=\"text-align: left;\"><strong>BEFESTIGUNGSM\u00d6GLICHKEITEN:<\/strong><\/p>\n<ul style=\"text-align: left;\">\n<li>Mit R\u00fcckentasche - l\u00e4sst sich \u00fcber das Kopfteil des Bettes ziehen<\/li>\n<li>Mit B\u00e4ndern - entlang der Oberseite des Kissens (alle 6\u2033-8\u2033)<\/li>\n<li>Mit Stange - versteckt in der oberen Hinterkante (wir liefern die Stange)<\/li>\n<\/ul>\n<p>&nbsp;<\/p>\n<p style=\"text-align: left;\"><strong>EDGE-OPTIONEN<\/strong>:<\/p>\n<ul style=\"text-align: left;\">\n<li>Mini-Paspelkanten<\/li>\n<li>nicht versenkte Kanten<\/li>\n<\/ul>\n<p>&nbsp;<\/p>\n<p style=\"text-align: left;\"><strong>PFLEGEHINWEISE<\/strong><\/p>\n<p style=\"text-align: left;\">Nur punktuell reinigen.<\/p>\n<p>&nbsp;<\/p>\n<p style=\"text-align: left;\"><strong>WICHTIG<\/strong><\/p>\n<p style=\"text-align: left;\">* Dieses Angebot gilt nur f\u00fcr ein Kissen.<br \/>\n* Mit Baumwolle gef\u00fcllte Artikel unterliegen einer gewissen Kompression.<br \/>\n* Handgefertigtes Produkt, kleine Abweichungen in den Abmessungen sind m\u00f6glich.<\/p>\n<p>&nbsp;<\/p>\n<p style=\"text-align: left;\">Vielen Dank f\u00fcr Ihre Zeit!<\/p>\n\n\t\t<\/div>\n\t<\/div>\n\n\t<div class=\"wpb_raw_code wpb_raw_html wpb_content_element\" >\n\t\t<div class=\"wpb_wrapper\">\n\t\t\t<div class=\"klaviyo-form-SVRq2G\"><\/div>\n\t\t<\/div>\n\t<\/div>\n<\/div><\/div><\/div><\/div><\/div>\n<\/div>","protected":false},"excerpt":{"rendered":"<p style=\"text-align: left;\">Egal, ob Sie ein Buch lesen, Ihre Lieblingssendung sehen, Ihren Tagesplaner durchgehen oder einfach nur nach einem langen Tag entspannen wollen, unsere\u00a0<strong>Kopfteilkissen mit Baumwollf\u00fcllung<\/strong>\u00a0bietet h\u00f6chsten Komfort und un\u00fcbertroffene Gem\u00fctlichkeit.<\/p>\n<p style=\"text-align: left;\">Gefertigt aus\u00a0<strong>hochwertige, langlebige Materialien<\/strong>\u00a0und\u00a0<strong>die reinste Baumwollf\u00fcllung<\/strong>sind die Kopfteilkissen\u00a0<strong>hypoallergen, extrem atmungsaktiv, umweltfreundlich<\/strong>und\u00a0<strong>giftfrei<\/strong>.<\/p>\n<p style=\"text-align: left;\">W\u00e4hlen Sie aus einer\u00a0<strong>gro\u00dfe Auswahl an Stoffen, Farben<\/strong>Sie haben die Wahl zwischen verschiedenen Gr\u00f6\u00dfen, Formen und Ausf\u00fchrungen, um das Kopfteil zu kreieren, das zu Ihrem Wohndesign passt und Ihren einzigartigen Geschmack widerspiegelt.<\/p>\n<ul>\n<li style=\"text-align: left;\">100%\u00a0<strong>Bio-Baumwolle<\/strong>\u00a0F\u00fcllung innen.<\/li>\n<li style=\"text-align: left;\"><strong>Ma\u00dfgeschneidert<\/strong>\u00a0an Ihre Vorlieben anpassen.<\/li>\n<li style=\"text-align: left;\"><strong>Nat\u00fcrliche Alternative<\/strong>\u00a0zu Schaumstoffkissen.<\/li>\n<li style=\"text-align: left;\"><strong>Grenze<\/strong>\u00a0Exposition gegen\u00fcber\u00a0<strong>gef\u00e4hrliche VOCs<\/strong>\u00a0bei Ihnen zu Hause.<\/li>\n<li style=\"text-align: left;\">Kostenloses\u00a0<strong>Flickzeug<\/strong>\u00a0enthalten.<\/li>\n<li style=\"text-align: left;\">Alle\u00a0<strong>Steuern<\/strong>\u00a0und\u00a0<strong>Aufgaben<\/strong>\u00a0sind\u00a0<strong>inklusive<\/strong>.<\/li>\n<li><strong>Kostenlose Lieferung<\/strong>\u00a0zu Ihrer T\u00fcr.<\/li>\n<\/ul>","protected":false},"featured_media":9992,"comment_status":"open","ping_status":"closed","template":"","meta":[],"product_brand":[],"product_cat":[402],"product_tag":[165,413,166,167,168,169,170,171],"class_list":{"0":"post-9991","1":"product","2":"type-product","3":"status-publish","4":"has-post-thumbnail","6":"product_cat-headboards","7":"product_tag-bed-headrest-pillow","8":"product_tag-buttoned-headboard","9":"product_tag-cushions-for-headboards","10":"product_tag-headboard-cover","11":"product_tag-headboard-cushion-design","12":"product_tag-headboard-cushion-wall-pillow","13":"product_tag-headboard-cushion-with-ties","14":"product_tag-tufted-headboard-cushion","16":"first","17":"instock","18":"shipping-taxable","19":"product-type-external"},"yoast_head":"<!-- This site is optimized with the Yoast SEO plugin v27.3 - https:\/\/yoast.com\/product\/yoast-seo-wordpress\/ -->\n<title>Custom Organic Cotton Tufted Headboard Cushion | Cottoned<\/title>\n<meta name=\"description\" content=\"Our tufted headboard cushion is handmade, hand-tufted and filled with organic cotton stuffing. Custom sizes available on request.\" \/>\n<meta name=\"robots\" content=\"index, follow, max-snippet:-1, max-image-preview:large, max-video-preview:-1\" \/>\n<link rel=\"canonical\" href=\"https:\/\/cottonedshop.com\/de\/shop\/getuftetes-kopfteilkissen-kleine-laschen\/\" \/>\n<meta property=\"og:locale\" content=\"de_DE\" \/>\n<meta property=\"og:type\" content=\"article\" \/>\n<meta property=\"og:title\" content=\"Custom Organic Cotton Tufted Headboard Cushion | Cottoned\" \/>\n<meta property=\"og:description\" content=\"Our tufted headboard cushion is handmade, hand-tufted and filled with organic cotton stuffing. Custom sizes available on request.\" \/>\n<meta property=\"og:url\" content=\"https:\/\/cottonedshop.com\/de\/shop\/getuftetes-kopfteilkissen-kleine-laschen\/\" \/>\n<meta property=\"og:site_name\" content=\"Cottoned Shop\" \/>\n<meta property=\"article:modified_time\" content=\"2024-06-27T16:00:16+00:00\" \/>\n<meta property=\"og:image\" content=\"https:\/\/cottonedshop.com\/wp-content\/uploads\/2022\/03\/Cottoned-Tufted-Headboard-Cushion-with-small-tabs.jpg\" \/>\n\t<meta property=\"og:image:width\" content=\"1300\" \/>\n\t<meta property=\"og:image:height\" content=\"1040\" \/>\n\t<meta property=\"og:image:type\" content=\"image\/jpeg\" \/>\n<meta name=\"twitter:card\" content=\"summary_large_image\" \/>\n<meta name=\"twitter:label1\" content=\"Gesch\u00e4tzte Lesezeit\" \/>\n\t<meta name=\"twitter:data1\" content=\"2\u00a0Minuten\" \/>\n<script type=\"application\/ld+json\" class=\"yoast-schema-graph\">{\"@context\":\"https:\\\/\\\/schema.org\",\"@graph\":[{\"@type\":\"WebPage\",\"@id\":\"https:\\\/\\\/cottonedshop.com\\\/shop\\\/tufted-headboard-cushion-small-tabs\\\/\",\"url\":\"https:\\\/\\\/cottonedshop.com\\\/shop\\\/tufted-headboard-cushion-small-tabs\\\/\",\"name\":\"Custom Organic Cotton Tufted Headboard Cushion | Cottoned\",\"isPartOf\":{\"@id\":\"https:\\\/\\\/cottonedshop.com\\\/#website\"},\"primaryImageOfPage\":{\"@id\":\"https:\\\/\\\/cottonedshop.com\\\/shop\\\/tufted-headboard-cushion-small-tabs\\\/#primaryimage\"},\"image\":{\"@id\":\"https:\\\/\\\/cottonedshop.com\\\/shop\\\/tufted-headboard-cushion-small-tabs\\\/#primaryimage\"},\"thumbnailUrl\":\"https:\\\/\\\/cottonedshop.com\\\/wp-content\\\/uploads\\\/2022\\\/03\\\/Cottoned-Tufted-Headboard-Cushion-with-small-tabs.jpg\",\"datePublished\":\"2022-03-26T18:40:55+00:00\",\"dateModified\":\"2024-06-27T16:00:16+00:00\",\"description\":\"Our tufted headboard cushion is handmade, hand-tufted and filled with organic cotton stuffing. Custom sizes available on request.\",\"breadcrumb\":{\"@id\":\"https:\\\/\\\/cottonedshop.com\\\/shop\\\/tufted-headboard-cushion-small-tabs\\\/#breadcrumb\"},\"inLanguage\":\"de\",\"potentialAction\":[{\"@type\":\"ReadAction\",\"target\":[\"https:\\\/\\\/cottonedshop.com\\\/shop\\\/tufted-headboard-cushion-small-tabs\\\/\"]}]},{\"@type\":\"ImageObject\",\"inLanguage\":\"de\",\"@id\":\"https:\\\/\\\/cottonedshop.com\\\/shop\\\/tufted-headboard-cushion-small-tabs\\\/#primaryimage\",\"url\":\"https:\\\/\\\/cottonedshop.com\\\/wp-content\\\/uploads\\\/2022\\\/03\\\/Cottoned-Tufted-Headboard-Cushion-with-small-tabs.jpg\",\"contentUrl\":\"https:\\\/\\\/cottonedshop.com\\\/wp-content\\\/uploads\\\/2022\\\/03\\\/Cottoned-Tufted-Headboard-Cushion-with-small-tabs.jpg\",\"width\":1300,\"height\":1040},{\"@type\":\"BreadcrumbList\",\"@id\":\"https:\\\/\\\/cottonedshop.com\\\/shop\\\/tufted-headboard-cushion-small-tabs\\\/#breadcrumb\",\"itemListElement\":[{\"@type\":\"ListItem\",\"position\":1,\"name\":\"Home\",\"item\":\"https:\\\/\\\/cottonedshop.com\\\/\"},{\"@type\":\"ListItem\",\"position\":2,\"name\":\"Shop\",\"item\":\"https:\\\/\\\/cottonedshop.com\\\/shop\\\/\"},{\"@type\":\"ListItem\",\"position\":3,\"name\":\"Custom Organic Cotton Tufted Headboard Cushion\"}]},{\"@type\":\"WebSite\",\"@id\":\"https:\\\/\\\/cottonedshop.com\\\/#website\",\"url\":\"https:\\\/\\\/cottonedshop.com\\\/\",\"name\":\"Cottoned Shop\",\"description\":\"\",\"publisher\":{\"@id\":\"https:\\\/\\\/cottonedshop.com\\\/#organization\"},\"potentialAction\":[{\"@type\":\"SearchAction\",\"target\":{\"@type\":\"EntryPoint\",\"urlTemplate\":\"https:\\\/\\\/cottonedshop.com\\\/?s={search_term_string}\"},\"query-input\":{\"@type\":\"PropertyValueSpecification\",\"valueRequired\":true,\"valueName\":\"search_term_string\"}}],\"inLanguage\":\"de\"},{\"@type\":\"Organization\",\"@id\":\"https:\\\/\\\/cottonedshop.com\\\/#organization\",\"name\":\"Cottoned\",\"url\":\"https:\\\/\\\/cottonedshop.com\\\/\",\"logo\":{\"@type\":\"ImageObject\",\"inLanguage\":\"de\",\"@id\":\"https:\\\/\\\/cottonedshop.com\\\/#\\\/schema\\\/logo\\\/image\\\/\",\"url\":\"https:\\\/\\\/cottonedshop.com\\\/wp-content\\\/uploads\\\/2021\\\/02\\\/cottoned-logo-large.png\",\"contentUrl\":\"https:\\\/\\\/cottonedshop.com\\\/wp-content\\\/uploads\\\/2021\\\/02\\\/cottoned-logo-large.png\",\"width\":1548,\"height\":1548,\"caption\":\"Cottoned\"},\"image\":{\"@id\":\"https:\\\/\\\/cottonedshop.com\\\/#\\\/schema\\\/logo\\\/image\\\/\"}}]}<\/script>\n<!-- \/ Yoast SEO plugin. -->","yoast_head_json":{"title":"Benutzerdefinierte Bio-Baumwolle getuftet Kopfteil Kissen | Cottoned","description":"Unser getuftetes Kopfteilkissen ist handgefertigt, handgetuftet und mit Bio-Baumwollf\u00fcllung gef\u00fcllt. Individuelle Gr\u00f6\u00dfen sind auf Anfrage erh\u00e4ltlich.","robots":{"index":"index","follow":"follow","max-snippet":"max-snippet:-1","max-image-preview":"max-image-preview:large","max-video-preview":"max-video-preview:-1"},"canonical":"https:\/\/cottonedshop.com\/de\/shop\/getuftetes-kopfteilkissen-kleine-laschen\/","og_locale":"de_DE","og_type":"article","og_title":"Custom Organic Cotton Tufted Headboard Cushion | Cottoned","og_description":"Our tufted headboard cushion is handmade, hand-tufted and filled with organic cotton stuffing. Custom sizes available on request.","og_url":"https:\/\/cottonedshop.com\/de\/shop\/getuftetes-kopfteilkissen-kleine-laschen\/","og_site_name":"Cottoned Shop","article_modified_time":"2024-06-27T16:00:16+00:00","og_image":[{"width":1300,"height":1040,"url":"https:\/\/cottonedshop.com\/wp-content\/uploads\/2022\/03\/Cottoned-Tufted-Headboard-Cushion-with-small-tabs.jpg","type":"image\/jpeg"}],"twitter_card":"summary_large_image","twitter_misc":{"Gesch\u00e4tzte Lesezeit":"2\u00a0Minuten"},"schema":{"@context":"https:\/\/schema.org","@graph":[{"@type":"WebPage","@id":"https:\/\/cottonedshop.com\/shop\/tufted-headboard-cushion-small-tabs\/","url":"https:\/\/cottonedshop.com\/shop\/tufted-headboard-cushion-small-tabs\/","name":"Benutzerdefinierte Bio-Baumwolle getuftet Kopfteil Kissen | Cottoned","isPartOf":{"@id":"https:\/\/cottonedshop.com\/#website"},"primaryImageOfPage":{"@id":"https:\/\/cottonedshop.com\/shop\/tufted-headboard-cushion-small-tabs\/#primaryimage"},"image":{"@id":"https:\/\/cottonedshop.com\/shop\/tufted-headboard-cushion-small-tabs\/#primaryimage"},"thumbnailUrl":"https:\/\/cottonedshop.com\/wp-content\/uploads\/2022\/03\/Cottoned-Tufted-Headboard-Cushion-with-small-tabs.jpg","datePublished":"2022-03-26T18:40:55+00:00","dateModified":"2024-06-27T16:00:16+00:00","description":"Unser getuftetes Kopfteilkissen ist handgefertigt, handgetuftet und mit Bio-Baumwollf\u00fcllung gef\u00fcllt. Individuelle Gr\u00f6\u00dfen sind auf Anfrage erh\u00e4ltlich.","breadcrumb":{"@id":"https:\/\/cottonedshop.com\/shop\/tufted-headboard-cushion-small-tabs\/#breadcrumb"},"inLanguage":"de","potentialAction":[{"@type":"ReadAction","target":["https:\/\/cottonedshop.com\/shop\/tufted-headboard-cushion-small-tabs\/"]}]},{"@type":"ImageObject","inLanguage":"de","@id":"https:\/\/cottonedshop.com\/shop\/tufted-headboard-cushion-small-tabs\/#primaryimage","url":"https:\/\/cottonedshop.com\/wp-content\/uploads\/2022\/03\/Cottoned-Tufted-Headboard-Cushion-with-small-tabs.jpg","contentUrl":"https:\/\/cottonedshop.com\/wp-content\/uploads\/2022\/03\/Cottoned-Tufted-Headboard-Cushion-with-small-tabs.jpg","width":1300,"height":1040},{"@type":"BreadcrumbList","@id":"https:\/\/cottonedshop.com\/shop\/tufted-headboard-cushion-small-tabs\/#breadcrumb","itemListElement":[{"@type":"ListItem","position":1,"name":"Home","item":"https:\/\/cottonedshop.com\/"},{"@type":"ListItem","position":2,"name":"Shop","item":"https:\/\/cottonedshop.com\/shop\/"},{"@type":"ListItem","position":3,"name":"Custom Organic Cotton Tufted Headboard Cushion"}]},{"@type":"WebSite","@id":"https:\/\/cottonedshop.com\/#website","url":"https:\/\/cottonedshop.com\/","name":"Cottoned Shop","description":"","publisher":{"@id":"https:\/\/cottonedshop.com\/#organization"},"potentialAction":[{"@type":"SearchAction","target":{"@type":"EntryPoint","urlTemplate":"https:\/\/cottonedshop.com\/?s={search_term_string}"},"query-input":{"@type":"PropertyValueSpecification","valueRequired":true,"valueName":"search_term_string"}}],"inLanguage":"de"},{"@type":"Organization","@id":"https:\/\/cottonedshop.com\/#organization","name":"Baumwollstoff","url":"https:\/\/cottonedshop.com\/","logo":{"@type":"ImageObject","inLanguage":"de","@id":"https:\/\/cottonedshop.com\/#\/schema\/logo\/image\/","url":"https:\/\/cottonedshop.com\/wp-content\/uploads\/2021\/02\/cottoned-logo-large.png","contentUrl":"https:\/\/cottonedshop.com\/wp-content\/uploads\/2021\/02\/cottoned-logo-large.png","width":1548,"height":1548,"caption":"Cottoned"},"image":{"@id":"https:\/\/cottonedshop.com\/#\/schema\/logo\/image\/"}}]}},"_links":{"self":[{"href":"https:\/\/cottonedshop.com\/de\/wp-json\/wp\/v2\/product\/9991","targetHints":{"allow":["GET"]}}],"collection":[{"href":"https:\/\/cottonedshop.com\/de\/wp-json\/wp\/v2\/product"}],"about":[{"href":"https:\/\/cottonedshop.com\/de\/wp-json\/wp\/v2\/types\/product"}],"replies":[{"embeddable":true,"href":"https:\/\/cottonedshop.com\/de\/wp-json\/wp\/v2\/comments?post=9991"}],"wp:featuredmedia":[{"embeddable":true,"href":"https:\/\/cottonedshop.com\/de\/wp-json\/wp\/v2\/media\/9992"}],"wp:attachment":[{"href":"https:\/\/cottonedshop.com\/de\/wp-json\/wp\/v2\/media?parent=9991"}],"wp:term":[{"taxonomy":"product_brand","embeddable":true,"href":"https:\/\/cottonedshop.com\/de\/wp-json\/wp\/v2\/product_brand?post=9991"},{"taxonomy":"product_cat","embeddable":true,"href":"https:\/\/cottonedshop.com\/de\/wp-json\/wp\/v2\/product_cat?post=9991"},{"taxonomy":"product_tag","embeddable":true,"href":"https:\/\/cottonedshop.com\/de\/wp-json\/wp\/v2\/product_tag?post=9991"}],"curies":[{"name":"wp","href":"https:\/\/api.w.org\/{rel}","templated":true}]}}