{"id":9096,"date":"2022-02-23T21:53:11","date_gmt":"2022-02-23T19:53:11","guid":{"rendered":"https:\/\/cottonedshop.com\/?post_type=product&#038;p=9096"},"modified":"2025-02-24T16:08:52","modified_gmt":"2025-02-24T14:08:52","slug":"papasan-kissen","status":"publish","type":"product","link":"https:\/\/cottonedshop.com\/de\/shop\/papasan-cushion\/","title":{"rendered":"Individuelles Papasan-Kissen aus Bio-Baumwolle"},"content":{"rendered":"<div class=\"wpb-content-wrapper\"><div  class=\"sec_row container\"><div class=\"vc_row wpb_row vc_row-fluid\"><div class=\"wpb_column vc_column_container vc_col-sm-12 et-dark-column\"><div class=\"vc_column-inner\"><div class=\"wpb_wrapper\"><div class=\"vc_tta-container\" data-vc-action=\"collapseAll\"><div class=\"vc_general vc_tta vc_tta-accordion vc_tta-o-shape-group vc_tta-controls-align-default vc_tta-o-all-clickable\"><div class=\"vc_tta-panels-container\"><div class=\"vc_tta-panels\"><div class=\"vc_tta-panel\" id=\"1686643049130-82ec4ae9-c397\" data-vc-content=\".vc_tta-panel-body\"><div class=\"vc_tta-panel-heading\"><h4 class=\"vc_tta-panel-title vc_tta-controls-icon-position-left\"><a href=\"#1686643049130-82ec4ae9-c397\" data-vc-accordion data-vc-container=\".vc_tta-container\"><span class=\"vc_tta-title-text\">PFLEGEHINWEISE<\/span><i class=\"vc_tta-controls-icon vc_tta-controls-icon-chevron\"><\/i><\/a><\/h4><\/div><div class=\"vc_tta-panel-body\">\n\t<div class=\"wpb_text_column wpb_content_element\" >\n\t\t<div class=\"wpb_wrapper\">\n\t\t\t<p>Der \u00e4u\u00dfere Bezug ist in der Maschine im Schonwaschgang mit einem milden Waschmittel waschbar. Schlie\u00dfen Sie den Rei\u00dfverschluss zum Waschen.<\/p>\n\n\t\t<\/div>\n\t<\/div>\n<\/div><\/div><\/div><\/div><\/div><\/div>\n\t<div class=\"wpb_text_column wpb_content_element\" >\n\t\t<div class=\"wpb_wrapper\">\n\t\t\t<p><strong>WICHTIG<\/strong><br \/>\n* Dieses Angebot gilt nur f\u00fcr das Papasan Stuhlkissen.<br \/>\n* Mit Baumwolle gef\u00fcllte Artikel unterliegen einer gewissen Kompression.<br \/>\n* Handgefertigtes Produkt, kleine Abweichungen in den Abmessungen sind m\u00f6glich.<\/p>\n<p>&nbsp;<\/p>\n<h3 style=\"text-align: center;\">\u00c4hnliche Produkte<\/h3>\n<p style=\"text-align: left;\">\n\n\t\t<\/div>\n\t<\/div>\n<div class=\"vc_row wpb_row vc_inner vc_row-fluid max_width\"><div class=\"wpb_column vc_column_container vc_col-sm-4 et-dark-column\"><div class=\"vc_column-inner\"><div class=\"wpb_wrapper\">\n\t<div  class=\"wpb_single_image wpb_content_element vc_align_left wpb_content_element\">\n\t\t\n\t\t<figure class=\"wpb_wrapper vc_figure\">\n\t\t\t<a href=\"https:\/\/cottonedshop.com\/shop\/throw-pillow\/\" target=\"_self\" class=\"vc_single_image-wrapper   vc_box_border_grey\"><img decoding=\"async\" width=\"1024\" height=\"819\" data-src=\"https:\/\/cottonedshop.com\/wp-content\/uploads\/2018\/04\/Cottoned-throw-pillow-with-velvet-cover-and-organic-cotton-filling-1024x819.jpg\" class=\"vc_single_image-img attachment-large lazyload\" alt=\"Baumwollstoffkissen mit Samtbezug und F\u00fcllung aus Bio-Baumwolle\" title=\"Baumwollstoffkissen mit Samtbezug und F\u00fcllung aus Bio-Baumwolle\" data-srcset=\"https:\/\/cottonedshop.com\/wp-content\/uploads\/2018\/04\/Cottoned-throw-pillow-with-velvet-cover-and-organic-cotton-filling-1024x819.jpg 1024w, https:\/\/cottonedshop.com\/wp-content\/uploads\/2018\/04\/Cottoned-throw-pillow-with-velvet-cover-and-organic-cotton-filling-600x480.jpg 600w, https:\/\/cottonedshop.com\/wp-content\/uploads\/2018\/04\/Cottoned-throw-pillow-with-velvet-cover-and-organic-cotton-filling-900x720.jpg 900w, https:\/\/cottonedshop.com\/wp-content\/uploads\/2018\/04\/Cottoned-throw-pillow-with-velvet-cover-and-organic-cotton-filling-300x240.jpg 300w, https:\/\/cottonedshop.com\/wp-content\/uploads\/2018\/04\/Cottoned-throw-pillow-with-velvet-cover-and-organic-cotton-filling-768x614.jpg 768w, https:\/\/cottonedshop.com\/wp-content\/uploads\/2018\/04\/Cottoned-throw-pillow-with-velvet-cover-and-organic-cotton-filling-150x120.jpg 150w, https:\/\/cottonedshop.com\/wp-content\/uploads\/2018\/04\/Cottoned-throw-pillow-with-velvet-cover-and-organic-cotton-filling.jpg 1300w\" data-sizes=\"(max-width: 1024px) 100vw, 1024px\" src=\"data:image\/svg+xml;base64,PHN2ZyB3aWR0aD0iMSIgaGVpZ2h0PSIxIiB4bWxucz0iaHR0cDovL3d3dy53My5vcmcvMjAwMC9zdmciPjwvc3ZnPg==\" style=\"--smush-placeholder-width: 1024px; --smush-placeholder-aspect-ratio: 1024\/819;\" \/><\/a>\n\t\t<\/figure>\n\t<\/div>\n\n\t<div class=\"wpb_text_column wpb_content_element\" >\n\t\t<div class=\"wpb_wrapper\">\n\t\t\t<p style=\"text-align: center;\"><a href=\"https:\/\/cottonedshop.com\/shop\/throw-pillow\/\">Individuelles Bio-Baumwollwurf-Kissen<\/a><\/p>\n\n\t\t<\/div>\n\t<\/div>\n<\/div><\/div><\/div><div class=\"wpb_column vc_column_container vc_col-sm-4 et-dark-column\"><div class=\"vc_column-inner\"><div class=\"wpb_wrapper\">\n\t<div  class=\"wpb_single_image wpb_content_element vc_align_center wpb_content_element\">\n\t\t\n\t\t<figure class=\"wpb_wrapper vc_figure\">\n\t\t\t<a href=\"https:\/\/cottonedshop.com\/shop\/tufted-round-pouf\/\" target=\"_self\" class=\"vc_single_image-wrapper   vc_box_border_grey\"><img decoding=\"async\" width=\"1024\" height=\"819\" data-src=\"https:\/\/cottonedshop.com\/wp-content\/uploads\/2021\/10\/Cottoned-Tufted-Round-Pouf-Table-1024x819.jpg\" class=\"vc_single_image-img attachment-large lazyload\" alt=\"Runder Pouf-Tisch mit Baumwolltufting\" title=\"Runder Pouf-Tisch mit Baumwolltufting\" data-srcset=\"https:\/\/cottonedshop.com\/wp-content\/uploads\/2021\/10\/Cottoned-Tufted-Round-Pouf-Table-1024x819.jpg 1024w, https:\/\/cottonedshop.com\/wp-content\/uploads\/2021\/10\/Cottoned-Tufted-Round-Pouf-Table-600x480.jpg 600w, https:\/\/cottonedshop.com\/wp-content\/uploads\/2021\/10\/Cottoned-Tufted-Round-Pouf-Table-900x720.jpg 900w, https:\/\/cottonedshop.com\/wp-content\/uploads\/2021\/10\/Cottoned-Tufted-Round-Pouf-Table-300x240.jpg 300w, https:\/\/cottonedshop.com\/wp-content\/uploads\/2021\/10\/Cottoned-Tufted-Round-Pouf-Table-768x614.jpg 768w, https:\/\/cottonedshop.com\/wp-content\/uploads\/2021\/10\/Cottoned-Tufted-Round-Pouf-Table-150x120.jpg 150w, https:\/\/cottonedshop.com\/wp-content\/uploads\/2021\/10\/Cottoned-Tufted-Round-Pouf-Table.jpg 1300w\" data-sizes=\"(max-width: 1024px) 100vw, 1024px\" src=\"data:image\/svg+xml;base64,PHN2ZyB3aWR0aD0iMSIgaGVpZ2h0PSIxIiB4bWxucz0iaHR0cDovL3d3dy53My5vcmcvMjAwMC9zdmciPjwvc3ZnPg==\" style=\"--smush-placeholder-width: 1024px; --smush-placeholder-aspect-ratio: 1024\/819;\" \/><\/a>\n\t\t<\/figure>\n\t<\/div>\n\n\t<div class=\"wpb_text_column wpb_content_element\" >\n\t\t<div class=\"wpb_wrapper\">\n\t\t\t<p style=\"text-align: center;\"><a href=\"https:\/\/cottonedshop.com\/shop\/tufted-round-pouf\/\">Benutzerdefinierte Bio-Baumwolle getuftet Runde Pouf Tisch<\/a><\/p>\n\n\t\t<\/div>\n\t<\/div>\n<\/div><\/div><\/div><div class=\"wpb_column vc_column_container vc_col-sm-4 et-dark-column\"><div class=\"vc_column-inner\"><div class=\"wpb_wrapper\">\n\t<div  class=\"wpb_single_image wpb_content_element vc_align_center wpb_content_element\">\n\t\t\n\t\t<figure class=\"wpb_wrapper vc_figure\">\n\t\t\t<a href=\"https:\/\/cottonedshop.com\/shop\/custom-seat-cushion\/\" target=\"_self\" class=\"vc_single_image-wrapper   vc_box_border_grey\"><img decoding=\"async\" width=\"500\" height=\"400\" data-src=\"https:\/\/cottonedshop.com\/wp-content\/uploads\/2022\/03\/Cottoned-Custom-seat-cushion-with-removable-cover.jpg\" class=\"vc_single_image-img attachment-large lazyload\" alt=\"Cottoned Custom Sitzkissen mit abnehmbarem Bezug\" title=\"Cottoned Custom Sitzkissen mit abnehmbarem Bezug\" data-srcset=\"https:\/\/cottonedshop.com\/wp-content\/uploads\/2022\/03\/Cottoned-Custom-seat-cushion-with-removable-cover.jpg 500w, https:\/\/cottonedshop.com\/wp-content\/uploads\/2022\/03\/Cottoned-Custom-seat-cushion-with-removable-cover-300x240.jpg 300w, https:\/\/cottonedshop.com\/wp-content\/uploads\/2022\/03\/Cottoned-Custom-seat-cushion-with-removable-cover-150x120.jpg 150w\" data-sizes=\"(max-width: 500px) 100vw, 500px\" src=\"data:image\/svg+xml;base64,PHN2ZyB3aWR0aD0iMSIgaGVpZ2h0PSIxIiB4bWxucz0iaHR0cDovL3d3dy53My5vcmcvMjAwMC9zdmciPjwvc3ZnPg==\" style=\"--smush-placeholder-width: 500px; --smush-placeholder-aspect-ratio: 500\/400;\" \/><\/a>\n\t\t<\/figure>\n\t<\/div>\n\n\t<div class=\"wpb_text_column wpb_content_element\" >\n\t\t<div class=\"wpb_wrapper\">\n\t\t\t<p style=\"text-align: center;\"><a href=\"https:\/\/cottonedshop.com\/shop\/custom-seat-cushion\/\">Individuelles Sitzkissen aus Bio-Baumwolle mit abnehmbarem Bezug<\/a><\/p>\n<p style=\"text-align: left;\">\n\n\t\t<\/div>\n\t<\/div>\n<\/div><\/div><\/div><\/div><\/div><\/div><\/div><\/div><\/div>\n<\/div>","protected":false},"excerpt":{"rendered":"<p style=\"text-align: left;\">[et_button title=\"Configure &amp; Buy\" style=\"solid rounded\" color=\"custom\" align=\"center\" color_custom=\"#F07D7D\" text_color_custom=\"#ffffff\" link=\"url:%23configurator\"]<\/p>\n<p style=\"text-align: left;\">Elevate your lounging experience with our <strong>bespoke cotton-filled Papasan cushion<\/strong>. <strong>Custom-crafted<\/strong> with <strong>high-quality, durable materials<\/strong> and the <strong>purest organic cotton filling<\/strong> inside. Ready to fit your space, your way.<\/p>\n<p style=\"text-align: left;\"><strong>Hypoallergenic, extremely breathable, eco-friendly<\/strong>, and <strong>toxic-free<\/strong> our Papasan cushions have a lot to offer. Choose from a <strong>wide variety of fabrics and colors<\/strong> to create a Papasan cushion that compliments your lounge area and reflects your unique taste.<\/p>\n<ul style=\"text-align: left;\">\n<li style=\"text-align: left;\">100% <strong>organic cotton<\/strong> filling inside.<\/li>\n<li style=\"text-align: left;\"><strong>Made-to-order<\/strong> to fit your preferences.<\/li>\n<li style=\"text-align: left;\"><strong>Natural alternative<\/strong> to foam cushions.<\/li>\n<li style=\"text-align: left;\"><strong>Limit<\/strong> exposure to <strong>dangerous VOCs<\/strong> in your home.<\/li>\n<li style=\"text-align: left;\">Complimentary<strong> mending kit<\/strong> included.<\/li>\n<li id=\"configurator\" style=\"text-align: left;\">All <strong>taxes<\/strong> and <strong>duties<\/strong> are <strong>included<\/strong>.<\/li>\n<\/ul>\n<p style=\"text-align: left;\">[vc_tta_accordion c_icon=\"chevron\" active_section=\"0\" collapsible_all=\"true\"][vc_tta_section title=\"FEATURES\" tab_id=\"1686642979614-7864c26c-c933\"][vc_column_text]<\/p>\n<ul style=\"text-align: left;\">\n<li style=\"text-align: left;\">Complimentary mending kit included for each cotton-filled item.<\/li>\n<li style=\"text-align: left;\">Zipper &#8211; diagonally on one side for the non-tufted or along half of the edge on the tufted design.<\/li>\n<li style=\"text-align: left;\">Insert made of 100% Organic cotton fabric.<\/li>\n<\/ul>\n<p style=\"text-align: left;\">[\/vc_column_text][\/vc_tta_section][\/vc_tta_accordion]<\/p>\n","protected":false},"featured_media":819,"comment_status":"open","ping_status":"closed","template":"","meta":[],"product_brand":[],"product_cat":[29],"product_tag":[414,210,211,212,103,213,214],"class_list":{"0":"post-9096","1":"product","2":"type-product","3":"status-publish","4":"has-post-thumbnail","6":"product_cat-cushions","7":"product_tag-buttoned-cushion","8":"product_tag-moroccan-chair","9":"product_tag-natural-papasan-pad","10":"product_tag-patio-furniture","11":"product_tag-round-lounge-pillow","12":"product_tag-round-wicker-chair","13":"product_tag-scoop-swivel-chair","15":"first","16":"instock","17":"shipping-taxable","18":"purchasable","19":"product-type-simple"},"yoast_head":"<!-- This site is optimized with the Yoast SEO plugin v27.3 - https:\/\/yoast.com\/product\/yoast-seo-wordpress\/ -->\n<title>Custom Papasan Cushion | Organic Cotton Filling | GOTS<\/title>\n<meta name=\"description\" content=\"Handmade custom Papasan cushion, filled with organic cotton stuffing. Fully customizable to any size and shape you need. Safe &amp; sustainable home decor.\" \/>\n<meta name=\"robots\" content=\"index, follow, max-snippet:-1, max-image-preview:large, max-video-preview:-1\" \/>\n<link rel=\"canonical\" href=\"https:\/\/cottonedshop.com\/de\/shop\/papasan-kissen\/\" \/>\n<meta property=\"og:locale\" content=\"de_DE\" \/>\n<meta property=\"og:type\" content=\"article\" \/>\n<meta property=\"og:title\" content=\"Custom Papasan Cushion | Organic Cotton Filling | GOTS\" \/>\n<meta property=\"og:description\" content=\"Handmade custom Papasan cushion, filled with organic cotton stuffing. Fully customizable to any size and shape you need. Safe &amp; sustainable home decor.\" \/>\n<meta property=\"og:url\" content=\"https:\/\/cottonedshop.com\/de\/shop\/papasan-kissen\/\" \/>\n<meta property=\"og:site_name\" content=\"Cottoned Shop\" \/>\n<meta property=\"article:modified_time\" content=\"2025-02-24T14:08:52+00:00\" \/>\n<meta property=\"og:image\" content=\"https:\/\/cottonedshop.com\/wp-content\/uploads\/2019\/11\/Cottoned-Papasan-Chair-Cushion-with-Natural-Cotton-Stuffing-in-setting.jpg\" \/>\n\t<meta property=\"og:image:width\" content=\"1300\" \/>\n\t<meta property=\"og:image:height\" content=\"1040\" \/>\n\t<meta property=\"og:image:type\" content=\"image\/jpeg\" \/>\n<meta name=\"twitter:card\" content=\"summary_large_image\" \/>\n<meta name=\"twitter:label1\" content=\"Gesch\u00e4tzte Lesezeit\" \/>\n\t<meta name=\"twitter:data1\" content=\"2\u00a0Minuten\" \/>\n<script type=\"application\/ld+json\" class=\"yoast-schema-graph\">{\"@context\":\"https:\\\/\\\/schema.org\",\"@graph\":[{\"@type\":\"WebPage\",\"@id\":\"https:\\\/\\\/cottonedshop.com\\\/shop\\\/papasan-cushion\\\/\",\"url\":\"https:\\\/\\\/cottonedshop.com\\\/shop\\\/papasan-cushion\\\/\",\"name\":\"Custom Papasan Cushion | Organic Cotton Filling | GOTS\",\"isPartOf\":{\"@id\":\"https:\\\/\\\/cottonedshop.com\\\/#website\"},\"primaryImageOfPage\":{\"@id\":\"https:\\\/\\\/cottonedshop.com\\\/shop\\\/papasan-cushion\\\/#primaryimage\"},\"image\":{\"@id\":\"https:\\\/\\\/cottonedshop.com\\\/shop\\\/papasan-cushion\\\/#primaryimage\"},\"thumbnailUrl\":\"https:\\\/\\\/cottonedshop.com\\\/wp-content\\\/uploads\\\/2019\\\/11\\\/Cottoned-Papasan-Chair-Cushion-with-Natural-Cotton-Stuffing-in-setting.jpg\",\"datePublished\":\"2022-02-23T19:53:11+00:00\",\"dateModified\":\"2025-02-24T14:08:52+00:00\",\"description\":\"Handmade custom Papasan cushion, filled with organic cotton stuffing. Fully customizable to any size and shape you need. Safe & sustainable home decor.\",\"breadcrumb\":{\"@id\":\"https:\\\/\\\/cottonedshop.com\\\/shop\\\/papasan-cushion\\\/#breadcrumb\"},\"inLanguage\":\"de\",\"potentialAction\":[{\"@type\":\"ReadAction\",\"target\":[\"https:\\\/\\\/cottonedshop.com\\\/shop\\\/papasan-cushion\\\/\"]}]},{\"@type\":\"ImageObject\",\"inLanguage\":\"de\",\"@id\":\"https:\\\/\\\/cottonedshop.com\\\/shop\\\/papasan-cushion\\\/#primaryimage\",\"url\":\"https:\\\/\\\/cottonedshop.com\\\/wp-content\\\/uploads\\\/2019\\\/11\\\/Cottoned-Papasan-Chair-Cushion-with-Natural-Cotton-Stuffing-in-setting.jpg\",\"contentUrl\":\"https:\\\/\\\/cottonedshop.com\\\/wp-content\\\/uploads\\\/2019\\\/11\\\/Cottoned-Papasan-Chair-Cushion-with-Natural-Cotton-Stuffing-in-setting.jpg\",\"width\":1300,\"height\":1040,\"caption\":\"Cottoned-Papasan-Chair-Cushion-with-Natural-Cotton-Stuffing-in-setting\"},{\"@type\":\"BreadcrumbList\",\"@id\":\"https:\\\/\\\/cottonedshop.com\\\/shop\\\/papasan-cushion\\\/#breadcrumb\",\"itemListElement\":[{\"@type\":\"ListItem\",\"position\":1,\"name\":\"Home\",\"item\":\"https:\\\/\\\/cottonedshop.com\\\/\"},{\"@type\":\"ListItem\",\"position\":2,\"name\":\"Shop\",\"item\":\"https:\\\/\\\/cottonedshop.com\\\/shop\\\/\"},{\"@type\":\"ListItem\",\"position\":3,\"name\":\"Custom Organic Cotton Papasan Cushion\"}]},{\"@type\":\"WebSite\",\"@id\":\"https:\\\/\\\/cottonedshop.com\\\/#website\",\"url\":\"https:\\\/\\\/cottonedshop.com\\\/\",\"name\":\"Cottoned Shop\",\"description\":\"\",\"publisher\":{\"@id\":\"https:\\\/\\\/cottonedshop.com\\\/#organization\"},\"potentialAction\":[{\"@type\":\"SearchAction\",\"target\":{\"@type\":\"EntryPoint\",\"urlTemplate\":\"https:\\\/\\\/cottonedshop.com\\\/?s={search_term_string}\"},\"query-input\":{\"@type\":\"PropertyValueSpecification\",\"valueRequired\":true,\"valueName\":\"search_term_string\"}}],\"inLanguage\":\"de\"},{\"@type\":\"Organization\",\"@id\":\"https:\\\/\\\/cottonedshop.com\\\/#organization\",\"name\":\"Cottoned\",\"url\":\"https:\\\/\\\/cottonedshop.com\\\/\",\"logo\":{\"@type\":\"ImageObject\",\"inLanguage\":\"de\",\"@id\":\"https:\\\/\\\/cottonedshop.com\\\/#\\\/schema\\\/logo\\\/image\\\/\",\"url\":\"https:\\\/\\\/cottonedshop.com\\\/wp-content\\\/uploads\\\/2021\\\/02\\\/cottoned-logo-large.png\",\"contentUrl\":\"https:\\\/\\\/cottonedshop.com\\\/wp-content\\\/uploads\\\/2021\\\/02\\\/cottoned-logo-large.png\",\"width\":1548,\"height\":1548,\"caption\":\"Cottoned\"},\"image\":{\"@id\":\"https:\\\/\\\/cottonedshop.com\\\/#\\\/schema\\\/logo\\\/image\\\/\"}}]}<\/script>\n<!-- \/ Yoast SEO plugin. -->","yoast_head_json":{"title":"Custom Papasan Cushion | Organic Cotton Filling | GOTS","description":"Handmade custom Papasan cushion, filled with organic cotton stuffing. Fully customizable to any size and shape you need. Safe & sustainable home decor.","robots":{"index":"index","follow":"follow","max-snippet":"max-snippet:-1","max-image-preview":"max-image-preview:large","max-video-preview":"max-video-preview:-1"},"canonical":"https:\/\/cottonedshop.com\/de\/shop\/papasan-kissen\/","og_locale":"de_DE","og_type":"article","og_title":"Custom Papasan Cushion | Organic Cotton Filling | GOTS","og_description":"Handmade custom Papasan cushion, filled with organic cotton stuffing. Fully customizable to any size and shape you need. Safe & sustainable home decor.","og_url":"https:\/\/cottonedshop.com\/de\/shop\/papasan-kissen\/","og_site_name":"Cottoned Shop","article_modified_time":"2025-02-24T14:08:52+00:00","og_image":[{"width":1300,"height":1040,"url":"https:\/\/cottonedshop.com\/wp-content\/uploads\/2019\/11\/Cottoned-Papasan-Chair-Cushion-with-Natural-Cotton-Stuffing-in-setting.jpg","type":"image\/jpeg"}],"twitter_card":"summary_large_image","twitter_misc":{"Gesch\u00e4tzte Lesezeit":"2\u00a0Minuten"},"schema":{"@context":"https:\/\/schema.org","@graph":[{"@type":"WebPage","@id":"https:\/\/cottonedshop.com\/shop\/papasan-cushion\/","url":"https:\/\/cottonedshop.com\/shop\/papasan-cushion\/","name":"Custom Papasan Cushion | Organic Cotton Filling | GOTS","isPartOf":{"@id":"https:\/\/cottonedshop.com\/#website"},"primaryImageOfPage":{"@id":"https:\/\/cottonedshop.com\/shop\/papasan-cushion\/#primaryimage"},"image":{"@id":"https:\/\/cottonedshop.com\/shop\/papasan-cushion\/#primaryimage"},"thumbnailUrl":"https:\/\/cottonedshop.com\/wp-content\/uploads\/2019\/11\/Cottoned-Papasan-Chair-Cushion-with-Natural-Cotton-Stuffing-in-setting.jpg","datePublished":"2022-02-23T19:53:11+00:00","dateModified":"2025-02-24T14:08:52+00:00","description":"Handmade custom Papasan cushion, filled with organic cotton stuffing. Fully customizable to any size and shape you need. Safe & sustainable home decor.","breadcrumb":{"@id":"https:\/\/cottonedshop.com\/shop\/papasan-cushion\/#breadcrumb"},"inLanguage":"de","potentialAction":[{"@type":"ReadAction","target":["https:\/\/cottonedshop.com\/shop\/papasan-cushion\/"]}]},{"@type":"ImageObject","inLanguage":"de","@id":"https:\/\/cottonedshop.com\/shop\/papasan-cushion\/#primaryimage","url":"https:\/\/cottonedshop.com\/wp-content\/uploads\/2019\/11\/Cottoned-Papasan-Chair-Cushion-with-Natural-Cotton-Stuffing-in-setting.jpg","contentUrl":"https:\/\/cottonedshop.com\/wp-content\/uploads\/2019\/11\/Cottoned-Papasan-Chair-Cushion-with-Natural-Cotton-Stuffing-in-setting.jpg","width":1300,"height":1040,"caption":"Cottoned-Papasan-Chair-Cushion-with-Natural-Cotton-Stuffing-in-setting"},{"@type":"BreadcrumbList","@id":"https:\/\/cottonedshop.com\/shop\/papasan-cushion\/#breadcrumb","itemListElement":[{"@type":"ListItem","position":1,"name":"Home","item":"https:\/\/cottonedshop.com\/"},{"@type":"ListItem","position":2,"name":"Shop","item":"https:\/\/cottonedshop.com\/shop\/"},{"@type":"ListItem","position":3,"name":"Custom Organic Cotton Papasan Cushion"}]},{"@type":"WebSite","@id":"https:\/\/cottonedshop.com\/#website","url":"https:\/\/cottonedshop.com\/","name":"Cottoned Shop","description":"","publisher":{"@id":"https:\/\/cottonedshop.com\/#organization"},"potentialAction":[{"@type":"SearchAction","target":{"@type":"EntryPoint","urlTemplate":"https:\/\/cottonedshop.com\/?s={search_term_string}"},"query-input":{"@type":"PropertyValueSpecification","valueRequired":true,"valueName":"search_term_string"}}],"inLanguage":"de"},{"@type":"Organization","@id":"https:\/\/cottonedshop.com\/#organization","name":"Baumwollstoff","url":"https:\/\/cottonedshop.com\/","logo":{"@type":"ImageObject","inLanguage":"de","@id":"https:\/\/cottonedshop.com\/#\/schema\/logo\/image\/","url":"https:\/\/cottonedshop.com\/wp-content\/uploads\/2021\/02\/cottoned-logo-large.png","contentUrl":"https:\/\/cottonedshop.com\/wp-content\/uploads\/2021\/02\/cottoned-logo-large.png","width":1548,"height":1548,"caption":"Cottoned"},"image":{"@id":"https:\/\/cottonedshop.com\/#\/schema\/logo\/image\/"}}]}},"_links":{"self":[{"href":"https:\/\/cottonedshop.com\/de\/wp-json\/wp\/v2\/product\/9096","targetHints":{"allow":["GET"]}}],"collection":[{"href":"https:\/\/cottonedshop.com\/de\/wp-json\/wp\/v2\/product"}],"about":[{"href":"https:\/\/cottonedshop.com\/de\/wp-json\/wp\/v2\/types\/product"}],"replies":[{"embeddable":true,"href":"https:\/\/cottonedshop.com\/de\/wp-json\/wp\/v2\/comments?post=9096"}],"wp:featuredmedia":[{"embeddable":true,"href":"https:\/\/cottonedshop.com\/de\/wp-json\/wp\/v2\/media\/819"}],"wp:attachment":[{"href":"https:\/\/cottonedshop.com\/de\/wp-json\/wp\/v2\/media?parent=9096"}],"wp:term":[{"taxonomy":"product_brand","embeddable":true,"href":"https:\/\/cottonedshop.com\/de\/wp-json\/wp\/v2\/product_brand?post=9096"},{"taxonomy":"product_cat","embeddable":true,"href":"https:\/\/cottonedshop.com\/de\/wp-json\/wp\/v2\/product_cat?post=9096"},{"taxonomy":"product_tag","embeddable":true,"href":"https:\/\/cottonedshop.com\/de\/wp-json\/wp\/v2\/product_tag?post=9096"}],"curies":[{"name":"wp","href":"https:\/\/api.w.org\/{rel}","templated":true}]}}