{"id":2180,"date":"2020-03-04T17:44:47","date_gmt":"2020-03-04T15:44:47","guid":{"rendered":"https:\/\/cottonedshop.com\/?post_type=product&#038;p=2180"},"modified":"2025-02-06T15:21:58","modified_gmt":"2025-02-06T13:21:58","slug":"erkerfenster-kissen","status":"publish","type":"product","link":"https:\/\/cottonedshop.com\/de\/shop\/bay-window-cushion\/","title":{"rendered":"Individuelles Erkerfenster-Kissen aus Bio-Baumwolle"},"content":{"rendered":"<div class=\"wpb-content-wrapper\"><div  class=\"sec_row container\"><div class=\"vc_row wpb_row vc_row-fluid\"><div class=\"wpb_column vc_column_container vc_col-sm-12 et-dark-column\"><div class=\"vc_column-inner\"><div class=\"wpb_wrapper\">\n\t<div class=\"wpb_video_widget wpb_content_element vc_clearfix   vc_video-aspect-ratio-169 vc_video-el-width-100 vc_video-align-center\" >\n\t\t<div class=\"wpb_wrapper\">\n\t\t\t\n\t\t\t<div class=\"wpb_video_wrapper\"><iframe title=\"Handmade Tufted Cushion with Organic Cotton Filling | Cottoned\" width=\"500\" height=\"281\" data-src=\"https:\/\/www.youtube.com\/embed\/NYF9yme6H44?feature=oembed\" frameborder=\"0\" allow=\"accelerometer; autoplay; clipboard-write; encrypted-media; gyroscope; picture-in-picture; web-share\" allowfullscreen src=\"data:image\/svg+xml;base64,PHN2ZyB3aWR0aD0iMSIgaGVpZ2h0PSIxIiB4bWxucz0iaHR0cDovL3d3dy53My5vcmcvMjAwMC9zdmciPjwvc3ZnPg==\" class=\"lazyload\" data-load-mode=\"1\"><\/iframe><\/div>\n\t\t<\/div>\n\t<\/div>\n<div class=\"vc_empty_space\"   style=\"height: 20px\"><span class=\"vc_empty_space_inner\"><\/span><\/div>\n\t<div class=\"wpb_text_column wpb_content_element\" >\n\t\t<div class=\"wpb_wrapper\">\n\t\t\t<p style=\"text-align: left;\"><strong>F\u00dcLLUNG:<\/strong><\/p>\n<p style=\"text-align: left;\"><a href=\"https:\/\/cottonedshop.com\/product\/cotton-filling\/\">100% Bio-Baumwolle mit GOTS-Zertifikat<\/a><\/p>\n<p style=\"text-align: left;\"><strong>FEATURES:<\/strong><\/p>\n<ul style=\"text-align: left;\">\n<li>Zipper on one of the long sides.<\/li>\n<li>Inner lining cover: lightweight 100% cotton fabric<\/li>\n<li>F\u00fcr jeden mit Baumwolle gef\u00fcllten Artikel gibt es ein kostenloses Flickzeug.<\/li>\n<\/ul>\n<p style=\"text-align: left;\"><strong>EDGES OPTIONS:<\/strong><\/p>\n<ul style=\"text-align: left;\">\n<li>piped edges<\/li>\n<li>nicht versenkte Kanten<\/li>\n<li>mini-piped edges<\/li>\n<\/ul>\n<p style=\"text-align: left;\"><strong>TUFTS FINISHING:<\/strong><\/p>\n<ul style=\"text-align: left;\">\n<li>\u00a0Wool Yarn Bows<\/li>\n<\/ul>\n<p style=\"text-align: left;\"><strong>ZIP-OFF COVER FABRIC OPTIONS:<\/strong><\/p>\n<ul style=\"text-align: left;\">\n<li>Max Cotton (100% Cotton), \u00d6ko-Tex zertifiziert<\/li>\n<li>Canal (60% Baumwolle\/40% Polyester), \u00d6ko-Tex zertifiziert<\/li>\n<li>Mimos (50 % Baumwolle\/50% Polyester), \u00d6ko-Tex zertifiziert<\/li>\n<li>Bella (67% Baumwolle\/33% Leinen), \u00d6ko-Tex zertifiziert<\/li>\n<li>Samt (65% Baumwolle\/35% Polyester), \u00d6ko-Tex zertifiziert<\/li>\n<li>Wasser- und schmutzabweisendes Gewebe (60% Baumwolle\/40% Polyester)<\/li>\n<li>Gef\u00e4rbtes Leinen (100% Leinen), \u00d6ko-Tex zertifiziert<\/li>\n<li>100% Bio-Baumwolle, schwer, ungebleicht (GOTS zertifiziert)<\/li>\n<\/ul>\n<p style=\"text-align: left;\"><strong>PFLEGEHINWEISE<\/strong><\/p>\n<p style=\"text-align: left;\">1. In den ersten zwei Monaten w\u00f6chentlich drehen und wenden, um gleichm\u00e4\u00dfig zu komprimieren.<br \/>\n2. Nur punktuell reinigen.<\/p>\n<p style=\"text-align: left;\">* Note that tufting is what keeps the cotton filling in place and thus goes through the entire item so to take off the cover for washing you need to snip the tufts. Most times you will only need to spot clean the cover. For the rare occasions where you need to machine wash it, we have added inner lining (of a lightweight 100% cotton fabric) to more easily take out and re-stuff the cotton all at once.<\/p>\n<p style=\"text-align: left;\"><strong>WICHTIG<\/strong><\/p>\n<p style=\"text-align: left;\">* Dieses Angebot gilt nur f\u00fcr ein Kissen.<br \/>\n* Mit Baumwolle gef\u00fcllte Artikel unterliegen einer gewissen Kompression.<br \/>\n* Handgefertigter Artikel, eine kleine Abweichung der Ma\u00dfe ist m\u00f6glich.<br \/>\n* Die Tuftings gehen durch den gesamten Artikel.<\/p>\n<p style=\"text-align: left;\">Vielen Dank f\u00fcr Ihre Zeit!<\/p>\n\n\t\t<\/div>\n\t<\/div>\n\n\t<div class=\"wpb_raw_code wpb_raw_html wpb_content_element\" >\n\t\t<div class=\"wpb_wrapper\">\n\t\t\t<div class=\"klaviyo-form-SVRq2G\"><\/div>\n\t\t<\/div>\n\t<\/div>\n<\/div><\/div><\/div><\/div><\/div>\n<\/div>","protected":false},"excerpt":{"rendered":"<p style=\"text-align: left;\">Setzen Sie ein Zeichen mit einer<strong> Erkerfenster-Sitzkissen <\/strong>das Ihre Individualit\u00e4t widerspiegelt. Unser mit Sorgfalt und Liebe zum Detail handgefertigtes Sitzkissen mit Baumwollf\u00fcllung hebt das Konzept der Entspannung durch seine <strong>Konstruktion aus reiner Bio-Baumwolle,<\/strong> <strong>hochwertige <\/strong>und<strong> langlebige Materialien,<\/strong> und <strong>anpassbares Design<\/strong><strong>.<\/strong><\/p>\n<p style=\"text-align: left;\"><strong>Hypoallergen, extrem atmungsaktiv, umweltfreundlich,<\/strong> und <strong>giftfrei<\/strong><strong>!<\/strong><\/p>\n<p style=\"text-align: left;\">W\u00e4hlen Sie aus einer <strong>gro\u00dfe Auswahl an Stoffen, Farben<\/strong><strong>, <\/strong><strong>Gr\u00f6\u00dfen, Formen, Paspeln und Tufting-Optionen<\/strong> um ein Sitzkissen zu kreieren, das Ihren Erkerbereich vervollst\u00e4ndigt und Ihren einzigartigen Geschmack widerspiegelt.<\/p>\n<ul>\n<li style=\"text-align: left;\">100%\u00a0<strong>Bio-Baumwolle<\/strong>\u00a0F\u00fcllung innen.<\/li>\n<li style=\"text-align: left;\"><strong>Ma\u00dfgeschneidert <\/strong><strong>an Ihre Vorlieben anpassen.<\/strong><\/li>\n<li style=\"text-align: left;\"><strong>Nat\u00fcrliche Alternative<\/strong>\u00a0zu Schaumstoffkissen.<\/li>\n<li style=\"text-align: left;\"><strong>Grenze<\/strong>\u00a0Exposition gegen\u00fcber\u00a0<strong>gef\u00e4hrliche VOCs<\/strong>\u00a0bei Ihnen zu Hause.<\/li>\n<li style=\"text-align: left;\">Kostenloses\u00a0<strong>Flickzeug<\/strong>\u00a0enthalten.<\/li>\n<li style=\"text-align: left;\">Alle\u00a0<strong>Steuern<\/strong>\u00a0und\u00a0<strong>Aufgaben<\/strong>\u00a0sind\u00a0<strong>inklusive<\/strong>.<\/li>\n<\/ul>","protected":false},"featured_media":10059,"comment_status":"open","ping_status":"closed","template":"","meta":[],"product_brand":[],"product_cat":[29],"product_tag":[270,148,271,272,120,414,273,274,140,141,275,152,276,153,304],"class_list":{"0":"post-2180","1":"product","2":"type-product","3":"status-publish","4":"has-post-thumbnail","6":"product_cat-cushions","7":"product_tag-banquette-cushion","8":"product_tag-bay-window-seat","9":"product_tag-bench-cushion","10":"product_tag-bohemian-couch","11":"product_tag-breakfast-nook","12":"product_tag-buttoned-cushion","13":"product_tag-custom-bench-cushion","14":"product_tag-entryway-bench","15":"product_tag-french-mattress","16":"product_tag-hand-tufted-cushion","17":"product_tag-indoor-cushion","18":"product_tag-mudroom-seating-pad","19":"product_tag-nook-cushion","20":"product_tag-trapezoid-bay-window","21":"product_tag-velvet-cushion","23":"first","24":"instock","25":"shipping-taxable","26":"product-type-external"},"yoast_head":"<!-- This site is optimized with the Yoast SEO plugin v27.4 - https:\/\/yoast.com\/product\/yoast-seo-wordpress\/ -->\n<title>Custom Organic Cotton Bay Window Cushion | Cottoned Shop | Handmade Bedding &amp; Decor<\/title>\n<meta name=\"description\" content=\"Handmade and hand-tufted bay window seat cushion filled with organic cotton stuffing. We can make any size or shape on request.\" \/>\n<meta name=\"robots\" content=\"index, follow, max-snippet:-1, max-image-preview:large, max-video-preview:-1\" \/>\n<link rel=\"canonical\" href=\"https:\/\/cottonedshop.com\/de\/shop\/erkerfenster-kissen\/\" \/>\n<meta property=\"og:locale\" content=\"de_DE\" \/>\n<meta property=\"og:type\" content=\"article\" \/>\n<meta property=\"og:title\" content=\"Custom Organic Cotton Bay Window Cushion | Cottoned Shop | Handmade Bedding &amp; Decor\" \/>\n<meta property=\"og:description\" content=\"Handmade and hand-tufted bay window seat cushion filled with organic cotton stuffing. We can make any size or shape on request.\" \/>\n<meta property=\"og:url\" content=\"https:\/\/cottonedshop.com\/de\/shop\/erkerfenster-kissen\/\" \/>\n<meta property=\"og:site_name\" content=\"Cottoned Shop\" \/>\n<meta property=\"article:modified_time\" content=\"2025-02-06T13:21:58+00:00\" \/>\n<meta property=\"og:image\" content=\"https:\/\/cottonedshop.com\/wp-content\/uploads\/2020\/03\/Cottoned-tufted-trapezoid-cushion.jpg\" \/>\n\t<meta property=\"og:image:width\" content=\"1300\" \/>\n\t<meta property=\"og:image:height\" content=\"1040\" \/>\n\t<meta property=\"og:image:type\" content=\"image\/jpeg\" \/>\n<meta name=\"twitter:card\" content=\"summary_large_image\" \/>\n<meta name=\"twitter:label1\" content=\"Gesch\u00e4tzte Lesezeit\" \/>\n\t<meta name=\"twitter:data1\" content=\"2\u00a0Minuten\" \/>\n<script type=\"application\/ld+json\" class=\"yoast-schema-graph\">{\"@context\":\"https:\\\/\\\/schema.org\",\"@graph\":[{\"@type\":\"WebPage\",\"@id\":\"https:\\\/\\\/cottonedshop.com\\\/shop\\\/bay-window-cushion\\\/\",\"url\":\"https:\\\/\\\/cottonedshop.com\\\/shop\\\/bay-window-cushion\\\/\",\"name\":\"Custom Organic Cotton Bay Window Cushion | Cottoned Shop | Handmade Bedding & Decor\",\"isPartOf\":{\"@id\":\"https:\\\/\\\/cottonedshop.com\\\/#website\"},\"primaryImageOfPage\":{\"@id\":\"https:\\\/\\\/cottonedshop.com\\\/shop\\\/bay-window-cushion\\\/#primaryimage\"},\"image\":{\"@id\":\"https:\\\/\\\/cottonedshop.com\\\/shop\\\/bay-window-cushion\\\/#primaryimage\"},\"thumbnailUrl\":\"https:\\\/\\\/cottonedshop.com\\\/wp-content\\\/uploads\\\/2020\\\/03\\\/Cottoned-tufted-trapezoid-cushion.jpg\",\"datePublished\":\"2020-03-04T15:44:47+00:00\",\"dateModified\":\"2025-02-06T13:21:58+00:00\",\"description\":\"Handmade and hand-tufted bay window seat cushion filled with organic cotton stuffing. We can make any size or shape on request.\",\"breadcrumb\":{\"@id\":\"https:\\\/\\\/cottonedshop.com\\\/shop\\\/bay-window-cushion\\\/#breadcrumb\"},\"inLanguage\":\"de\",\"potentialAction\":[{\"@type\":\"ReadAction\",\"target\":[\"https:\\\/\\\/cottonedshop.com\\\/shop\\\/bay-window-cushion\\\/\"]}]},{\"@type\":\"ImageObject\",\"inLanguage\":\"de\",\"@id\":\"https:\\\/\\\/cottonedshop.com\\\/shop\\\/bay-window-cushion\\\/#primaryimage\",\"url\":\"https:\\\/\\\/cottonedshop.com\\\/wp-content\\\/uploads\\\/2020\\\/03\\\/Cottoned-tufted-trapezoid-cushion.jpg\",\"contentUrl\":\"https:\\\/\\\/cottonedshop.com\\\/wp-content\\\/uploads\\\/2020\\\/03\\\/Cottoned-tufted-trapezoid-cushion.jpg\",\"width\":1300,\"height\":1040,\"caption\":\"Cottoned tufted trapezoid cushion\"},{\"@type\":\"BreadcrumbList\",\"@id\":\"https:\\\/\\\/cottonedshop.com\\\/shop\\\/bay-window-cushion\\\/#breadcrumb\",\"itemListElement\":[{\"@type\":\"ListItem\",\"position\":1,\"name\":\"Home\",\"item\":\"https:\\\/\\\/cottonedshop.com\\\/\"},{\"@type\":\"ListItem\",\"position\":2,\"name\":\"Shop\",\"item\":\"https:\\\/\\\/cottonedshop.com\\\/shop\\\/\"},{\"@type\":\"ListItem\",\"position\":3,\"name\":\"Custom Organic Cotton Bay Window Cushion\"}]},{\"@type\":\"WebSite\",\"@id\":\"https:\\\/\\\/cottonedshop.com\\\/#website\",\"url\":\"https:\\\/\\\/cottonedshop.com\\\/\",\"name\":\"Cottoned Shop\",\"description\":\"\",\"publisher\":{\"@id\":\"https:\\\/\\\/cottonedshop.com\\\/#organization\"},\"potentialAction\":[{\"@type\":\"SearchAction\",\"target\":{\"@type\":\"EntryPoint\",\"urlTemplate\":\"https:\\\/\\\/cottonedshop.com\\\/?s={search_term_string}\"},\"query-input\":{\"@type\":\"PropertyValueSpecification\",\"valueRequired\":true,\"valueName\":\"search_term_string\"}}],\"inLanguage\":\"de\"},{\"@type\":\"Organization\",\"@id\":\"https:\\\/\\\/cottonedshop.com\\\/#organization\",\"name\":\"Cottoned\",\"url\":\"https:\\\/\\\/cottonedshop.com\\\/\",\"logo\":{\"@type\":\"ImageObject\",\"inLanguage\":\"de\",\"@id\":\"https:\\\/\\\/cottonedshop.com\\\/#\\\/schema\\\/logo\\\/image\\\/\",\"url\":\"https:\\\/\\\/cottonedshop.com\\\/wp-content\\\/uploads\\\/2021\\\/02\\\/cottoned-logo-large.png\",\"contentUrl\":\"https:\\\/\\\/cottonedshop.com\\\/wp-content\\\/uploads\\\/2021\\\/02\\\/cottoned-logo-large.png\",\"width\":1548,\"height\":1548,\"caption\":\"Cottoned\"},\"image\":{\"@id\":\"https:\\\/\\\/cottonedshop.com\\\/#\\\/schema\\\/logo\\\/image\\\/\"}}]}<\/script>\n<!-- \/ Yoast SEO plugin. -->","yoast_head_json":{"title":"Custom Organic Cotton Bay Window Cushion | Cottoned Shop | Handmade Bedding & Decor","description":"Handmade and hand-tufted bay window seat cushion filled with organic cotton stuffing. We can make any size or shape on request.","robots":{"index":"index","follow":"follow","max-snippet":"max-snippet:-1","max-image-preview":"max-image-preview:large","max-video-preview":"max-video-preview:-1"},"canonical":"https:\/\/cottonedshop.com\/de\/shop\/erkerfenster-kissen\/","og_locale":"de_DE","og_type":"article","og_title":"Custom Organic Cotton Bay Window Cushion | Cottoned Shop | Handmade Bedding & Decor","og_description":"Handmade and hand-tufted bay window seat cushion filled with organic cotton stuffing. We can make any size or shape on request.","og_url":"https:\/\/cottonedshop.com\/de\/shop\/erkerfenster-kissen\/","og_site_name":"Cottoned Shop","article_modified_time":"2025-02-06T13:21:58+00:00","og_image":[{"width":1300,"height":1040,"url":"https:\/\/cottonedshop.com\/wp-content\/uploads\/2020\/03\/Cottoned-tufted-trapezoid-cushion.jpg","type":"image\/jpeg"}],"twitter_card":"summary_large_image","twitter_misc":{"Gesch\u00e4tzte Lesezeit":"2\u00a0Minuten"},"schema":{"@context":"https:\/\/schema.org","@graph":[{"@type":"WebPage","@id":"https:\/\/cottonedshop.com\/shop\/bay-window-cushion\/","url":"https:\/\/cottonedshop.com\/shop\/bay-window-cushion\/","name":"Custom Organic Cotton Bay Window Cushion | Cottoned Shop | Handmade Bedding & Decor","isPartOf":{"@id":"https:\/\/cottonedshop.com\/#website"},"primaryImageOfPage":{"@id":"https:\/\/cottonedshop.com\/shop\/bay-window-cushion\/#primaryimage"},"image":{"@id":"https:\/\/cottonedshop.com\/shop\/bay-window-cushion\/#primaryimage"},"thumbnailUrl":"https:\/\/cottonedshop.com\/wp-content\/uploads\/2020\/03\/Cottoned-tufted-trapezoid-cushion.jpg","datePublished":"2020-03-04T15:44:47+00:00","dateModified":"2025-02-06T13:21:58+00:00","description":"Handmade and hand-tufted bay window seat cushion filled with organic cotton stuffing. We can make any size or shape on request.","breadcrumb":{"@id":"https:\/\/cottonedshop.com\/shop\/bay-window-cushion\/#breadcrumb"},"inLanguage":"de","potentialAction":[{"@type":"ReadAction","target":["https:\/\/cottonedshop.com\/shop\/bay-window-cushion\/"]}]},{"@type":"ImageObject","inLanguage":"de","@id":"https:\/\/cottonedshop.com\/shop\/bay-window-cushion\/#primaryimage","url":"https:\/\/cottonedshop.com\/wp-content\/uploads\/2020\/03\/Cottoned-tufted-trapezoid-cushion.jpg","contentUrl":"https:\/\/cottonedshop.com\/wp-content\/uploads\/2020\/03\/Cottoned-tufted-trapezoid-cushion.jpg","width":1300,"height":1040,"caption":"Cottoned tufted trapezoid cushion"},{"@type":"BreadcrumbList","@id":"https:\/\/cottonedshop.com\/shop\/bay-window-cushion\/#breadcrumb","itemListElement":[{"@type":"ListItem","position":1,"name":"Home","item":"https:\/\/cottonedshop.com\/"},{"@type":"ListItem","position":2,"name":"Shop","item":"https:\/\/cottonedshop.com\/shop\/"},{"@type":"ListItem","position":3,"name":"Custom Organic Cotton Bay Window Cushion"}]},{"@type":"WebSite","@id":"https:\/\/cottonedshop.com\/#website","url":"https:\/\/cottonedshop.com\/","name":"Cottoned Shop","description":"","publisher":{"@id":"https:\/\/cottonedshop.com\/#organization"},"potentialAction":[{"@type":"SearchAction","target":{"@type":"EntryPoint","urlTemplate":"https:\/\/cottonedshop.com\/?s={search_term_string}"},"query-input":{"@type":"PropertyValueSpecification","valueRequired":true,"valueName":"search_term_string"}}],"inLanguage":"de"},{"@type":"Organization","@id":"https:\/\/cottonedshop.com\/#organization","name":"Baumwollstoff","url":"https:\/\/cottonedshop.com\/","logo":{"@type":"ImageObject","inLanguage":"de","@id":"https:\/\/cottonedshop.com\/#\/schema\/logo\/image\/","url":"https:\/\/cottonedshop.com\/wp-content\/uploads\/2021\/02\/cottoned-logo-large.png","contentUrl":"https:\/\/cottonedshop.com\/wp-content\/uploads\/2021\/02\/cottoned-logo-large.png","width":1548,"height":1548,"caption":"Cottoned"},"image":{"@id":"https:\/\/cottonedshop.com\/#\/schema\/logo\/image\/"}}]}},"_links":{"self":[{"href":"https:\/\/cottonedshop.com\/de\/wp-json\/wp\/v2\/product\/2180","targetHints":{"allow":["GET"]}}],"collection":[{"href":"https:\/\/cottonedshop.com\/de\/wp-json\/wp\/v2\/product"}],"about":[{"href":"https:\/\/cottonedshop.com\/de\/wp-json\/wp\/v2\/types\/product"}],"replies":[{"embeddable":true,"href":"https:\/\/cottonedshop.com\/de\/wp-json\/wp\/v2\/comments?post=2180"}],"wp:featuredmedia":[{"embeddable":true,"href":"https:\/\/cottonedshop.com\/de\/wp-json\/wp\/v2\/media\/10059"}],"wp:attachment":[{"href":"https:\/\/cottonedshop.com\/de\/wp-json\/wp\/v2\/media?parent=2180"}],"wp:term":[{"taxonomy":"product_brand","embeddable":true,"href":"https:\/\/cottonedshop.com\/de\/wp-json\/wp\/v2\/product_brand?post=2180"},{"taxonomy":"product_cat","embeddable":true,"href":"https:\/\/cottonedshop.com\/de\/wp-json\/wp\/v2\/product_cat?post=2180"},{"taxonomy":"product_tag","embeddable":true,"href":"https:\/\/cottonedshop.com\/de\/wp-json\/wp\/v2\/product_tag?post=2180"}],"curies":[{"name":"wp","href":"https:\/\/api.w.org\/{rel}","templated":true}]}}