{"id":10095,"date":"2022-04-27T12:04:50","date_gmt":"2022-04-27T09:04:50","guid":{"rendered":"https:\/\/cottonedshop.com\/?post_type=product&#038;p=10095"},"modified":"2025-02-24T15:59:10","modified_gmt":"2025-02-24T13:59:10","slug":"braunes-tufting-kissen","status":"publish","type":"product","link":"https:\/\/cottonedshop.com\/de\/shop\/brown-tufted-cushion\/","title":{"rendered":"3\u2033 Braunes Tufting-Kissen gef\u00fcllt mit Organic GOTS Cotton | 49 x 20 x 3\u2033"},"content":{"rendered":"<p>PRODUKTANGABEN<\/p>\n<p>124 x 50 x 7 cm (49 x 20 x 3\u2033)<\/p>\n<p>FEATURES:<br \/>\nRei\u00dfverschluss an einer L\u00e4ngsseite.<br \/>\nDas gesamte Kissen ist getuftet, damit die Baumwollf\u00fcllung nicht verrutscht.<\/p>\n<p>R\u00c4NDE: Mini-Paspel<\/p>\n<p>AUSF\u00dcHRUNG DER B\u00dcSCHEL: B\u00fcschel mit stoffbezogenen Kn\u00f6pfen (gleicher Stoff wie das Kissen)<\/p>\n<p>STOFF: Max Cotton - 100% Baumwolle (gef\u00e4rbt, \u00d6ko-Tex zertifiziert) 066, dunkelbraun<\/p>\n<p>GESAMTGEWICHT: 5,2 kg (11,5 lbs)<\/p>\n<p>&#8212;&#8212;&#8212;&#8212;&#8212;&#8212;&#8212;&#8212;&#8212;<\/p>\n<p>PFLEGEHINWEISE<br \/>\n- In den ersten zwei Monaten w\u00f6chentlich drehen und wenden, um gleichm\u00e4\u00dfig zu komprimieren.<br \/>\n- Nur punktuell reinigen.<\/p>\n<p>WICHTIG<br \/>\n- Mit Baumwolle gef\u00fcllte Artikel unterliegen einer gewissen Kompression.<br \/>\n- Handgefertigter Artikel, kleine Ma\u00dfabweichungen sind m\u00f6glich.<br \/>\n- Die Tuftings gehen durch den gesamten Artikel.<\/p>","protected":false},"excerpt":{"rendered":"<p><strong>Nat\u00fcrliche Alternative<\/strong> zu Schaumstoffkissen.<br \/>\n<strong>Grenze<\/strong> Exposition gegen\u00fcber <strong>gef\u00e4hrliche VOCs<\/strong> bei Ihnen zu Hause.<br \/>\n100% <strong>Bio-Baumwolle<\/strong> F\u00fcllung innen.<br \/>\nKostenloses <strong>m<\/strong><strong>Abschluss-Set<\/strong> enthalten.<br \/>\nAlle <strong>Steuern<\/strong> und <strong>Aufgaben<\/strong> sind <strong>inklusive<\/strong>.<br \/>\n<strong>Kostenlose Lieferung<\/strong> zu Ihrer T\u00fcr.<\/p>","protected":false},"featured_media":10097,"comment_status":"open","ping_status":"closed","template":"","meta":[],"product_brand":[],"product_cat":[344],"product_tag":[],"class_list":{"0":"post-10095","1":"product","2":"type-product","3":"status-publish","4":"has-post-thumbnail","6":"product_cat-sale","8":"first","9":"instock","10":"sale","11":"shipping-taxable","12":"purchasable","13":"product-type-simple"},"yoast_head":"<!-- This site is optimized with the Yoast SEO plugin v27.3 - https:\/\/yoast.com\/product\/yoast-seo-wordpress\/ -->\n<title>Brown Seat Cushion | GOTS Cotton | 20% Off | 49x20&quot;<\/title>\n<meta name=\"description\" content=\"Get 20% off this seating cushion filled with 100% organic cotton! A natural, VOC-free alternative to foam. Free shipping &amp; mending kit included. Shop now!\" \/>\n<meta name=\"robots\" content=\"index, follow, max-snippet:-1, max-image-preview:large, max-video-preview:-1\" \/>\n<link rel=\"canonical\" href=\"https:\/\/cottonedshop.com\/de\/shop\/braunes-tufting-kissen\/\" \/>\n<meta property=\"og:locale\" content=\"de_DE\" \/>\n<meta property=\"og:type\" content=\"article\" \/>\n<meta property=\"og:title\" content=\"Brown Seat Cushion | GOTS Cotton | 20% Off | 49x20&quot;\" \/>\n<meta property=\"og:description\" content=\"Get 20% off this seating cushion filled with 100% organic cotton! A natural, VOC-free alternative to foam. Free shipping &amp; mending kit included. Shop now!\" \/>\n<meta property=\"og:url\" content=\"https:\/\/cottonedshop.com\/de\/shop\/braunes-tufting-kissen\/\" \/>\n<meta property=\"og:site_name\" content=\"Cottoned Shop\" \/>\n<meta property=\"article:modified_time\" content=\"2025-02-24T13:59:10+00:00\" \/>\n<meta property=\"og:image\" content=\"https:\/\/cottonedshop.com\/wp-content\/uploads\/2022\/04\/Cottoned-Brown-Tufted-Cushion-sale.jpg\" \/>\n\t<meta property=\"og:image:width\" content=\"1200\" \/>\n\t<meta property=\"og:image:height\" content=\"960\" \/>\n\t<meta property=\"og:image:type\" content=\"image\/jpeg\" \/>\n<meta name=\"twitter:card\" content=\"summary_large_image\" \/>\n<meta name=\"twitter:label1\" content=\"Gesch\u00e4tzte Lesezeit\" \/>\n\t<meta name=\"twitter:data1\" content=\"1\u00a0Minute\" \/>\n<script type=\"application\/ld+json\" class=\"yoast-schema-graph\">{\"@context\":\"https:\\\/\\\/schema.org\",\"@graph\":[{\"@type\":\"WebPage\",\"@id\":\"https:\\\/\\\/cottonedshop.com\\\/shop\\\/brown-tufted-cushion\\\/\",\"url\":\"https:\\\/\\\/cottonedshop.com\\\/shop\\\/brown-tufted-cushion\\\/\",\"name\":\"Brown Seat Cushion | GOTS Cotton | 20% Off | 49x20\\\"\",\"isPartOf\":{\"@id\":\"https:\\\/\\\/cottonedshop.com\\\/#website\"},\"primaryImageOfPage\":{\"@id\":\"https:\\\/\\\/cottonedshop.com\\\/shop\\\/brown-tufted-cushion\\\/#primaryimage\"},\"image\":{\"@id\":\"https:\\\/\\\/cottonedshop.com\\\/shop\\\/brown-tufted-cushion\\\/#primaryimage\"},\"thumbnailUrl\":\"https:\\\/\\\/cottonedshop.com\\\/wp-content\\\/uploads\\\/2022\\\/04\\\/Cottoned-Brown-Tufted-Cushion-sale.jpg\",\"datePublished\":\"2022-04-27T09:04:50+00:00\",\"dateModified\":\"2025-02-24T13:59:10+00:00\",\"description\":\"Get 20% off this seating cushion filled with 100% organic cotton! A natural, VOC-free alternative to foam. Free shipping & mending kit included. Shop now!\",\"breadcrumb\":{\"@id\":\"https:\\\/\\\/cottonedshop.com\\\/shop\\\/brown-tufted-cushion\\\/#breadcrumb\"},\"inLanguage\":\"de\",\"potentialAction\":[{\"@type\":\"ReadAction\",\"target\":[\"https:\\\/\\\/cottonedshop.com\\\/shop\\\/brown-tufted-cushion\\\/\"]}]},{\"@type\":\"ImageObject\",\"inLanguage\":\"de\",\"@id\":\"https:\\\/\\\/cottonedshop.com\\\/shop\\\/brown-tufted-cushion\\\/#primaryimage\",\"url\":\"https:\\\/\\\/cottonedshop.com\\\/wp-content\\\/uploads\\\/2022\\\/04\\\/Cottoned-Brown-Tufted-Cushion-sale.jpg\",\"contentUrl\":\"https:\\\/\\\/cottonedshop.com\\\/wp-content\\\/uploads\\\/2022\\\/04\\\/Cottoned-Brown-Tufted-Cushion-sale.jpg\",\"width\":1200,\"height\":960,\"caption\":\"Cottoned Brown Tufted Cushion (sale)\"},{\"@type\":\"BreadcrumbList\",\"@id\":\"https:\\\/\\\/cottonedshop.com\\\/shop\\\/brown-tufted-cushion\\\/#breadcrumb\",\"itemListElement\":[{\"@type\":\"ListItem\",\"position\":1,\"name\":\"Home\",\"item\":\"https:\\\/\\\/cottonedshop.com\\\/\"},{\"@type\":\"ListItem\",\"position\":2,\"name\":\"Shop\",\"item\":\"https:\\\/\\\/cottonedshop.com\\\/shop\\\/\"},{\"@type\":\"ListItem\",\"position\":3,\"name\":\"3&#8243; Brown Tufted Cushion filled with Organic GOTS Cotton | 49 x 20 x 3&#8243;\"}]},{\"@type\":\"WebSite\",\"@id\":\"https:\\\/\\\/cottonedshop.com\\\/#website\",\"url\":\"https:\\\/\\\/cottonedshop.com\\\/\",\"name\":\"Cottoned Shop\",\"description\":\"\",\"publisher\":{\"@id\":\"https:\\\/\\\/cottonedshop.com\\\/#organization\"},\"potentialAction\":[{\"@type\":\"SearchAction\",\"target\":{\"@type\":\"EntryPoint\",\"urlTemplate\":\"https:\\\/\\\/cottonedshop.com\\\/?s={search_term_string}\"},\"query-input\":{\"@type\":\"PropertyValueSpecification\",\"valueRequired\":true,\"valueName\":\"search_term_string\"}}],\"inLanguage\":\"de\"},{\"@type\":\"Organization\",\"@id\":\"https:\\\/\\\/cottonedshop.com\\\/#organization\",\"name\":\"Cottoned\",\"url\":\"https:\\\/\\\/cottonedshop.com\\\/\",\"logo\":{\"@type\":\"ImageObject\",\"inLanguage\":\"de\",\"@id\":\"https:\\\/\\\/cottonedshop.com\\\/#\\\/schema\\\/logo\\\/image\\\/\",\"url\":\"https:\\\/\\\/cottonedshop.com\\\/wp-content\\\/uploads\\\/2021\\\/02\\\/cottoned-logo-large.png\",\"contentUrl\":\"https:\\\/\\\/cottonedshop.com\\\/wp-content\\\/uploads\\\/2021\\\/02\\\/cottoned-logo-large.png\",\"width\":1548,\"height\":1548,\"caption\":\"Cottoned\"},\"image\":{\"@id\":\"https:\\\/\\\/cottonedshop.com\\\/#\\\/schema\\\/logo\\\/image\\\/\"}}]}<\/script>\n<!-- \/ Yoast SEO plugin. -->","yoast_head_json":{"title":"Brown Seat Cushion | GOTS Cotton | 20% Off | 49x20\"","description":"Get 20% off this seating cushion filled with 100% organic cotton! A natural, VOC-free alternative to foam. Free shipping & mending kit included. Shop now!","robots":{"index":"index","follow":"follow","max-snippet":"max-snippet:-1","max-image-preview":"max-image-preview:large","max-video-preview":"max-video-preview:-1"},"canonical":"https:\/\/cottonedshop.com\/de\/shop\/braunes-tufting-kissen\/","og_locale":"de_DE","og_type":"article","og_title":"Brown Seat Cushion | GOTS Cotton | 20% Off | 49x20\"","og_description":"Get 20% off this seating cushion filled with 100% organic cotton! A natural, VOC-free alternative to foam. Free shipping & mending kit included. Shop now!","og_url":"https:\/\/cottonedshop.com\/de\/shop\/braunes-tufting-kissen\/","og_site_name":"Cottoned Shop","article_modified_time":"2025-02-24T13:59:10+00:00","og_image":[{"width":1200,"height":960,"url":"https:\/\/cottonedshop.com\/wp-content\/uploads\/2022\/04\/Cottoned-Brown-Tufted-Cushion-sale.jpg","type":"image\/jpeg"}],"twitter_card":"summary_large_image","twitter_misc":{"Gesch\u00e4tzte Lesezeit":"1\u00a0Minute"},"schema":{"@context":"https:\/\/schema.org","@graph":[{"@type":"WebPage","@id":"https:\/\/cottonedshop.com\/shop\/brown-tufted-cushion\/","url":"https:\/\/cottonedshop.com\/shop\/brown-tufted-cushion\/","name":"Brown Seat Cushion | GOTS Cotton | 20% Off | 49x20\"","isPartOf":{"@id":"https:\/\/cottonedshop.com\/#website"},"primaryImageOfPage":{"@id":"https:\/\/cottonedshop.com\/shop\/brown-tufted-cushion\/#primaryimage"},"image":{"@id":"https:\/\/cottonedshop.com\/shop\/brown-tufted-cushion\/#primaryimage"},"thumbnailUrl":"https:\/\/cottonedshop.com\/wp-content\/uploads\/2022\/04\/Cottoned-Brown-Tufted-Cushion-sale.jpg","datePublished":"2022-04-27T09:04:50+00:00","dateModified":"2025-02-24T13:59:10+00:00","description":"Get 20% off this seating cushion filled with 100% organic cotton! A natural, VOC-free alternative to foam. Free shipping & mending kit included. Shop now!","breadcrumb":{"@id":"https:\/\/cottonedshop.com\/shop\/brown-tufted-cushion\/#breadcrumb"},"inLanguage":"de","potentialAction":[{"@type":"ReadAction","target":["https:\/\/cottonedshop.com\/shop\/brown-tufted-cushion\/"]}]},{"@type":"ImageObject","inLanguage":"de","@id":"https:\/\/cottonedshop.com\/shop\/brown-tufted-cushion\/#primaryimage","url":"https:\/\/cottonedshop.com\/wp-content\/uploads\/2022\/04\/Cottoned-Brown-Tufted-Cushion-sale.jpg","contentUrl":"https:\/\/cottonedshop.com\/wp-content\/uploads\/2022\/04\/Cottoned-Brown-Tufted-Cushion-sale.jpg","width":1200,"height":960,"caption":"Cottoned Brown Tufted Cushion (sale)"},{"@type":"BreadcrumbList","@id":"https:\/\/cottonedshop.com\/shop\/brown-tufted-cushion\/#breadcrumb","itemListElement":[{"@type":"ListItem","position":1,"name":"Home","item":"https:\/\/cottonedshop.com\/"},{"@type":"ListItem","position":2,"name":"Shop","item":"https:\/\/cottonedshop.com\/shop\/"},{"@type":"ListItem","position":3,"name":"3&#8243; Brown Tufted Cushion filled with Organic GOTS Cotton | 49 x 20 x 3&#8243;"}]},{"@type":"WebSite","@id":"https:\/\/cottonedshop.com\/#website","url":"https:\/\/cottonedshop.com\/","name":"Cottoned Shop","description":"","publisher":{"@id":"https:\/\/cottonedshop.com\/#organization"},"potentialAction":[{"@type":"SearchAction","target":{"@type":"EntryPoint","urlTemplate":"https:\/\/cottonedshop.com\/?s={search_term_string}"},"query-input":{"@type":"PropertyValueSpecification","valueRequired":true,"valueName":"search_term_string"}}],"inLanguage":"de"},{"@type":"Organization","@id":"https:\/\/cottonedshop.com\/#organization","name":"Baumwollstoff","url":"https:\/\/cottonedshop.com\/","logo":{"@type":"ImageObject","inLanguage":"de","@id":"https:\/\/cottonedshop.com\/#\/schema\/logo\/image\/","url":"https:\/\/cottonedshop.com\/wp-content\/uploads\/2021\/02\/cottoned-logo-large.png","contentUrl":"https:\/\/cottonedshop.com\/wp-content\/uploads\/2021\/02\/cottoned-logo-large.png","width":1548,"height":1548,"caption":"Cottoned"},"image":{"@id":"https:\/\/cottonedshop.com\/#\/schema\/logo\/image\/"}}]}},"_links":{"self":[{"href":"https:\/\/cottonedshop.com\/de\/wp-json\/wp\/v2\/product\/10095","targetHints":{"allow":["GET"]}}],"collection":[{"href":"https:\/\/cottonedshop.com\/de\/wp-json\/wp\/v2\/product"}],"about":[{"href":"https:\/\/cottonedshop.com\/de\/wp-json\/wp\/v2\/types\/product"}],"replies":[{"embeddable":true,"href":"https:\/\/cottonedshop.com\/de\/wp-json\/wp\/v2\/comments?post=10095"}],"wp:featuredmedia":[{"embeddable":true,"href":"https:\/\/cottonedshop.com\/de\/wp-json\/wp\/v2\/media\/10097"}],"wp:attachment":[{"href":"https:\/\/cottonedshop.com\/de\/wp-json\/wp\/v2\/media?parent=10095"}],"wp:term":[{"taxonomy":"product_brand","embeddable":true,"href":"https:\/\/cottonedshop.com\/de\/wp-json\/wp\/v2\/product_brand?post=10095"},{"taxonomy":"product_cat","embeddable":true,"href":"https:\/\/cottonedshop.com\/de\/wp-json\/wp\/v2\/product_cat?post=10095"},{"taxonomy":"product_tag","embeddable":true,"href":"https:\/\/cottonedshop.com\/de\/wp-json\/wp\/v2\/product_tag?post=10095"}],"curies":[{"name":"wp","href":"https:\/\/api.w.org\/{rel}","templated":true}]}}