{"id":65,"date":"2016-04-12T06:53:45","date_gmt":"2016-04-12T06:53:45","guid":{"rendered":"http:\/\/import.getbowtied.com\/merchandiser-v1.1\/?page_id=65"},"modified":"2023-12-12T12:45:16","modified_gmt":"2023-12-12T10:45:16","slug":"faqs","status":"publish","type":"page","link":"https:\/\/cottonedshop.com\/de\/faqs\/","title":{"rendered":"FAQs"},"content":{"rendered":"<div class=\"wpb-content-wrapper\"><div  class=\"sec_row container\"><div class=\"vc_row wpb_row vc_row-fluid\"><div class=\"wpb_column vc_column_container vc_col-sm-12 et-dark-column\"><div class=\"vc_column-inner\"><div class=\"wpb_wrapper\">\n\t<div class=\"wpb_text_column wpb_content_element\" >\n\t\t<div class=\"wpb_wrapper\">\n\t\t\t<h4>Haben Sie nicht gefunden, was Sie suchen?<\/h4>\n<p>Message us at <a href=\"mailto:hello@cottonedshop.com\">hello@cottonedshop.com<\/a>.<\/p>\n<h4>Where is Cottoned based?<\/h4>\n<p>Sofia, Bulgaria<\/p>\n<h4>Are all items handmade?<\/h4>\n<p>Yes, all items are handmade and made-to-order.<\/p>\n<h4>Do you make custom products in all shapes and sizes?<\/h4>\n<p>Yes, we can create any size and shape!<\/p>\n<h4>How do you ship orders?<\/h4>\n<p>All orders will be shipped via the Bulgarian postal service (unless otherwise requested) with cooperation with the national posts in your country. We use registered mail and packages require a signature upon delivery.<\/p>\n<p>All countries are shipped on DDP (delivery duty paid) basis, so taxes and duties are included in the final price and you will receive the package at your door, you will not need to clear it from customs.<\/p>\n<h4>What is the shipping time?<\/h4>\n<p>DIE VERSANDZEITEN SIND NICHT GARANTIERT. Wenn Sie Ihre Artikel vor einem bestimmten Datum ben\u00f6tigen, m\u00fcssen wir einen zus\u00e4tzlichen Betrag f\u00fcr Dienste wie UPS, DHL, FedEx, etc. berechnen. Bitte haben Sie Geduld, Verz\u00f6gerungen sind m\u00f6glich, aber National Posts sind sehr zuverl\u00e4ssig und wir hatten noch nie ein verlorenes Paket von den Tausenden, die wir verschickt haben.<\/p>\n<p>Standard delivery time for international packages is 2-4 weeks, depending on your location. Priority shipping is available at an additional cost.<br \/>\nSome approximate delivery times:<br \/>\n- Festland USA (Zusteller ist USPS) - 3 Wochen<br \/>\n- USA (Hawaii) - 4-5 Wochen<br \/>\n- Kanada (Kanada-Post) - 3 Wochen<br \/>\n- Australien (Australische Post) - 3 Wochen<br \/>\n- Europ\u00e4ische Union - 2 Wochen<br \/>\nBad weather conditions (especially in winter) and National Holidays may lead to some delay.<\/p>\n<h4>Tracking your package<\/h4>\n<p>You can track your any package at www.track-trace.com<\/p>\n<p>In den ersten Tagen bis zu einer Woche werden Sie eine der folgenden Aktualisierungen in der Sendungsverfolgung sehen: \"Bestellung f\u00fcr den Versand vorbereiten\", \"Durch die Einrichtung bearbeitet\", \"Artikel in die Tasche stecken\", \"Artikel in der Wechselstube erhalten\".<\/p>\n<p>All of these updates mean that your package has LEFT Bulgaria on the shown date.<\/p>\n<p>The next update will become available only after the package enters your country, no updates in the meanwhile (5-15 days, depending on your country and size of order)<\/p>\n<p>You may contact us if your package has not entered your country in 25-30 days. We cannot speed up the delivery, but we can issue an official query to the post to try to locate the package.<\/p>\n<p>Lost packages are extremely rare.<\/p>\n<h4>Returns and Exchanges<\/h4>\n<p>&#8211; If you are not completely satisfied with your purchase or wish to return an item, please, contact us. All returns must be pre-approved by Cottoned. Custom and used items are not returnable.<\/p>\n<p>&#8211; If your item arrived as described and without manufacturing defects or mistakes (Different fabric was used, Wrong design was implemented, More than 5% deviation in length or width), you may request a return for a non-custom item within the first 2 weeks after delivery. Items must be shipped back within 30 days of delivery. Refunds exclude platform and payment fees, and thus can be up to 82% of the order value.<\/p>\n<p>&#8211; If your item arrives with a manufacturing defect or mistake (listed above) we will make and send a new item or issue a full refund for that item.<\/p>\n<h4>Can I order as a gift?<\/h4>\n<p>Yes, you can but please send us a message before purchasing.<\/p>\n<h4>Can I return a product?<\/h4>\n<p>If your item is approved for return, please declare the value at under $15 otherwise customs taxes apply even though this is not a purchase but a return. If import fees are charged, they will be deducted from your refund amount. Returned items must be in their initial condition.<\/p>\n<p>European returns<br \/>\nEuropean customers can use courier company DPD to return packages, including mattresses, at a very low price, usually around 30-40 euro. Request pick up from your door, details at www.dpd.com<\/p>\n<p>&nbsp;<\/p>\n\n\t\t<\/div>\n\t<\/div>\n\n\t<div class=\"wpb_raw_code wpb_raw_html wpb_content_element\" >\n\t\t<div class=\"wpb_wrapper\">\n\t\t\t<div class=\"klaviyo-form-TCbWMS\"><\/div>\n\t\t<\/div>\n\t<\/div>\n<\/div><\/div><\/div><\/div><\/div>\n<\/div>","protected":false},"excerpt":{"rendered":"Couldn't find what you're looking for? Message us at hello@cottonedshop.com. Where is Cottoned based? Sofia, Bulgaria Are all items handmade? Yes, all items are handmade and made-to-order. Do you make custom products in all shapes and sizes? Yes, we can create any size and shape! How do you ship orders? [...]","protected":false},"author":1,"featured_media":0,"parent":0,"menu_order":0,"comment_status":"closed","ping_status":"closed","template":"","meta":{"footnotes":""},"class_list":["post-65","page","type-page","status-publish","hentry"],"yoast_head":"<!-- This site is optimized with the Yoast SEO plugin v27.4 - https:\/\/yoast.com\/product\/yoast-seo-wordpress\/ -->\n<title>FAQs | Cottoned Shop<\/title>\n<meta name=\"description\" content=\"Read the answers to our most frequently asked questions. If you don&#039;t find what you&#039;re looking for, don&#039;t hesitate to contact us.\" \/>\n<meta name=\"robots\" content=\"index, follow, max-snippet:-1, max-image-preview:large, max-video-preview:-1\" \/>\n<link rel=\"canonical\" href=\"https:\/\/cottonedshop.com\/de\/faqs\/\" \/>\n<meta property=\"og:locale\" content=\"de_DE\" \/>\n<meta property=\"og:type\" content=\"article\" \/>\n<meta property=\"og:title\" content=\"FAQs | Cottoned Shop\" \/>\n<meta property=\"og:description\" content=\"Read the answers to our most frequently asked questions. If you don&#039;t find what you&#039;re looking for, don&#039;t hesitate to contact us.\" \/>\n<meta property=\"og:url\" content=\"https:\/\/cottonedshop.com\/de\/faqs\/\" \/>\n<meta property=\"og:site_name\" content=\"Cottoned Shop\" \/>\n<meta property=\"article:modified_time\" content=\"2023-12-12T10:45:16+00:00\" \/>\n<meta name=\"twitter:card\" content=\"summary_large_image\" \/>\n<meta name=\"twitter:label1\" content=\"Gesch\u00e4tzte Lesezeit\" \/>\n\t<meta name=\"twitter:data1\" content=\"3\u00a0Minuten\" \/>\n<script type=\"application\/ld+json\" class=\"yoast-schema-graph\">{\"@context\":\"https:\\\/\\\/schema.org\",\"@graph\":[{\"@type\":\"WebPage\",\"@id\":\"https:\\\/\\\/cottonedshop.com\\\/faqs\\\/\",\"url\":\"https:\\\/\\\/cottonedshop.com\\\/faqs\\\/\",\"name\":\"FAQs | Cottoned Shop\",\"isPartOf\":{\"@id\":\"https:\\\/\\\/cottonedshop.com\\\/#website\"},\"datePublished\":\"2016-04-12T06:53:45+00:00\",\"dateModified\":\"2023-12-12T10:45:16+00:00\",\"description\":\"Read the answers to our most frequently asked questions. If you don't find what you're looking for, don't hesitate to contact us.\",\"breadcrumb\":{\"@id\":\"https:\\\/\\\/cottonedshop.com\\\/faqs\\\/#breadcrumb\"},\"inLanguage\":\"de\",\"potentialAction\":[{\"@type\":\"ReadAction\",\"target\":[\"https:\\\/\\\/cottonedshop.com\\\/faqs\\\/\"]}]},{\"@type\":\"BreadcrumbList\",\"@id\":\"https:\\\/\\\/cottonedshop.com\\\/faqs\\\/#breadcrumb\",\"itemListElement\":[{\"@type\":\"ListItem\",\"position\":1,\"name\":\"Home\",\"item\":\"https:\\\/\\\/cottonedshop.com\\\/\"},{\"@type\":\"ListItem\",\"position\":2,\"name\":\"FAQs\"}]},{\"@type\":\"WebSite\",\"@id\":\"https:\\\/\\\/cottonedshop.com\\\/#website\",\"url\":\"https:\\\/\\\/cottonedshop.com\\\/\",\"name\":\"Cottoned Shop\",\"description\":\"\",\"publisher\":{\"@id\":\"https:\\\/\\\/cottonedshop.com\\\/#organization\"},\"potentialAction\":[{\"@type\":\"SearchAction\",\"target\":{\"@type\":\"EntryPoint\",\"urlTemplate\":\"https:\\\/\\\/cottonedshop.com\\\/?s={search_term_string}\"},\"query-input\":{\"@type\":\"PropertyValueSpecification\",\"valueRequired\":true,\"valueName\":\"search_term_string\"}}],\"inLanguage\":\"de\"},{\"@type\":\"Organization\",\"@id\":\"https:\\\/\\\/cottonedshop.com\\\/#organization\",\"name\":\"Cottoned\",\"url\":\"https:\\\/\\\/cottonedshop.com\\\/\",\"logo\":{\"@type\":\"ImageObject\",\"inLanguage\":\"de\",\"@id\":\"https:\\\/\\\/cottonedshop.com\\\/#\\\/schema\\\/logo\\\/image\\\/\",\"url\":\"https:\\\/\\\/cottonedshop.com\\\/wp-content\\\/uploads\\\/2021\\\/02\\\/cottoned-logo-large.png\",\"contentUrl\":\"https:\\\/\\\/cottonedshop.com\\\/wp-content\\\/uploads\\\/2021\\\/02\\\/cottoned-logo-large.png\",\"width\":1548,\"height\":1548,\"caption\":\"Cottoned\"},\"image\":{\"@id\":\"https:\\\/\\\/cottonedshop.com\\\/#\\\/schema\\\/logo\\\/image\\\/\"}}]}<\/script>\n<!-- \/ Yoast SEO plugin. -->","yoast_head_json":{"title":"FAQs | Cottoned Shop","description":"Read the answers to our most frequently asked questions. If you don't find what you're looking for, don't hesitate to contact us.","robots":{"index":"index","follow":"follow","max-snippet":"max-snippet:-1","max-image-preview":"max-image-preview:large","max-video-preview":"max-video-preview:-1"},"canonical":"https:\/\/cottonedshop.com\/de\/faqs\/","og_locale":"de_DE","og_type":"article","og_title":"FAQs | Cottoned Shop","og_description":"Read the answers to our most frequently asked questions. If you don't find what you're looking for, don't hesitate to contact us.","og_url":"https:\/\/cottonedshop.com\/de\/faqs\/","og_site_name":"Cottoned Shop","article_modified_time":"2023-12-12T10:45:16+00:00","twitter_card":"summary_large_image","twitter_misc":{"Gesch\u00e4tzte Lesezeit":"3\u00a0Minuten"},"schema":{"@context":"https:\/\/schema.org","@graph":[{"@type":"WebPage","@id":"https:\/\/cottonedshop.com\/faqs\/","url":"https:\/\/cottonedshop.com\/faqs\/","name":"FAQs | Cottoned Shop","isPartOf":{"@id":"https:\/\/cottonedshop.com\/#website"},"datePublished":"2016-04-12T06:53:45+00:00","dateModified":"2023-12-12T10:45:16+00:00","description":"Read the answers to our most frequently asked questions. If you don't find what you're looking for, don't hesitate to contact us.","breadcrumb":{"@id":"https:\/\/cottonedshop.com\/faqs\/#breadcrumb"},"inLanguage":"de","potentialAction":[{"@type":"ReadAction","target":["https:\/\/cottonedshop.com\/faqs\/"]}]},{"@type":"BreadcrumbList","@id":"https:\/\/cottonedshop.com\/faqs\/#breadcrumb","itemListElement":[{"@type":"ListItem","position":1,"name":"Home","item":"https:\/\/cottonedshop.com\/"},{"@type":"ListItem","position":2,"name":"FAQs"}]},{"@type":"WebSite","@id":"https:\/\/cottonedshop.com\/#website","url":"https:\/\/cottonedshop.com\/","name":"Cottoned Shop","description":"","publisher":{"@id":"https:\/\/cottonedshop.com\/#organization"},"potentialAction":[{"@type":"SearchAction","target":{"@type":"EntryPoint","urlTemplate":"https:\/\/cottonedshop.com\/?s={search_term_string}"},"query-input":{"@type":"PropertyValueSpecification","valueRequired":true,"valueName":"search_term_string"}}],"inLanguage":"de"},{"@type":"Organization","@id":"https:\/\/cottonedshop.com\/#organization","name":"Baumwollstoff","url":"https:\/\/cottonedshop.com\/","logo":{"@type":"ImageObject","inLanguage":"de","@id":"https:\/\/cottonedshop.com\/#\/schema\/logo\/image\/","url":"https:\/\/cottonedshop.com\/wp-content\/uploads\/2021\/02\/cottoned-logo-large.png","contentUrl":"https:\/\/cottonedshop.com\/wp-content\/uploads\/2021\/02\/cottoned-logo-large.png","width":1548,"height":1548,"caption":"Cottoned"},"image":{"@id":"https:\/\/cottonedshop.com\/#\/schema\/logo\/image\/"}}]}},"_links":{"self":[{"href":"https:\/\/cottonedshop.com\/de\/wp-json\/wp\/v2\/pages\/65","targetHints":{"allow":["GET"]}}],"collection":[{"href":"https:\/\/cottonedshop.com\/de\/wp-json\/wp\/v2\/pages"}],"about":[{"href":"https:\/\/cottonedshop.com\/de\/wp-json\/wp\/v2\/types\/page"}],"author":[{"embeddable":true,"href":"https:\/\/cottonedshop.com\/de\/wp-json\/wp\/v2\/users\/1"}],"replies":[{"embeddable":true,"href":"https:\/\/cottonedshop.com\/de\/wp-json\/wp\/v2\/comments?post=65"}],"version-history":[{"count":0,"href":"https:\/\/cottonedshop.com\/de\/wp-json\/wp\/v2\/pages\/65\/revisions"}],"wp:attachment":[{"href":"https:\/\/cottonedshop.com\/de\/wp-json\/wp\/v2\/media?parent=65"}],"curies":[{"name":"wp","href":"https:\/\/api.w.org\/{rel}","templated":true}]}}