{"id":535,"date":"2018-04-16T09:57:36","date_gmt":"2018-04-16T09:57:36","guid":{"rendered":"https:\/\/cottonedshop.com\/?page_id=535"},"modified":"2021-03-12T14:28:14","modified_gmt":"2021-03-12T12:28:14","slug":"bedingungen","status":"publish","type":"page","link":"https:\/\/cottonedshop.com\/de\/terms-conditions\/","title":{"rendered":"Bedingungen und Konditionen"},"content":{"rendered":"<div class=\"wpb-content-wrapper\"><div  class=\"sec_row container\"><div class=\"vc_row wpb_row vc_row-fluid\"><div class=\"wpb_column vc_column_container vc_col-sm-12 et-dark-column\"><div class=\"vc_column-inner\"><div class=\"wpb_wrapper\">\n\t<div class=\"wpb_text_column wpb_content_element\" >\n\t\t<div class=\"wpb_wrapper\">\n\t\t\t<header class=\"entry-header\">\n<p class=\"entry-title\">Im folgenden Text werden Verweise wie folgt verwendet:<\/p>\n<\/header>\n<div class=\"entry-content\">\n<p><strong>BENUTZER<\/strong> - jede Person, die www.cottonedshop.com besucht<\/p>\n<p><strong>KUNDEN<\/strong> - jede Person, die einen Kauf bei www.cottonedshop.com get\u00e4tigt hat<\/p>\n<p><strong>SITE<\/strong> - www.cottonedshop.com<\/p>\n<div>\n<div><strong>BESTELLUNG<\/strong> - der Akt des Kaufs und der Bezahlung einer Ware \u00fcber www.cottonedshop.com<\/div>\n<div><\/div>\n<\/div>\n<p>Durch die Registrierung auf der SITE \/ Bestellung und das Ausf\u00fcllen von Formularen mit pers\u00f6nlichen Daten erkl\u00e4ren sich die KUNDEN damit einverstanden, dass alle ihre pers\u00f6nlichen Daten in die Datenbank der Cottoned LTD aufgenommen werden, und geben ihre ausdr\u00fcckliche und unmissverst\u00e4ndliche Zustimmung, dass ihre pers\u00f6nlichen Daten von der Cottoned LTD gespeichert und verwendet werden d\u00fcrfen:<\/p>\n<ul>\n<li>K\u00fcnftige Referenzen bei Beschwerden, R\u00fcckgaben und Erstattungen;<\/li>\n<li>Buchhalterische Gr\u00fcnde;<\/li>\n<li>Notwendige interne Statistiken zur Verbesserung der Serviceleistung und des Images der SITE sowie zur Entwicklung neuer Funktionen, Merkmale, Werbeaktionen, Abl\u00e4ufe und neuer Dienste.<\/li>\n<\/ul>\n<h2><strong>WER WIR SIND<\/strong><\/h2>\n<p>Die Seiten dieser Website (die SITE) werden von Cottoned LTD ver\u00f6ffentlicht, einem in Bulgarien eingetragenen Unternehmen mit der Umsatzsteuernummer: BG BG204843110, dessen eingetragene Anschrift Sliven, Bulgarien, Kv. Industrialen Bulgarien.<\/p>\n<h2><strong>DATENVERTRAULICHKEIT<\/strong><\/h2>\n<p>Cottoned LTD sammelt keine pers\u00f6nlichen Informationen von BENUTZERN \/ KUNDEN \u00fcber\u00a0<a href=\"https:\/\/cottonedshop.com\/\">www.cottonedshop.com<\/a>\u00a0es sei denn, sie stellen sie freiwillig zur Verf\u00fcgung.<\/p>\n<p>Die pers\u00f6nlichen Daten des BENUTZERS \/ KUNDEN werden von Cottoned LTD nur f\u00fcr den Zweck verwendet, f\u00fcr den sie uns zur Verf\u00fcgung gestellt wurden. Alle Informationen, die ein BENUTZER \/ KUNDE \u00fcber die Kontaktformulare auf der SITE, per E-Mail oder Telefon mitteilt, werden nicht an Dritte weitergegeben.<sup>rd<\/sup>\u00a0Parteien, neben dem Logistikdienstleister f\u00fcr die Lieferung. Standardm\u00e4\u00dfig verwenden wir National Posts als Lieferpartner, sofern der KUNDE nichts anderes w\u00fcnscht.<\/p>\n<p>Cottoned LTD kann die pers\u00f6nlichen Daten des KUNDEN offenlegen, wenn dies durch geltendes Recht, eine Regierungsbeh\u00f6rde oder eine Vollzugsbeh\u00f6rde verlangt wird.<\/p>\n<div>\n<div>Wenn ein BENUTZER\/KUNDE sich f\u00fcr unser Newsletter-Abonnement entscheidet, willigt er ein, dass wir die angegebenen Informationen in einer App eines Drittanbieters (MailChimp) verwenden.<\/div>\n<div><\/div>\n<div>Aus buchhalterischen Gr\u00fcnden und wegen m\u00f6glicher Reklamationen speichern wir KUNDEN- und BESTELLUNGSINFORMATIONEN f\u00fcr 1 Jahr.<\/div>\n<div><\/div>\n<\/div>\n<div>\n<div>Wenn ein KUNDE zu irgendeinem Zeitpunkt w\u00fcnscht, dass die \u00fcber ihn in unserer Datenbank gespeicherten Daten gel\u00f6scht werden, kann er uns dies mitteilen, indem er uns einfach eine Nachricht an\u00a0<a href=\"mailto:hello@cottonedshop.com\">hello@cottonedshop.com<\/a>. Wir reagieren auf solche Anfragen so schnell wie m\u00f6glich.<\/div>\n<div><\/div>\n<\/div>\n<div>\n<div>Der KUNDE kann einen schriftlichen Antrag auf Zugang zu seinen Daten stellen (um eine Kopie der \u00fcber ihn gespeicherten Daten zu erhalten) an\u00a0<a href=\"mailto:hello@cottonedshop.com\">hello@cottonedshop.com<\/a>. Die Geb\u00fchr f\u00fcr diese Antr\u00e4ge betr\u00e4gt $10.<\/div>\n<div><\/div>\n<\/div>\n<div>Da die meisten pers\u00f6nlichen Informationen vom KUNDEN bereitgestellt werden, ist der KUNDE f\u00fcr die Richtigkeit der Informationen verantwortlich. Cottoned LTD zeichnet die vom BENUTZER\/KUNDEN bereitgestellten Informationen genau auf.<\/div>\n<\/div>\n<div><\/div>\n<div><\/div>\n<h2><strong>WEBSITES DRITTER<\/strong><\/h2>\n<div class=\"entry-content\">\n<div>\n<p>Die SITE enth\u00e4lt Links zu anderen Websites, die von Dritten betrieben werden. Bitte beachten Sie, dass diese Datenschutzrichtlinie nur f\u00fcr die pers\u00f6nlichen Informationen gilt, die Cottoned LTD \u00fcber die SITE sammelt, und dass sie nicht f\u00fcr die pers\u00f6nlichen Informationen verantwortlich ist, die Dritte \u00fcber ihre Website sammeln, speichern und verwenden k\u00f6nnen. Wir empfehlen Ihnen, die Datenschutzrichtlinien jeder Website, die Sie besuchen, sorgf\u00e4ltig zu lesen.<\/p>\n<p>Wir akzeptieren Zahlungen \u00fcber PayPal, so dass die Daten des KUNDEN an die dritte Partei weitergegeben werden, einschlie\u00dflich der Informationen, die f\u00fcr die Bearbeitung oder Unterst\u00fctzung der Zahlung erforderlich sind, wie z. B. die Kaufsumme und die Rechnungsdaten Ihres Kunden. Wir sind nicht verantwortlich f\u00fcr die pers\u00f6nlichen Daten, die PayPal auf seiner Website speichert und verwendet.<\/p>\n<h2><strong>WIE SCH\u00dcTZEN WIR IHRE PERS\u00d6NLICHEN DATEN?<\/strong><\/h2>\n<p>Wir unterhalten technische, physische und administrative Sicherheitsma\u00dfnahmen, die einen angemessenen Schutz der pers\u00f6nlichen Daten des KUNDEN vor Verlust, Missbrauch, unbefugtem Zugriff, Offenlegung und Ver\u00e4nderung gew\u00e4hrleisten sollen.  Zu den Sicherheitsma\u00dfnahmen geh\u00f6ren Firewalls und Datenverschl\u00fcsselung. Wir sind nicht f\u00fcr den Schutz personenbezogener Daten verantwortlich, die wir auf der Grundlage einer vom KUNDEN genehmigten Kontoverbindung an Dritte weitergeben.<\/p>\n<h2><strong>COOKIES<\/strong><\/h2>\n<p>Wir verwenden Cookies, um den BENUTZERN \/ KUNDEN ein besseres Surferlebnis zu bieten, den Website-Verkehr zu analysieren, Inhalte zu personalisieren und gezielte Werbung zu schalten. (Wir verwenden Google Analytics f\u00fcr diesen Dienst.) Die Informationen sind jedoch nicht pers\u00f6nlich identifizierbar. Wenn die BENUTZER\/KUNDEN diese Website weiterhin nutzen, stimmen die BENUTZER\/KUNDEN der Verwendung von Cookies durch uns zu.<\/p>\n<h2><strong>COPYRIGHTS<\/strong><\/h2>\n<p>Der Zugang \/ die Nutzung dieser SITE gibt dem BENUTZER \/ KUNDEN nicht das Recht, diese SITE oder Teile davon ohne die ausdr\u00fcckliche schriftliche Zustimmung von Cottoned LTD zu reproduzieren, zu vervielf\u00e4ltigen, zu kopieren, zu verkaufen, weiterzuverkaufen, zu besuchen oder anderweitig f\u00fcr kommerzielle Zwecke zu nutzen.<\/p>\n<p>Die BENUTZER\/KUNDEN sind nicht berechtigt, das Logo, die Marke oder andere Grafiken\/Zeichnungen der SITE ohne die ausdr\u00fcckliche schriftliche Zustimmung der Cottoned LTD zu verwenden.<\/p>\n<h2><strong>BEDINGUNGEN UND INFORMATIONEN IM RAHMEN DES GESETZES \u00dcBER DEN ELEKTRONISCHEN GESCH\u00c4FTSVERKEHR<\/strong><\/h2>\n<p>Der \u00fcber das Internet abgeschlossene Kaufvertrag ist ein Fernabsatzvertrag. Der Fernabsatzvertrag wird auf der Grundlage eines Angebots geschlossen, das die Cottoned LTD jedem KUNDEN der SITE im Rahmen des Warenverkaufssystems unterbreitet. Der Fernabsatzvertrag zwischen der Cottoned LTD und dem KUNDEN gilt ab dem Zeitpunkt der Best\u00e4tigung der konkreten Bestellung durch die Cottoned LTD als abgeschlossen.<\/p>\n<h2><strong>BESTELLUNG<\/strong><\/h2>\n<p>Bestellungen werden auf der Website 24 Stunden am Tag angenommen, auch an Wochenenden und Feiertagen. Beim Abschluss einer Bestellung hat der BENUTZER \/ KUNDE die M\u00f6glichkeit, Informationen \u00fcber die Produkte, die er kauft, und ihre Preise, Ihre Namen, E-Mail, Telefon, Adresse, Liefermethode und Zahlungsmethode zu sehen.<\/p>\n<p>-<\/p>\n<p>Die Cottoned LTD beh\u00e4lt sich das Recht vor, die Allgemeinen Gesch\u00e4ftsbedingungen jederzeit zu \u00e4ndern.<\/p>\n<div>\n<div>Wir empfehlen BENUTZERN, die Seite mit den Nutzungsbedingungen regelm\u00e4\u00dfig zu besuchen, um sich mit den aktuellen Bedingungen vertraut zu machen, da diese f\u00fcr BENUTZER verbindlich sind.<\/div>\n<\/div>\n<\/div>\n<\/div>\n\n\t\t<\/div>\n\t<\/div>\n<\/div><\/div><\/div><\/div><\/div>\n<\/div>","protected":false},"excerpt":{"rendered":"In the text below, we use referrals\u00a0as follows: USER \u2013 every person browsing www.cottonedshop.com CUSTOMER \u2013 every person who has made a purchase from www.cottonedshop.com SITE \u2013 www.cottonedshop.com ORDER \u2013 the act of purchasing and paying for a good through www.cottonedshop.com By registering on the SITE \/ making an order [...]","protected":false},"author":1,"featured_media":0,"parent":0,"menu_order":0,"comment_status":"closed","ping_status":"closed","template":"","meta":{"footnotes":""},"class_list":["post-535","page","type-page","status-publish","hentry"],"yoast_head":"<!-- This site is optimized with the Yoast SEO plugin v27.4 - https:\/\/yoast.com\/product\/yoast-seo-wordpress\/ -->\n<title>Terms &amp; Conditions | Cottoned Shop<\/title>\n<meta name=\"robots\" content=\"index, follow, max-snippet:-1, max-image-preview:large, max-video-preview:-1\" \/>\n<link rel=\"canonical\" href=\"https:\/\/cottonedshop.com\/de\/bedingungen\/\" \/>\n<meta property=\"og:locale\" content=\"de_DE\" \/>\n<meta property=\"og:type\" content=\"article\" \/>\n<meta property=\"og:title\" content=\"Terms &amp; Conditions | Cottoned Shop\" \/>\n<meta property=\"og:url\" content=\"https:\/\/cottonedshop.com\/de\/bedingungen\/\" \/>\n<meta property=\"og:site_name\" content=\"Cottoned Shop\" \/>\n<meta property=\"article:modified_time\" content=\"2021-03-12T12:28:14+00:00\" \/>\n<meta name=\"twitter:card\" content=\"summary_large_image\" \/>\n<meta name=\"twitter:label1\" content=\"Gesch\u00e4tzte Lesezeit\" \/>\n\t<meta name=\"twitter:data1\" content=\"4\u00a0Minuten\" \/>\n<script type=\"application\/ld+json\" class=\"yoast-schema-graph\">{\"@context\":\"https:\\\/\\\/schema.org\",\"@graph\":[{\"@type\":\"WebPage\",\"@id\":\"https:\\\/\\\/cottonedshop.com\\\/terms-conditions\\\/\",\"url\":\"https:\\\/\\\/cottonedshop.com\\\/terms-conditions\\\/\",\"name\":\"Terms & Conditions | Cottoned Shop\",\"isPartOf\":{\"@id\":\"https:\\\/\\\/cottonedshop.com\\\/#website\"},\"datePublished\":\"2018-04-16T09:57:36+00:00\",\"dateModified\":\"2021-03-12T12:28:14+00:00\",\"breadcrumb\":{\"@id\":\"https:\\\/\\\/cottonedshop.com\\\/terms-conditions\\\/#breadcrumb\"},\"inLanguage\":\"de\",\"potentialAction\":[{\"@type\":\"ReadAction\",\"target\":[\"https:\\\/\\\/cottonedshop.com\\\/terms-conditions\\\/\"]}]},{\"@type\":\"BreadcrumbList\",\"@id\":\"https:\\\/\\\/cottonedshop.com\\\/terms-conditions\\\/#breadcrumb\",\"itemListElement\":[{\"@type\":\"ListItem\",\"position\":1,\"name\":\"Home\",\"item\":\"https:\\\/\\\/cottonedshop.com\\\/\"},{\"@type\":\"ListItem\",\"position\":2,\"name\":\"Terms &#038; Conditions\"}]},{\"@type\":\"WebSite\",\"@id\":\"https:\\\/\\\/cottonedshop.com\\\/#website\",\"url\":\"https:\\\/\\\/cottonedshop.com\\\/\",\"name\":\"Cottoned Shop\",\"description\":\"\",\"publisher\":{\"@id\":\"https:\\\/\\\/cottonedshop.com\\\/#organization\"},\"potentialAction\":[{\"@type\":\"SearchAction\",\"target\":{\"@type\":\"EntryPoint\",\"urlTemplate\":\"https:\\\/\\\/cottonedshop.com\\\/?s={search_term_string}\"},\"query-input\":{\"@type\":\"PropertyValueSpecification\",\"valueRequired\":true,\"valueName\":\"search_term_string\"}}],\"inLanguage\":\"de\"},{\"@type\":\"Organization\",\"@id\":\"https:\\\/\\\/cottonedshop.com\\\/#organization\",\"name\":\"Cottoned\",\"url\":\"https:\\\/\\\/cottonedshop.com\\\/\",\"logo\":{\"@type\":\"ImageObject\",\"inLanguage\":\"de\",\"@id\":\"https:\\\/\\\/cottonedshop.com\\\/#\\\/schema\\\/logo\\\/image\\\/\",\"url\":\"https:\\\/\\\/cottonedshop.com\\\/wp-content\\\/uploads\\\/2021\\\/02\\\/cottoned-logo-large.png\",\"contentUrl\":\"https:\\\/\\\/cottonedshop.com\\\/wp-content\\\/uploads\\\/2021\\\/02\\\/cottoned-logo-large.png\",\"width\":1548,\"height\":1548,\"caption\":\"Cottoned\"},\"image\":{\"@id\":\"https:\\\/\\\/cottonedshop.com\\\/#\\\/schema\\\/logo\\\/image\\\/\"}}]}<\/script>\n<!-- \/ Yoast SEO plugin. -->","yoast_head_json":{"title":"Bedingungen und Konditionen | Cottoned Shop","robots":{"index":"index","follow":"follow","max-snippet":"max-snippet:-1","max-image-preview":"max-image-preview:large","max-video-preview":"max-video-preview:-1"},"canonical":"https:\/\/cottonedshop.com\/de\/bedingungen\/","og_locale":"de_DE","og_type":"article","og_title":"Terms & Conditions | Cottoned Shop","og_url":"https:\/\/cottonedshop.com\/de\/bedingungen\/","og_site_name":"Cottoned Shop","article_modified_time":"2021-03-12T12:28:14+00:00","twitter_card":"summary_large_image","twitter_misc":{"Gesch\u00e4tzte Lesezeit":"4\u00a0Minuten"},"schema":{"@context":"https:\/\/schema.org","@graph":[{"@type":"WebPage","@id":"https:\/\/cottonedshop.com\/terms-conditions\/","url":"https:\/\/cottonedshop.com\/terms-conditions\/","name":"Bedingungen und Konditionen | Cottoned Shop","isPartOf":{"@id":"https:\/\/cottonedshop.com\/#website"},"datePublished":"2018-04-16T09:57:36+00:00","dateModified":"2021-03-12T12:28:14+00:00","breadcrumb":{"@id":"https:\/\/cottonedshop.com\/terms-conditions\/#breadcrumb"},"inLanguage":"de","potentialAction":[{"@type":"ReadAction","target":["https:\/\/cottonedshop.com\/terms-conditions\/"]}]},{"@type":"BreadcrumbList","@id":"https:\/\/cottonedshop.com\/terms-conditions\/#breadcrumb","itemListElement":[{"@type":"ListItem","position":1,"name":"Home","item":"https:\/\/cottonedshop.com\/"},{"@type":"ListItem","position":2,"name":"Terms &#038; Conditions"}]},{"@type":"WebSite","@id":"https:\/\/cottonedshop.com\/#website","url":"https:\/\/cottonedshop.com\/","name":"Cottoned Shop","description":"","publisher":{"@id":"https:\/\/cottonedshop.com\/#organization"},"potentialAction":[{"@type":"SearchAction","target":{"@type":"EntryPoint","urlTemplate":"https:\/\/cottonedshop.com\/?s={search_term_string}"},"query-input":{"@type":"PropertyValueSpecification","valueRequired":true,"valueName":"search_term_string"}}],"inLanguage":"de"},{"@type":"Organization","@id":"https:\/\/cottonedshop.com\/#organization","name":"Baumwollstoff","url":"https:\/\/cottonedshop.com\/","logo":{"@type":"ImageObject","inLanguage":"de","@id":"https:\/\/cottonedshop.com\/#\/schema\/logo\/image\/","url":"https:\/\/cottonedshop.com\/wp-content\/uploads\/2021\/02\/cottoned-logo-large.png","contentUrl":"https:\/\/cottonedshop.com\/wp-content\/uploads\/2021\/02\/cottoned-logo-large.png","width":1548,"height":1548,"caption":"Cottoned"},"image":{"@id":"https:\/\/cottonedshop.com\/#\/schema\/logo\/image\/"}}]}},"_links":{"self":[{"href":"https:\/\/cottonedshop.com\/de\/wp-json\/wp\/v2\/pages\/535","targetHints":{"allow":["GET"]}}],"collection":[{"href":"https:\/\/cottonedshop.com\/de\/wp-json\/wp\/v2\/pages"}],"about":[{"href":"https:\/\/cottonedshop.com\/de\/wp-json\/wp\/v2\/types\/page"}],"author":[{"embeddable":true,"href":"https:\/\/cottonedshop.com\/de\/wp-json\/wp\/v2\/users\/1"}],"replies":[{"embeddable":true,"href":"https:\/\/cottonedshop.com\/de\/wp-json\/wp\/v2\/comments?post=535"}],"version-history":[{"count":0,"href":"https:\/\/cottonedshop.com\/de\/wp-json\/wp\/v2\/pages\/535\/revisions"}],"wp:attachment":[{"href":"https:\/\/cottonedshop.com\/de\/wp-json\/wp\/v2\/media?parent=535"}],"curies":[{"name":"wp","href":"https:\/\/api.w.org\/{rel}","templated":true}]}}