{"id":12361,"date":"2023-03-14T16:10:49","date_gmt":"2023-03-14T14:10:49","guid":{"rendered":"https:\/\/cottonedshop.com\/?page_id=12361"},"modified":"2023-12-12T12:39:55","modified_gmt":"2023-12-12T10:39:55","slug":"pflege","status":"publish","type":"page","link":"https:\/\/cottonedshop.com\/de\/care\/","title":{"rendered":"Pflegehinweise"},"content":{"rendered":"<div class=\"wpb-content-wrapper\"><div  class=\"sec_row container\"><div class=\"vc_row wpb_row vc_row-fluid\"><div class=\"wpb_column vc_column_container vc_col-sm-12 et-dark-column\"><div class=\"vc_column-inner\"><div class=\"wpb_wrapper\">\n\t<div  class=\"wpb_single_image wpb_content_element vc_align_center wpb_content_element\">\n\t\t\n\t\t<figure class=\"wpb_wrapper vc_figure\">\n\t\t\t<div class=\"vc_single_image-wrapper   vc_box_border_grey\"><img decoding=\"async\" width=\"300\" height=\"241\" data-src=\"https:\/\/cottonedshop.com\/wp-content\/uploads\/2023\/04\/cushions-300x241.jpg\" class=\"vc_single_image-img attachment-medium lazyload\" alt=\"kissen\" title=\"kissen\" data-srcset=\"https:\/\/cottonedshop.com\/wp-content\/uploads\/2023\/04\/cushions-300x241.jpg 300w, https:\/\/cottonedshop.com\/wp-content\/uploads\/2023\/04\/cushions-150x121.jpg 150w, https:\/\/cottonedshop.com\/wp-content\/uploads\/2023\/04\/cushions.jpg 600w\" data-sizes=\"(max-width: 300px) 100vw, 300px\" src=\"data:image\/svg+xml;base64,PHN2ZyB3aWR0aD0iMSIgaGVpZ2h0PSIxIiB4bWxucz0iaHR0cDovL3d3dy53My5vcmcvMjAwMC9zdmciPjwvc3ZnPg==\" style=\"--smush-placeholder-width: 300px; --smush-placeholder-aspect-ratio: 300\/241;\" \/><\/div>\n\t\t<\/figure>\n\t<\/div>\n<div  class=\"vc_do_toggle vc_toggle vc_toggle_default vc_toggle_color_default  vc_toggle_size_md\"><div class=\"vc_toggle_title\"><h4>CUSHIONS<\/h4><i class=\"vc_toggle_icon\"><\/i><\/div><div class=\"vc_toggle_content\"><p>Nachdem Sie Ihre Artikel erhalten haben, packen Sie sie aus und lagern Sie sie flach. Durch die Verpackung verlieren Baumwollartikel nat\u00fcrlich vor\u00fcbergehend an L\u00e4nge\/Breite, da im Inneren keine harten Elemente vorhanden sind. Wenn Ihr Artikel bei der Ankunft k\u00fcrzer erscheint, dr\u00fccken Sie darauf und schieben Sie ihn nach au\u00dfen, um ihn auszudehnen, bis die Seitenkanten v\u00f6llig gerade und nicht mehr faltig sind.<\/p>\n<p>EINE GEEIGNETE UNTERLAGE F\u00dcR KISSEN AUSW\u00c4HLEN<\/p>\n<p>Die Kissen funktionieren hervorragend auf festen Oberfl\u00e4chen.<\/p>\n<p>KOMPRESSION AUS NAT\u00dcRLICHER BAUMWOLLE<\/p>\n<p>Jeder baumwollgef\u00fcllte Artikel wird in den ersten Monaten des Gebrauchs auf nat\u00fcrliche Weise etwa 10-15% an Dicke verlieren. Wir gleichen die Baumwollkompression aus, indem wir unsere Artikel und Kissen dicht ausstopfen, so dass sie dicker als angegeben sind. Um zu vermeiden, dass sich an den Stellen, an denen Ihr K\u00f6rper nat\u00fcrlicherweise liegt oder sitzt, Dellen bilden, m\u00fcssen Sie einfach Folgendes tun:- Auf allen Teilen des Kissens sitzen\/schlafen, so dass die Baumwolle auf jedem Teil gleichm\u00e4\u00dfig Druck aus\u00fcbt, um eine gleichm\u00e4\u00dfige Kompression zu gew\u00e4hrleisten und Dellen und Buckel zu vermeiden- Kissen in den ersten Monaten einmal w\u00f6chentlich umdrehen (von Kopf bis Fu\u00df und von oben nach unten), bis die Baumwolle komprimiert ist, und danach regelm\u00e4\u00dfig.- Die Kompression h\u00f6rt nach einigen Monaten regelm\u00e4\u00dfiger Nutzung auf. Wenn Sie mehr \"Polsterung\" nach brauchen, k\u00f6nnen Sie leicht einige f resh Baumwollf\u00fcllung durch die Rei\u00dfverschl\u00fcsse wir Platz hinzuf\u00fcgen.<\/p>\n<p>FESTIGKEIT &amp; LOFT<\/p>\n<p>Wenn Sie das Kissen irgendwann als zu fest empfinden oder die Baumwolle ungleichm\u00e4\u00dfig oder zu stark zusammengedr\u00fcckt wird, k\u00f6nnen Sie einfach durch die Rei\u00dfverschl\u00fcsse greifen, um die Baumwollf\u00fcllung zu regulieren oder Baumwolle f\u00fcr eine neue flauschige Schicht hinzuzuf\u00fcgen.<\/p>\n<p>REINIGUNG<\/p>\n<p>Nicht mit der F\u00fcllung waschen. Flecken auf der Au\u00dfenseite sollten punktuell gereinigt werden. Abnehmbare Bez\u00fcge mit Rei\u00dfverschluss sind in der Maschine waschbar, f\u00fcr Samtbez\u00fcge empfehlen wir jedoch eine professionelle chemische Reinigung. Waschen Sie im Schonwaschgang mit einem milden Waschmittel ohne Aufheller. Waschen Sie bei niedriger Temperatur (bis zu 30 Grad Celsius). Nicht bleichen. Vollst\u00e4ndig an der Luft trocknen. Einmal im Jahr einen Tag lang in der Sonne l\u00fcften, wenn m\u00f6glich. Im Falle einer Durchn\u00e4ssung nehmen Sie die nasse Baumwollf\u00fcllung heraus, waschen Sie sie vorsichtig von Hand in lauwarmem Wasser und lassen Sie sie an der Sonne vollst\u00e4ndig ausl\u00fcften, bevor Sie sie wieder einsetzen. Gehen Sie vorsichtig damit um, damit die Fasern nicht kleben bleiben und keine Klumpen bilden. Baumwollkissen eignen sich hervorragend f\u00fcr den Einsatz im Freien, m\u00fcssen aber vor Regen und direkter Sonneneinstrahlung gesch\u00fctzt werden.<\/p>\n<\/div><\/div>\n\t<div  class=\"wpb_single_image wpb_content_element vc_align_center wpb_content_element\">\n\t\t\n\t\t<figure class=\"wpb_wrapper vc_figure\">\n\t\t\t<div class=\"vc_single_image-wrapper   vc_box_border_grey\"><img decoding=\"async\" width=\"300\" height=\"241\" data-src=\"https:\/\/cottonedshop.com\/wp-content\/uploads\/2023\/04\/throw-pillows-300x241.jpg\" class=\"vc_single_image-img attachment-medium lazyload\" alt=\"Kopfkissen\" title=\"Kopfkissen\" data-srcset=\"https:\/\/cottonedshop.com\/wp-content\/uploads\/2023\/04\/throw-pillows-300x241.jpg 300w, https:\/\/cottonedshop.com\/wp-content\/uploads\/2023\/04\/throw-pillows-150x121.jpg 150w, https:\/\/cottonedshop.com\/wp-content\/uploads\/2023\/04\/throw-pillows.jpg 600w\" data-sizes=\"(max-width: 300px) 100vw, 300px\" src=\"data:image\/svg+xml;base64,PHN2ZyB3aWR0aD0iMSIgaGVpZ2h0PSIxIiB4bWxucz0iaHR0cDovL3d3dy53My5vcmcvMjAwMC9zdmciPjwvc3ZnPg==\" style=\"--smush-placeholder-width: 300px; --smush-placeholder-aspect-ratio: 300\/241;\" \/><\/div>\n\t\t<\/figure>\n\t<\/div>\n<div  class=\"vc_do_toggle vc_toggle vc_toggle_default vc_toggle_color_default  vc_toggle_size_md\"><div class=\"vc_toggle_title\"><h4>DEKORATIVE KISSEN<\/h4><i class=\"vc_toggle_icon\"><\/i><\/div><div class=\"vc_toggle_content\"><p>Verwenden Sie Kisseneinlagen in waschbaren Bez\u00fcgen. Nicht mit der F\u00fcllung waschen. Passen Sie bei Bedarf die Baumwollf\u00fcllung durch die Rei\u00dfverschl\u00fcsse an.<\/p>\n<p>ABNEHMBARE BEZ\u00dcGE<\/p>\n<p>Im Schonwaschgang mit einem milden Waschmittel ohne Aufheller waschen. Verwenden Sie eine niedrige Temperatur (bis zu 30\u00b0 C). Nicht bleichen. An der Luft trocknen. Mit Dampf b\u00fcgeln. Vermeiden Sie es, Samtbez\u00fcge zu waschen. Verwenden Sie stattdessen eine professionelle chemische Reinigung.<\/p>\n<\/div><\/div>\n\t<div  class=\"wpb_single_image wpb_content_element vc_align_center wpb_content_element\">\n\t\t\n\t\t<figure class=\"wpb_wrapper vc_figure\">\n\t\t\t<div class=\"vc_single_image-wrapper   vc_box_border_grey\"><img decoding=\"async\" width=\"300\" height=\"241\" data-src=\"https:\/\/cottonedshop.com\/wp-content\/uploads\/2023\/04\/poufs-300x241.jpg\" class=\"vc_single_image-img attachment-medium lazyload\" alt=\"Poufs\" title=\"Poufs\" data-srcset=\"https:\/\/cottonedshop.com\/wp-content\/uploads\/2023\/04\/poufs-300x241.jpg 300w, https:\/\/cottonedshop.com\/wp-content\/uploads\/2023\/04\/poufs-150x121.jpg 150w, https:\/\/cottonedshop.com\/wp-content\/uploads\/2023\/04\/poufs.jpg 600w\" data-sizes=\"(max-width: 300px) 100vw, 300px\" src=\"data:image\/svg+xml;base64,PHN2ZyB3aWR0aD0iMSIgaGVpZ2h0PSIxIiB4bWxucz0iaHR0cDovL3d3dy53My5vcmcvMjAwMC9zdmciPjwvc3ZnPg==\" style=\"--smush-placeholder-width: 300px; --smush-placeholder-aspect-ratio: 300\/241;\" \/><\/div>\n\t\t<\/figure>\n\t<\/div>\n<div  class=\"vc_do_toggle vc_toggle vc_toggle_default vc_toggle_color_default  vc_toggle_size_md\"><div class=\"vc_toggle_title\"><h4>POUFS<\/h4><i class=\"vc_toggle_icon\"><\/i><\/div><div class=\"vc_toggle_content\"><p>Verwenden Sie Kisseneinlagen in waschbaren Bez\u00fcgen. Nicht mit der F\u00fcllung waschen. Passen Sie bei Bedarf die Baumwollf\u00fcllung durch die Rei\u00dfverschl\u00fcsse an.<\/p>\n<p>ABNEHMBARE BEZ\u00dcGE<\/p>\n<p>Im Schonwaschgang mit einem milden Waschmittel ohne Aufheller waschen. Verwenden Sie eine niedrige Temperatur (bis zu 30\u00b0 C). Nicht bleichen. An der Luft trocknen. Mit Dampf b\u00fcgeln. Vermeiden Sie es, Samtbez\u00fcge zu waschen. Verwenden Sie stattdessen eine professionelle chemische Reinigung.<\/p>\n<\/div><\/div>\n\t<div  class=\"wpb_single_image wpb_content_element vc_align_center wpb_content_element\">\n\t\t\n\t\t<figure class=\"wpb_wrapper vc_figure\">\n\t\t\t<div class=\"vc_single_image-wrapper   vc_box_border_grey\"><img decoding=\"async\" width=\"300\" height=\"241\" data-src=\"https:\/\/cottonedshop.com\/wp-content\/uploads\/2023\/04\/kids-mattresses-300x241.jpg\" class=\"vc_single_image-img attachment-medium lazyload\" alt=\"Kindermatratzen\" title=\"Kindermatratzen\" data-srcset=\"https:\/\/cottonedshop.com\/wp-content\/uploads\/2023\/04\/kids-mattresses-300x241.jpg 300w, https:\/\/cottonedshop.com\/wp-content\/uploads\/2023\/04\/kids-mattresses-150x121.jpg 150w, https:\/\/cottonedshop.com\/wp-content\/uploads\/2023\/04\/kids-mattresses.jpg 600w\" data-sizes=\"(max-width: 300px) 100vw, 300px\" src=\"data:image\/svg+xml;base64,PHN2ZyB3aWR0aD0iMSIgaGVpZ2h0PSIxIiB4bWxucz0iaHR0cDovL3d3dy53My5vcmcvMjAwMC9zdmciPjwvc3ZnPg==\" style=\"--smush-placeholder-width: 300px; --smush-placeholder-aspect-ratio: 300\/241;\" \/><\/div>\n\t\t<\/figure>\n\t<\/div>\n<div  class=\"vc_do_toggle vc_toggle vc_toggle_default vc_toggle_color_default  vc_toggle_size_md\"><div class=\"vc_toggle_title\"><h4>KINDERMATRATZEN<\/h4><i class=\"vc_toggle_icon\"><\/i><\/div><div class=\"vc_toggle_content\"><div class=\"wpb_text_column wpb_content_element\">\n<div class=\"wpb_wrapper\">\n<p>Nachdem Sie Ihre Artikel erhalten haben, packen Sie sie aus und lagern Sie sie flach. Durch die Verpackung verlieren Baumwollartikel nat\u00fcrlich vor\u00fcbergehend an L\u00e4nge\/Breite, da im Inneren keine harten Elemente vorhanden sind. Wenn Ihr Artikel bei der Ankunft k\u00fcrzer erscheint, dr\u00fccken Sie darauf und schieben Sie ihn nach au\u00dfen, um ihn auszudehnen, bis die Seitenkanten v\u00f6llig gerade und nicht mehr faltig sind.<\/p>\n<p>EINEN GEEIGNETEN LATTENROST F\u00dcR KINDERMATRATZEN AUSW\u00c4HLEN<\/p>\n<p>Um Komfort und Langlebigkeit zu gew\u00e4hrleisten, w\u00e4hlen Sie einen geeigneten Lattenrost. F\u00fcr Kindermatratzen empfehlen wir massive Holzlatten mit einem Abstand von h\u00f6chstens 2\". Dies sorgt f\u00fcr Halt und ausreichende Luftzirkulation. Latten mit einem Abstand von mehr als 2\" k\u00f6nnen dazu f\u00fchren, dass die Matratze\/das Kissen in den Zwischenr\u00e4umen durchh\u00e4ngt, wodurch die Baumwolle ungleichm\u00e4\u00dfig zusammengedr\u00fcckt wird. Die Kissen eignen sich hervorragend f\u00fcr feste Untergr\u00fcnde.<\/p>\n<p>KOMPRESSION AUS NAT\u00dcRLICHER BAUMWOLLE<\/p>\n<p>Jeder baumwollgef\u00fcllte Artikel wird in den ersten Monaten des Gebrauchs auf nat\u00fcrliche Weise etwa 10-15% an Dicke verlieren. Wir gleichen die Baumwollkompression aus, indem wir unsere Artikel und Kissen dicht ausstopfen, so dass sie dicker als angegeben sind. Um zu vermeiden, dass sich an den Stellen, an denen Ihr K\u00f6rper nat\u00fcrlicherweise liegt oder sitzt, Dellen bilden, m\u00fcssen Sie einfach Folgendes tun:- Auf allen Teilen des Kissens sitzen\/schlafen, so dass die Baumwolle auf jedem Teil gleichm\u00e4\u00dfig Druck aus\u00fcbt, um eine gleichm\u00e4\u00dfige Kompression zu gew\u00e4hrleisten und Dellen und Buckel zu vermeiden- Kissen in den ersten Monaten einmal w\u00f6chentlich umdrehen (von Kopf bis Fu\u00df und von oben nach unten), bis die Baumwolle komprimiert ist, und danach regelm\u00e4\u00dfig.- Die Kompression h\u00f6rt nach einigen Monaten regelm\u00e4\u00dfiger Nutzung auf. Wenn Sie mehr \"Polsterung\" nach brauchen, k\u00f6nnen Sie leicht einige frische Baumwolle F\u00fcllung durch die Rei\u00dfverschl\u00fcsse wir Platz hinzuf\u00fcgen.<\/p>\n<p>FESTIGKEIT &amp; LOFT<\/p>\n<p>Wenn Sie das Kissen irgendwann als zu fest empfinden oder die Baumwolle ungleichm\u00e4\u00dfig oder zu stark zusammengedr\u00fcckt wird, k\u00f6nnen Sie einfach durch die Rei\u00dfverschl\u00fcsse greifen, um die Baumwollf\u00fcllung zu regulieren oder Baumwolle f\u00fcr eine neue flauschige Schicht hinzuzuf\u00fcgen.<\/p>\n<p>REINIGUNG<\/p>\n<p>Nicht mit der F\u00fcllung waschen. Flecken auf der Au\u00dfenseite sollten punktuell gereinigt werden. Abnehmbare Bez\u00fcge mit Rei\u00dfverschluss sind in der Maschine waschbar, f\u00fcr Samtbez\u00fcge empfehlen wir jedoch eine professionelle chemische Reinigung. Waschen Sie im Schonwaschgang mit einem Feinwaschmittel ohne Aufheller. Waschen Sie bei niedriger Temperatur (bis zu 30 Grad Celsius). Nicht bleichen. Vollst\u00e4ndig an der Luft trocknen. Einmal im Jahr einen Tag lang in der Sonne l\u00fcften, wenn m\u00f6glich. Im Falle einer Durchn\u00e4ssung nehmen Sie die nasse Baumwollf\u00fcllung heraus, waschen Sie sie vorsichtig von Hand in lauwarmem Wasser und lassen Sie sie an der Sonne vollst\u00e4ndig ausl\u00fcften, bevor Sie sie wieder einsetzen. Gehen Sie vorsichtig damit um, damit die Fasern nicht kleben bleiben und keine Klumpen bilden. Baumwollkissen eignen sich hervorragend f\u00fcr den Einsatz im Freien, m\u00fcssen aber vor Regen und direkter Sonneneinstrahlung gesch\u00fctzt werden.<\/p>\n<\/div>\n<\/div>\n<\/div><\/div>\n\t<div  class=\"wpb_single_image wpb_content_element vc_align_center wpb_content_element\">\n\t\t\n\t\t<figure class=\"wpb_wrapper vc_figure\">\n\t\t\t<div class=\"vc_single_image-wrapper   vc_box_border_grey\"><img decoding=\"async\" width=\"300\" height=\"241\" data-src=\"https:\/\/cottonedshop.com\/wp-content\/uploads\/2023\/04\/sleeping-pillows-300x241.jpg\" class=\"vc_single_image-img attachment-medium lazyload\" alt=\"Schlafs\u00e4cke\" title=\"Schlafs\u00e4cke\" data-srcset=\"https:\/\/cottonedshop.com\/wp-content\/uploads\/2023\/04\/sleeping-pillows-300x241.jpg 300w, https:\/\/cottonedshop.com\/wp-content\/uploads\/2023\/04\/sleeping-pillows-150x121.jpg 150w, https:\/\/cottonedshop.com\/wp-content\/uploads\/2023\/04\/sleeping-pillows.jpg 600w\" data-sizes=\"(max-width: 300px) 100vw, 300px\" src=\"data:image\/svg+xml;base64,PHN2ZyB3aWR0aD0iMSIgaGVpZ2h0PSIxIiB4bWxucz0iaHR0cDovL3d3dy53My5vcmcvMjAwMC9zdmciPjwvc3ZnPg==\" style=\"--smush-placeholder-width: 300px; --smush-placeholder-aspect-ratio: 300\/241;\" \/><\/div>\n\t\t<\/figure>\n\t<\/div>\n<div  class=\"vc_do_toggle vc_toggle vc_toggle_default vc_toggle_color_default  vc_toggle_size_md\"><div class=\"vc_toggle_title\"><h4>SCHLAFS\u00c4CKE<\/h4><i class=\"vc_toggle_icon\"><\/i><\/div><div class=\"vc_toggle_content\"><p>Verwenden Sie Kisseneinlagen in waschbaren Bez\u00fcgen. Nicht mit der F\u00fcllung waschen. Passen Sie bei Bedarf die Baumwollf\u00fcllung durch die Rei\u00dfverschl\u00fcsse an.<\/p>\n<p>ABNEHMBARE BEZ\u00dcGE<\/p>\n<p>Im Schonwaschgang mit einem milden Waschmittel ohne Aufheller waschen. Verwenden Sie eine niedrige Temperatur (bis zu 30\u00b0 C). Nicht bleichen. An der Luft trocknen. Mit Dampf b\u00fcgeln. Vermeiden Sie es, Samtbez\u00fcge zu waschen. Verwenden Sie stattdessen eine professionelle chemische Reinigung.<\/p>\n<\/div><\/div>\n\t<div  class=\"wpb_single_image wpb_content_element vc_align_center wpb_content_element\">\n\t\t\n\t\t<figure class=\"wpb_wrapper vc_figure\">\n\t\t\t<div class=\"vc_single_image-wrapper   vc_box_border_grey\"><img decoding=\"async\" width=\"300\" height=\"241\" data-src=\"https:\/\/cottonedshop.com\/wp-content\/uploads\/2023\/04\/pet-bed-300x241.jpg\" class=\"vc_single_image-img attachment-medium lazyload\" alt=\"Haustierbett\" title=\"Haustierbett\" data-srcset=\"https:\/\/cottonedshop.com\/wp-content\/uploads\/2023\/04\/pet-bed-300x241.jpg 300w, https:\/\/cottonedshop.com\/wp-content\/uploads\/2023\/04\/pet-bed-150x120.jpg 150w, https:\/\/cottonedshop.com\/wp-content\/uploads\/2023\/04\/pet-bed.jpg 600w\" data-sizes=\"(max-width: 300px) 100vw, 300px\" src=\"data:image\/svg+xml;base64,PHN2ZyB3aWR0aD0iMSIgaGVpZ2h0PSIxIiB4bWxucz0iaHR0cDovL3d3dy53My5vcmcvMjAwMC9zdmciPjwvc3ZnPg==\" style=\"--smush-placeholder-width: 300px; --smush-placeholder-aspect-ratio: 300\/241;\" \/><\/div>\n\t\t<\/figure>\n\t<\/div>\n<div  class=\"vc_do_toggle vc_toggle vc_toggle_default vc_toggle_color_default  vc_toggle_size_md\"><div class=\"vc_toggle_title\"><h4>PET-BETTEN<\/h4><i class=\"vc_toggle_icon\"><\/i><\/div><div class=\"vc_toggle_content\"><div class=\"wpb_text_column wpb_content_element\">\n<div class=\"wpb_wrapper\">\n<p>Verwenden Sie Kisseneinlagen in waschbaren Bez\u00fcgen. Nicht mit der F\u00fcllung waschen. Passen Sie bei Bedarf die Baumwollf\u00fcllung durch die Rei\u00dfverschl\u00fcsse an.<\/p>\n<p>ABNEHMBARE BEZ\u00dcGE<\/p>\n<p>Im Schonwaschgang mit einem milden Waschmittel ohne Aufheller waschen. Verwenden Sie eine niedrige Temperatur (bis zu 30\u00b0 C). Nicht bleichen. An der Luft trocknen. Mit Dampf b\u00fcgeln. Vermeiden Sie es, Samtbez\u00fcge zu waschen. Verwenden Sie stattdessen eine professionelle chemische Reinigung.<\/p>\n<\/div>\n<\/div>\n<div class=\"wpb_text_column wpb_content_element\">\n<div class=\"wpb_wrapper\">\n<p>BAUMWOLLE F\u00dcLLUNG<\/p>\n<p>Vermeiden Sie das Waschen. Dies kann dazu f\u00fchren, dass die Fasern zusammenkleben und Klumpen bilden.<\/p>\n<\/div>\n<\/div>\n<\/div><\/div>\n\t<div  class=\"wpb_single_image wpb_content_element vc_align_center wpb_content_element\">\n\t\t\n\t\t<figure class=\"wpb_wrapper vc_figure\">\n\t\t\t<div class=\"vc_single_image-wrapper   vc_box_border_grey\"><img decoding=\"async\" width=\"300\" height=\"240\" data-src=\"https:\/\/cottonedshop.com\/wp-content\/uploads\/2023\/04\/humid-climates-300x240.jpg\" class=\"vc_single_image-img attachment-medium lazyload\" alt=\"feuchte Klimazonen\" title=\"feuchte Klimazonen\" data-srcset=\"https:\/\/cottonedshop.com\/wp-content\/uploads\/2023\/04\/humid-climates-300x240.jpg 300w, https:\/\/cottonedshop.com\/wp-content\/uploads\/2023\/04\/humid-climates-150x120.jpg 150w, https:\/\/cottonedshop.com\/wp-content\/uploads\/2023\/04\/humid-climates.jpg 400w\" data-sizes=\"(max-width: 300px) 100vw, 300px\" src=\"data:image\/svg+xml;base64,PHN2ZyB3aWR0aD0iMSIgaGVpZ2h0PSIxIiB4bWxucz0iaHR0cDovL3d3dy53My5vcmcvMjAwMC9zdmciPjwvc3ZnPg==\" style=\"--smush-placeholder-width: 300px; --smush-placeholder-aspect-ratio: 300\/240;\" \/><\/div>\n\t\t<\/figure>\n\t<\/div>\n<div  class=\"vc_do_toggle vc_toggle vc_toggle_default vc_toggle_color_default  vc_toggle_size_md\"><div class=\"vc_toggle_title\"><h4>TIPPS F\u00dcR FEUCHTE KLIMAZONEN<\/h4><i class=\"vc_toggle_icon\"><\/i><\/div><div class=\"vc_toggle_content\"><p>Verwenden Sie einen Luftentfeuchter. Bespr\u00fchen und l\u00fcften Sie mit Baumwolle gef\u00fcllte Gegenst\u00e4nde h\u00e4ufiger. Verwenden Sie einen Staubsauger, um Luft durch die Fasern zu saugen, damit sich keine Feuchtigkeit im Inneren ansammelt.<\/p>\n<\/div><\/div><\/div><\/div><\/div><\/div><\/div>\n<\/div>","protected":false},"excerpt":{"rendered":"CUSHIONSAfter you receive your items, unpack and store flat. Packaging naturally causes cotton items to temporarily lose length\/width due to the lack of hard elements inside. If your item appears shorter upon arrival, press on it and push outwards to expand it until side edges get completely straight and not [...]","protected":false},"author":1,"featured_media":0,"parent":0,"menu_order":0,"comment_status":"closed","ping_status":"closed","template":"","meta":{"footnotes":""},"class_list":["post-12361","page","type-page","status-publish","hentry"],"yoast_head":"<!-- This site is optimized with the Yoast SEO plugin v27.4 - https:\/\/yoast.com\/product\/yoast-seo-wordpress\/ -->\n<title>Care Instructions | Cottoned Shop<\/title>\n<meta name=\"description\" content=\"Cottoned&#039;s products are handmade and built to last if you care for them correctly. Here you&#039;ll find all care instructions for your creation.\" \/>\n<meta name=\"robots\" content=\"index, follow, max-snippet:-1, max-image-preview:large, max-video-preview:-1\" \/>\n<link rel=\"canonical\" href=\"https:\/\/cottonedshop.com\/de\/pflege\/\" \/>\n<meta property=\"og:locale\" content=\"de_DE\" \/>\n<meta property=\"og:type\" content=\"article\" \/>\n<meta property=\"og:title\" content=\"Care Instructions | Cottoned Shop\" \/>\n<meta property=\"og:description\" content=\"Cottoned&#039;s products are handmade and built to last if you care for them correctly. Here you&#039;ll find all care instructions for your creation.\" \/>\n<meta property=\"og:url\" content=\"https:\/\/cottonedshop.com\/de\/pflege\/\" \/>\n<meta property=\"og:site_name\" content=\"Cottoned Shop\" \/>\n<meta property=\"article:modified_time\" content=\"2023-12-12T10:39:55+00:00\" \/>\n<meta name=\"twitter:card\" content=\"summary_large_image\" \/>\n<meta name=\"twitter:label1\" content=\"Gesch\u00e4tzte Lesezeit\" \/>\n\t<meta name=\"twitter:data1\" content=\"5\u00a0Minuten\" \/>\n<script type=\"application\/ld+json\" class=\"yoast-schema-graph\">{\"@context\":\"https:\\\/\\\/schema.org\",\"@graph\":[{\"@type\":\"WebPage\",\"@id\":\"https:\\\/\\\/cottonedshop.com\\\/care\\\/\",\"url\":\"https:\\\/\\\/cottonedshop.com\\\/care\\\/\",\"name\":\"Care Instructions | Cottoned Shop\",\"isPartOf\":{\"@id\":\"https:\\\/\\\/cottonedshop.com\\\/#website\"},\"datePublished\":\"2023-03-14T14:10:49+00:00\",\"dateModified\":\"2023-12-12T10:39:55+00:00\",\"description\":\"Cottoned's products are handmade and built to last if you care for them correctly. Here you'll find all care instructions for your creation.\",\"breadcrumb\":{\"@id\":\"https:\\\/\\\/cottonedshop.com\\\/care\\\/#breadcrumb\"},\"inLanguage\":\"de\",\"potentialAction\":[{\"@type\":\"ReadAction\",\"target\":[\"https:\\\/\\\/cottonedshop.com\\\/care\\\/\"]}]},{\"@type\":\"BreadcrumbList\",\"@id\":\"https:\\\/\\\/cottonedshop.com\\\/care\\\/#breadcrumb\",\"itemListElement\":[{\"@type\":\"ListItem\",\"position\":1,\"name\":\"Home\",\"item\":\"https:\\\/\\\/cottonedshop.com\\\/\"},{\"@type\":\"ListItem\",\"position\":2,\"name\":\"Care Instructions\"}]},{\"@type\":\"WebSite\",\"@id\":\"https:\\\/\\\/cottonedshop.com\\\/#website\",\"url\":\"https:\\\/\\\/cottonedshop.com\\\/\",\"name\":\"Cottoned Shop\",\"description\":\"\",\"publisher\":{\"@id\":\"https:\\\/\\\/cottonedshop.com\\\/#organization\"},\"potentialAction\":[{\"@type\":\"SearchAction\",\"target\":{\"@type\":\"EntryPoint\",\"urlTemplate\":\"https:\\\/\\\/cottonedshop.com\\\/?s={search_term_string}\"},\"query-input\":{\"@type\":\"PropertyValueSpecification\",\"valueRequired\":true,\"valueName\":\"search_term_string\"}}],\"inLanguage\":\"de\"},{\"@type\":\"Organization\",\"@id\":\"https:\\\/\\\/cottonedshop.com\\\/#organization\",\"name\":\"Cottoned\",\"url\":\"https:\\\/\\\/cottonedshop.com\\\/\",\"logo\":{\"@type\":\"ImageObject\",\"inLanguage\":\"de\",\"@id\":\"https:\\\/\\\/cottonedshop.com\\\/#\\\/schema\\\/logo\\\/image\\\/\",\"url\":\"https:\\\/\\\/cottonedshop.com\\\/wp-content\\\/uploads\\\/2021\\\/02\\\/cottoned-logo-large.png\",\"contentUrl\":\"https:\\\/\\\/cottonedshop.com\\\/wp-content\\\/uploads\\\/2021\\\/02\\\/cottoned-logo-large.png\",\"width\":1548,\"height\":1548,\"caption\":\"Cottoned\"},\"image\":{\"@id\":\"https:\\\/\\\/cottonedshop.com\\\/#\\\/schema\\\/logo\\\/image\\\/\"}}]}<\/script>\n<!-- \/ Yoast SEO plugin. -->","yoast_head_json":{"title":"Pflegeanleitung | Cottoned Shop","description":"Die Produkte von Cottoned sind handgefertigt und langlebig, wenn man sie richtig pflegt. Hier finden Sie alle Pflegehinweise f\u00fcr Ihre Kreation.","robots":{"index":"index","follow":"follow","max-snippet":"max-snippet:-1","max-image-preview":"max-image-preview:large","max-video-preview":"max-video-preview:-1"},"canonical":"https:\/\/cottonedshop.com\/de\/pflege\/","og_locale":"de_DE","og_type":"article","og_title":"Care Instructions | Cottoned Shop","og_description":"Cottoned's products are handmade and built to last if you care for them correctly. Here you'll find all care instructions for your creation.","og_url":"https:\/\/cottonedshop.com\/de\/pflege\/","og_site_name":"Cottoned Shop","article_modified_time":"2023-12-12T10:39:55+00:00","twitter_card":"summary_large_image","twitter_misc":{"Gesch\u00e4tzte Lesezeit":"5\u00a0Minuten"},"schema":{"@context":"https:\/\/schema.org","@graph":[{"@type":"WebPage","@id":"https:\/\/cottonedshop.com\/care\/","url":"https:\/\/cottonedshop.com\/care\/","name":"Pflegeanleitung | Cottoned Shop","isPartOf":{"@id":"https:\/\/cottonedshop.com\/#website"},"datePublished":"2023-03-14T14:10:49+00:00","dateModified":"2023-12-12T10:39:55+00:00","description":"Die Produkte von Cottoned sind handgefertigt und langlebig, wenn man sie richtig pflegt. Hier finden Sie alle Pflegehinweise f\u00fcr Ihre Kreation.","breadcrumb":{"@id":"https:\/\/cottonedshop.com\/care\/#breadcrumb"},"inLanguage":"de","potentialAction":[{"@type":"ReadAction","target":["https:\/\/cottonedshop.com\/care\/"]}]},{"@type":"BreadcrumbList","@id":"https:\/\/cottonedshop.com\/care\/#breadcrumb","itemListElement":[{"@type":"ListItem","position":1,"name":"Home","item":"https:\/\/cottonedshop.com\/"},{"@type":"ListItem","position":2,"name":"Care Instructions"}]},{"@type":"WebSite","@id":"https:\/\/cottonedshop.com\/#website","url":"https:\/\/cottonedshop.com\/","name":"Cottoned Shop","description":"","publisher":{"@id":"https:\/\/cottonedshop.com\/#organization"},"potentialAction":[{"@type":"SearchAction","target":{"@type":"EntryPoint","urlTemplate":"https:\/\/cottonedshop.com\/?s={search_term_string}"},"query-input":{"@type":"PropertyValueSpecification","valueRequired":true,"valueName":"search_term_string"}}],"inLanguage":"de"},{"@type":"Organization","@id":"https:\/\/cottonedshop.com\/#organization","name":"Baumwollstoff","url":"https:\/\/cottonedshop.com\/","logo":{"@type":"ImageObject","inLanguage":"de","@id":"https:\/\/cottonedshop.com\/#\/schema\/logo\/image\/","url":"https:\/\/cottonedshop.com\/wp-content\/uploads\/2021\/02\/cottoned-logo-large.png","contentUrl":"https:\/\/cottonedshop.com\/wp-content\/uploads\/2021\/02\/cottoned-logo-large.png","width":1548,"height":1548,"caption":"Cottoned"},"image":{"@id":"https:\/\/cottonedshop.com\/#\/schema\/logo\/image\/"}}]}},"_links":{"self":[{"href":"https:\/\/cottonedshop.com\/de\/wp-json\/wp\/v2\/pages\/12361","targetHints":{"allow":["GET"]}}],"collection":[{"href":"https:\/\/cottonedshop.com\/de\/wp-json\/wp\/v2\/pages"}],"about":[{"href":"https:\/\/cottonedshop.com\/de\/wp-json\/wp\/v2\/types\/page"}],"author":[{"embeddable":true,"href":"https:\/\/cottonedshop.com\/de\/wp-json\/wp\/v2\/users\/1"}],"replies":[{"embeddable":true,"href":"https:\/\/cottonedshop.com\/de\/wp-json\/wp\/v2\/comments?post=12361"}],"version-history":[{"count":0,"href":"https:\/\/cottonedshop.com\/de\/wp-json\/wp\/v2\/pages\/12361\/revisions"}],"wp:attachment":[{"href":"https:\/\/cottonedshop.com\/de\/wp-json\/wp\/v2\/media?parent=12361"}],"curies":[{"name":"wp","href":"https:\/\/api.w.org\/{rel}","templated":true}]}}