{"id":9991,"date":"2022-03-26T20:40:55","date_gmt":"2022-03-26T18:40:55","guid":{"rendered":"https:\/\/cottonedshop.com\/?post_type=product&#038;p=9991"},"modified":"2024-06-27T19:00:16","modified_gmt":"2024-06-27T16:00:16","slug":"tufted-hovedgaerde-pude-sma-faner","status":"publish","type":"product","link":"https:\/\/cottonedshop.com\/da\/shop\/tufted-headboard-cushion-small-tabs\/","title":{"rendered":"Pude til hovedg\u00e6rde i tuftet \u00f8kologisk bomuld"},"content":{"rendered":"<div class=\"wpb-content-wrapper\"><p>Uanset om du l\u00e6ser en bog, ser din yndlingsserie, gennemg\u00e5r din daglige planl\u00e6gger eller bare slapper af efter en lang dag, kan vores\u00a0<strong>bomuldsfyldt pude til hovedg\u00e6rde<\/strong>\u00a0leverer suver\u00e6n komfort og uovertruffen hygge.<\/p>\n<p>Fremstillet af\u00a0<strong>Holdbare materialer af h\u00f8j kvalitet<\/strong>\u00a0og\u00a0<strong>det reneste bomuldsfyld<\/strong>puderne til hovedg\u00e6rdet er\u00a0<strong>Allergivenlig, ekstremt \u00e5ndbar, milj\u00f8venlig<\/strong>og\u00a0<strong>giftfri<\/strong>.<\/p>\n<p>V\u00e6lg mellem en\u00a0<strong>bred vifte af stoffer, farver<\/strong>Du kan v\u00e6lge mellem forskellige st\u00f8rrelser, former og overflader for at skabe en sengegavl, der passer til dit hjem og afspejler din unikke smag.<\/p>\n<p>100%\u00a0<strong>\u00f8kologisk bomuld<\/strong>\u00a0fyld indeni.<br \/>\n<strong>Fremstillet p\u00e5 bestilling<\/strong>\u00a0s\u00e5 det passer til dine pr\u00e6ferencer.<br \/>\n<strong>Naturligt alternativ<\/strong>\u00a0til skumpuder.<br \/>\n<strong>Gr\u00e6nse<\/strong>\u00a0eksponering for\u00a0<strong>farlige VOC'er<\/strong>\u00a0i dit hjem.<br \/>\nGratis\u00a0<strong>Reparationss\u00e6t<\/strong>\u00a0inkluderet.<br \/>\nAlle\u00a0<strong>Skatter<\/strong>\u00a0og\u00a0<strong>pligter<\/strong>\u00a0er\u00a0<strong>inkluderet<\/strong>.<\/p>\n<div  class=\"sec_row container\"><div class=\"vc_row wpb_row vc_row-fluid\"><div class=\"wpb_column vc_column_container vc_col-sm-12 et-dark-column\"><div class=\"vc_column-inner\"><div class=\"wpb_wrapper\">\t\t<div id=\"et-button-69d976cac9c1c\" class=\"et_btn_align_center\">\n\t\t\t<a href=\"https:\/\/cottonedshop.com\/shop\/custom-tufted-headboard-cushion\/\" class=\"et_btn button et_btn_md solid rounded color-custom\"  role=\"button\" title=\"\" ><span>Tilpas det<\/span><\/a>\n\t\t<\/div>\n\t\t\n\t<div class=\"vc_empty_space\"   style=\"height: 20px\"><span class=\"vc_empty_space_inner\"><\/span><\/div>\n\t<div class=\"wpb_text_column wpb_content_element\" >\n\t\t<div class=\"wpb_wrapper\">\n\t\t\t<p style=\"text-align: left;\"><strong>FUNKTIONER:<\/strong><\/p>\n<ul>\n<li style=\"text-align: left;\">Lynl\u00e5s i bunden, s\u00e5 du nemt kan justere bomulden, tilf\u00f8je eller fjerne bomuld, hvis det er n\u00f8dvendigt.<\/li>\n<li style=\"text-align: left;\">Gratis reparationss\u00e6t medf\u00f8lger til hver bomuldsfyldt genstand.<\/li>\n<\/ul>\n<p>&nbsp;<\/p>\n<p><strong>FYLDNING:<\/strong> <a href=\"https:\/\/cottonedshop.com\/product\/cotton-filling\/\">100% GOTS-certificeret bomuld<\/a><\/p>\n<p>&nbsp;<\/p>\n<p style=\"text-align: left;\"><strong>MULIGHED FOR VASKBART BETR\u00c6K MED LYNL\u00c5S:<\/strong><\/p>\n<ul style=\"text-align: left;\">\n<li>100% \u00d8kologisk bomuld, kraftig, ubleget (GOTS-certificeret)<\/li>\n<li>Max bomuld (100% bomuld), \u00d8ko-Tex certificeret<\/li>\n<li>Canal (60% bomuld\/40% polyester), Oeko-Tex-certificeret<\/li>\n<li>Mimos (50 % bomuld\/50% polyester), \u00d8ko-Tex-certificeret<\/li>\n<li>Bella (67% bomuld\/33% h\u00f8r), \u00d8ko-Tex-certificeret<\/li>\n<li>Fl\u00f8jl (65% bomuld\/35% polyester), \u00d8ko-Tex-certificeret<\/li>\n<li>Vand- og smudsafvisende stof (60% bomuld\/40% polyester)<\/li>\n<li>Indfarvet h\u00f8r (100% h\u00f8r), \u00d8ko-Tex-certificeret<\/li>\n<\/ul>\n<p>&nbsp;<\/p>\n<p style=\"text-align: left;\"><strong>MULIGHEDER FOR FASTG\u00d8RELSE:<\/strong><\/p>\n<ul style=\"text-align: left;\">\n<li>Med en baglomme - glider over hovedg\u00e6rdet p\u00e5 din seng<\/li>\n<li>Med b\u00e5nd - langs toppen af puden (hver 6\u2033-8\u2033)<\/li>\n<li>Med stang - skjult i den \u00f8verste bagkant (vi leverer stangen)<\/li>\n<\/ul>\n<p>&nbsp;<\/p>\n<p style=\"text-align: left;\"><strong>KANTMULIGHEDER<\/strong>:<\/p>\n<ul style=\"text-align: left;\">\n<li>Mini-pipede kanter<\/li>\n<li>Ikke-pipede kanter<\/li>\n<\/ul>\n<p>&nbsp;<\/p>\n<p style=\"text-align: left;\"><strong>PLEJEINSTRUKTIONER<\/strong><\/p>\n<p style=\"text-align: left;\">M\u00e5 kun pletrenses.<\/p>\n<p>&nbsp;<\/p>\n<p style=\"text-align: left;\"><strong>VIGTIGT<\/strong><\/p>\n<p style=\"text-align: left;\">* Dette tilbud g\u00e6lder kun for \u00e9n pude.<br \/>\n* Bomuldsfyldte varer er udsat for en vis grad af kompression.<br \/>\n* H\u00e5ndlavet vare, lille afvigelse i dimensioner er mulig.<\/p>\n<p>&nbsp;<\/p>\n<p style=\"text-align: left;\">Tak for din tid!<\/p>\n\n\t\t<\/div>\n\t<\/div>\n\n\t<div class=\"wpb_raw_code wpb_raw_html wpb_content_element\" >\n\t\t<div class=\"wpb_wrapper\">\n\t\t\t<div class=\"klaviyo-form-SVRq2G\"><\/div>\n\t\t<\/div>\n\t<\/div>\n<\/div><\/div><\/div><\/div><\/div>\n<\/div>","protected":false},"excerpt":{"rendered":"<p style=\"text-align: left;\">Uanset om du l\u00e6ser en bog, ser din yndlingsserie, gennemg\u00e5r din daglige planl\u00e6gger eller bare slapper af efter en lang dag, kan vores\u00a0<strong>bomuldsfyldt pude til hovedg\u00e6rde<\/strong>\u00a0leverer suver\u00e6n komfort og uovertruffen hygge.<\/p>\n<p style=\"text-align: left;\">Fremstillet af\u00a0<strong>Holdbare materialer af h\u00f8j kvalitet<\/strong>\u00a0og\u00a0<strong>det reneste bomuldsfyld<\/strong>puderne til hovedg\u00e6rdet er\u00a0<strong>Allergivenlig, ekstremt \u00e5ndbar, milj\u00f8venlig<\/strong>og\u00a0<strong>giftfri<\/strong>.<\/p>\n<p style=\"text-align: left;\">V\u00e6lg mellem en\u00a0<strong>bred vifte af stoffer, farver<\/strong>Du kan v\u00e6lge mellem forskellige st\u00f8rrelser, former og overflader for at skabe en sengegavl, der passer til dit hjem og afspejler din unikke smag.<\/p>\n<ul>\n<li style=\"text-align: left;\">100%\u00a0<strong>\u00f8kologisk bomuld<\/strong>\u00a0fyld indeni.<\/li>\n<li style=\"text-align: left;\"><strong>Fremstillet p\u00e5 bestilling<\/strong>\u00a0s\u00e5 det passer til dine pr\u00e6ferencer.<\/li>\n<li style=\"text-align: left;\"><strong>Naturligt alternativ<\/strong>\u00a0til skumpuder.<\/li>\n<li style=\"text-align: left;\"><strong>Gr\u00e6nse<\/strong>\u00a0eksponering for\u00a0<strong>farlige VOC'er<\/strong>\u00a0i dit hjem.<\/li>\n<li style=\"text-align: left;\">Gratis\u00a0<strong>Reparationss\u00e6t<\/strong>\u00a0inkluderet.<\/li>\n<li style=\"text-align: left;\">Alle\u00a0<strong>Skatter<\/strong>\u00a0og\u00a0<strong>pligter<\/strong>\u00a0er\u00a0<strong>inkluderet<\/strong>.<\/li>\n<li><strong>Gratis levering<\/strong>\u00a0til din d\u00f8r.<\/li>\n<\/ul>","protected":false},"featured_media":9992,"comment_status":"open","ping_status":"closed","template":"","meta":[],"product_brand":[],"product_cat":[402],"product_tag":[165,413,166,167,168,169,170,171],"class_list":{"0":"post-9991","1":"product","2":"type-product","3":"status-publish","4":"has-post-thumbnail","6":"product_cat-headboards","7":"product_tag-bed-headrest-pillow","8":"product_tag-buttoned-headboard","9":"product_tag-cushions-for-headboards","10":"product_tag-headboard-cover","11":"product_tag-headboard-cushion-design","12":"product_tag-headboard-cushion-wall-pillow","13":"product_tag-headboard-cushion-with-ties","14":"product_tag-tufted-headboard-cushion","16":"first","17":"instock","18":"shipping-taxable","19":"product-type-external"},"yoast_head":"<!-- This site is optimized with the Yoast SEO plugin v27.3 - https:\/\/yoast.com\/product\/yoast-seo-wordpress\/ -->\n<title>Custom Organic Cotton Tufted Headboard Cushion | Cottoned<\/title>\n<meta name=\"description\" content=\"Our tufted headboard cushion is handmade, hand-tufted and filled with organic cotton stuffing. Custom sizes available on request.\" \/>\n<meta name=\"robots\" content=\"index, follow, max-snippet:-1, max-image-preview:large, max-video-preview:-1\" \/>\n<link rel=\"canonical\" href=\"https:\/\/cottonedshop.com\/da\/butik\/tufted-hovedgaerde-pude-sma-faner\/\" \/>\n<meta property=\"og:locale\" content=\"da_DK\" \/>\n<meta property=\"og:type\" content=\"article\" \/>\n<meta property=\"og:title\" content=\"Custom Organic Cotton Tufted Headboard Cushion | Cottoned\" \/>\n<meta property=\"og:description\" content=\"Our tufted headboard cushion is handmade, hand-tufted and filled with organic cotton stuffing. Custom sizes available on request.\" \/>\n<meta property=\"og:url\" content=\"https:\/\/cottonedshop.com\/da\/butik\/tufted-hovedgaerde-pude-sma-faner\/\" \/>\n<meta property=\"og:site_name\" content=\"Cottoned Shop\" \/>\n<meta property=\"article:modified_time\" content=\"2024-06-27T16:00:16+00:00\" \/>\n<meta property=\"og:image\" content=\"https:\/\/cottonedshop.com\/wp-content\/uploads\/2022\/03\/Cottoned-Tufted-Headboard-Cushion-with-small-tabs.jpg\" \/>\n\t<meta property=\"og:image:width\" content=\"1300\" \/>\n\t<meta property=\"og:image:height\" content=\"1040\" \/>\n\t<meta property=\"og:image:type\" content=\"image\/jpeg\" \/>\n<meta name=\"twitter:card\" content=\"summary_large_image\" \/>\n<meta name=\"twitter:label1\" content=\"Estimeret l\u00e6setid\" \/>\n\t<meta name=\"twitter:data1\" content=\"2 minutter\" \/>\n<script type=\"application\/ld+json\" class=\"yoast-schema-graph\">{\"@context\":\"https:\\\/\\\/schema.org\",\"@graph\":[{\"@type\":\"WebPage\",\"@id\":\"https:\\\/\\\/cottonedshop.com\\\/shop\\\/tufted-headboard-cushion-small-tabs\\\/\",\"url\":\"https:\\\/\\\/cottonedshop.com\\\/shop\\\/tufted-headboard-cushion-small-tabs\\\/\",\"name\":\"Custom Organic Cotton Tufted Headboard Cushion | Cottoned\",\"isPartOf\":{\"@id\":\"https:\\\/\\\/cottonedshop.com\\\/#website\"},\"primaryImageOfPage\":{\"@id\":\"https:\\\/\\\/cottonedshop.com\\\/shop\\\/tufted-headboard-cushion-small-tabs\\\/#primaryimage\"},\"image\":{\"@id\":\"https:\\\/\\\/cottonedshop.com\\\/shop\\\/tufted-headboard-cushion-small-tabs\\\/#primaryimage\"},\"thumbnailUrl\":\"https:\\\/\\\/cottonedshop.com\\\/wp-content\\\/uploads\\\/2022\\\/03\\\/Cottoned-Tufted-Headboard-Cushion-with-small-tabs.jpg\",\"datePublished\":\"2022-03-26T18:40:55+00:00\",\"dateModified\":\"2024-06-27T16:00:16+00:00\",\"description\":\"Our tufted headboard cushion is handmade, hand-tufted and filled with organic cotton stuffing. Custom sizes available on request.\",\"breadcrumb\":{\"@id\":\"https:\\\/\\\/cottonedshop.com\\\/shop\\\/tufted-headboard-cushion-small-tabs\\\/#breadcrumb\"},\"inLanguage\":\"da-DK\",\"potentialAction\":[{\"@type\":\"ReadAction\",\"target\":[\"https:\\\/\\\/cottonedshop.com\\\/shop\\\/tufted-headboard-cushion-small-tabs\\\/\"]}]},{\"@type\":\"ImageObject\",\"inLanguage\":\"da-DK\",\"@id\":\"https:\\\/\\\/cottonedshop.com\\\/shop\\\/tufted-headboard-cushion-small-tabs\\\/#primaryimage\",\"url\":\"https:\\\/\\\/cottonedshop.com\\\/wp-content\\\/uploads\\\/2022\\\/03\\\/Cottoned-Tufted-Headboard-Cushion-with-small-tabs.jpg\",\"contentUrl\":\"https:\\\/\\\/cottonedshop.com\\\/wp-content\\\/uploads\\\/2022\\\/03\\\/Cottoned-Tufted-Headboard-Cushion-with-small-tabs.jpg\",\"width\":1300,\"height\":1040},{\"@type\":\"BreadcrumbList\",\"@id\":\"https:\\\/\\\/cottonedshop.com\\\/shop\\\/tufted-headboard-cushion-small-tabs\\\/#breadcrumb\",\"itemListElement\":[{\"@type\":\"ListItem\",\"position\":1,\"name\":\"Home\",\"item\":\"https:\\\/\\\/cottonedshop.com\\\/\"},{\"@type\":\"ListItem\",\"position\":2,\"name\":\"Shop\",\"item\":\"https:\\\/\\\/cottonedshop.com\\\/shop\\\/\"},{\"@type\":\"ListItem\",\"position\":3,\"name\":\"Custom Organic Cotton Tufted Headboard Cushion\"}]},{\"@type\":\"WebSite\",\"@id\":\"https:\\\/\\\/cottonedshop.com\\\/#website\",\"url\":\"https:\\\/\\\/cottonedshop.com\\\/\",\"name\":\"Cottoned Shop\",\"description\":\"\",\"publisher\":{\"@id\":\"https:\\\/\\\/cottonedshop.com\\\/#organization\"},\"potentialAction\":[{\"@type\":\"SearchAction\",\"target\":{\"@type\":\"EntryPoint\",\"urlTemplate\":\"https:\\\/\\\/cottonedshop.com\\\/?s={search_term_string}\"},\"query-input\":{\"@type\":\"PropertyValueSpecification\",\"valueRequired\":true,\"valueName\":\"search_term_string\"}}],\"inLanguage\":\"da-DK\"},{\"@type\":\"Organization\",\"@id\":\"https:\\\/\\\/cottonedshop.com\\\/#organization\",\"name\":\"Cottoned\",\"url\":\"https:\\\/\\\/cottonedshop.com\\\/\",\"logo\":{\"@type\":\"ImageObject\",\"inLanguage\":\"da-DK\",\"@id\":\"https:\\\/\\\/cottonedshop.com\\\/#\\\/schema\\\/logo\\\/image\\\/\",\"url\":\"https:\\\/\\\/cottonedshop.com\\\/wp-content\\\/uploads\\\/2021\\\/02\\\/cottoned-logo-large.png\",\"contentUrl\":\"https:\\\/\\\/cottonedshop.com\\\/wp-content\\\/uploads\\\/2021\\\/02\\\/cottoned-logo-large.png\",\"width\":1548,\"height\":1548,\"caption\":\"Cottoned\"},\"image\":{\"@id\":\"https:\\\/\\\/cottonedshop.com\\\/#\\\/schema\\\/logo\\\/image\\\/\"}}]}<\/script>\n<!-- \/ Yoast SEO plugin. -->","yoast_head_json":{"title":"Specialfremstillet pude til hovedg\u00e6rde i tuftet \u00f8kologisk bomuld","description":"Vores tuftede hovedg\u00e6rdehynde er h\u00e5ndlavet, h\u00e5ndtuftet og fyldt med \u00f8kologisk bomuldsfyld. Tilpassede st\u00f8rrelser f\u00e5s p\u00e5 foresp\u00f8rgsel.","robots":{"index":"index","follow":"follow","max-snippet":"max-snippet:-1","max-image-preview":"max-image-preview:large","max-video-preview":"max-video-preview:-1"},"canonical":"https:\/\/cottonedshop.com\/da\/butik\/tufted-hovedgaerde-pude-sma-faner\/","og_locale":"da_DK","og_type":"article","og_title":"Custom Organic Cotton Tufted Headboard Cushion | Cottoned","og_description":"Our tufted headboard cushion is handmade, hand-tufted and filled with organic cotton stuffing. Custom sizes available on request.","og_url":"https:\/\/cottonedshop.com\/da\/butik\/tufted-hovedgaerde-pude-sma-faner\/","og_site_name":"Cottoned Shop","article_modified_time":"2024-06-27T16:00:16+00:00","og_image":[{"width":1300,"height":1040,"url":"https:\/\/cottonedshop.com\/wp-content\/uploads\/2022\/03\/Cottoned-Tufted-Headboard-Cushion-with-small-tabs.jpg","type":"image\/jpeg"}],"twitter_card":"summary_large_image","twitter_misc":{"Estimeret l\u00e6setid":"2 minutter"},"schema":{"@context":"https:\/\/schema.org","@graph":[{"@type":"WebPage","@id":"https:\/\/cottonedshop.com\/shop\/tufted-headboard-cushion-small-tabs\/","url":"https:\/\/cottonedshop.com\/shop\/tufted-headboard-cushion-small-tabs\/","name":"Specialfremstillet pude til hovedg\u00e6rde i tuftet \u00f8kologisk bomuld","isPartOf":{"@id":"https:\/\/cottonedshop.com\/#website"},"primaryImageOfPage":{"@id":"https:\/\/cottonedshop.com\/shop\/tufted-headboard-cushion-small-tabs\/#primaryimage"},"image":{"@id":"https:\/\/cottonedshop.com\/shop\/tufted-headboard-cushion-small-tabs\/#primaryimage"},"thumbnailUrl":"https:\/\/cottonedshop.com\/wp-content\/uploads\/2022\/03\/Cottoned-Tufted-Headboard-Cushion-with-small-tabs.jpg","datePublished":"2022-03-26T18:40:55+00:00","dateModified":"2024-06-27T16:00:16+00:00","description":"Vores tuftede hovedg\u00e6rdehynde er h\u00e5ndlavet, h\u00e5ndtuftet og fyldt med \u00f8kologisk bomuldsfyld. Tilpassede st\u00f8rrelser f\u00e5s p\u00e5 foresp\u00f8rgsel.","breadcrumb":{"@id":"https:\/\/cottonedshop.com\/shop\/tufted-headboard-cushion-small-tabs\/#breadcrumb"},"inLanguage":"da-DK","potentialAction":[{"@type":"ReadAction","target":["https:\/\/cottonedshop.com\/shop\/tufted-headboard-cushion-small-tabs\/"]}]},{"@type":"ImageObject","inLanguage":"da-DK","@id":"https:\/\/cottonedshop.com\/shop\/tufted-headboard-cushion-small-tabs\/#primaryimage","url":"https:\/\/cottonedshop.com\/wp-content\/uploads\/2022\/03\/Cottoned-Tufted-Headboard-Cushion-with-small-tabs.jpg","contentUrl":"https:\/\/cottonedshop.com\/wp-content\/uploads\/2022\/03\/Cottoned-Tufted-Headboard-Cushion-with-small-tabs.jpg","width":1300,"height":1040},{"@type":"BreadcrumbList","@id":"https:\/\/cottonedshop.com\/shop\/tufted-headboard-cushion-small-tabs\/#breadcrumb","itemListElement":[{"@type":"ListItem","position":1,"name":"Home","item":"https:\/\/cottonedshop.com\/"},{"@type":"ListItem","position":2,"name":"Shop","item":"https:\/\/cottonedshop.com\/shop\/"},{"@type":"ListItem","position":3,"name":"Custom Organic Cotton Tufted Headboard Cushion"}]},{"@type":"WebSite","@id":"https:\/\/cottonedshop.com\/#website","url":"https:\/\/cottonedshop.com\/","name":"Bomuldsbutik","description":"","publisher":{"@id":"https:\/\/cottonedshop.com\/#organization"},"potentialAction":[{"@type":"SearchAction","target":{"@type":"EntryPoint","urlTemplate":"https:\/\/cottonedshop.com\/?s={search_term_string}"},"query-input":{"@type":"PropertyValueSpecification","valueRequired":true,"valueName":"search_term_string"}}],"inLanguage":"da-DK"},{"@type":"Organization","@id":"https:\/\/cottonedshop.com\/#organization","name":"Bomuld","url":"https:\/\/cottonedshop.com\/","logo":{"@type":"ImageObject","inLanguage":"da-DK","@id":"https:\/\/cottonedshop.com\/#\/schema\/logo\/image\/","url":"https:\/\/cottonedshop.com\/wp-content\/uploads\/2021\/02\/cottoned-logo-large.png","contentUrl":"https:\/\/cottonedshop.com\/wp-content\/uploads\/2021\/02\/cottoned-logo-large.png","width":1548,"height":1548,"caption":"Cottoned"},"image":{"@id":"https:\/\/cottonedshop.com\/#\/schema\/logo\/image\/"}}]}},"_links":{"self":[{"href":"https:\/\/cottonedshop.com\/da\/wp-json\/wp\/v2\/product\/9991","targetHints":{"allow":["GET"]}}],"collection":[{"href":"https:\/\/cottonedshop.com\/da\/wp-json\/wp\/v2\/product"}],"about":[{"href":"https:\/\/cottonedshop.com\/da\/wp-json\/wp\/v2\/types\/product"}],"replies":[{"embeddable":true,"href":"https:\/\/cottonedshop.com\/da\/wp-json\/wp\/v2\/comments?post=9991"}],"wp:featuredmedia":[{"embeddable":true,"href":"https:\/\/cottonedshop.com\/da\/wp-json\/wp\/v2\/media\/9992"}],"wp:attachment":[{"href":"https:\/\/cottonedshop.com\/da\/wp-json\/wp\/v2\/media?parent=9991"}],"wp:term":[{"taxonomy":"product_brand","embeddable":true,"href":"https:\/\/cottonedshop.com\/da\/wp-json\/wp\/v2\/product_brand?post=9991"},{"taxonomy":"product_cat","embeddable":true,"href":"https:\/\/cottonedshop.com\/da\/wp-json\/wp\/v2\/product_cat?post=9991"},{"taxonomy":"product_tag","embeddable":true,"href":"https:\/\/cottonedshop.com\/da\/wp-json\/wp\/v2\/product_tag?post=9991"}],"curies":[{"name":"wp","href":"https:\/\/api.w.org\/{rel}","templated":true}]}}