{"id":9106,"date":"2022-02-23T21:56:18","date_gmt":"2022-02-23T19:56:18","guid":{"rendered":"https:\/\/cottonedshop.com\/?post_type=product&#038;p=9106"},"modified":"2026-03-11T21:28:42","modified_gmt":"2026-03-11T19:28:42","slug":"bolsterpude","status":"publish","type":"product","link":"https:\/\/cottonedshop.com\/da\/shop\/bolster-pillow\/","title":{"rendered":"Bolsterpude i \u00f8kologisk bomuld"},"content":{"rendered":"<div class=\"wpb-content-wrapper\"><div  class=\"sec_row container\"><div class=\"vc_row wpb_row vc_row-fluid\"><div class=\"wpb_column vc_column_container vc_col-sm-12 et-dark-column\"><div class=\"vc_column-inner\"><div class=\"wpb_wrapper\">\n\t<div class=\"wpb_text_column wpb_content_element\" >\n\t\t<div class=\"wpb_wrapper\">\n\t\t\t<p style=\"text-align: left;\"><strong>PLEJEINSTRUKTIONER<\/strong><\/p>\n<p style=\"text-align: left;\">Removable cover is machine washable at a gentle cycle with a mild detergent. Close zipper for washing.<\/p>\n<p style=\"text-align: left;\"><strong>VIGTIGT<\/strong><\/p>\n<p style=\"text-align: left;\">* Dette tilbud g\u00e6lder kun for \u00e9n bolsterpude.<br \/>\n* Bomuldsfyldte varer er udsat for en vis grad af kompression.<br \/>\n* H\u00e5ndlavet vare, lille afvigelse i dimensioner er mulig.<\/p>\n<h3 style=\"text-align: center;\">Relaterede produkter<\/h3>\n<p style=\"text-align: left;\">\n\n\t\t<\/div>\n\t<\/div>\n<div class=\"vc_row wpb_row vc_inner vc_row-fluid max_width\"><div class=\"wpb_column vc_column_container vc_col-sm-4 et-dark-column\"><div class=\"vc_column-inner\"><div class=\"wpb_wrapper\">\n\t<div  class=\"wpb_single_image wpb_content_element vc_align_left wpb_content_element\">\n\t\t\n\t\t<figure class=\"wpb_wrapper vc_figure\">\n\t\t\t<a href=\"https:\/\/cottonedshop.com\/shop\/throw-pillow\/\" target=\"_self\" class=\"vc_single_image-wrapper   vc_box_border_grey\"><img decoding=\"async\" width=\"1024\" height=\"819\" data-src=\"https:\/\/cottonedshop.com\/wp-content\/uploads\/2018\/04\/Cottoned-throw-pillow-with-velvet-cover-and-organic-cotton-filling-1024x819.jpg\" class=\"vc_single_image-img attachment-large lazyload\" alt=\"Pude i bomuld med fl\u00f8jlsbetr\u00e6k og fyld af \u00f8kologisk bomuld\" title=\"Pude i bomuld med fl\u00f8jlsbetr\u00e6k og fyld af \u00f8kologisk bomuld\" data-srcset=\"https:\/\/cottonedshop.com\/wp-content\/uploads\/2018\/04\/Cottoned-throw-pillow-with-velvet-cover-and-organic-cotton-filling-1024x819.jpg 1024w, https:\/\/cottonedshop.com\/wp-content\/uploads\/2018\/04\/Cottoned-throw-pillow-with-velvet-cover-and-organic-cotton-filling-600x480.jpg 600w, https:\/\/cottonedshop.com\/wp-content\/uploads\/2018\/04\/Cottoned-throw-pillow-with-velvet-cover-and-organic-cotton-filling-900x720.jpg 900w, https:\/\/cottonedshop.com\/wp-content\/uploads\/2018\/04\/Cottoned-throw-pillow-with-velvet-cover-and-organic-cotton-filling-300x240.jpg 300w, https:\/\/cottonedshop.com\/wp-content\/uploads\/2018\/04\/Cottoned-throw-pillow-with-velvet-cover-and-organic-cotton-filling-768x614.jpg 768w, https:\/\/cottonedshop.com\/wp-content\/uploads\/2018\/04\/Cottoned-throw-pillow-with-velvet-cover-and-organic-cotton-filling-150x120.jpg 150w, https:\/\/cottonedshop.com\/wp-content\/uploads\/2018\/04\/Cottoned-throw-pillow-with-velvet-cover-and-organic-cotton-filling.jpg 1300w\" data-sizes=\"(max-width: 1024px) 100vw, 1024px\" src=\"data:image\/svg+xml;base64,PHN2ZyB3aWR0aD0iMSIgaGVpZ2h0PSIxIiB4bWxucz0iaHR0cDovL3d3dy53My5vcmcvMjAwMC9zdmciPjwvc3ZnPg==\" style=\"--smush-placeholder-width: 1024px; --smush-placeholder-aspect-ratio: 1024\/819;\" \/><\/a>\n\t\t<\/figure>\n\t<\/div>\n\n\t<div class=\"wpb_text_column wpb_content_element\" >\n\t\t<div class=\"wpb_wrapper\">\n\t\t\t<p style=\"text-align: center;\"><a href=\"https:\/\/cottonedshop.com\/shop\/throw-pillow\/\">Kastepude i \u00f8kologisk bomuld<\/a><\/p>\n\n\t\t<\/div>\n\t<\/div>\n<\/div><\/div><\/div><div class=\"wpb_column vc_column_container vc_col-sm-4 et-dark-column\"><div class=\"vc_column-inner\"><div class=\"wpb_wrapper\">\n\t<div  class=\"wpb_single_image wpb_content_element vc_align_center wpb_content_element\">\n\t\t\n\t\t<figure class=\"wpb_wrapper vc_figure\">\n\t\t\t<a href=\"https:\/\/cottonedshop.com\/shop\/tufted-round-pouf\/\" target=\"_self\" class=\"vc_single_image-wrapper   vc_box_border_grey\"><img decoding=\"async\" width=\"1024\" height=\"819\" data-src=\"https:\/\/cottonedshop.com\/wp-content\/uploads\/2021\/10\/Cottoned-Tufted-Round-Pouf-Table-1024x819.jpg\" class=\"vc_single_image-img attachment-large lazyload\" alt=\"Bomuldsbetrukket rundt pufbord\" title=\"Bomuldsbetrukket rundt pufbord\" data-srcset=\"https:\/\/cottonedshop.com\/wp-content\/uploads\/2021\/10\/Cottoned-Tufted-Round-Pouf-Table-1024x819.jpg 1024w, https:\/\/cottonedshop.com\/wp-content\/uploads\/2021\/10\/Cottoned-Tufted-Round-Pouf-Table-600x480.jpg 600w, https:\/\/cottonedshop.com\/wp-content\/uploads\/2021\/10\/Cottoned-Tufted-Round-Pouf-Table-900x720.jpg 900w, https:\/\/cottonedshop.com\/wp-content\/uploads\/2021\/10\/Cottoned-Tufted-Round-Pouf-Table-300x240.jpg 300w, https:\/\/cottonedshop.com\/wp-content\/uploads\/2021\/10\/Cottoned-Tufted-Round-Pouf-Table-768x614.jpg 768w, https:\/\/cottonedshop.com\/wp-content\/uploads\/2021\/10\/Cottoned-Tufted-Round-Pouf-Table-150x120.jpg 150w, https:\/\/cottonedshop.com\/wp-content\/uploads\/2021\/10\/Cottoned-Tufted-Round-Pouf-Table.jpg 1300w\" data-sizes=\"(max-width: 1024px) 100vw, 1024px\" src=\"data:image\/svg+xml;base64,PHN2ZyB3aWR0aD0iMSIgaGVpZ2h0PSIxIiB4bWxucz0iaHR0cDovL3d3dy53My5vcmcvMjAwMC9zdmciPjwvc3ZnPg==\" style=\"--smush-placeholder-width: 1024px; --smush-placeholder-aspect-ratio: 1024\/819;\" \/><\/a>\n\t\t<\/figure>\n\t<\/div>\n\n\t<div class=\"wpb_text_column wpb_content_element\" >\n\t\t<div class=\"wpb_wrapper\">\n\t\t\t<p style=\"text-align: center;\"><a href=\"https:\/\/cottonedshop.com\/shop\/tufted-round-pouf\/\">Tuftede runde pufborde i \u00f8kologisk bomuld<\/a><\/p>\n\n\t\t<\/div>\n\t<\/div>\n<\/div><\/div><\/div><div class=\"wpb_column vc_column_container vc_col-sm-4 et-dark-column\"><div class=\"vc_column-inner\"><div class=\"wpb_wrapper\">\n\t<div  class=\"wpb_single_image wpb_content_element vc_align_center wpb_content_element\">\n\t\t\n\t\t<figure class=\"wpb_wrapper vc_figure\">\n\t\t\t<a href=\"https:\/\/cottonedshop.com\/shop\/custom-seat-cushion\/\" target=\"_self\" class=\"vc_single_image-wrapper   vc_box_border_grey\"><img decoding=\"async\" width=\"500\" height=\"400\" data-src=\"https:\/\/cottonedshop.com\/wp-content\/uploads\/2022\/03\/Cottoned-Custom-seat-cushion-with-removable-cover.jpg\" class=\"vc_single_image-img attachment-large lazyload\" alt=\"Custom-s\u00e6dehynde i bomuld med aftageligt betr\u00e6k\" title=\"Custom-s\u00e6dehynde i bomuld med aftageligt betr\u00e6k\" data-srcset=\"https:\/\/cottonedshop.com\/wp-content\/uploads\/2022\/03\/Cottoned-Custom-seat-cushion-with-removable-cover.jpg 500w, https:\/\/cottonedshop.com\/wp-content\/uploads\/2022\/03\/Cottoned-Custom-seat-cushion-with-removable-cover-300x240.jpg 300w, https:\/\/cottonedshop.com\/wp-content\/uploads\/2022\/03\/Cottoned-Custom-seat-cushion-with-removable-cover-150x120.jpg 150w\" data-sizes=\"(max-width: 500px) 100vw, 500px\" src=\"data:image\/svg+xml;base64,PHN2ZyB3aWR0aD0iMSIgaGVpZ2h0PSIxIiB4bWxucz0iaHR0cDovL3d3dy53My5vcmcvMjAwMC9zdmciPjwvc3ZnPg==\" style=\"--smush-placeholder-width: 500px; --smush-placeholder-aspect-ratio: 500\/400;\" \/><\/a>\n\t\t<\/figure>\n\t<\/div>\n\n\t<div class=\"wpb_text_column wpb_content_element\" >\n\t\t<div class=\"wpb_wrapper\">\n\t\t\t<p style=\"text-align: center;\"><a href=\"https:\/\/cottonedshop.com\/shop\/custom-seat-cushion\/\">Brugerdefineret s\u00e6dehynde i \u00f8kologisk bomuld med aftageligt betr\u00e6k<\/a><\/p>\n<p style=\"text-align: left;\">\n\n\t\t<\/div>\n\t<\/div>\n<\/div><\/div><\/div><\/div><\/div><\/div><\/div><\/div><\/div>\n<\/div>","protected":false},"excerpt":{"rendered":"<p style=\"text-align: left;\">[et_button title=\"Configure &amp; Buy\" style=\"solid rounded\" color=\"custom\" align=\"center\" color_custom=\"#F07D7D\" text_color_custom=\"#ffffff\" link=\"url:%23configurator\"]<\/p>\n<p style=\"text-align: left;\">Whether you&#8217;re lounging on the sofa, reading in bed, or practicing yoga, our bolster pillow offers the perfect blend of comfort and functionality for all your rituals.<\/p>\n<p style=\"text-align: left;\"><strong>Custom-crafted<\/strong> with<strong> high-quality, durable materials<\/strong> and the <strong>purest organic cotton filling<\/strong> inside, our bolsters are <strong>hypoallergenic, extremely breathable, eco-friendly, <\/strong>and <strong>toxic-free<\/strong>.<\/p>\n<p style=\"text-align: left;\">Choose from a <strong>wide variety of fabrics and colors<\/strong> to create a bolster pillow that compliments your lounge area and reflects your unique taste. Ready to fit your space, your way.<\/p>\n<ul>\n<li style=\"text-align: left;\">100% <strong>organic cotton<\/strong> filling inside.<\/li>\n<li style=\"text-align: left;\"><strong>Made-to-order<\/strong> to fit your preferences.<\/li>\n<li style=\"text-align: left;\"><strong>Natural alternative<\/strong> to foam pillows.<\/li>\n<li style=\"text-align: left;\"><strong>Limit<\/strong> exposure to <strong>dangerous VOCs<\/strong> in your home.<\/li>\n<li id=\"configurator\" style=\"text-align: left;\">All <strong>taxes<\/strong> and <strong>duties<\/strong> are <strong>included<\/strong>.<\/li>\n<\/ul>\n<p style=\"text-align: left;\">[vc_tta_accordion c_icon=\"chevron\" active_section=\"0\" collapsible_all=\"true\"][vc_tta_section title=\"FEATURES\" tab_id=\"1687417369530-3c7a60f0-763e\"][vc_column_text]<\/p>\n<ul style=\"text-align: left;\">\n<li style=\"text-align: left;\">Insert in 100% Organic cotton (lightweight).<\/li>\n<li style=\"text-align: left;\">Removable washable cover.<\/li>\n<li style=\"text-align: left;\">Zipper to easily adjust, add or remove filling if needed.<\/li>\n<\/ul>\n<p style=\"text-align: left;\">[\/vc_column_text][\/vc_tta_section][\/vc_tta_accordion]<\/p>\n","protected":false},"featured_media":12925,"comment_status":"open","ping_status":"closed","template":"","meta":[],"product_brand":[],"product_cat":[401],"product_tag":[107,108,109,110,111,112,113,114,115,116,117,118],"class_list":{"0":"post-9106","1":"product","2":"type-product","3":"status-publish","4":"has-post-thumbnail","6":"product_cat-throw-pillows","7":"product_tag-bolster-cushions","8":"product_tag-cylinder-pillow","9":"product_tag-decorative-cushion","10":"product_tag-decorative-pillow","11":"product_tag-decorative-pillows","12":"product_tag-hotdog-pillow","13":"product_tag-long-bolster","14":"product_tag-long-round-neckroll","15":"product_tag-round-bolster","16":"product_tag-sleeping-neck-roll","17":"product_tag-wool-cylinder-insert","18":"product_tag-yoga-bolster-pillow","20":"first","21":"instock","22":"shipping-taxable","23":"purchasable","24":"product-type-simple"},"yoast_head":"<!-- This site is optimized with the Yoast SEO plugin v27.3 - https:\/\/yoast.com\/product\/yoast-seo-wordpress\/ -->\n<title>Custom Organic Cotton Bolster Pillow | Safe &amp; Comfortable<\/title>\n<meta name=\"description\" content=\"Experience the natural comfort of our bolster pillow filled with organic cotton stuffing. Available in custom sizes and shapes to fit your needs.\" \/>\n<meta name=\"robots\" content=\"index, follow, max-snippet:-1, max-image-preview:large, max-video-preview:-1\" \/>\n<link rel=\"canonical\" href=\"https:\/\/cottonedshop.com\/da\/butik\/bolsterpude\/\" \/>\n<meta property=\"og:locale\" content=\"da_DK\" \/>\n<meta property=\"og:type\" content=\"article\" \/>\n<meta property=\"og:title\" content=\"Custom Organic Cotton Bolster Pillow | Safe &amp; Comfortable\" \/>\n<meta property=\"og:description\" content=\"Experience the natural comfort of our bolster pillow filled with organic cotton stuffing. Available in custom sizes and shapes to fit your needs.\" \/>\n<meta property=\"og:url\" content=\"https:\/\/cottonedshop.com\/da\/butik\/bolsterpude\/\" \/>\n<meta property=\"og:site_name\" content=\"Cottoned Shop\" \/>\n<meta property=\"article:modified_time\" content=\"2026-03-11T19:28:42+00:00\" \/>\n<meta property=\"og:image\" content=\"https:\/\/cottonedshop.com\/wp-content\/uploads\/2022\/02\/Cottoned-Bolster-Pillow-max-cotton-050.jpg\" \/>\n\t<meta property=\"og:image:width\" content=\"1200\" \/>\n\t<meta property=\"og:image:height\" content=\"960\" \/>\n\t<meta property=\"og:image:type\" content=\"image\/jpeg\" \/>\n<meta name=\"twitter:card\" content=\"summary_large_image\" \/>\n<meta name=\"twitter:label1\" content=\"Estimeret l\u00e6setid\" \/>\n\t<meta name=\"twitter:data1\" content=\"1 minut\" \/>\n<script type=\"application\/ld+json\" class=\"yoast-schema-graph\">{\"@context\":\"https:\\\/\\\/schema.org\",\"@graph\":[{\"@type\":\"WebPage\",\"@id\":\"https:\\\/\\\/cottonedshop.com\\\/shop\\\/bolster-pillow\\\/\",\"url\":\"https:\\\/\\\/cottonedshop.com\\\/shop\\\/bolster-pillow\\\/\",\"name\":\"Custom Organic Cotton Bolster Pillow | Safe & Comfortable\",\"isPartOf\":{\"@id\":\"https:\\\/\\\/cottonedshop.com\\\/#website\"},\"primaryImageOfPage\":{\"@id\":\"https:\\\/\\\/cottonedshop.com\\\/shop\\\/bolster-pillow\\\/#primaryimage\"},\"image\":{\"@id\":\"https:\\\/\\\/cottonedshop.com\\\/shop\\\/bolster-pillow\\\/#primaryimage\"},\"thumbnailUrl\":\"https:\\\/\\\/cottonedshop.com\\\/wp-content\\\/uploads\\\/2022\\\/02\\\/Cottoned-Bolster-Pillow-max-cotton-050.jpg\",\"datePublished\":\"2022-02-23T19:56:18+00:00\",\"dateModified\":\"2026-03-11T19:28:42+00:00\",\"description\":\"Experience the natural comfort of our bolster pillow filled with organic cotton stuffing. Available in custom sizes and shapes to fit your needs.\",\"breadcrumb\":{\"@id\":\"https:\\\/\\\/cottonedshop.com\\\/shop\\\/bolster-pillow\\\/#breadcrumb\"},\"inLanguage\":\"da-DK\",\"potentialAction\":[{\"@type\":\"ReadAction\",\"target\":[\"https:\\\/\\\/cottonedshop.com\\\/shop\\\/bolster-pillow\\\/\"]}]},{\"@type\":\"ImageObject\",\"inLanguage\":\"da-DK\",\"@id\":\"https:\\\/\\\/cottonedshop.com\\\/shop\\\/bolster-pillow\\\/#primaryimage\",\"url\":\"https:\\\/\\\/cottonedshop.com\\\/wp-content\\\/uploads\\\/2022\\\/02\\\/Cottoned-Bolster-Pillow-max-cotton-050.jpg\",\"contentUrl\":\"https:\\\/\\\/cottonedshop.com\\\/wp-content\\\/uploads\\\/2022\\\/02\\\/Cottoned-Bolster-Pillow-max-cotton-050.jpg\",\"width\":1200,\"height\":960,\"caption\":\"Bolster Pillow (max cotton 050)\"},{\"@type\":\"BreadcrumbList\",\"@id\":\"https:\\\/\\\/cottonedshop.com\\\/shop\\\/bolster-pillow\\\/#breadcrumb\",\"itemListElement\":[{\"@type\":\"ListItem\",\"position\":1,\"name\":\"Home\",\"item\":\"https:\\\/\\\/cottonedshop.com\\\/\"},{\"@type\":\"ListItem\",\"position\":2,\"name\":\"Shop\",\"item\":\"https:\\\/\\\/cottonedshop.com\\\/shop\\\/\"},{\"@type\":\"ListItem\",\"position\":3,\"name\":\"Custom Organic Cotton Bolster Pillow\"}]},{\"@type\":\"WebSite\",\"@id\":\"https:\\\/\\\/cottonedshop.com\\\/#website\",\"url\":\"https:\\\/\\\/cottonedshop.com\\\/\",\"name\":\"Cottoned Shop\",\"description\":\"\",\"publisher\":{\"@id\":\"https:\\\/\\\/cottonedshop.com\\\/#organization\"},\"potentialAction\":[{\"@type\":\"SearchAction\",\"target\":{\"@type\":\"EntryPoint\",\"urlTemplate\":\"https:\\\/\\\/cottonedshop.com\\\/?s={search_term_string}\"},\"query-input\":{\"@type\":\"PropertyValueSpecification\",\"valueRequired\":true,\"valueName\":\"search_term_string\"}}],\"inLanguage\":\"da-DK\"},{\"@type\":\"Organization\",\"@id\":\"https:\\\/\\\/cottonedshop.com\\\/#organization\",\"name\":\"Cottoned\",\"url\":\"https:\\\/\\\/cottonedshop.com\\\/\",\"logo\":{\"@type\":\"ImageObject\",\"inLanguage\":\"da-DK\",\"@id\":\"https:\\\/\\\/cottonedshop.com\\\/#\\\/schema\\\/logo\\\/image\\\/\",\"url\":\"https:\\\/\\\/cottonedshop.com\\\/wp-content\\\/uploads\\\/2021\\\/02\\\/cottoned-logo-large.png\",\"contentUrl\":\"https:\\\/\\\/cottonedshop.com\\\/wp-content\\\/uploads\\\/2021\\\/02\\\/cottoned-logo-large.png\",\"width\":1548,\"height\":1548,\"caption\":\"Cottoned\"},\"image\":{\"@id\":\"https:\\\/\\\/cottonedshop.com\\\/#\\\/schema\\\/logo\\\/image\\\/\"}}]}<\/script>\n<!-- \/ Yoast SEO plugin. -->","yoast_head_json":{"title":"Custom Organic Cotton Bolster Pillow | Safe & Comfortable","description":"Experience the natural comfort of our bolster pillow filled with organic cotton stuffing. Available in custom sizes and shapes to fit your needs.","robots":{"index":"index","follow":"follow","max-snippet":"max-snippet:-1","max-image-preview":"max-image-preview:large","max-video-preview":"max-video-preview:-1"},"canonical":"https:\/\/cottonedshop.com\/da\/butik\/bolsterpude\/","og_locale":"da_DK","og_type":"article","og_title":"Custom Organic Cotton Bolster Pillow | Safe & Comfortable","og_description":"Experience the natural comfort of our bolster pillow filled with organic cotton stuffing. Available in custom sizes and shapes to fit your needs.","og_url":"https:\/\/cottonedshop.com\/da\/butik\/bolsterpude\/","og_site_name":"Cottoned Shop","article_modified_time":"2026-03-11T19:28:42+00:00","og_image":[{"width":1200,"height":960,"url":"https:\/\/cottonedshop.com\/wp-content\/uploads\/2022\/02\/Cottoned-Bolster-Pillow-max-cotton-050.jpg","type":"image\/jpeg"}],"twitter_card":"summary_large_image","twitter_misc":{"Estimeret l\u00e6setid":"1 minut"},"schema":{"@context":"https:\/\/schema.org","@graph":[{"@type":"WebPage","@id":"https:\/\/cottonedshop.com\/shop\/bolster-pillow\/","url":"https:\/\/cottonedshop.com\/shop\/bolster-pillow\/","name":"Custom Organic Cotton Bolster Pillow | Safe & Comfortable","isPartOf":{"@id":"https:\/\/cottonedshop.com\/#website"},"primaryImageOfPage":{"@id":"https:\/\/cottonedshop.com\/shop\/bolster-pillow\/#primaryimage"},"image":{"@id":"https:\/\/cottonedshop.com\/shop\/bolster-pillow\/#primaryimage"},"thumbnailUrl":"https:\/\/cottonedshop.com\/wp-content\/uploads\/2022\/02\/Cottoned-Bolster-Pillow-max-cotton-050.jpg","datePublished":"2022-02-23T19:56:18+00:00","dateModified":"2026-03-11T19:28:42+00:00","description":"Experience the natural comfort of our bolster pillow filled with organic cotton stuffing. Available in custom sizes and shapes to fit your needs.","breadcrumb":{"@id":"https:\/\/cottonedshop.com\/shop\/bolster-pillow\/#breadcrumb"},"inLanguage":"da-DK","potentialAction":[{"@type":"ReadAction","target":["https:\/\/cottonedshop.com\/shop\/bolster-pillow\/"]}]},{"@type":"ImageObject","inLanguage":"da-DK","@id":"https:\/\/cottonedshop.com\/shop\/bolster-pillow\/#primaryimage","url":"https:\/\/cottonedshop.com\/wp-content\/uploads\/2022\/02\/Cottoned-Bolster-Pillow-max-cotton-050.jpg","contentUrl":"https:\/\/cottonedshop.com\/wp-content\/uploads\/2022\/02\/Cottoned-Bolster-Pillow-max-cotton-050.jpg","width":1200,"height":960,"caption":"Bolster Pillow (max cotton 050)"},{"@type":"BreadcrumbList","@id":"https:\/\/cottonedshop.com\/shop\/bolster-pillow\/#breadcrumb","itemListElement":[{"@type":"ListItem","position":1,"name":"Home","item":"https:\/\/cottonedshop.com\/"},{"@type":"ListItem","position":2,"name":"Shop","item":"https:\/\/cottonedshop.com\/shop\/"},{"@type":"ListItem","position":3,"name":"Custom Organic Cotton Bolster Pillow"}]},{"@type":"WebSite","@id":"https:\/\/cottonedshop.com\/#website","url":"https:\/\/cottonedshop.com\/","name":"Bomuldsbutik","description":"","publisher":{"@id":"https:\/\/cottonedshop.com\/#organization"},"potentialAction":[{"@type":"SearchAction","target":{"@type":"EntryPoint","urlTemplate":"https:\/\/cottonedshop.com\/?s={search_term_string}"},"query-input":{"@type":"PropertyValueSpecification","valueRequired":true,"valueName":"search_term_string"}}],"inLanguage":"da-DK"},{"@type":"Organization","@id":"https:\/\/cottonedshop.com\/#organization","name":"Bomuld","url":"https:\/\/cottonedshop.com\/","logo":{"@type":"ImageObject","inLanguage":"da-DK","@id":"https:\/\/cottonedshop.com\/#\/schema\/logo\/image\/","url":"https:\/\/cottonedshop.com\/wp-content\/uploads\/2021\/02\/cottoned-logo-large.png","contentUrl":"https:\/\/cottonedshop.com\/wp-content\/uploads\/2021\/02\/cottoned-logo-large.png","width":1548,"height":1548,"caption":"Cottoned"},"image":{"@id":"https:\/\/cottonedshop.com\/#\/schema\/logo\/image\/"}}]}},"_links":{"self":[{"href":"https:\/\/cottonedshop.com\/da\/wp-json\/wp\/v2\/product\/9106","targetHints":{"allow":["GET"]}}],"collection":[{"href":"https:\/\/cottonedshop.com\/da\/wp-json\/wp\/v2\/product"}],"about":[{"href":"https:\/\/cottonedshop.com\/da\/wp-json\/wp\/v2\/types\/product"}],"replies":[{"embeddable":true,"href":"https:\/\/cottonedshop.com\/da\/wp-json\/wp\/v2\/comments?post=9106"}],"wp:featuredmedia":[{"embeddable":true,"href":"https:\/\/cottonedshop.com\/da\/wp-json\/wp\/v2\/media\/12925"}],"wp:attachment":[{"href":"https:\/\/cottonedshop.com\/da\/wp-json\/wp\/v2\/media?parent=9106"}],"wp:term":[{"taxonomy":"product_brand","embeddable":true,"href":"https:\/\/cottonedshop.com\/da\/wp-json\/wp\/v2\/product_brand?post=9106"},{"taxonomy":"product_cat","embeddable":true,"href":"https:\/\/cottonedshop.com\/da\/wp-json\/wp\/v2\/product_cat?post=9106"},{"taxonomy":"product_tag","embeddable":true,"href":"https:\/\/cottonedshop.com\/da\/wp-json\/wp\/v2\/product_tag?post=9106"}],"curies":[{"name":"wp","href":"https:\/\/api.w.org\/{rel}","templated":true}]}}