{"id":2427,"date":"2020-04-22T14:32:29","date_gmt":"2020-04-22T12:32:29","guid":{"rendered":"https:\/\/cottonedshop.com\/?post_type=product&#038;p=2427"},"modified":"2025-02-24T16:19:10","modified_gmt":"2025-02-24T14:19:10","slug":"stofrester","status":"publish","type":"product","link":"https:\/\/cottonedshop.com\/da\/shop\/fabric-scraps\/","title":{"rendered":"Stofrester"},"content":{"rendered":"<div class=\"wpb-content-wrapper\"><div  class=\"sec_row container\"><div class=\"vc_row wpb_row vc_row-fluid\"><div class=\"wpb_column vc_column_container vc_col-sm-12 et-dark-column\"><div class=\"vc_column-inner\"><div class=\"wpb_wrapper\">\n\t<div class=\"wpb_text_column wpb_content_element\" >\n\t\t<div class=\"wpb_wrapper\">\n\t\t\t<p style=\"text-align: left;\">I l\u00f8bet af h\u00e5ndv\u00e6rksprocessen f\u00e5r vi mange stofrester i forskellige st\u00f8rrelser. Vi kan ikke lide at spilde, og derfor vil vi gerne tilbyde dem til andre h\u00e5ndv\u00e6rkere, som m\u00e5ske kan bruge de sm\u00e5 stykker stof. Dette er et fantastisk tilbud, der er perfekt til enhver h\u00e5ndarbejdselsker!<\/p>\n<p style=\"text-align: left;\">Vores Unsorted Scraps Bag vil variere i st\u00f8rrelse og form. Den usorterede pose vil blive fyldt med en uj\u00e6vn blanding af solide stoffer.<\/p>\n<p style=\"text-align: left;\">Vi kan ikke garantere farverne, men vi kan love, at den vil indeholde et godt udvalg af stoffer. Send os en besked, hvis du \u00f8nsker at k\u00f8be forskellige m\u00e6ngder eller en sorteret pose med stoffer.<\/p>\n<p style=\"text-align: left;\">Resterne kan omfatte stykker fra:<\/p>\n<ul style=\"text-align: left;\">\n<li>Max Cotton (100% Cotton), \u00d8ko-Tex-certificeret<\/li>\n<li>Kanal (60% bomuld \/ 40% polyester), \u00d8ko-Tex-certificeret<\/li>\n<li>Mimos (50% bomuld \/ 50% polyester), \u00d8ko-Tex-certificeret<\/li>\n<li>Bella (67% bomuld \/ 33% h\u00f8r), Oeko-Tex-certificeret<\/li>\n<li>Fl\u00f8jl (65% bomuld \/ 35% polyester), \u00d8ko-Tex-certificeret<\/li>\n<li>Vand- og smudsafvisende stof (60% bomuld \/ 40% polyester)<\/li>\n<\/ul>\n<p style=\"text-align: left;\">Stoffer, der egner sig til en lang r\u00e6kke projekter:<\/p>\n<ul style=\"text-align: left;\">\n<li>Scrap eller String Quilts<\/li>\n<li>Mini-quilts<\/li>\n<li>Krus t\u00e6pper<\/li>\n<li>Patchwork<\/li>\n<li>Yo-Yo's<\/li>\n<li>Heksagoner<\/li>\n<li>Scrapbooking<\/li>\n<li>Stofbekl\u00e6dte knapper<\/li>\n<li>H\u00e5rsp\u00e6nder i stof<\/li>\n<li>Blomster af stof<\/li>\n<li>Dukke t\u00f8j<\/li>\n<li>Applique og meget mere!<\/li>\n<\/ul>\n\n\t\t<\/div>\n\t<\/div>\n\n\t<div class=\"wpb_raw_code wpb_raw_html wpb_content_element\" >\n\t\t<div class=\"wpb_wrapper\">\n\t\t\t<div class=\"klaviyo-form-SVRq2G\"><\/div>\n\t\t<\/div>\n\t<\/div>\n<\/div><\/div><\/div><\/div><\/div>\n<\/div>","protected":false},"excerpt":{"rendered":"<p>V\u00e6gt pr. pose*:<br \/>\n2 pund (0,9 kg)<\/p>\n<p>* For specialbestillinger, kontakt os venligst!<\/p>\n<p>Tilberedningstid: 1-3 dage<br \/>\nLeveringstid: 1-4 uger<br \/>\nSend os en besked for at anmode om ekspresforsendelse.<\/p>","protected":false},"featured_media":2428,"comment_status":"open","ping_status":"closed","template":"","meta":[],"product_brand":[],"product_cat":[33],"product_tag":[325,279,322,328,323,326,321,324,327],"class_list":{"0":"post-2427","1":"product","2":"type-product","3":"status-publish","4":"has-post-thumbnail","6":"product_cat-craft-supplies","7":"product_tag-bilk-fabric","8":"product_tag-craft-supplies","9":"product_tag-diy","10":"product_tag-fabric-remnants","11":"product_tag-fabric-scraps","12":"product_tag-patchwork","13":"product_tag-quilting","14":"product_tag-scrap-bundle","15":"product_tag-scrap-pack","17":"first","18":"instock","19":"shipping-taxable","20":"purchasable","21":"product-type-simple"},"yoast_head":"<!-- This site is optimized with the Yoast SEO plugin v27.4 - https:\/\/yoast.com\/product\/yoast-seo-wordpress\/ -->\n<title>Fabric Scraps | Perfect for DIY Projects<\/title>\n<meta name=\"description\" content=\"Discover eco-friendly fabric scraps, ideal for a variety of DIY projects. Each bag contains 2 lbs (0.9 kg) of high-quality material.\" \/>\n<meta name=\"robots\" content=\"index, follow, max-snippet:-1, max-image-preview:large, max-video-preview:-1\" \/>\n<link rel=\"canonical\" href=\"https:\/\/cottonedshop.com\/da\/butik\/stofrester\/\" \/>\n<meta property=\"og:locale\" content=\"da_DK\" \/>\n<meta property=\"og:type\" content=\"article\" \/>\n<meta property=\"og:title\" content=\"Fabric Scraps | Perfect for DIY Projects\" \/>\n<meta property=\"og:description\" content=\"Discover eco-friendly fabric scraps, ideal for a variety of DIY projects. Each bag contains 2 lbs (0.9 kg) of high-quality material.\" \/>\n<meta property=\"og:url\" content=\"https:\/\/cottonedshop.com\/da\/butik\/stofrester\/\" \/>\n<meta property=\"og:site_name\" content=\"Cottoned Shop\" \/>\n<meta property=\"article:modified_time\" content=\"2025-02-24T14:19:10+00:00\" \/>\n<meta property=\"og:image\" content=\"https:\/\/cottonedshop.com\/wp-content\/uploads\/2020\/04\/Cottoned-fabric-scraps-bag.jpg\" \/>\n\t<meta property=\"og:image:width\" content=\"1300\" \/>\n\t<meta property=\"og:image:height\" content=\"1040\" \/>\n\t<meta property=\"og:image:type\" content=\"image\/jpeg\" \/>\n<meta name=\"twitter:card\" content=\"summary_large_image\" \/>\n<meta name=\"twitter:label1\" content=\"Estimeret l\u00e6setid\" \/>\n\t<meta name=\"twitter:data1\" content=\"2 minutter\" \/>\n<script type=\"application\/ld+json\" class=\"yoast-schema-graph\">{\"@context\":\"https:\\\/\\\/schema.org\",\"@graph\":[{\"@type\":\"WebPage\",\"@id\":\"https:\\\/\\\/cottonedshop.com\\\/shop\\\/fabric-scraps\\\/\",\"url\":\"https:\\\/\\\/cottonedshop.com\\\/shop\\\/fabric-scraps\\\/\",\"name\":\"Fabric Scraps | Perfect for DIY Projects\",\"isPartOf\":{\"@id\":\"https:\\\/\\\/cottonedshop.com\\\/#website\"},\"primaryImageOfPage\":{\"@id\":\"https:\\\/\\\/cottonedshop.com\\\/shop\\\/fabric-scraps\\\/#primaryimage\"},\"image\":{\"@id\":\"https:\\\/\\\/cottonedshop.com\\\/shop\\\/fabric-scraps\\\/#primaryimage\"},\"thumbnailUrl\":\"https:\\\/\\\/cottonedshop.com\\\/wp-content\\\/uploads\\\/2020\\\/04\\\/Cottoned-fabric-scraps-bag.jpg\",\"datePublished\":\"2020-04-22T12:32:29+00:00\",\"dateModified\":\"2025-02-24T14:19:10+00:00\",\"description\":\"Discover eco-friendly fabric scraps, ideal for a variety of DIY projects. Each bag contains 2 lbs (0.9 kg) of high-quality material.\",\"breadcrumb\":{\"@id\":\"https:\\\/\\\/cottonedshop.com\\\/shop\\\/fabric-scraps\\\/#breadcrumb\"},\"inLanguage\":\"da-DK\",\"potentialAction\":[{\"@type\":\"ReadAction\",\"target\":[\"https:\\\/\\\/cottonedshop.com\\\/shop\\\/fabric-scraps\\\/\"]}]},{\"@type\":\"ImageObject\",\"inLanguage\":\"da-DK\",\"@id\":\"https:\\\/\\\/cottonedshop.com\\\/shop\\\/fabric-scraps\\\/#primaryimage\",\"url\":\"https:\\\/\\\/cottonedshop.com\\\/wp-content\\\/uploads\\\/2020\\\/04\\\/Cottoned-fabric-scraps-bag.jpg\",\"contentUrl\":\"https:\\\/\\\/cottonedshop.com\\\/wp-content\\\/uploads\\\/2020\\\/04\\\/Cottoned-fabric-scraps-bag.jpg\",\"width\":1300,\"height\":1040,\"caption\":\"Cottoned fabric scraps bag\"},{\"@type\":\"BreadcrumbList\",\"@id\":\"https:\\\/\\\/cottonedshop.com\\\/shop\\\/fabric-scraps\\\/#breadcrumb\",\"itemListElement\":[{\"@type\":\"ListItem\",\"position\":1,\"name\":\"Home\",\"item\":\"https:\\\/\\\/cottonedshop.com\\\/\"},{\"@type\":\"ListItem\",\"position\":2,\"name\":\"Shop\",\"item\":\"https:\\\/\\\/cottonedshop.com\\\/shop\\\/\"},{\"@type\":\"ListItem\",\"position\":3,\"name\":\"Fabric Scraps\"}]},{\"@type\":\"WebSite\",\"@id\":\"https:\\\/\\\/cottonedshop.com\\\/#website\",\"url\":\"https:\\\/\\\/cottonedshop.com\\\/\",\"name\":\"Cottoned Shop\",\"description\":\"\",\"publisher\":{\"@id\":\"https:\\\/\\\/cottonedshop.com\\\/#organization\"},\"potentialAction\":[{\"@type\":\"SearchAction\",\"target\":{\"@type\":\"EntryPoint\",\"urlTemplate\":\"https:\\\/\\\/cottonedshop.com\\\/?s={search_term_string}\"},\"query-input\":{\"@type\":\"PropertyValueSpecification\",\"valueRequired\":true,\"valueName\":\"search_term_string\"}}],\"inLanguage\":\"da-DK\"},{\"@type\":\"Organization\",\"@id\":\"https:\\\/\\\/cottonedshop.com\\\/#organization\",\"name\":\"Cottoned\",\"url\":\"https:\\\/\\\/cottonedshop.com\\\/\",\"logo\":{\"@type\":\"ImageObject\",\"inLanguage\":\"da-DK\",\"@id\":\"https:\\\/\\\/cottonedshop.com\\\/#\\\/schema\\\/logo\\\/image\\\/\",\"url\":\"https:\\\/\\\/cottonedshop.com\\\/wp-content\\\/uploads\\\/2021\\\/02\\\/cottoned-logo-large.png\",\"contentUrl\":\"https:\\\/\\\/cottonedshop.com\\\/wp-content\\\/uploads\\\/2021\\\/02\\\/cottoned-logo-large.png\",\"width\":1548,\"height\":1548,\"caption\":\"Cottoned\"},\"image\":{\"@id\":\"https:\\\/\\\/cottonedshop.com\\\/#\\\/schema\\\/logo\\\/image\\\/\"}}]}<\/script>\n<!-- \/ Yoast SEO plugin. -->","yoast_head_json":{"title":"Fabric Scraps | Perfect for DIY Projects","description":"Discover eco-friendly fabric scraps, ideal for a variety of DIY projects. Each bag contains 2 lbs (0.9 kg) of high-quality material.","robots":{"index":"index","follow":"follow","max-snippet":"max-snippet:-1","max-image-preview":"max-image-preview:large","max-video-preview":"max-video-preview:-1"},"canonical":"https:\/\/cottonedshop.com\/da\/butik\/stofrester\/","og_locale":"da_DK","og_type":"article","og_title":"Fabric Scraps | Perfect for DIY Projects","og_description":"Discover eco-friendly fabric scraps, ideal for a variety of DIY projects. Each bag contains 2 lbs (0.9 kg) of high-quality material.","og_url":"https:\/\/cottonedshop.com\/da\/butik\/stofrester\/","og_site_name":"Cottoned Shop","article_modified_time":"2025-02-24T14:19:10+00:00","og_image":[{"width":1300,"height":1040,"url":"https:\/\/cottonedshop.com\/wp-content\/uploads\/2020\/04\/Cottoned-fabric-scraps-bag.jpg","type":"image\/jpeg"}],"twitter_card":"summary_large_image","twitter_misc":{"Estimeret l\u00e6setid":"2 minutter"},"schema":{"@context":"https:\/\/schema.org","@graph":[{"@type":"WebPage","@id":"https:\/\/cottonedshop.com\/shop\/fabric-scraps\/","url":"https:\/\/cottonedshop.com\/shop\/fabric-scraps\/","name":"Fabric Scraps | Perfect for DIY Projects","isPartOf":{"@id":"https:\/\/cottonedshop.com\/#website"},"primaryImageOfPage":{"@id":"https:\/\/cottonedshop.com\/shop\/fabric-scraps\/#primaryimage"},"image":{"@id":"https:\/\/cottonedshop.com\/shop\/fabric-scraps\/#primaryimage"},"thumbnailUrl":"https:\/\/cottonedshop.com\/wp-content\/uploads\/2020\/04\/Cottoned-fabric-scraps-bag.jpg","datePublished":"2020-04-22T12:32:29+00:00","dateModified":"2025-02-24T14:19:10+00:00","description":"Discover eco-friendly fabric scraps, ideal for a variety of DIY projects. Each bag contains 2 lbs (0.9 kg) of high-quality material.","breadcrumb":{"@id":"https:\/\/cottonedshop.com\/shop\/fabric-scraps\/#breadcrumb"},"inLanguage":"da-DK","potentialAction":[{"@type":"ReadAction","target":["https:\/\/cottonedshop.com\/shop\/fabric-scraps\/"]}]},{"@type":"ImageObject","inLanguage":"da-DK","@id":"https:\/\/cottonedshop.com\/shop\/fabric-scraps\/#primaryimage","url":"https:\/\/cottonedshop.com\/wp-content\/uploads\/2020\/04\/Cottoned-fabric-scraps-bag.jpg","contentUrl":"https:\/\/cottonedshop.com\/wp-content\/uploads\/2020\/04\/Cottoned-fabric-scraps-bag.jpg","width":1300,"height":1040,"caption":"Cottoned fabric scraps bag"},{"@type":"BreadcrumbList","@id":"https:\/\/cottonedshop.com\/shop\/fabric-scraps\/#breadcrumb","itemListElement":[{"@type":"ListItem","position":1,"name":"Home","item":"https:\/\/cottonedshop.com\/"},{"@type":"ListItem","position":2,"name":"Shop","item":"https:\/\/cottonedshop.com\/shop\/"},{"@type":"ListItem","position":3,"name":"Fabric Scraps"}]},{"@type":"WebSite","@id":"https:\/\/cottonedshop.com\/#website","url":"https:\/\/cottonedshop.com\/","name":"Bomuldsbutik","description":"","publisher":{"@id":"https:\/\/cottonedshop.com\/#organization"},"potentialAction":[{"@type":"SearchAction","target":{"@type":"EntryPoint","urlTemplate":"https:\/\/cottonedshop.com\/?s={search_term_string}"},"query-input":{"@type":"PropertyValueSpecification","valueRequired":true,"valueName":"search_term_string"}}],"inLanguage":"da-DK"},{"@type":"Organization","@id":"https:\/\/cottonedshop.com\/#organization","name":"Bomuld","url":"https:\/\/cottonedshop.com\/","logo":{"@type":"ImageObject","inLanguage":"da-DK","@id":"https:\/\/cottonedshop.com\/#\/schema\/logo\/image\/","url":"https:\/\/cottonedshop.com\/wp-content\/uploads\/2021\/02\/cottoned-logo-large.png","contentUrl":"https:\/\/cottonedshop.com\/wp-content\/uploads\/2021\/02\/cottoned-logo-large.png","width":1548,"height":1548,"caption":"Cottoned"},"image":{"@id":"https:\/\/cottonedshop.com\/#\/schema\/logo\/image\/"}}]}},"_links":{"self":[{"href":"https:\/\/cottonedshop.com\/da\/wp-json\/wp\/v2\/product\/2427","targetHints":{"allow":["GET"]}}],"collection":[{"href":"https:\/\/cottonedshop.com\/da\/wp-json\/wp\/v2\/product"}],"about":[{"href":"https:\/\/cottonedshop.com\/da\/wp-json\/wp\/v2\/types\/product"}],"replies":[{"embeddable":true,"href":"https:\/\/cottonedshop.com\/da\/wp-json\/wp\/v2\/comments?post=2427"}],"wp:featuredmedia":[{"embeddable":true,"href":"https:\/\/cottonedshop.com\/da\/wp-json\/wp\/v2\/media\/2428"}],"wp:attachment":[{"href":"https:\/\/cottonedshop.com\/da\/wp-json\/wp\/v2\/media?parent=2427"}],"wp:term":[{"taxonomy":"product_brand","embeddable":true,"href":"https:\/\/cottonedshop.com\/da\/wp-json\/wp\/v2\/product_brand?post=2427"},{"taxonomy":"product_cat","embeddable":true,"href":"https:\/\/cottonedshop.com\/da\/wp-json\/wp\/v2\/product_cat?post=2427"},{"taxonomy":"product_tag","embeddable":true,"href":"https:\/\/cottonedshop.com\/da\/wp-json\/wp\/v2\/product_tag?post=2427"}],"curies":[{"name":"wp","href":"https:\/\/api.w.org\/{rel}","templated":true}]}}