{"id":1446,"date":"2019-11-11T12:14:57","date_gmt":"2019-11-11T10:14:57","guid":{"rendered":"https:\/\/cottonedshop.com\/?post_type=product&#038;p=1446"},"modified":"2024-06-27T13:02:11","modified_gmt":"2024-06-27T10:02:11","slug":"rund-pude","status":"publish","type":"product","link":"https:\/\/cottonedshop.com\/da\/shop\/round-cushion\/","title":{"rendered":"Tuftede runde puder i \u00f8kologisk bomuld 3"},"content":{"rendered":"<div class=\"wpb-content-wrapper\"><div  class=\"sec_row container\"><div class=\"vc_row wpb_row vc_row-fluid\"><div class=\"wpb_column vc_column_container vc_col-sm-12 et-dark-column\"><div class=\"vc_column-inner\"><div class=\"wpb_wrapper\">\n\t<div class=\"wpb_text_column wpb_content_element\" >\n\t\t<div class=\"wpb_wrapper\">\n\t\t\t<p style=\"text-align: left;\"><strong>FYLDNING:<\/strong> <a href=\"https:\/\/cottonedshop.com\/product\/cotton-filling\/\">100% \u00d8kologisk GOTS-certificeret bomuld<\/a><\/p>\n<p style=\"text-align: left;\"><strong>FUNKTIONER:<\/strong><\/p>\n<ul style=\"text-align: left;\">\n<li style=\"text-align: left;\">Zipper on the front and backside.<\/li>\n<li style=\"text-align: left;\">Basic mending kit included for each cotton-filled item.<\/li>\n<\/ul>\n<p style=\"text-align: left;\"><strong>COVER FABRIC:\u00a0<\/strong><\/p>\n<ul style=\"text-align: left;\">\n<li>Max bomuld (100% bomuld), \u00d8ko-Tex certificeret<\/li>\n<li>Canal (60% bomuld\/40% polyester), Oeko-Tex-certificeret<\/li>\n<li>Mimos (50 % bomuld\/50% polyester), \u00d8ko-Tex-certificeret<\/li>\n<li>Bella (67% bomuld\/33% h\u00f8r), \u00d8ko-Tex-certificeret<\/li>\n<li>Fl\u00f8jl (65% bomuld\/35% polyester), \u00d8ko-Tex-certificeret<\/li>\n<li>Water\/Stain repellent fabric (60% Cotton\/40% Polyester)<\/li>\n<li>Dyed Linen (100% Linen), Oeko-tex Certified<\/li>\n<li>100% \u00d8kologisk bomuld, kraftig, ubleget (GOTS-certificeret)<\/li>\n<\/ul>\n<p>&nbsp;<\/p>\n<p style=\"text-align: left;\"><strong>PLEJEINSTRUKTIONER<\/strong><\/p>\n<p style=\"text-align: left;\">1. Vend og drej ugentligt i de f\u00f8rste to m\u00e5neder for at komprimere j\u00e6vnt.<\/p>\n<p style=\"text-align: left;\">2. M\u00e5 kun pletrenses.<\/p>\n<p>&nbsp;<\/p>\n<p style=\"text-align: left;\"><strong>VIGTIGT<\/strong><\/p>\n<p style=\"text-align: left;\">* Dette tilbud g\u00e6lder kun for \u00e9n pude.<br \/>\n* Bomuldsfyldte varer er udsat for en vis grad af kompression.<br \/>\n* H\u00e5ndlavet vare, en lille afvigelse i dimensioner er mulig.<\/p>\n<p style=\"text-align: left;\">Tak for din tid!<\/p>\n\n\t\t<\/div>\n\t<\/div>\n\n\t<div class=\"wpb_raw_code wpb_raw_html wpb_content_element\" >\n\t\t<div class=\"wpb_wrapper\">\n\t\t\t<div class=\"klaviyo-form-SVRq2G\"><\/div>\n\t\t<\/div>\n\t<\/div>\n<\/div><\/div><\/div><\/div><\/div>\n<\/div>","protected":false},"excerpt":{"rendered":"<p style=\"text-align: left;\">Lav et statement med en <strong>rund pude <\/strong>der afspejler din individualitet.<strong> H\u00e5ndlavet med omhu og sans for detaljer, <\/strong>vores bomuldsfyldte siddepude l\u00f8fter begrebet afslapning<strong> med sin <\/strong><strong>Konstruktion i ren \u00f8kologisk bomuld<\/strong><strong>, <\/strong><strong>Holdbare materialer af h\u00f8j kvalitet<\/strong><strong>, <\/strong>og<strong> Design, der kan tilpasses.<\/strong><\/p>\n<p style=\"text-align: left;\">V\u00e6lg mellem en\u00a0<strong>bred vifte af stoffer<\/strong>,\u00a0<strong>farver<\/strong>,\u00a0<strong>St\u00f8rrelser<\/strong>,\u00a0<strong>Former<\/strong>,\u00a0<strong>r\u00f8rf\u00f8ring,<\/strong>\u00a0og\u00a0<strong>Muligheder for tuftning<\/strong> for at skabe en pude, der komplimenterer dit loungeomr\u00e5de og er klar til at passe til dit rum, p\u00e5 din m\u00e5de.<\/p>\n<ul>\n<li style=\"text-align: left;\">100%\u00a0<strong>\u00f8kologisk bomuld<\/strong>\u00a0fyld indeni.<\/li>\n<li style=\"text-align: left;\"><strong>Fremstillet p\u00e5 bestilling<\/strong>\u00a0s\u00e5 det passer til dine pr\u00e6ferencer.<\/li>\n<li style=\"text-align: left;\"><strong>Naturligt alternativ<\/strong>\u00a0til skumpuder.<\/li>\n<li style=\"text-align: left;\"><strong>Gr\u00e6nse<\/strong>\u00a0eksponering for\u00a0<strong>farlige VOC'er<\/strong>\u00a0i dit hjem.<\/li>\n<li style=\"text-align: left;\">Gratis<strong>\u00a0Reparationss\u00e6t<\/strong>\u00a0inkluderet.<\/li>\n<li style=\"text-align: left;\">Alle\u00a0<strong>Skatter<\/strong>\u00a0og\u00a0<strong>pligter<\/strong>\u00a0er\u00a0<strong>inkluderet<\/strong>.<\/li>\n<\/ul>","protected":false},"featured_media":1447,"comment_status":"open","ping_status":"closed","template":"","meta":[],"product_brand":[],"product_cat":[29],"product_tag":[414,97,98,99,100,101,102,103,104,105,106],"class_list":{"0":"post-1446","1":"product","2":"type-product","3":"status-publish","4":"has-post-thumbnail","6":"product_cat-cushions","7":"product_tag-buttoned-cushion","8":"product_tag-floor-cushion","9":"product_tag-floor-pillow-seat","10":"product_tag-floor-pillows","11":"product_tag-floor-pouf","12":"product_tag-floor-seating","13":"product_tag-nursery-floor-pillow","14":"product_tag-round-lounge-pillow","15":"product_tag-round-seat-cushion","16":"product_tag-seat-cushion","17":"product_tag-sitting-pad","19":"first","20":"instock","21":"shipping-taxable","22":"product-type-external"},"yoast_head":"<!-- This site is optimized with the Yoast SEO plugin v27.4 - https:\/\/yoast.com\/product\/yoast-seo-wordpress\/ -->\n<title>Custom Organic Cotton 3&quot; Tufted Round Cushion | Cottoned Shop | Handmade Natural Decor<\/title>\n<meta name=\"description\" content=\"Handmade and hand-tufted round floor cushion filled with organic cotton. We can create any custom size or shape on request.\" \/>\n<meta name=\"robots\" content=\"index, follow, max-snippet:-1, max-image-preview:large, max-video-preview:-1\" \/>\n<link rel=\"canonical\" href=\"https:\/\/cottonedshop.com\/da\/butik\/rund-pude\/\" \/>\n<meta property=\"og:locale\" content=\"da_DK\" \/>\n<meta property=\"og:type\" content=\"article\" \/>\n<meta property=\"og:title\" content=\"Custom Organic Cotton 3&quot; Tufted Round Cushion | Cottoned Shop | Handmade Natural Decor\" \/>\n<meta property=\"og:description\" content=\"Handmade and hand-tufted round floor cushion filled with organic cotton. We can create any custom size or shape on request.\" \/>\n<meta property=\"og:url\" content=\"https:\/\/cottonedshop.com\/da\/butik\/rund-pude\/\" \/>\n<meta property=\"og:site_name\" content=\"Cottoned Shop\" \/>\n<meta property=\"article:modified_time\" content=\"2024-06-27T10:02:11+00:00\" \/>\n<meta property=\"og:image\" content=\"https:\/\/cottonedshop.com\/wp-content\/uploads\/2019\/11\/Cottoned-round-tufted-floor-cushion-with-organic-cotton-filling.jpg\" \/>\n\t<meta property=\"og:image:width\" content=\"1300\" \/>\n\t<meta property=\"og:image:height\" content=\"1040\" \/>\n\t<meta property=\"og:image:type\" content=\"image\/jpeg\" \/>\n<meta name=\"twitter:card\" content=\"summary_large_image\" \/>\n<meta name=\"twitter:label1\" content=\"Estimeret l\u00e6setid\" \/>\n\t<meta name=\"twitter:data1\" content=\"1 minut\" \/>\n<script type=\"application\/ld+json\" class=\"yoast-schema-graph\">{\"@context\":\"https:\\\/\\\/schema.org\",\"@graph\":[{\"@type\":\"WebPage\",\"@id\":\"https:\\\/\\\/cottonedshop.com\\\/shop\\\/round-cushion\\\/\",\"url\":\"https:\\\/\\\/cottonedshop.com\\\/shop\\\/round-cushion\\\/\",\"name\":\"Custom Organic Cotton 3\\\" Tufted Round Cushion | Cottoned Shop | Handmade Natural Decor\",\"isPartOf\":{\"@id\":\"https:\\\/\\\/cottonedshop.com\\\/#website\"},\"primaryImageOfPage\":{\"@id\":\"https:\\\/\\\/cottonedshop.com\\\/shop\\\/round-cushion\\\/#primaryimage\"},\"image\":{\"@id\":\"https:\\\/\\\/cottonedshop.com\\\/shop\\\/round-cushion\\\/#primaryimage\"},\"thumbnailUrl\":\"https:\\\/\\\/cottonedshop.com\\\/wp-content\\\/uploads\\\/2019\\\/11\\\/Cottoned-round-tufted-floor-cushion-with-organic-cotton-filling.jpg\",\"datePublished\":\"2019-11-11T10:14:57+00:00\",\"dateModified\":\"2024-06-27T10:02:11+00:00\",\"description\":\"Handmade and hand-tufted round floor cushion filled with organic cotton. We can create any custom size or shape on request.\",\"breadcrumb\":{\"@id\":\"https:\\\/\\\/cottonedshop.com\\\/shop\\\/round-cushion\\\/#breadcrumb\"},\"inLanguage\":\"da-DK\",\"potentialAction\":[{\"@type\":\"ReadAction\",\"target\":[\"https:\\\/\\\/cottonedshop.com\\\/shop\\\/round-cushion\\\/\"]}]},{\"@type\":\"ImageObject\",\"inLanguage\":\"da-DK\",\"@id\":\"https:\\\/\\\/cottonedshop.com\\\/shop\\\/round-cushion\\\/#primaryimage\",\"url\":\"https:\\\/\\\/cottonedshop.com\\\/wp-content\\\/uploads\\\/2019\\\/11\\\/Cottoned-round-tufted-floor-cushion-with-organic-cotton-filling.jpg\",\"contentUrl\":\"https:\\\/\\\/cottonedshop.com\\\/wp-content\\\/uploads\\\/2019\\\/11\\\/Cottoned-round-tufted-floor-cushion-with-organic-cotton-filling.jpg\",\"width\":1300,\"height\":1040,\"caption\":\"Cottoned round tufted floor cushion with organic cotton filling\"},{\"@type\":\"BreadcrumbList\",\"@id\":\"https:\\\/\\\/cottonedshop.com\\\/shop\\\/round-cushion\\\/#breadcrumb\",\"itemListElement\":[{\"@type\":\"ListItem\",\"position\":1,\"name\":\"Home\",\"item\":\"https:\\\/\\\/cottonedshop.com\\\/\"},{\"@type\":\"ListItem\",\"position\":2,\"name\":\"Shop\",\"item\":\"https:\\\/\\\/cottonedshop.com\\\/shop\\\/\"},{\"@type\":\"ListItem\",\"position\":3,\"name\":\"Custom Organic Cotton 3&#8243; Tufted Round Cushion\"}]},{\"@type\":\"WebSite\",\"@id\":\"https:\\\/\\\/cottonedshop.com\\\/#website\",\"url\":\"https:\\\/\\\/cottonedshop.com\\\/\",\"name\":\"Cottoned Shop\",\"description\":\"\",\"publisher\":{\"@id\":\"https:\\\/\\\/cottonedshop.com\\\/#organization\"},\"potentialAction\":[{\"@type\":\"SearchAction\",\"target\":{\"@type\":\"EntryPoint\",\"urlTemplate\":\"https:\\\/\\\/cottonedshop.com\\\/?s={search_term_string}\"},\"query-input\":{\"@type\":\"PropertyValueSpecification\",\"valueRequired\":true,\"valueName\":\"search_term_string\"}}],\"inLanguage\":\"da-DK\"},{\"@type\":\"Organization\",\"@id\":\"https:\\\/\\\/cottonedshop.com\\\/#organization\",\"name\":\"Cottoned\",\"url\":\"https:\\\/\\\/cottonedshop.com\\\/\",\"logo\":{\"@type\":\"ImageObject\",\"inLanguage\":\"da-DK\",\"@id\":\"https:\\\/\\\/cottonedshop.com\\\/#\\\/schema\\\/logo\\\/image\\\/\",\"url\":\"https:\\\/\\\/cottonedshop.com\\\/wp-content\\\/uploads\\\/2021\\\/02\\\/cottoned-logo-large.png\",\"contentUrl\":\"https:\\\/\\\/cottonedshop.com\\\/wp-content\\\/uploads\\\/2021\\\/02\\\/cottoned-logo-large.png\",\"width\":1548,\"height\":1548,\"caption\":\"Cottoned\"},\"image\":{\"@id\":\"https:\\\/\\\/cottonedshop.com\\\/#\\\/schema\\\/logo\\\/image\\\/\"}}]}<\/script>\n<!-- \/ Yoast SEO plugin. -->","yoast_head_json":{"title":"Custom Organic Cotton 3\" Tufted Round Cushion | Cottoned Shop | Handmade Natural Decor","description":"Handmade and hand-tufted round floor cushion filled with organic cotton. We can create any custom size or shape on request.","robots":{"index":"index","follow":"follow","max-snippet":"max-snippet:-1","max-image-preview":"max-image-preview:large","max-video-preview":"max-video-preview:-1"},"canonical":"https:\/\/cottonedshop.com\/da\/butik\/rund-pude\/","og_locale":"da_DK","og_type":"article","og_title":"Custom Organic Cotton 3\" Tufted Round Cushion | Cottoned Shop | Handmade Natural Decor","og_description":"Handmade and hand-tufted round floor cushion filled with organic cotton. We can create any custom size or shape on request.","og_url":"https:\/\/cottonedshop.com\/da\/butik\/rund-pude\/","og_site_name":"Cottoned Shop","article_modified_time":"2024-06-27T10:02:11+00:00","og_image":[{"width":1300,"height":1040,"url":"https:\/\/cottonedshop.com\/wp-content\/uploads\/2019\/11\/Cottoned-round-tufted-floor-cushion-with-organic-cotton-filling.jpg","type":"image\/jpeg"}],"twitter_card":"summary_large_image","twitter_misc":{"Estimeret l\u00e6setid":"1 minut"},"schema":{"@context":"https:\/\/schema.org","@graph":[{"@type":"WebPage","@id":"https:\/\/cottonedshop.com\/shop\/round-cushion\/","url":"https:\/\/cottonedshop.com\/shop\/round-cushion\/","name":"Custom Organic Cotton 3\" Tufted Round Cushion | Cottoned Shop | Handmade Natural Decor","isPartOf":{"@id":"https:\/\/cottonedshop.com\/#website"},"primaryImageOfPage":{"@id":"https:\/\/cottonedshop.com\/shop\/round-cushion\/#primaryimage"},"image":{"@id":"https:\/\/cottonedshop.com\/shop\/round-cushion\/#primaryimage"},"thumbnailUrl":"https:\/\/cottonedshop.com\/wp-content\/uploads\/2019\/11\/Cottoned-round-tufted-floor-cushion-with-organic-cotton-filling.jpg","datePublished":"2019-11-11T10:14:57+00:00","dateModified":"2024-06-27T10:02:11+00:00","description":"Handmade and hand-tufted round floor cushion filled with organic cotton. We can create any custom size or shape on request.","breadcrumb":{"@id":"https:\/\/cottonedshop.com\/shop\/round-cushion\/#breadcrumb"},"inLanguage":"da-DK","potentialAction":[{"@type":"ReadAction","target":["https:\/\/cottonedshop.com\/shop\/round-cushion\/"]}]},{"@type":"ImageObject","inLanguage":"da-DK","@id":"https:\/\/cottonedshop.com\/shop\/round-cushion\/#primaryimage","url":"https:\/\/cottonedshop.com\/wp-content\/uploads\/2019\/11\/Cottoned-round-tufted-floor-cushion-with-organic-cotton-filling.jpg","contentUrl":"https:\/\/cottonedshop.com\/wp-content\/uploads\/2019\/11\/Cottoned-round-tufted-floor-cushion-with-organic-cotton-filling.jpg","width":1300,"height":1040,"caption":"Cottoned round tufted floor cushion with organic cotton filling"},{"@type":"BreadcrumbList","@id":"https:\/\/cottonedshop.com\/shop\/round-cushion\/#breadcrumb","itemListElement":[{"@type":"ListItem","position":1,"name":"Home","item":"https:\/\/cottonedshop.com\/"},{"@type":"ListItem","position":2,"name":"Shop","item":"https:\/\/cottonedshop.com\/shop\/"},{"@type":"ListItem","position":3,"name":"Custom Organic Cotton 3&#8243; Tufted Round Cushion"}]},{"@type":"WebSite","@id":"https:\/\/cottonedshop.com\/#website","url":"https:\/\/cottonedshop.com\/","name":"Bomuldsbutik","description":"","publisher":{"@id":"https:\/\/cottonedshop.com\/#organization"},"potentialAction":[{"@type":"SearchAction","target":{"@type":"EntryPoint","urlTemplate":"https:\/\/cottonedshop.com\/?s={search_term_string}"},"query-input":{"@type":"PropertyValueSpecification","valueRequired":true,"valueName":"search_term_string"}}],"inLanguage":"da-DK"},{"@type":"Organization","@id":"https:\/\/cottonedshop.com\/#organization","name":"Bomuld","url":"https:\/\/cottonedshop.com\/","logo":{"@type":"ImageObject","inLanguage":"da-DK","@id":"https:\/\/cottonedshop.com\/#\/schema\/logo\/image\/","url":"https:\/\/cottonedshop.com\/wp-content\/uploads\/2021\/02\/cottoned-logo-large.png","contentUrl":"https:\/\/cottonedshop.com\/wp-content\/uploads\/2021\/02\/cottoned-logo-large.png","width":1548,"height":1548,"caption":"Cottoned"},"image":{"@id":"https:\/\/cottonedshop.com\/#\/schema\/logo\/image\/"}}]}},"_links":{"self":[{"href":"https:\/\/cottonedshop.com\/da\/wp-json\/wp\/v2\/product\/1446","targetHints":{"allow":["GET"]}}],"collection":[{"href":"https:\/\/cottonedshop.com\/da\/wp-json\/wp\/v2\/product"}],"about":[{"href":"https:\/\/cottonedshop.com\/da\/wp-json\/wp\/v2\/types\/product"}],"replies":[{"embeddable":true,"href":"https:\/\/cottonedshop.com\/da\/wp-json\/wp\/v2\/comments?post=1446"}],"wp:featuredmedia":[{"embeddable":true,"href":"https:\/\/cottonedshop.com\/da\/wp-json\/wp\/v2\/media\/1447"}],"wp:attachment":[{"href":"https:\/\/cottonedshop.com\/da\/wp-json\/wp\/v2\/media?parent=1446"}],"wp:term":[{"taxonomy":"product_brand","embeddable":true,"href":"https:\/\/cottonedshop.com\/da\/wp-json\/wp\/v2\/product_brand?post=1446"},{"taxonomy":"product_cat","embeddable":true,"href":"https:\/\/cottonedshop.com\/da\/wp-json\/wp\/v2\/product_cat?post=1446"},{"taxonomy":"product_tag","embeddable":true,"href":"https:\/\/cottonedshop.com\/da\/wp-json\/wp\/v2\/product_tag?post=1446"}],"curies":[{"name":"wp","href":"https:\/\/api.w.org\/{rel}","templated":true}]}}