{"id":14289,"date":"2025-04-30T17:48:20","date_gmt":"2025-04-30T14:48:20","guid":{"rendered":"https:\/\/cottonedshop.com\/?post_type=product&#038;p=14289"},"modified":"2025-04-30T18:03:41","modified_gmt":"2025-04-30T15:03:41","slug":"outdoor-throw-pillows","status":"publish","type":"product","link":"https:\/\/cottonedshop.com\/da\/shop\/outdoor-throw-pillows\/","title":{"rendered":"Outdoor Throw Pillows"},"content":{"rendered":"<div class=\"wpb-content-wrapper\"><div  class=\"sec_row container\"><div class=\"vc_row wpb_row vc_row-fluid\"><div class=\"wpb_column vc_column_container vc_col-sm-12 et-dark-column\"><div class=\"vc_column-inner\"><div class=\"wpb_wrapper\">\n\t<div class=\"wpb_text_column wpb_content_element\" >\n\t\t<div class=\"wpb_wrapper\">\n\t\t\t<p style=\"text-align: left;\"><strong>FABRIC OF THE COVER:<\/strong> Water\/Stain repellent fabric<\/p>\n<p><strong>FILLING<\/strong>: Organic GOTS Certified Cotton Fibers<\/p>\n<p><strong>ST\u00d8RRELSE<\/strong>:<br \/>\n\u25cf 12 x 12&#8221; (30 x 30 cm)<br \/>\n\u25cf 18 x 18&#8243; (46 x 46 cm)<br \/>\n\u25cf 20 x 20&#8243; (51 x 51 cm)<br \/>\n\u25cf Any custom size on request<\/p>\n<p style=\"text-align: left;\"><strong>FUNKTIONER:<\/strong><\/p>\n<ul>\n<li>100%\u00a0<strong>\u00f8kologisk bomuld<\/strong>\u00a0fyld indeni.<\/li>\n<li>Removable <strong>washable<\/strong> cover.<\/li>\n<li>Insert in <strong>Water\/Stain repellent fabric.<\/strong><\/li>\n<li><strong>Fremstillet p\u00e5 bestilling<\/strong>\u00a0s\u00e5 det passer til dine pr\u00e6ferencer.<\/li>\n<li><strong>Naturligt alternativ<\/strong>\u00a0til skum og syntetiske stoffer.<\/li>\n<li><strong>Gr\u00e6nse<\/strong>\u00a0eksponering for\u00a0<strong>farlige VOC'er<\/strong>\u00a0i dit hjem.<\/li>\n<li>Alle\u00a0<strong>Skatter<\/strong>\u00a0og\u00a0<strong>pligter<\/strong>\u00a0er\u00a0<strong>inkluderet<\/strong>.<\/li>\n<\/ul>\n<p style=\"text-align: left;\"><strong>PLEJEINSTRUKTIONER<\/strong><\/p>\n<p style=\"text-align: left;\">Det aftagelige betr\u00e6k kan maskinvaskes p\u00e5 sk\u00e5neprogram med et mildt reng\u00f8ringsmiddel. Luk lynl\u00e5sen f\u00f8r vask.<\/p>\n<p style=\"text-align: left;\"><strong>VIGTIGT<\/strong><\/p>\n<p style=\"text-align: left;\">* This listing is for one throw pillow only.<br \/>\n* Bomuldsfyldte varer er udsat for en vis grad af kompression.<br \/>\n* H\u00e5ndlavet vare, en lille afvigelse i dimensioner er mulig.<\/p>\n\n\t\t<\/div>\n\t<\/div>\n\n\t<div class=\"wpb_raw_code wpb_raw_html wpb_content_element\" >\n\t\t<div class=\"wpb_wrapper\">\n\t\t\t<div class=\"klaviyo-form-SVRq2G\"><\/div>\n\t\t<\/div>\n\t<\/div>\n<\/div><\/div><\/div><\/div><\/div>\n<\/div>","protected":false},"excerpt":{"rendered":"<div class=\"ql-block\" data-block-id=\"block-65a2d401-b74f-426c-95be-0e490e89b973\">\n<p>Cozy up your outdoor area with these outdoor throw pillows. Perfect for adding a little glam to your patio, balcony, or garden, these throw pillows for outdoor spaces bring both style and comfort. Each one is fully customizable in terms of size, fabric, and finishing touches. They\u2019re filled with pure organic cotton. No synthetics and no chemicals inside. Cotton is extremely breathable, which makes these outdoor throw pillows perfect for hot weather.<\/p>\n<p>Please leave a note at checkout with your preferred fabric color for the cover.<b>\u00a0<\/b><\/p>\n<p style=\"text-align: left;\">[et_button title=\"REQUEST CUSTOMIZATION\" style=\"solid rounded\" color=\"custom\" align=\"center\" color_custom=\"#3bd4ae\" text_color_custom=\"#ffffff\" link=\"url:https%3A%2F%2Fcottonedshop.com%2Fcontact%2F\"]<\/p>\n<\/div>\n","protected":false},"featured_media":14292,"comment_status":"open","ping_status":"closed","template":"","meta":[],"product_brand":[],"product_cat":[557],"product_tag":[121,122,123,124,125,126,127,128,129,130,131,132,133,134,135],"class_list":{"0":"post-14289","1":"product","2":"type-product","3":"status-publish","4":"has-post-thumbnail","6":"product_cat-garden","7":"product_tag-custom-pouf","8":"product_tag-floor-pillow","9":"product_tag-foot-stool","10":"product_tag-handmade-cushion","11":"product_tag-living-room-stool","12":"product_tag-morrocan-pouf","13":"product_tag-ottoman","14":"product_tag-ottoman-chair","15":"product_tag-ottoman-pouf","16":"product_tag-ottoman-seat","17":"product_tag-patio-chair-cushions","18":"product_tag-pouf-ottoman","19":"product_tag-rectangular-seat-cushion","20":"product_tag-square-cushion-ottoman","21":"product_tag-square-pouf","23":"first","24":"instock","25":"shipping-taxable","26":"purchasable","27":"product-type-variable"},"yoast_head":"<!-- This site is optimized with the Yoast SEO plugin v27.4 - https:\/\/yoast.com\/product\/yoast-seo-wordpress\/ -->\n<title>Outdoor Throw Pillows \u2013 Organic &amp; Non-toxic | Cottoned Shop<\/title>\n<meta name=\"description\" content=\"Cozy up your patio with outdoor throw pillows! Customizable, 100% organic cotton patio throw pillows add style &amp; comfort to your outdoor space.\" \/>\n<meta name=\"robots\" content=\"index, follow, max-snippet:-1, max-image-preview:large, max-video-preview:-1\" \/>\n<link rel=\"canonical\" href=\"https:\/\/cottonedshop.com\/da\/butik\/outdoor-throw-pillows\/\" \/>\n<meta property=\"og:locale\" content=\"da_DK\" \/>\n<meta property=\"og:type\" content=\"article\" \/>\n<meta property=\"og:title\" content=\"Outdoor Throw Pillows \u2013 Organic &amp; Non-toxic | Cottoned Shop\" \/>\n<meta property=\"og:description\" content=\"Cozy up your patio with outdoor throw pillows! Customizable, 100% organic cotton patio throw pillows add style &amp; comfort to your outdoor space.\" \/>\n<meta property=\"og:url\" content=\"https:\/\/cottonedshop.com\/da\/butik\/outdoor-throw-pillows\/\" \/>\n<meta property=\"og:site_name\" content=\"Cottoned Shop\" \/>\n<meta property=\"article:modified_time\" content=\"2025-04-30T15:03:41+00:00\" \/>\n<meta property=\"og:image\" content=\"https:\/\/cottonedshop.com\/wp-content\/uploads\/2025\/04\/Cottoned-Shop-Outdoor-Throw-Pillows-Main.jpg\" \/>\n\t<meta property=\"og:image:width\" content=\"1878\" \/>\n\t<meta property=\"og:image:height\" content=\"1502\" \/>\n\t<meta property=\"og:image:type\" content=\"image\/jpeg\" \/>\n<meta name=\"twitter:card\" content=\"summary_large_image\" \/>\n<meta name=\"twitter:label1\" content=\"Estimeret l\u00e6setid\" \/>\n\t<meta name=\"twitter:data1\" content=\"1 minut\" \/>\n<script type=\"application\/ld+json\" class=\"yoast-schema-graph\">{\"@context\":\"https:\\\/\\\/schema.org\",\"@graph\":[{\"@type\":\"WebPage\",\"@id\":\"https:\\\/\\\/cottonedshop.com\\\/shop\\\/outdoor-throw-pillows\\\/\",\"url\":\"https:\\\/\\\/cottonedshop.com\\\/shop\\\/outdoor-throw-pillows\\\/\",\"name\":\"Outdoor Throw Pillows \u2013 Organic & Non-toxic | Cottoned Shop\",\"isPartOf\":{\"@id\":\"https:\\\/\\\/cottonedshop.com\\\/#website\"},\"primaryImageOfPage\":{\"@id\":\"https:\\\/\\\/cottonedshop.com\\\/shop\\\/outdoor-throw-pillows\\\/#primaryimage\"},\"image\":{\"@id\":\"https:\\\/\\\/cottonedshop.com\\\/shop\\\/outdoor-throw-pillows\\\/#primaryimage\"},\"thumbnailUrl\":\"https:\\\/\\\/cottonedshop.com\\\/wp-content\\\/uploads\\\/2025\\\/04\\\/Cottoned-Shop-Outdoor-Throw-Pillows-Main.jpg\",\"datePublished\":\"2025-04-30T14:48:20+00:00\",\"dateModified\":\"2025-04-30T15:03:41+00:00\",\"description\":\"Cozy up your patio with outdoor throw pillows! Customizable, 100% organic cotton patio throw pillows add style & comfort to your outdoor space.\",\"breadcrumb\":{\"@id\":\"https:\\\/\\\/cottonedshop.com\\\/shop\\\/outdoor-throw-pillows\\\/#breadcrumb\"},\"inLanguage\":\"da-DK\",\"potentialAction\":[{\"@type\":\"ReadAction\",\"target\":[\"https:\\\/\\\/cottonedshop.com\\\/shop\\\/outdoor-throw-pillows\\\/\"]}]},{\"@type\":\"ImageObject\",\"inLanguage\":\"da-DK\",\"@id\":\"https:\\\/\\\/cottonedshop.com\\\/shop\\\/outdoor-throw-pillows\\\/#primaryimage\",\"url\":\"https:\\\/\\\/cottonedshop.com\\\/wp-content\\\/uploads\\\/2025\\\/04\\\/Cottoned-Shop-Outdoor-Throw-Pillows-Main.jpg\",\"contentUrl\":\"https:\\\/\\\/cottonedshop.com\\\/wp-content\\\/uploads\\\/2025\\\/04\\\/Cottoned-Shop-Outdoor-Throw-Pillows-Main.jpg\",\"width\":1878,\"height\":1502},{\"@type\":\"BreadcrumbList\",\"@id\":\"https:\\\/\\\/cottonedshop.com\\\/shop\\\/outdoor-throw-pillows\\\/#breadcrumb\",\"itemListElement\":[{\"@type\":\"ListItem\",\"position\":1,\"name\":\"Home\",\"item\":\"https:\\\/\\\/cottonedshop.com\\\/\"},{\"@type\":\"ListItem\",\"position\":2,\"name\":\"Shop\",\"item\":\"https:\\\/\\\/cottonedshop.com\\\/shop\\\/\"},{\"@type\":\"ListItem\",\"position\":3,\"name\":\"Outdoor Throw Pillows\"}]},{\"@type\":\"WebSite\",\"@id\":\"https:\\\/\\\/cottonedshop.com\\\/#website\",\"url\":\"https:\\\/\\\/cottonedshop.com\\\/\",\"name\":\"Cottoned Shop\",\"description\":\"\",\"publisher\":{\"@id\":\"https:\\\/\\\/cottonedshop.com\\\/#organization\"},\"potentialAction\":[{\"@type\":\"SearchAction\",\"target\":{\"@type\":\"EntryPoint\",\"urlTemplate\":\"https:\\\/\\\/cottonedshop.com\\\/?s={search_term_string}\"},\"query-input\":{\"@type\":\"PropertyValueSpecification\",\"valueRequired\":true,\"valueName\":\"search_term_string\"}}],\"inLanguage\":\"da-DK\"},{\"@type\":\"Organization\",\"@id\":\"https:\\\/\\\/cottonedshop.com\\\/#organization\",\"name\":\"Cottoned\",\"url\":\"https:\\\/\\\/cottonedshop.com\\\/\",\"logo\":{\"@type\":\"ImageObject\",\"inLanguage\":\"da-DK\",\"@id\":\"https:\\\/\\\/cottonedshop.com\\\/#\\\/schema\\\/logo\\\/image\\\/\",\"url\":\"https:\\\/\\\/cottonedshop.com\\\/wp-content\\\/uploads\\\/2021\\\/02\\\/cottoned-logo-large.png\",\"contentUrl\":\"https:\\\/\\\/cottonedshop.com\\\/wp-content\\\/uploads\\\/2021\\\/02\\\/cottoned-logo-large.png\",\"width\":1548,\"height\":1548,\"caption\":\"Cottoned\"},\"image\":{\"@id\":\"https:\\\/\\\/cottonedshop.com\\\/#\\\/schema\\\/logo\\\/image\\\/\"}}]}<\/script>\n<!-- \/ Yoast SEO plugin. -->","yoast_head_json":{"title":"Outdoor Throw Pillows \u2013 Organic & Non-toxic | Cottoned Shop","description":"Cozy up your patio with outdoor throw pillows! Customizable, 100% organic cotton patio throw pillows add style & comfort to your outdoor space.","robots":{"index":"index","follow":"follow","max-snippet":"max-snippet:-1","max-image-preview":"max-image-preview:large","max-video-preview":"max-video-preview:-1"},"canonical":"https:\/\/cottonedshop.com\/da\/butik\/outdoor-throw-pillows\/","og_locale":"da_DK","og_type":"article","og_title":"Outdoor Throw Pillows \u2013 Organic & Non-toxic | Cottoned Shop","og_description":"Cozy up your patio with outdoor throw pillows! Customizable, 100% organic cotton patio throw pillows add style & comfort to your outdoor space.","og_url":"https:\/\/cottonedshop.com\/da\/butik\/outdoor-throw-pillows\/","og_site_name":"Cottoned Shop","article_modified_time":"2025-04-30T15:03:41+00:00","og_image":[{"width":1878,"height":1502,"url":"https:\/\/cottonedshop.com\/wp-content\/uploads\/2025\/04\/Cottoned-Shop-Outdoor-Throw-Pillows-Main.jpg","type":"image\/jpeg"}],"twitter_card":"summary_large_image","twitter_misc":{"Estimeret l\u00e6setid":"1 minut"},"schema":{"@context":"https:\/\/schema.org","@graph":[{"@type":"WebPage","@id":"https:\/\/cottonedshop.com\/shop\/outdoor-throw-pillows\/","url":"https:\/\/cottonedshop.com\/shop\/outdoor-throw-pillows\/","name":"Outdoor Throw Pillows \u2013 Organic & Non-toxic | Cottoned Shop","isPartOf":{"@id":"https:\/\/cottonedshop.com\/#website"},"primaryImageOfPage":{"@id":"https:\/\/cottonedshop.com\/shop\/outdoor-throw-pillows\/#primaryimage"},"image":{"@id":"https:\/\/cottonedshop.com\/shop\/outdoor-throw-pillows\/#primaryimage"},"thumbnailUrl":"https:\/\/cottonedshop.com\/wp-content\/uploads\/2025\/04\/Cottoned-Shop-Outdoor-Throw-Pillows-Main.jpg","datePublished":"2025-04-30T14:48:20+00:00","dateModified":"2025-04-30T15:03:41+00:00","description":"Cozy up your patio with outdoor throw pillows! Customizable, 100% organic cotton patio throw pillows add style & comfort to your outdoor space.","breadcrumb":{"@id":"https:\/\/cottonedshop.com\/shop\/outdoor-throw-pillows\/#breadcrumb"},"inLanguage":"da-DK","potentialAction":[{"@type":"ReadAction","target":["https:\/\/cottonedshop.com\/shop\/outdoor-throw-pillows\/"]}]},{"@type":"ImageObject","inLanguage":"da-DK","@id":"https:\/\/cottonedshop.com\/shop\/outdoor-throw-pillows\/#primaryimage","url":"https:\/\/cottonedshop.com\/wp-content\/uploads\/2025\/04\/Cottoned-Shop-Outdoor-Throw-Pillows-Main.jpg","contentUrl":"https:\/\/cottonedshop.com\/wp-content\/uploads\/2025\/04\/Cottoned-Shop-Outdoor-Throw-Pillows-Main.jpg","width":1878,"height":1502},{"@type":"BreadcrumbList","@id":"https:\/\/cottonedshop.com\/shop\/outdoor-throw-pillows\/#breadcrumb","itemListElement":[{"@type":"ListItem","position":1,"name":"Home","item":"https:\/\/cottonedshop.com\/"},{"@type":"ListItem","position":2,"name":"Shop","item":"https:\/\/cottonedshop.com\/shop\/"},{"@type":"ListItem","position":3,"name":"Outdoor Throw Pillows"}]},{"@type":"WebSite","@id":"https:\/\/cottonedshop.com\/#website","url":"https:\/\/cottonedshop.com\/","name":"Bomuldsbutik","description":"","publisher":{"@id":"https:\/\/cottonedshop.com\/#organization"},"potentialAction":[{"@type":"SearchAction","target":{"@type":"EntryPoint","urlTemplate":"https:\/\/cottonedshop.com\/?s={search_term_string}"},"query-input":{"@type":"PropertyValueSpecification","valueRequired":true,"valueName":"search_term_string"}}],"inLanguage":"da-DK"},{"@type":"Organization","@id":"https:\/\/cottonedshop.com\/#organization","name":"Bomuld","url":"https:\/\/cottonedshop.com\/","logo":{"@type":"ImageObject","inLanguage":"da-DK","@id":"https:\/\/cottonedshop.com\/#\/schema\/logo\/image\/","url":"https:\/\/cottonedshop.com\/wp-content\/uploads\/2021\/02\/cottoned-logo-large.png","contentUrl":"https:\/\/cottonedshop.com\/wp-content\/uploads\/2021\/02\/cottoned-logo-large.png","width":1548,"height":1548,"caption":"Cottoned"},"image":{"@id":"https:\/\/cottonedshop.com\/#\/schema\/logo\/image\/"}}]}},"_links":{"self":[{"href":"https:\/\/cottonedshop.com\/da\/wp-json\/wp\/v2\/product\/14289","targetHints":{"allow":["GET"]}}],"collection":[{"href":"https:\/\/cottonedshop.com\/da\/wp-json\/wp\/v2\/product"}],"about":[{"href":"https:\/\/cottonedshop.com\/da\/wp-json\/wp\/v2\/types\/product"}],"replies":[{"embeddable":true,"href":"https:\/\/cottonedshop.com\/da\/wp-json\/wp\/v2\/comments?post=14289"}],"wp:featuredmedia":[{"embeddable":true,"href":"https:\/\/cottonedshop.com\/da\/wp-json\/wp\/v2\/media\/14292"}],"wp:attachment":[{"href":"https:\/\/cottonedshop.com\/da\/wp-json\/wp\/v2\/media?parent=14289"}],"wp:term":[{"taxonomy":"product_brand","embeddable":true,"href":"https:\/\/cottonedshop.com\/da\/wp-json\/wp\/v2\/product_brand?post=14289"},{"taxonomy":"product_cat","embeddable":true,"href":"https:\/\/cottonedshop.com\/da\/wp-json\/wp\/v2\/product_cat?post=14289"},{"taxonomy":"product_tag","embeddable":true,"href":"https:\/\/cottonedshop.com\/da\/wp-json\/wp\/v2\/product_tag?post=14289"}],"curies":[{"name":"wp","href":"https:\/\/api.w.org\/{rel}","templated":true}]}}