{"id":14028,"date":"2025-03-14T14:49:44","date_gmt":"2025-03-14T12:49:44","guid":{"rendered":"https:\/\/cottonedshop.com\/?post_type=product&#038;p=14028"},"modified":"2025-03-18T11:42:56","modified_gmt":"2025-03-18T09:42:56","slug":"custom-organic-kids-teepee","status":"publish","type":"product","link":"https:\/\/cottonedshop.com\/da\/shop\/custom-organic-kids-teepee\/","title":{"rendered":"Organic Kids Teepee"},"content":{"rendered":"<div class=\"wpb-content-wrapper\"><div  class=\"sec_row container\"><div class=\"vc_row wpb_row vc_row-fluid\"><div class=\"wpb_column vc_column_container vc_col-sm-12 et-dark-column\"><div class=\"vc_column-inner\"><div class=\"wpb_wrapper\">\n\t<div class=\"wpb_text_column wpb_content_element\" >\n\t\t<div class=\"wpb_wrapper\">\n\t\t\t<p style=\"text-align: left;\"><strong>FUNKTIONER:<\/strong><\/p>\n<ul>\n<li>Window from natural mulberry silk mesh.<\/li>\n<li>Removable bamboo sticks.<\/li>\n<li>Inner pocket.<\/li>\n<li>Easy 30-second assembly.<\/li>\n<li>Aftageligt, vaskbart yderbetr\u00e6k.<\/li>\n<li>Loops in the four corners of the mat to keep the bamboo sticks in place.<\/li>\n<li>Insert in 100% organic cotton fabric, hand-tufted with natural linen thread to keep the filling in place.<\/li>\n<\/ul>\n<h4>MAKING &amp; SHIPPING:<\/h4>\n<p>Standard make time: 1-2 weeks<br \/>\nFree shipping time:\u00a0 1-4 weeks<br \/>\nExpress shipping time: 3-4 days<\/p>\n<p style=\"text-align: left;\"><strong>PLEJEINSTRUKTIONER<\/strong><\/p>\n<p style=\"text-align: left;\">Det aftagelige betr\u00e6k kan maskinvaskes p\u00e5 sk\u00e5neprogram med et mildt reng\u00f8ringsmiddel. Luk lynl\u00e5sen f\u00f8r vask.<\/p>\n<p style=\"text-align: left;\"><strong>VIGTIGT<\/strong><\/p>\n<p style=\"text-align: left;\">* This listing is for one teepee only.<br \/>\n* Bomuldsfyldte varer er udsat for en vis grad af kompression.<br \/>\n* H\u00e5ndlavet vare, en lille afvigelse i dimensioner er mulig.<\/p>\n\n\t\t<\/div>\n\t<\/div>\n\n\t<div class=\"wpb_raw_code wpb_raw_html wpb_content_element\" >\n\t\t<div class=\"wpb_wrapper\">\n\t\t\t<div class=\"klaviyo-form-SVRq2G\"><\/div>\n\t\t<\/div>\n\t<\/div>\n<\/div><\/div><\/div><\/div><\/div>\n<\/div>","protected":false},"excerpt":{"rendered":"<div class=\"ql-block\" data-block-id=\"block-4afad0f3-0b06-41c0-9828-7bfc616f83fa\">Create a magical, safe, and comfortable retreat for your child with our <strong>custom fabric teepee<\/strong> and <strong>organic cotton-filled mat<\/strong>. Thoughtfully designed for relaxation and play, this breathable, all-natural space is free from harmful chemicals. The perfect <strong>eco-friendly hideaway<\/strong>.<\/div>\n<div><b>\u00a0<\/b><\/div>\n<div class=\"ql-block\" data-block-id=\"block-9ec3b24f-fb83-4eac-b44b-c9b3f5d50183\"><strong>Custom Fabric Design:<\/strong> Crafted with high-quality, breathable fabric of your choice for a unique and stylish look.<\/div>\n<div><b>\u00a0<\/b><\/div>\n<div class=\"ql-block\" data-block-id=\"block-9c4ee5b0-f1af-4244-8208-2f0268fc8a15\"><strong>Soft, Organic Cotton-Filled Mat:<\/strong> Plush, natural cushioning for lounging, reading, and play.<\/div>\n<div><b>\u00a0<\/b><\/div>\n<div class=\"ql-block\" data-block-id=\"block-3a62be9e-ea25-4035-b7a1-4e6a6b6388bc\"><strong>Functional Features:<\/strong> Includes a <strong>roll-up window blind<\/strong> for adjustable light and airflow, plus an <strong>inner pocket<\/strong> for storing books, toys, or treasures.<\/div>\n<div><b>\u00a0<\/b><\/div>\n<div class=\"ql-block\" data-block-id=\"block-d813a8c5-c17e-4d88-b9bb-e1e9b86a653d\"><strong>Safe &amp; Non-Toxic:<\/strong> Made without synthetics, flame retardants, or harmful chemicals. <strong>Zero off-gassing, no VOCs, no irritants<\/strong>, ideal for children with sensitivities.<\/div>\n<div><b>\u00a0<\/b><\/div>\n<div class=\"ql-block\" data-block-id=\"block-130645a6-4d21-439d-a4f7-da6b8041d89c\"><strong>Easy to Maintain:<\/strong> A <strong>washable cover<\/strong> ensures effortless cleaning for lasting freshness.<\/div>\n<div><b>\u00a0<\/b><\/div>\n<div class=\"ql-block\" data-block-id=\"block-875a8590-9ee1-4262-ad8a-19aa8c135cc9\"><strong>Sustainably Made:<\/strong> Handmade with <strong>biodegradable, renewable materials<\/strong> for an eco-conscious, durable addition to your home.<\/div>\n<div><b>\u00a0<\/b><\/div>\n<p style=\"text-align: left;\"><strong>SIZE:<\/strong> 39.5 x 39.5 x 43.3\u2033 (100 x 100 x 110 cm)<\/p>\n<p style=\"text-align: left;\">[et_button title=\"REQUEST CUSTOMIZATION\" style=\"solid rounded\" color=\"custom\" align=\"center\" color_custom=\"#3bd4ae\" text_color_custom=\"#ffffff\" link=\"url:https%3A%2F%2Fcottonedshop.com%2Fcontact%2F\"]<\/p>\n","protected":false},"featured_media":14043,"comment_status":"open","ping_status":"closed","template":"","meta":[],"product_brand":[],"product_cat":[50],"product_tag":[543,544,549,548,545,546,547],"class_list":{"0":"post-14028","1":"product","2":"type-product","3":"status-publish","4":"has-post-thumbnail","6":"product_cat-cottoned-kids","7":"product_tag-kids-room-decor","8":"product_tag-montessori-room","9":"product_tag-natural-teepee","10":"product_tag-organic-cotton-teepee","11":"product_tag-playground","12":"product_tag-reading-nook","13":"product_tag-toddler-kid","15":"first","16":"instock","17":"shipping-taxable","18":"purchasable","19":"product-type-variable"},"yoast_head":"<!-- This site is optimized with the Yoast SEO plugin v27.3 - https:\/\/yoast.com\/product\/yoast-seo-wordpress\/ -->\n<title>Organic Kids Teepee | Cottoned Shop<\/title>\n<meta name=\"description\" content=\"Create a cozy, chemical-free retreat with our custom fabric teepee. Breathable, non-toxic, and sustainable. Perfect for play &amp; relaxation!\" \/>\n<meta name=\"robots\" content=\"index, follow, max-snippet:-1, max-image-preview:large, max-video-preview:-1\" \/>\n<link rel=\"canonical\" href=\"https:\/\/cottonedshop.com\/da\/butik\/custom-organic-kids-teepee\/\" \/>\n<meta property=\"og:locale\" content=\"da_DK\" \/>\n<meta property=\"og:type\" content=\"article\" \/>\n<meta property=\"og:title\" content=\"Organic Kids Teepee | Cottoned Shop\" \/>\n<meta property=\"og:description\" content=\"Create a cozy, chemical-free retreat with our custom fabric teepee. Breathable, non-toxic, and sustainable. Perfect for play &amp; relaxation!\" \/>\n<meta property=\"og:url\" content=\"https:\/\/cottonedshop.com\/da\/butik\/custom-organic-kids-teepee\/\" \/>\n<meta property=\"og:site_name\" content=\"Cottoned Shop\" \/>\n<meta property=\"article:modified_time\" content=\"2025-03-18T09:42:56+00:00\" \/>\n<meta property=\"og:image\" content=\"https:\/\/cottonedshop.com\/wp-content\/uploads\/2025\/03\/Cottoned-Shop-Kids-Teepee.jpg\" \/>\n\t<meta property=\"og:image:width\" content=\"2000\" \/>\n\t<meta property=\"og:image:height\" content=\"1600\" \/>\n\t<meta property=\"og:image:type\" content=\"image\/jpeg\" \/>\n<meta name=\"twitter:card\" content=\"summary_large_image\" \/>\n<meta name=\"twitter:label1\" content=\"Estimeret l\u00e6setid\" \/>\n\t<meta name=\"twitter:data1\" content=\"1 minut\" \/>\n<script type=\"application\/ld+json\" class=\"yoast-schema-graph\">{\"@context\":\"https:\\\/\\\/schema.org\",\"@graph\":[{\"@type\":\"WebPage\",\"@id\":\"https:\\\/\\\/cottonedshop.com\\\/shop\\\/custom-organic-kids-teepee\\\/\",\"url\":\"https:\\\/\\\/cottonedshop.com\\\/shop\\\/custom-organic-kids-teepee\\\/\",\"name\":\"Organic Kids Teepee | Cottoned Shop\",\"isPartOf\":{\"@id\":\"https:\\\/\\\/cottonedshop.com\\\/#website\"},\"primaryImageOfPage\":{\"@id\":\"https:\\\/\\\/cottonedshop.com\\\/shop\\\/custom-organic-kids-teepee\\\/#primaryimage\"},\"image\":{\"@id\":\"https:\\\/\\\/cottonedshop.com\\\/shop\\\/custom-organic-kids-teepee\\\/#primaryimage\"},\"thumbnailUrl\":\"https:\\\/\\\/cottonedshop.com\\\/wp-content\\\/uploads\\\/2025\\\/03\\\/Cottoned-Shop-Kids-Teepee.jpg\",\"datePublished\":\"2025-03-14T12:49:44+00:00\",\"dateModified\":\"2025-03-18T09:42:56+00:00\",\"description\":\"Create a cozy, chemical-free retreat with our custom fabric teepee. Breathable, non-toxic, and sustainable. Perfect for play & relaxation!\",\"breadcrumb\":{\"@id\":\"https:\\\/\\\/cottonedshop.com\\\/shop\\\/custom-organic-kids-teepee\\\/#breadcrumb\"},\"inLanguage\":\"da-DK\",\"potentialAction\":[{\"@type\":\"ReadAction\",\"target\":[\"https:\\\/\\\/cottonedshop.com\\\/shop\\\/custom-organic-kids-teepee\\\/\"]}]},{\"@type\":\"ImageObject\",\"inLanguage\":\"da-DK\",\"@id\":\"https:\\\/\\\/cottonedshop.com\\\/shop\\\/custom-organic-kids-teepee\\\/#primaryimage\",\"url\":\"https:\\\/\\\/cottonedshop.com\\\/wp-content\\\/uploads\\\/2025\\\/03\\\/Cottoned-Shop-Kids-Teepee.jpg\",\"contentUrl\":\"https:\\\/\\\/cottonedshop.com\\\/wp-content\\\/uploads\\\/2025\\\/03\\\/Cottoned-Shop-Kids-Teepee.jpg\",\"width\":2000,\"height\":1600},{\"@type\":\"BreadcrumbList\",\"@id\":\"https:\\\/\\\/cottonedshop.com\\\/shop\\\/custom-organic-kids-teepee\\\/#breadcrumb\",\"itemListElement\":[{\"@type\":\"ListItem\",\"position\":1,\"name\":\"Home\",\"item\":\"https:\\\/\\\/cottonedshop.com\\\/\"},{\"@type\":\"ListItem\",\"position\":2,\"name\":\"Shop\",\"item\":\"https:\\\/\\\/cottonedshop.com\\\/shop\\\/\"},{\"@type\":\"ListItem\",\"position\":3,\"name\":\"Organic Kids Teepee\"}]},{\"@type\":\"WebSite\",\"@id\":\"https:\\\/\\\/cottonedshop.com\\\/#website\",\"url\":\"https:\\\/\\\/cottonedshop.com\\\/\",\"name\":\"Cottoned Shop\",\"description\":\"\",\"publisher\":{\"@id\":\"https:\\\/\\\/cottonedshop.com\\\/#organization\"},\"potentialAction\":[{\"@type\":\"SearchAction\",\"target\":{\"@type\":\"EntryPoint\",\"urlTemplate\":\"https:\\\/\\\/cottonedshop.com\\\/?s={search_term_string}\"},\"query-input\":{\"@type\":\"PropertyValueSpecification\",\"valueRequired\":true,\"valueName\":\"search_term_string\"}}],\"inLanguage\":\"da-DK\"},{\"@type\":\"Organization\",\"@id\":\"https:\\\/\\\/cottonedshop.com\\\/#organization\",\"name\":\"Cottoned\",\"url\":\"https:\\\/\\\/cottonedshop.com\\\/\",\"logo\":{\"@type\":\"ImageObject\",\"inLanguage\":\"da-DK\",\"@id\":\"https:\\\/\\\/cottonedshop.com\\\/#\\\/schema\\\/logo\\\/image\\\/\",\"url\":\"https:\\\/\\\/cottonedshop.com\\\/wp-content\\\/uploads\\\/2021\\\/02\\\/cottoned-logo-large.png\",\"contentUrl\":\"https:\\\/\\\/cottonedshop.com\\\/wp-content\\\/uploads\\\/2021\\\/02\\\/cottoned-logo-large.png\",\"width\":1548,\"height\":1548,\"caption\":\"Cottoned\"},\"image\":{\"@id\":\"https:\\\/\\\/cottonedshop.com\\\/#\\\/schema\\\/logo\\\/image\\\/\"}}]}<\/script>\n<!-- \/ Yoast SEO plugin. -->","yoast_head_json":{"title":"Organic Kids Teepee | Cottoned Shop","description":"Create a cozy, chemical-free retreat with our custom fabric teepee. Breathable, non-toxic, and sustainable. Perfect for play & relaxation!","robots":{"index":"index","follow":"follow","max-snippet":"max-snippet:-1","max-image-preview":"max-image-preview:large","max-video-preview":"max-video-preview:-1"},"canonical":"https:\/\/cottonedshop.com\/da\/butik\/custom-organic-kids-teepee\/","og_locale":"da_DK","og_type":"article","og_title":"Organic Kids Teepee | Cottoned Shop","og_description":"Create a cozy, chemical-free retreat with our custom fabric teepee. Breathable, non-toxic, and sustainable. Perfect for play & relaxation!","og_url":"https:\/\/cottonedshop.com\/da\/butik\/custom-organic-kids-teepee\/","og_site_name":"Cottoned Shop","article_modified_time":"2025-03-18T09:42:56+00:00","og_image":[{"width":2000,"height":1600,"url":"https:\/\/cottonedshop.com\/wp-content\/uploads\/2025\/03\/Cottoned-Shop-Kids-Teepee.jpg","type":"image\/jpeg"}],"twitter_card":"summary_large_image","twitter_misc":{"Estimeret l\u00e6setid":"1 minut"},"schema":{"@context":"https:\/\/schema.org","@graph":[{"@type":"WebPage","@id":"https:\/\/cottonedshop.com\/shop\/custom-organic-kids-teepee\/","url":"https:\/\/cottonedshop.com\/shop\/custom-organic-kids-teepee\/","name":"Organic Kids Teepee | Cottoned Shop","isPartOf":{"@id":"https:\/\/cottonedshop.com\/#website"},"primaryImageOfPage":{"@id":"https:\/\/cottonedshop.com\/shop\/custom-organic-kids-teepee\/#primaryimage"},"image":{"@id":"https:\/\/cottonedshop.com\/shop\/custom-organic-kids-teepee\/#primaryimage"},"thumbnailUrl":"https:\/\/cottonedshop.com\/wp-content\/uploads\/2025\/03\/Cottoned-Shop-Kids-Teepee.jpg","datePublished":"2025-03-14T12:49:44+00:00","dateModified":"2025-03-18T09:42:56+00:00","description":"Create a cozy, chemical-free retreat with our custom fabric teepee. Breathable, non-toxic, and sustainable. Perfect for play & relaxation!","breadcrumb":{"@id":"https:\/\/cottonedshop.com\/shop\/custom-organic-kids-teepee\/#breadcrumb"},"inLanguage":"da-DK","potentialAction":[{"@type":"ReadAction","target":["https:\/\/cottonedshop.com\/shop\/custom-organic-kids-teepee\/"]}]},{"@type":"ImageObject","inLanguage":"da-DK","@id":"https:\/\/cottonedshop.com\/shop\/custom-organic-kids-teepee\/#primaryimage","url":"https:\/\/cottonedshop.com\/wp-content\/uploads\/2025\/03\/Cottoned-Shop-Kids-Teepee.jpg","contentUrl":"https:\/\/cottonedshop.com\/wp-content\/uploads\/2025\/03\/Cottoned-Shop-Kids-Teepee.jpg","width":2000,"height":1600},{"@type":"BreadcrumbList","@id":"https:\/\/cottonedshop.com\/shop\/custom-organic-kids-teepee\/#breadcrumb","itemListElement":[{"@type":"ListItem","position":1,"name":"Home","item":"https:\/\/cottonedshop.com\/"},{"@type":"ListItem","position":2,"name":"Shop","item":"https:\/\/cottonedshop.com\/shop\/"},{"@type":"ListItem","position":3,"name":"Organic Kids Teepee"}]},{"@type":"WebSite","@id":"https:\/\/cottonedshop.com\/#website","url":"https:\/\/cottonedshop.com\/","name":"Bomuldsbutik","description":"","publisher":{"@id":"https:\/\/cottonedshop.com\/#organization"},"potentialAction":[{"@type":"SearchAction","target":{"@type":"EntryPoint","urlTemplate":"https:\/\/cottonedshop.com\/?s={search_term_string}"},"query-input":{"@type":"PropertyValueSpecification","valueRequired":true,"valueName":"search_term_string"}}],"inLanguage":"da-DK"},{"@type":"Organization","@id":"https:\/\/cottonedshop.com\/#organization","name":"Bomuld","url":"https:\/\/cottonedshop.com\/","logo":{"@type":"ImageObject","inLanguage":"da-DK","@id":"https:\/\/cottonedshop.com\/#\/schema\/logo\/image\/","url":"https:\/\/cottonedshop.com\/wp-content\/uploads\/2021\/02\/cottoned-logo-large.png","contentUrl":"https:\/\/cottonedshop.com\/wp-content\/uploads\/2021\/02\/cottoned-logo-large.png","width":1548,"height":1548,"caption":"Cottoned"},"image":{"@id":"https:\/\/cottonedshop.com\/#\/schema\/logo\/image\/"}}]}},"_links":{"self":[{"href":"https:\/\/cottonedshop.com\/da\/wp-json\/wp\/v2\/product\/14028","targetHints":{"allow":["GET"]}}],"collection":[{"href":"https:\/\/cottonedshop.com\/da\/wp-json\/wp\/v2\/product"}],"about":[{"href":"https:\/\/cottonedshop.com\/da\/wp-json\/wp\/v2\/types\/product"}],"replies":[{"embeddable":true,"href":"https:\/\/cottonedshop.com\/da\/wp-json\/wp\/v2\/comments?post=14028"}],"wp:featuredmedia":[{"embeddable":true,"href":"https:\/\/cottonedshop.com\/da\/wp-json\/wp\/v2\/media\/14043"}],"wp:attachment":[{"href":"https:\/\/cottonedshop.com\/da\/wp-json\/wp\/v2\/media?parent=14028"}],"wp:term":[{"taxonomy":"product_brand","embeddable":true,"href":"https:\/\/cottonedshop.com\/da\/wp-json\/wp\/v2\/product_brand?post=14028"},{"taxonomy":"product_cat","embeddable":true,"href":"https:\/\/cottonedshop.com\/da\/wp-json\/wp\/v2\/product_cat?post=14028"},{"taxonomy":"product_tag","embeddable":true,"href":"https:\/\/cottonedshop.com\/da\/wp-json\/wp\/v2\/product_tag?post=14028"}],"curies":[{"name":"wp","href":"https:\/\/api.w.org\/{rel}","templated":true}]}}