{"id":12361,"date":"2023-03-14T16:10:49","date_gmt":"2023-03-14T14:10:49","guid":{"rendered":"https:\/\/cottonedshop.com\/?page_id=12361"},"modified":"2023-12-12T12:39:55","modified_gmt":"2023-12-12T10:39:55","slug":"omsorg","status":"publish","type":"page","link":"https:\/\/cottonedshop.com\/da\/care\/","title":{"rendered":"Plejeinstruktioner"},"content":{"rendered":"<div class=\"wpb-content-wrapper\"><div  class=\"sec_row container\"><div class=\"vc_row wpb_row vc_row-fluid\"><div class=\"wpb_column vc_column_container vc_col-sm-12 et-dark-column\"><div class=\"vc_column-inner\"><div class=\"wpb_wrapper\">\n\t<div  class=\"wpb_single_image wpb_content_element vc_align_center wpb_content_element\">\n\t\t\n\t\t<figure class=\"wpb_wrapper vc_figure\">\n\t\t\t<div class=\"vc_single_image-wrapper   vc_box_border_grey\"><img decoding=\"async\" width=\"300\" height=\"241\" data-src=\"https:\/\/cottonedshop.com\/wp-content\/uploads\/2023\/04\/cushions-300x241.jpg\" class=\"vc_single_image-img attachment-medium lazyload\" alt=\"Puder\" title=\"Puder\" data-srcset=\"https:\/\/cottonedshop.com\/wp-content\/uploads\/2023\/04\/cushions-300x241.jpg 300w, https:\/\/cottonedshop.com\/wp-content\/uploads\/2023\/04\/cushions-150x121.jpg 150w, https:\/\/cottonedshop.com\/wp-content\/uploads\/2023\/04\/cushions.jpg 600w\" data-sizes=\"(max-width: 300px) 100vw, 300px\" src=\"data:image\/svg+xml;base64,PHN2ZyB3aWR0aD0iMSIgaGVpZ2h0PSIxIiB4bWxucz0iaHR0cDovL3d3dy53My5vcmcvMjAwMC9zdmciPjwvc3ZnPg==\" style=\"--smush-placeholder-width: 300px; --smush-placeholder-aspect-ratio: 300\/241;\" \/><\/div>\n\t\t<\/figure>\n\t<\/div>\n<div  class=\"vc_do_toggle vc_toggle vc_toggle_default vc_toggle_color_default  vc_toggle_size_md\"><div class=\"vc_toggle_title\"><h4>PUSHIONS<\/h4><i class=\"vc_toggle_icon\"><\/i><\/div><div class=\"vc_toggle_content\"><p>N\u00e5r du har modtaget dine varer, skal de pakkes ud og opbevares fladt. Emballage f\u00e5r naturligvis bomuldsvarer til midlertidigt at miste l\u00e6ngde\/bredde p\u00e5 grund af manglen p\u00e5 h\u00e5rde elementer indeni. Hvis din vare ser kortere ud ved ankomsten, skal du trykke p\u00e5 den og skubbe den udad for at udvide den, indtil sidekanterne bliver helt lige og ikke kr\u00f8llede.<\/p>\n<p>V\u00c6LG ET PASSENDE UNDERLAG TIL PUDERNE<\/p>\n<p>Puderne fungerer godt p\u00e5 faste overflader.<\/p>\n<p>KOMPRESSION AF NATURLIG BOMULD<\/p>\n<p>Hver vare med bomuldsfyld vil naturligt komprimere ca. 10-15% i tykkelse i l\u00f8bet af de f\u00f8rste par m\u00e5neders brug. Vi tager h\u00f8jde for bomuldskompressionen ved at fylde vores produkter og puder t\u00e6t, s\u00e5 de er tykkere end annonceret. For at undg\u00e5, at der dannes fordybninger, hvor din krop naturligt ligger eller sidder, skal du blot:- Sidde\/sove p\u00e5 alle dele af puden, s\u00e5 bomulden er under lige stort pres p\u00e5 hver del for at sikre j\u00e6vn kompression og undg\u00e5 fordybninger og buler- Vendere og rotere puderne (fra top til t\u00e5 og fra top til bund) en gang om ugen i de f\u00f8rste m\u00e5neder, eller indtil bomulden komprimeres, og derefter regelm\u00e6ssigt - Kompressionen stopper efter et par m\u00e5neders regelm\u00e6ssig brug. Hvis du har brug for mere \"st\u00f8dabsorbering\", kan du nemt tilf\u00f8je noget fyldigt bomuldsfyld gennem de lynl\u00e5se, vi har placeret.<\/p>\n<p>FASTHED &amp; LOFT<\/p>\n<p>Hvis du p\u00e5 et tidspunkt synes, at puden er for fast, eller hvis bomulden komprimeres uj\u00e6vnt eller for meget, kan du nemt komme ind gennem lynl\u00e5sen og justere bomuldsfyldet eller tilf\u00f8je bomuld for at f\u00e5 et nyt, luftigt lag.<\/p>\n<p>RENG\u00d8RING<\/p>\n<p>M\u00e5 ikke vaskes med fyldet. Pletter p\u00e5 ydersiden b\u00f8r pletrenses. Aftagelige betr\u00e6k med lynl\u00e5s kan vaskes i maskine, men vi anbefaler professionel rensning af fl\u00f8jlsbetr\u00e6k. Vask p\u00e5 et sk\u00e5nsomt program med et mildt vaskemiddel uden blegemidler. Brug lav temperatur (op til 90 F eller 30 C). M\u00e5 ikke bleges. Lad det luftt\u00f8rre helt. Luft ud i solen en dag en gang om \u00e5ret, hvis det er muligt. I tilf\u00e6lde af en v\u00e5d h\u00e6ndelse skal du tage det v\u00e5de bomuldsfyld ud, vaske det forsigtigt i h\u00e5nden i lunkent vand og lade det lufte helt ud i solen, f\u00f8r du l\u00e6gger det tilbage. H\u00e5ndter den forsigtigt for at undg\u00e5, at fibrene klistrer og danner klumper. Bomuldspuder er gode til udend\u00f8rs brug, men skal beskyttes mod regn og direkte sollys.<\/p>\n<\/div><\/div>\n\t<div  class=\"wpb_single_image wpb_content_element vc_align_center wpb_content_element\">\n\t\t\n\t\t<figure class=\"wpb_wrapper vc_figure\">\n\t\t\t<div class=\"vc_single_image-wrapper   vc_box_border_grey\"><img decoding=\"async\" width=\"300\" height=\"241\" data-src=\"https:\/\/cottonedshop.com\/wp-content\/uploads\/2023\/04\/throw-pillows-300x241.jpg\" class=\"vc_single_image-img attachment-medium lazyload\" alt=\"pyntepuder\" title=\"pyntepuder\" data-srcset=\"https:\/\/cottonedshop.com\/wp-content\/uploads\/2023\/04\/throw-pillows-300x241.jpg 300w, https:\/\/cottonedshop.com\/wp-content\/uploads\/2023\/04\/throw-pillows-150x121.jpg 150w, https:\/\/cottonedshop.com\/wp-content\/uploads\/2023\/04\/throw-pillows.jpg 600w\" data-sizes=\"(max-width: 300px) 100vw, 300px\" src=\"data:image\/svg+xml;base64,PHN2ZyB3aWR0aD0iMSIgaGVpZ2h0PSIxIiB4bWxucz0iaHR0cDovL3d3dy53My5vcmcvMjAwMC9zdmciPjwvc3ZnPg==\" style=\"--smush-placeholder-width: 300px; --smush-placeholder-aspect-ratio: 300\/241;\" \/><\/div>\n\t\t<\/figure>\n\t<\/div>\n<div  class=\"vc_do_toggle vc_toggle vc_toggle_default vc_toggle_color_default  vc_toggle_size_md\"><div class=\"vc_toggle_title\"><h4>DEKORATIVE PUDER<\/h4><i class=\"vc_toggle_icon\"><\/i><\/div><div class=\"vc_toggle_content\"><p>Brug pudeindl\u00e6g i vaskbare betr\u00e6k. M\u00e5 ikke vaskes sammen med fyldet. Juster eventuelt bomuldsfyldet gennem lynl\u00e5sene.<\/p>\n<p>AFTAGELIGE D\u00c6KSLER<\/p>\n<p>Vask p\u00e5 sk\u00e5neprogram med et mildt vaskemiddel uden blegemidler. Brug lav temperatur (op til 90 F eller 30 C). M\u00e5 ikke bleges. Luftt\u00f8rres. Stryges med damp. Undg\u00e5 at vaske fl\u00f8jlsbetr\u00e6k. Brug et professionelt renseri i stedet.<\/p>\n<\/div><\/div>\n\t<div  class=\"wpb_single_image wpb_content_element vc_align_center wpb_content_element\">\n\t\t\n\t\t<figure class=\"wpb_wrapper vc_figure\">\n\t\t\t<div class=\"vc_single_image-wrapper   vc_box_border_grey\"><img decoding=\"async\" width=\"300\" height=\"241\" data-src=\"https:\/\/cottonedshop.com\/wp-content\/uploads\/2023\/04\/poufs-300x241.jpg\" class=\"vc_single_image-img attachment-medium lazyload\" alt=\"Puffer\" title=\"Puffer\" data-srcset=\"https:\/\/cottonedshop.com\/wp-content\/uploads\/2023\/04\/poufs-300x241.jpg 300w, https:\/\/cottonedshop.com\/wp-content\/uploads\/2023\/04\/poufs-150x121.jpg 150w, https:\/\/cottonedshop.com\/wp-content\/uploads\/2023\/04\/poufs.jpg 600w\" data-sizes=\"(max-width: 300px) 100vw, 300px\" src=\"data:image\/svg+xml;base64,PHN2ZyB3aWR0aD0iMSIgaGVpZ2h0PSIxIiB4bWxucz0iaHR0cDovL3d3dy53My5vcmcvMjAwMC9zdmciPjwvc3ZnPg==\" style=\"--smush-placeholder-width: 300px; --smush-placeholder-aspect-ratio: 300\/241;\" \/><\/div>\n\t\t<\/figure>\n\t<\/div>\n<div  class=\"vc_do_toggle vc_toggle vc_toggle_default vc_toggle_color_default  vc_toggle_size_md\"><div class=\"vc_toggle_title\"><h4>POUFS<\/h4><i class=\"vc_toggle_icon\"><\/i><\/div><div class=\"vc_toggle_content\"><p>Brug pudeindl\u00e6g i vaskbare betr\u00e6k. M\u00e5 ikke vaskes sammen med fyldet. Juster eventuelt bomuldsfyldet gennem lynl\u00e5sene.<\/p>\n<p>AFTAGELIGE D\u00c6KSLER<\/p>\n<p>Vask p\u00e5 sk\u00e5neprogram med et mildt vaskemiddel uden blegemidler. Brug lav temperatur (op til 90 F eller 30 C). M\u00e5 ikke bleges. Luftt\u00f8rres. Stryges med damp. Undg\u00e5 at vaske fl\u00f8jlsbetr\u00e6k. Brug et professionelt renseri i stedet.<\/p>\n<\/div><\/div>\n\t<div  class=\"wpb_single_image wpb_content_element vc_align_center wpb_content_element\">\n\t\t\n\t\t<figure class=\"wpb_wrapper vc_figure\">\n\t\t\t<div class=\"vc_single_image-wrapper   vc_box_border_grey\"><img decoding=\"async\" width=\"300\" height=\"241\" data-src=\"https:\/\/cottonedshop.com\/wp-content\/uploads\/2023\/04\/kids-mattresses-300x241.jpg\" class=\"vc_single_image-img attachment-medium lazyload\" alt=\"Madrasser til b\u00f8rn\" title=\"Madrasser til b\u00f8rn\" data-srcset=\"https:\/\/cottonedshop.com\/wp-content\/uploads\/2023\/04\/kids-mattresses-300x241.jpg 300w, https:\/\/cottonedshop.com\/wp-content\/uploads\/2023\/04\/kids-mattresses-150x121.jpg 150w, https:\/\/cottonedshop.com\/wp-content\/uploads\/2023\/04\/kids-mattresses.jpg 600w\" data-sizes=\"(max-width: 300px) 100vw, 300px\" src=\"data:image\/svg+xml;base64,PHN2ZyB3aWR0aD0iMSIgaGVpZ2h0PSIxIiB4bWxucz0iaHR0cDovL3d3dy53My5vcmcvMjAwMC9zdmciPjwvc3ZnPg==\" style=\"--smush-placeholder-width: 300px; --smush-placeholder-aspect-ratio: 300\/241;\" \/><\/div>\n\t\t<\/figure>\n\t<\/div>\n<div  class=\"vc_do_toggle vc_toggle vc_toggle_default vc_toggle_color_default  vc_toggle_size_md\"><div class=\"vc_toggle_title\"><h4>MADRASSER TIL B\u00d8RN<\/h4><i class=\"vc_toggle_icon\"><\/i><\/div><div class=\"vc_toggle_content\"><div class=\"wpb_text_column wpb_content_element\">\n<div class=\"wpb_wrapper\">\n<p>N\u00e5r du har modtaget dine varer, skal de pakkes ud og opbevares fladt. Emballage f\u00e5r naturligvis bomuldsvarer til midlertidigt at miste l\u00e6ngde\/bredde p\u00e5 grund af manglen p\u00e5 h\u00e5rde elementer indeni. Hvis din vare ser kortere ud ved ankomsten, skal du trykke p\u00e5 den og skubbe den udad for at udvide den, indtil sidekanterne bliver helt lige og ikke kr\u00f8llede.<\/p>\n<p>V\u00c6LG EN PASSENDE BASE TIL B\u00d8RNEMADRASSER<\/p>\n<p>V\u00e6lg en passende bund for at sikre komfort og lang levetid. Til b\u00f8rnemadrasser anbefaler vi massive tr\u00e6lameller med en indbyrdes afstand p\u00e5 h\u00f8jst 2\". Det giver st\u00f8tte og tilstr\u00e6kkelig luftcirkulation. Lameller med en afstand p\u00e5 mere end 2\" kan f\u00e5 madrassen\/puden til at synke sammen i mellemrummene, hvilket f\u00e5r bomulden til at trykke uj\u00e6vnt, og man kan m\u00e5ske ogs\u00e5 m\u00e6rke lamellerne. Puder fungerer godt p\u00e5 faste overflader.<\/p>\n<p>KOMPRESSION AF NATURLIG BOMULD<\/p>\n<p>Hver vare med bomuldsfyld vil naturligt komprimere ca. 10-15% i tykkelse i l\u00f8bet af de f\u00f8rste par m\u00e5neders brug. Vi tager h\u00f8jde for bomuldskompressionen ved at fylde vores produkter og puder t\u00e6t, s\u00e5 de er tykkere end annonceret. For at undg\u00e5, at der dannes fordybninger, hvor din krop naturligt ligger eller sidder, skal du blot:- Sidde\/sove p\u00e5 alle dele af puden, s\u00e5 bomulden er under lige stort pres p\u00e5 hver del for at sikre j\u00e6vn kompression og undg\u00e5 fordybninger og buler- Vendere og rotere puderne (fra top til t\u00e5 og fra top til bund) en gang om ugen i de f\u00f8rste m\u00e5neder, eller indtil bomulden komprimeres, og derefter regelm\u00e6ssigt - Kompressionen stopper efter et par m\u00e5neders regelm\u00e6ssig brug. Hvis du har brug for mere \"st\u00f8dabsorbering\", kan du nemt tilf\u00f8je nyt bomuldsfyld gennem de lynl\u00e5se, vi har placeret.<\/p>\n<p>FASTHED &amp; LOFT<\/p>\n<p>Hvis du p\u00e5 et tidspunkt synes, at puden er for fast, eller hvis bomulden komprimeres uj\u00e6vnt eller for meget, kan du nemt komme ind gennem lynl\u00e5sen og justere bomuldsfyldet eller tilf\u00f8je bomuld for at f\u00e5 et nyt, luftigt lag.<\/p>\n<p>RENG\u00d8RING<\/p>\n<p>M\u00e5 ikke vaskes med fyldet. Pletter p\u00e5 ydersiden b\u00f8r pletrenses. Aftagelige betr\u00e6k med lynl\u00e5s kan vaskes i maskine, men vi anbefaler professionel kemisk rensning af fl\u00f8jlsbetr\u00e6k. Vask p\u00e5 sk\u00e5neprogram med et mildt vaskemiddel uden blegemidler. Brug lav temperatur (op til 90 F eller 30 C). M\u00e5 ikke bleges. Lad det luftt\u00f8rre helt. Luft ud i solen en dag en gang om \u00e5ret, hvis det er muligt. I tilf\u00e6lde af en v\u00e5d h\u00e6ndelse skal du tage det v\u00e5de bomuldsfyld ud, vaske det forsigtigt i h\u00e5nden i lunkent vand og lade det lufte helt ud i solen, f\u00f8r du l\u00e6gger det tilbage. H\u00e5ndter den forsigtigt for at undg\u00e5, at fibrene klistrer og danner klumper. Bomuldspuder er gode til udend\u00f8rs brug, men skal beskyttes mod regn og direkte sollys.<\/p>\n<\/div>\n<\/div>\n<\/div><\/div>\n\t<div  class=\"wpb_single_image wpb_content_element vc_align_center wpb_content_element\">\n\t\t\n\t\t<figure class=\"wpb_wrapper vc_figure\">\n\t\t\t<div class=\"vc_single_image-wrapper   vc_box_border_grey\"><img decoding=\"async\" width=\"300\" height=\"241\" data-src=\"https:\/\/cottonedshop.com\/wp-content\/uploads\/2023\/04\/sleeping-pillows-300x241.jpg\" class=\"vc_single_image-img attachment-medium lazyload\" alt=\"Sovepuder\" title=\"Sovepuder\" data-srcset=\"https:\/\/cottonedshop.com\/wp-content\/uploads\/2023\/04\/sleeping-pillows-300x241.jpg 300w, https:\/\/cottonedshop.com\/wp-content\/uploads\/2023\/04\/sleeping-pillows-150x121.jpg 150w, https:\/\/cottonedshop.com\/wp-content\/uploads\/2023\/04\/sleeping-pillows.jpg 600w\" data-sizes=\"(max-width: 300px) 100vw, 300px\" src=\"data:image\/svg+xml;base64,PHN2ZyB3aWR0aD0iMSIgaGVpZ2h0PSIxIiB4bWxucz0iaHR0cDovL3d3dy53My5vcmcvMjAwMC9zdmciPjwvc3ZnPg==\" style=\"--smush-placeholder-width: 300px; --smush-placeholder-aspect-ratio: 300\/241;\" \/><\/div>\n\t\t<\/figure>\n\t<\/div>\n<div  class=\"vc_do_toggle vc_toggle vc_toggle_default vc_toggle_color_default  vc_toggle_size_md\"><div class=\"vc_toggle_title\"><h4>SOVEPUDER<\/h4><i class=\"vc_toggle_icon\"><\/i><\/div><div class=\"vc_toggle_content\"><p>Brug pudeindl\u00e6g i vaskbare betr\u00e6k. M\u00e5 ikke vaskes sammen med fyldet. Juster eventuelt bomuldsfyldet gennem lynl\u00e5sene.<\/p>\n<p>AFTAGELIGE D\u00c6KSLER<\/p>\n<p>Vask p\u00e5 sk\u00e5neprogram med et mildt vaskemiddel uden blegemidler. Brug lav temperatur (op til 90 F eller 30 C). M\u00e5 ikke bleges. Luftt\u00f8rres. Stryges med damp. Undg\u00e5 at vaske fl\u00f8jlsbetr\u00e6k. Brug et professionelt renseri i stedet.<\/p>\n<\/div><\/div>\n\t<div  class=\"wpb_single_image wpb_content_element vc_align_center wpb_content_element\">\n\t\t\n\t\t<figure class=\"wpb_wrapper vc_figure\">\n\t\t\t<div class=\"vc_single_image-wrapper   vc_box_border_grey\"><img decoding=\"async\" width=\"300\" height=\"241\" data-src=\"https:\/\/cottonedshop.com\/wp-content\/uploads\/2023\/04\/pet-bed-300x241.jpg\" class=\"vc_single_image-img attachment-medium lazyload\" alt=\"K\u00e6ledyrsseng\" title=\"K\u00e6ledyrsseng\" data-srcset=\"https:\/\/cottonedshop.com\/wp-content\/uploads\/2023\/04\/pet-bed-300x241.jpg 300w, https:\/\/cottonedshop.com\/wp-content\/uploads\/2023\/04\/pet-bed-150x120.jpg 150w, https:\/\/cottonedshop.com\/wp-content\/uploads\/2023\/04\/pet-bed.jpg 600w\" data-sizes=\"(max-width: 300px) 100vw, 300px\" src=\"data:image\/svg+xml;base64,PHN2ZyB3aWR0aD0iMSIgaGVpZ2h0PSIxIiB4bWxucz0iaHR0cDovL3d3dy53My5vcmcvMjAwMC9zdmciPjwvc3ZnPg==\" style=\"--smush-placeholder-width: 300px; --smush-placeholder-aspect-ratio: 300\/241;\" \/><\/div>\n\t\t<\/figure>\n\t<\/div>\n<div  class=\"vc_do_toggle vc_toggle vc_toggle_default vc_toggle_color_default  vc_toggle_size_md\"><div class=\"vc_toggle_title\"><h4>SENGE TIL K\u00c6LEDYR<\/h4><i class=\"vc_toggle_icon\"><\/i><\/div><div class=\"vc_toggle_content\"><div class=\"wpb_text_column wpb_content_element\">\n<div class=\"wpb_wrapper\">\n<p>Brug pudeindl\u00e6g i vaskbare betr\u00e6k. M\u00e5 ikke vaskes sammen med fyldet. Juster eventuelt bomuldsfyldet gennem lynl\u00e5sene.<\/p>\n<p>AFTAGELIGE D\u00c6KSLER<\/p>\n<p>Vask p\u00e5 sk\u00e5neprogram med et mildt vaskemiddel uden blegemidler. Brug lav temperatur (op til 90 F eller 30 C). M\u00e5 ikke bleges. Luftt\u00f8rres. Stryges med damp. Undg\u00e5 at vaske fl\u00f8jlsbetr\u00e6k. Brug et professionelt renseri i stedet.<\/p>\n<\/div>\n<\/div>\n<div class=\"wpb_text_column wpb_content_element\">\n<div class=\"wpb_wrapper\">\n<p>BOMULDSFYLD<\/p>\n<p>Undg\u00e5 at vaske. Det kan f\u00e5 fibrene til at klistre sammen og danne klumper.<\/p>\n<\/div>\n<\/div>\n<\/div><\/div>\n\t<div  class=\"wpb_single_image wpb_content_element vc_align_center wpb_content_element\">\n\t\t\n\t\t<figure class=\"wpb_wrapper vc_figure\">\n\t\t\t<div class=\"vc_single_image-wrapper   vc_box_border_grey\"><img decoding=\"async\" width=\"300\" height=\"240\" data-src=\"https:\/\/cottonedshop.com\/wp-content\/uploads\/2023\/04\/humid-climates-300x240.jpg\" class=\"vc_single_image-img attachment-medium lazyload\" alt=\"fugtige klimaer\" title=\"fugtige klimaer\" data-srcset=\"https:\/\/cottonedshop.com\/wp-content\/uploads\/2023\/04\/humid-climates-300x240.jpg 300w, https:\/\/cottonedshop.com\/wp-content\/uploads\/2023\/04\/humid-climates-150x120.jpg 150w, https:\/\/cottonedshop.com\/wp-content\/uploads\/2023\/04\/humid-climates.jpg 400w\" data-sizes=\"(max-width: 300px) 100vw, 300px\" src=\"data:image\/svg+xml;base64,PHN2ZyB3aWR0aD0iMSIgaGVpZ2h0PSIxIiB4bWxucz0iaHR0cDovL3d3dy53My5vcmcvMjAwMC9zdmciPjwvc3ZnPg==\" style=\"--smush-placeholder-width: 300px; --smush-placeholder-aspect-ratio: 300\/240;\" \/><\/div>\n\t\t<\/figure>\n\t<\/div>\n<div  class=\"vc_do_toggle vc_toggle vc_toggle_default vc_toggle_color_default  vc_toggle_size_md\"><div class=\"vc_toggle_title\"><h4>TIPS TIL FUGTIGE KLIMAER<\/h4><i class=\"vc_toggle_icon\"><\/i><\/div><div class=\"vc_toggle_content\"><p>Brug en affugter. Sol og luft bomuldsfyldte genstande oftere. Brug en st\u00f8vsuger til at tr\u00e6kke luft gennem fibrene for at reducere eventuel fugt, der samler sig indeni.<\/p>\n<\/div><\/div><\/div><\/div><\/div><\/div><\/div>\n<\/div>","protected":false},"excerpt":{"rendered":"CUSHIONSAfter you receive your items, unpack and store flat. Packaging naturally causes cotton items to temporarily lose length\/width due to the lack of hard elements inside. If your item appears shorter upon arrival, press on it and push outwards to expand it until side edges get completely straight and not [...]","protected":false},"author":1,"featured_media":0,"parent":0,"menu_order":0,"comment_status":"closed","ping_status":"closed","template":"","meta":{"footnotes":""},"class_list":["post-12361","page","type-page","status-publish","hentry"],"yoast_head":"<!-- This site is optimized with the Yoast SEO plugin v27.4 - https:\/\/yoast.com\/product\/yoast-seo-wordpress\/ -->\n<title>Care Instructions | Cottoned Shop<\/title>\n<meta name=\"description\" content=\"Cottoned&#039;s products are handmade and built to last if you care for them correctly. Here you&#039;ll find all care instructions for your creation.\" \/>\n<meta name=\"robots\" content=\"index, follow, max-snippet:-1, max-image-preview:large, max-video-preview:-1\" \/>\n<link rel=\"canonical\" href=\"https:\/\/cottonedshop.com\/da\/omsorg\/\" \/>\n<meta property=\"og:locale\" content=\"da_DK\" \/>\n<meta property=\"og:type\" content=\"article\" \/>\n<meta property=\"og:title\" content=\"Care Instructions | Cottoned Shop\" \/>\n<meta property=\"og:description\" content=\"Cottoned&#039;s products are handmade and built to last if you care for them correctly. Here you&#039;ll find all care instructions for your creation.\" \/>\n<meta property=\"og:url\" content=\"https:\/\/cottonedshop.com\/da\/omsorg\/\" \/>\n<meta property=\"og:site_name\" content=\"Cottoned Shop\" \/>\n<meta property=\"article:modified_time\" content=\"2023-12-12T10:39:55+00:00\" \/>\n<meta name=\"twitter:card\" content=\"summary_large_image\" \/>\n<meta name=\"twitter:label1\" content=\"Estimeret l\u00e6setid\" \/>\n\t<meta name=\"twitter:data1\" content=\"5 minutter\" \/>\n<script type=\"application\/ld+json\" class=\"yoast-schema-graph\">{\"@context\":\"https:\\\/\\\/schema.org\",\"@graph\":[{\"@type\":\"WebPage\",\"@id\":\"https:\\\/\\\/cottonedshop.com\\\/care\\\/\",\"url\":\"https:\\\/\\\/cottonedshop.com\\\/care\\\/\",\"name\":\"Care Instructions | Cottoned Shop\",\"isPartOf\":{\"@id\":\"https:\\\/\\\/cottonedshop.com\\\/#website\"},\"datePublished\":\"2023-03-14T14:10:49+00:00\",\"dateModified\":\"2023-12-12T10:39:55+00:00\",\"description\":\"Cottoned's products are handmade and built to last if you care for them correctly. Here you'll find all care instructions for your creation.\",\"breadcrumb\":{\"@id\":\"https:\\\/\\\/cottonedshop.com\\\/care\\\/#breadcrumb\"},\"inLanguage\":\"da-DK\",\"potentialAction\":[{\"@type\":\"ReadAction\",\"target\":[\"https:\\\/\\\/cottonedshop.com\\\/care\\\/\"]}]},{\"@type\":\"BreadcrumbList\",\"@id\":\"https:\\\/\\\/cottonedshop.com\\\/care\\\/#breadcrumb\",\"itemListElement\":[{\"@type\":\"ListItem\",\"position\":1,\"name\":\"Home\",\"item\":\"https:\\\/\\\/cottonedshop.com\\\/\"},{\"@type\":\"ListItem\",\"position\":2,\"name\":\"Care Instructions\"}]},{\"@type\":\"WebSite\",\"@id\":\"https:\\\/\\\/cottonedshop.com\\\/#website\",\"url\":\"https:\\\/\\\/cottonedshop.com\\\/\",\"name\":\"Cottoned Shop\",\"description\":\"\",\"publisher\":{\"@id\":\"https:\\\/\\\/cottonedshop.com\\\/#organization\"},\"potentialAction\":[{\"@type\":\"SearchAction\",\"target\":{\"@type\":\"EntryPoint\",\"urlTemplate\":\"https:\\\/\\\/cottonedshop.com\\\/?s={search_term_string}\"},\"query-input\":{\"@type\":\"PropertyValueSpecification\",\"valueRequired\":true,\"valueName\":\"search_term_string\"}}],\"inLanguage\":\"da-DK\"},{\"@type\":\"Organization\",\"@id\":\"https:\\\/\\\/cottonedshop.com\\\/#organization\",\"name\":\"Cottoned\",\"url\":\"https:\\\/\\\/cottonedshop.com\\\/\",\"logo\":{\"@type\":\"ImageObject\",\"inLanguage\":\"da-DK\",\"@id\":\"https:\\\/\\\/cottonedshop.com\\\/#\\\/schema\\\/logo\\\/image\\\/\",\"url\":\"https:\\\/\\\/cottonedshop.com\\\/wp-content\\\/uploads\\\/2021\\\/02\\\/cottoned-logo-large.png\",\"contentUrl\":\"https:\\\/\\\/cottonedshop.com\\\/wp-content\\\/uploads\\\/2021\\\/02\\\/cottoned-logo-large.png\",\"width\":1548,\"height\":1548,\"caption\":\"Cottoned\"},\"image\":{\"@id\":\"https:\\\/\\\/cottonedshop.com\\\/#\\\/schema\\\/logo\\\/image\\\/\"}}]}<\/script>\n<!-- \/ Yoast SEO plugin. -->","yoast_head_json":{"title":"Plejeinstruktioner | Cottoned Shop","description":"Cottoneds produkter er h\u00e5ndlavede og bygget til at holde, hvis du plejer dem rigtigt. Her finder du alle plejeanvisninger til din kreation.","robots":{"index":"index","follow":"follow","max-snippet":"max-snippet:-1","max-image-preview":"max-image-preview:large","max-video-preview":"max-video-preview:-1"},"canonical":"https:\/\/cottonedshop.com\/da\/omsorg\/","og_locale":"da_DK","og_type":"article","og_title":"Care Instructions | Cottoned Shop","og_description":"Cottoned's products are handmade and built to last if you care for them correctly. Here you'll find all care instructions for your creation.","og_url":"https:\/\/cottonedshop.com\/da\/omsorg\/","og_site_name":"Cottoned Shop","article_modified_time":"2023-12-12T10:39:55+00:00","twitter_card":"summary_large_image","twitter_misc":{"Estimeret l\u00e6setid":"5 minutter"},"schema":{"@context":"https:\/\/schema.org","@graph":[{"@type":"WebPage","@id":"https:\/\/cottonedshop.com\/care\/","url":"https:\/\/cottonedshop.com\/care\/","name":"Plejeinstruktioner | Cottoned Shop","isPartOf":{"@id":"https:\/\/cottonedshop.com\/#website"},"datePublished":"2023-03-14T14:10:49+00:00","dateModified":"2023-12-12T10:39:55+00:00","description":"Cottoneds produkter er h\u00e5ndlavede og bygget til at holde, hvis du plejer dem rigtigt. Her finder du alle plejeanvisninger til din kreation.","breadcrumb":{"@id":"https:\/\/cottonedshop.com\/care\/#breadcrumb"},"inLanguage":"da-DK","potentialAction":[{"@type":"ReadAction","target":["https:\/\/cottonedshop.com\/care\/"]}]},{"@type":"BreadcrumbList","@id":"https:\/\/cottonedshop.com\/care\/#breadcrumb","itemListElement":[{"@type":"ListItem","position":1,"name":"Home","item":"https:\/\/cottonedshop.com\/"},{"@type":"ListItem","position":2,"name":"Care Instructions"}]},{"@type":"WebSite","@id":"https:\/\/cottonedshop.com\/#website","url":"https:\/\/cottonedshop.com\/","name":"Bomuldsbutik","description":"","publisher":{"@id":"https:\/\/cottonedshop.com\/#organization"},"potentialAction":[{"@type":"SearchAction","target":{"@type":"EntryPoint","urlTemplate":"https:\/\/cottonedshop.com\/?s={search_term_string}"},"query-input":{"@type":"PropertyValueSpecification","valueRequired":true,"valueName":"search_term_string"}}],"inLanguage":"da-DK"},{"@type":"Organization","@id":"https:\/\/cottonedshop.com\/#organization","name":"Bomuld","url":"https:\/\/cottonedshop.com\/","logo":{"@type":"ImageObject","inLanguage":"da-DK","@id":"https:\/\/cottonedshop.com\/#\/schema\/logo\/image\/","url":"https:\/\/cottonedshop.com\/wp-content\/uploads\/2021\/02\/cottoned-logo-large.png","contentUrl":"https:\/\/cottonedshop.com\/wp-content\/uploads\/2021\/02\/cottoned-logo-large.png","width":1548,"height":1548,"caption":"Cottoned"},"image":{"@id":"https:\/\/cottonedshop.com\/#\/schema\/logo\/image\/"}}]}},"_links":{"self":[{"href":"https:\/\/cottonedshop.com\/da\/wp-json\/wp\/v2\/pages\/12361","targetHints":{"allow":["GET"]}}],"collection":[{"href":"https:\/\/cottonedshop.com\/da\/wp-json\/wp\/v2\/pages"}],"about":[{"href":"https:\/\/cottonedshop.com\/da\/wp-json\/wp\/v2\/types\/page"}],"author":[{"embeddable":true,"href":"https:\/\/cottonedshop.com\/da\/wp-json\/wp\/v2\/users\/1"}],"replies":[{"embeddable":true,"href":"https:\/\/cottonedshop.com\/da\/wp-json\/wp\/v2\/comments?post=12361"}],"version-history":[{"count":0,"href":"https:\/\/cottonedshop.com\/da\/wp-json\/wp\/v2\/pages\/12361\/revisions"}],"wp:attachment":[{"href":"https:\/\/cottonedshop.com\/da\/wp-json\/wp\/v2\/media?parent=12361"}],"curies":[{"name":"wp","href":"https:\/\/api.w.org\/{rel}","templated":true}]}}